{"id":48663,"date":"2025-06-11T09:18:13","date_gmt":"2025-06-11T07:18:13","guid":{"rendered":"https:\/\/librairie7l.com\/?post_type=product&#038;p=48663"},"modified":"2026-04-07T14:11:05","modified_gmt":"2026-04-07T12:11:05","slug":"chromotherapia-feel-good-color-photography-2","status":"publish","type":"product","link":"https:\/\/librairie7l.com\/en\/produit\/chromotherapia-feel-good-color-photography-2\/","title":{"rendered":"CHROMOTHERAPIA : FEEL-GOOD COLOR PHOTOGRAPHY"},"content":{"rendered":"<p>L&#8217;ouvrage invite \u00e0 parcourir l&#8217;histoire de la photographie couleur tout au long du XXe si\u00e8cle \u00e0 travers le regard acidul\u00e9 de 19 artistes. Le parcours compos\u00e9 en 7 chapitres nous entra\u00eene dans des mondes vibrants et satur\u00e9s o\u00f9 la couleur percute la r\u00e9tine et engage l&#8217;esprit.<br \/>\nSouvent d\u00e9cri\u00e9e et rarement prise au s\u00e9rieux, la photographie couleur a pourtant permis aux photographes de s&#8217;en donner \u00e0 coeur-joie, de sortir leur palette pour repeindre le monde. Ils sont plusieurs \u00e0 s&#8217;\u00eatre lib\u00e9r\u00e9s de l&#8217;assignation documentaire du medium photographique pour explorer ce que l&#8217;image avait de racine commune avec l&#8217;imaginaire en flirtant avec le pop, le surr\u00e9alisme, le bling, le kitsch et le baroque.<br \/>\nLa conqu\u00eate de la couleur en photographie suit de peu l&#8217;invention du m\u00e9dium avec les premiers essais \u00e0 but scientifique au milieu du XIXe si\u00e8cle. En 1907, le premier proc\u00e9d\u00e9 industriel de la photographie couleur s&#8217;affirme avec l&#8217;autochrome, cr\u00e9\u00e9 per les fr\u00e8res Lumi\u00e8re. S&#8217;ouvre alors un si\u00e8cle d&#8217;exp\u00e9rimentation chromatique : des sc\u00e8nes ordinaires aux r\u00e9flexions philosophiques et politiques, la couleur transcende le simple outil pour devenir un \u00e9l\u00e9ment narratif central.<br \/>\nQu&#8217;il s&#8217;agisse de magnifier les d\u00e9tails d&#8217;une sc\u00e8ne quotidienne, de red\u00e9finir les codes de beaut\u00e9 des magazines ou de capturer des sujets engag\u00e9s, la photographie couleur offre une vision intens\u00e9ment chromatique du monde. Cette diversit\u00e9 de regards et de pratiques t\u00e9moigne d&#8217;un fil conducteur : la volont\u00e9 de donner \u00e0 voir autrement, en insufflant aux images la vie et l&#8217;\u00e9motion que seule la couleur peut transmettre.<br \/>\nMaurizio Cattelan et Sam Stourdz\u00e9 revisitent ainsi l&#8217;histoire de la photographie couleur \u00e0 travers les 20 num\u00e9ros de Toiletpaper. Les images cr\u00e9\u00e9es pour le magazine iconique constituent un fil conducteur narratif, contaminant et faisant irruption dans les pages du livre pour \u00e9tablir un dialogue photographique et cr\u00e9er m\u00e9taphoriquement un groupe imaginaire d&#8217;amis iconographiques.<br \/>\nOeuvres de Miles Aldridge, Erwin Blumenfeld, Guy Bourdin, Juno Calypso, Walter Chandoha, Harold Edgerton, Hassan Hajjaj, Hiro, Ouka Leele, Arnold Odermatt, Ruth Ginika Ossai, Martin Parr, Pierre et Gilles, Alex Prager, Adrienne Raquel, Sandy Skoglund, Toiletpaper, William Wegman, Madame Yevonde.<br \/>\nPubli\u00e9 \u00e0 l&#8217;occasion de l&#8217;exposition \u00e9ponyme \u00e0 la Villa Medicis, Rome, du 28 f\u00e9vrier au 9 juin 2025.<\/p>\n","protected":false},"excerpt":{"rendered":"<p>L&#8217;ouvrage invite \u00e0 parcourir l&#8217;histoire de la photographie couleur tout au long du XXe si\u00e8cle \u00e0 travers le regard acidul\u00e9 de 19 artistes. Le parcours compos\u00e9 en 7 chapitres nous entra\u00eene dans des mondes vibrants et satur\u00e9s o\u00f9 la couleur percute la r\u00e9tine et engage l&#8217;esprit. Souvent d\u00e9cri\u00e9e et rarement prise au s\u00e9rieux, la photographie [&hellip;]<\/p>\n","protected":false},"featured_media":48661,"template":"","meta":[],"product_cat":[2948,2958],"product_tag":[],"acf":[],"yoast_head":"<!-- This site is optimized with the Yoast SEO plugin v20.11 - https:\/\/yoast.com\/wordpress\/plugins\/seo\/ -->\n<title>Chromotherapia : Feel-Good Color Photography - Librairie 7L<\/title>\n<meta name=\"robots\" content=\"index, follow, max-snippet:-1, max-image-preview:large, max-video-preview:-1\" \/>\n<link rel=\"canonical\" href=\"https:\/\/librairie7l.com\/en\/produit\/chromotherapia-feel-good-color-photography-2\/\" \/>\n<meta property=\"og:locale\" content=\"en_US\" \/>\n<meta property=\"og:type\" content=\"article\" \/>\n<meta property=\"og:title\" content=\"Chromotherapia : Feel-Good Color Photography - Librairie 7L\" \/>\n<meta property=\"og:description\" content=\"L&#8217;ouvrage invite \u00e0 parcourir l&#8217;histoire de la photographie couleur tout au long du XXe si\u00e8cle \u00e0 travers le regard acidul\u00e9 de 19 artistes. Le parcours compos\u00e9 en 7 chapitres nous entra\u00eene dans des mondes vibrants et satur\u00e9s o\u00f9 la couleur percute la r\u00e9tine et engage l&#8217;esprit. Souvent d\u00e9cri\u00e9e et rarement prise au s\u00e9rieux, la photographie [&hellip;]\" \/>\n<meta property=\"og:url\" content=\"https:\/\/librairie7l.com\/en\/produit\/chromotherapia-feel-good-color-photography-2\/\" \/>\n<meta property=\"og:site_name\" content=\"Librairie 7L\" \/>\n<meta property=\"article:modified_time\" content=\"2026-04-07T12:11:05+00:00\" \/>\n<meta property=\"og:image\" content=\"https:\/\/librairie7l.com\/wp-content\/uploads\/2025\/02\/9788862088367_1_75.jpg\" \/>\n\t<meta property=\"og:image:width\" content=\"600\" \/>\n\t<meta property=\"og:image:height\" content=\"757\" \/>\n\t<meta property=\"og:image:type\" content=\"image\/jpeg\" \/>\n<meta name=\"twitter:card\" content=\"summary_large_image\" \/>\n<meta name=\"twitter:label1\" content=\"Est. reading time\" \/>\n\t<meta name=\"twitter:data1\" content=\"2 minutes\" \/>\n<script type=\"application\/ld+json\" class=\"yoast-schema-graph\">{\"@context\":\"https:\/\/schema.org\",\"@graph\":[{\"@type\":\"WebPage\",\"@id\":\"https:\/\/librairie7l.com\/en\/produit\/chromotherapia-feel-good-color-photography-2\/\",\"url\":\"https:\/\/librairie7l.com\/en\/produit\/chromotherapia-feel-good-color-photography-2\/\",\"name\":\"Chromotherapia : Feel-Good Color Photography - Librairie 7L\",\"isPartOf\":{\"@id\":\"https:\/\/librairie7l.com\/en\/#website\"},\"datePublished\":\"2025-06-11T07:18:13+00:00\",\"dateModified\":\"2026-04-07T12:11:05+00:00\",\"breadcrumb\":{\"@id\":\"https:\/\/librairie7l.com\/en\/produit\/chromotherapia-feel-good-color-photography-2\/#breadcrumb\"},\"inLanguage\":\"en-US\",\"potentialAction\":[{\"@type\":\"ReadAction\",\"target\":[\"https:\/\/librairie7l.com\/en\/produit\/chromotherapia-feel-good-color-photography-2\/\"]}]},{\"@type\":\"BreadcrumbList\",\"@id\":\"https:\/\/librairie7l.com\/en\/produit\/chromotherapia-feel-good-color-photography-2\/#breadcrumb\",\"itemListElement\":[{\"@type\":\"ListItem\",\"position\":1,\"name\":\"Accueil\",\"item\":\"https:\/\/librairie7l.com\/en\/\"},{\"@type\":\"ListItem\",\"position\":2,\"name\":\"Shop\",\"item\":\"https:\/\/librairie7l.com\/en\/shop\/\"},{\"@type\":\"ListItem\",\"position\":3,\"name\":\"CHROMOTHERAPIA : FEEL-GOOD COLOR PHOTOGRAPHY\"}]},{\"@type\":\"WebSite\",\"@id\":\"https:\/\/librairie7l.com\/en\/#website\",\"url\":\"https:\/\/librairie7l.com\/en\/\",\"name\":\"Librairie 7L\",\"description\":\"Librairie fond\u00e9e en 1999 par Karl Lagerfeld \u00e0 Paris\",\"publisher\":{\"@id\":\"https:\/\/librairie7l.com\/en\/#organization\"},\"potentialAction\":[{\"@type\":\"SearchAction\",\"target\":{\"@type\":\"EntryPoint\",\"urlTemplate\":\"https:\/\/librairie7l.com\/en\/?s={search_term_string}\"},\"query-input\":\"required name=search_term_string\"}],\"inLanguage\":\"en-US\"},{\"@type\":\"Organization\",\"@id\":\"https:\/\/librairie7l.com\/en\/#organization\",\"name\":\"Librairie 7L\",\"url\":\"https:\/\/librairie7l.com\/en\/\",\"logo\":{\"@type\":\"ImageObject\",\"inLanguage\":\"en-US\",\"@id\":\"https:\/\/librairie7l.com\/en\/#\/schema\/logo\/image\/\",\"url\":\"https:\/\/librairie7l.com\/wp-content\/uploads\/2022\/08\/logo-1.png\",\"contentUrl\":\"https:\/\/librairie7l.com\/wp-content\/uploads\/2022\/08\/logo-1.png\",\"width\":227,\"height\":301,\"caption\":\"Librairie 7L\"},\"image\":{\"@id\":\"https:\/\/librairie7l.com\/en\/#\/schema\/logo\/image\/\"}}]}<\/script>\n<!-- \/ Yoast SEO plugin. -->","yoast_head_json":{"title":"Chromotherapia : Feel-Good Color Photography - Librairie 7L","robots":{"index":"index","follow":"follow","max-snippet":"max-snippet:-1","max-image-preview":"max-image-preview:large","max-video-preview":"max-video-preview:-1"},"canonical":"https:\/\/librairie7l.com\/en\/produit\/chromotherapia-feel-good-color-photography-2\/","og_locale":"en_US","og_type":"article","og_title":"Chromotherapia : Feel-Good Color Photography - Librairie 7L","og_description":"L&#8217;ouvrage invite \u00e0 parcourir l&#8217;histoire de la photographie couleur tout au long du XXe si\u00e8cle \u00e0 travers le regard acidul\u00e9 de 19 artistes. Le parcours compos\u00e9 en 7 chapitres nous entra\u00eene dans des mondes vibrants et satur\u00e9s o\u00f9 la couleur percute la r\u00e9tine et engage l&#8217;esprit. Souvent d\u00e9cri\u00e9e et rarement prise au s\u00e9rieux, la photographie [&hellip;]","og_url":"https:\/\/librairie7l.com\/en\/produit\/chromotherapia-feel-good-color-photography-2\/","og_site_name":"Librairie 7L","article_modified_time":"2026-04-07T12:11:05+00:00","og_image":[{"width":600,"height":757,"url":"https:\/\/librairie7l.com\/wp-content\/uploads\/2025\/02\/9788862088367_1_75.jpg","type":"image\/jpeg"}],"twitter_card":"summary_large_image","twitter_misc":{"Est. reading time":"2 minutes"},"schema":{"@context":"https:\/\/schema.org","@graph":[{"@type":"WebPage","@id":"https:\/\/librairie7l.com\/en\/produit\/chromotherapia-feel-good-color-photography-2\/","url":"https:\/\/librairie7l.com\/en\/produit\/chromotherapia-feel-good-color-photography-2\/","name":"Chromotherapia : Feel-Good Color Photography - Librairie 7L","isPartOf":{"@id":"https:\/\/librairie7l.com\/en\/#website"},"datePublished":"2025-06-11T07:18:13+00:00","dateModified":"2026-04-07T12:11:05+00:00","breadcrumb":{"@id":"https:\/\/librairie7l.com\/en\/produit\/chromotherapia-feel-good-color-photography-2\/#breadcrumb"},"inLanguage":"en-US","potentialAction":[{"@type":"ReadAction","target":["https:\/\/librairie7l.com\/en\/produit\/chromotherapia-feel-good-color-photography-2\/"]}]},{"@type":"BreadcrumbList","@id":"https:\/\/librairie7l.com\/en\/produit\/chromotherapia-feel-good-color-photography-2\/#breadcrumb","itemListElement":[{"@type":"ListItem","position":1,"name":"Accueil","item":"https:\/\/librairie7l.com\/en\/"},{"@type":"ListItem","position":2,"name":"Shop","item":"https:\/\/librairie7l.com\/en\/shop\/"},{"@type":"ListItem","position":3,"name":"CHROMOTHERAPIA : FEEL-GOOD COLOR PHOTOGRAPHY"}]},{"@type":"WebSite","@id":"https:\/\/librairie7l.com\/en\/#website","url":"https:\/\/librairie7l.com\/en\/","name":"Librairie 7L","description":"Librairie fond\u00e9e en 1999 par Karl Lagerfeld \u00e0 Paris","publisher":{"@id":"https:\/\/librairie7l.com\/en\/#organization"},"potentialAction":[{"@type":"SearchAction","target":{"@type":"EntryPoint","urlTemplate":"https:\/\/librairie7l.com\/en\/?s={search_term_string}"},"query-input":"required name=search_term_string"}],"inLanguage":"en-US"},{"@type":"Organization","@id":"https:\/\/librairie7l.com\/en\/#organization","name":"Librairie 7L","url":"https:\/\/librairie7l.com\/en\/","logo":{"@type":"ImageObject","inLanguage":"en-US","@id":"https:\/\/librairie7l.com\/en\/#\/schema\/logo\/image\/","url":"https:\/\/librairie7l.com\/wp-content\/uploads\/2022\/08\/logo-1.png","contentUrl":"https:\/\/librairie7l.com\/wp-content\/uploads\/2022\/08\/logo-1.png","width":227,"height":301,"caption":"Librairie 7L"},"image":{"@id":"https:\/\/librairie7l.com\/en\/#\/schema\/logo\/image\/"}}]}},"_links":{"self":[{"href":"https:\/\/librairie7l.com\/en\/wp-json\/wp\/v2\/product\/48663"}],"collection":[{"href":"https:\/\/librairie7l.com\/en\/wp-json\/wp\/v2\/product"}],"about":[{"href":"https:\/\/librairie7l.com\/en\/wp-json\/wp\/v2\/types\/product"}],"wp:featuredmedia":[{"embeddable":true,"href":"https:\/\/librairie7l.com\/en\/wp-json\/wp\/v2\/media\/48661"}],"wp:attachment":[{"href":"https:\/\/librairie7l.com\/en\/wp-json\/wp\/v2\/media?parent=48663"}],"wp:term":[{"taxonomy":"product_cat","embeddable":true,"href":"https:\/\/librairie7l.com\/en\/wp-json\/wp\/v2\/product_cat?post=48663"},{"taxonomy":"product_tag","embeddable":true,"href":"https:\/\/librairie7l.com\/en\/wp-json\/wp\/v2\/product_tag?post=48663"}],"curies":[{"name":"wp","href":"https:\/\/api.w.org\/{rel}","templated":true}]}}