{"id":48671,"date":"2025-06-11T18:16:36","date_gmt":"2025-06-11T16:16:36","guid":{"rendered":"https:\/\/librairie7l.com\/?post_type=product&#038;p=48671"},"modified":"2026-04-07T14:09:29","modified_gmt":"2026-04-07T12:09:29","slug":"picasso-tout-contre-cocteau-2","status":"publish","type":"product","link":"https:\/\/librairie7l.com\/en\/produit\/picasso-tout-contre-cocteau-2\/","title":{"rendered":"PICASSO TOUT CONTRE COCTEAU"},"content":{"rendered":"<p>Mon premier est espagnol : trapu comme un taureau, peintre pr\u00e9coce et surdou\u00e9, il arrive \u00e0 Paris en 1900. Il y travaille d&#8217;arrache-pied, invente des formes nouvelles, s&#8217;en lasse vite aussi. Charismatique, il s&#8217;entoure de rapins fascin\u00e9s et de po\u00e8tes qui chantent ses louanges et font de lui le proph\u00e8te du mouvement moderne. Il n&#8217;a en apparence besoin de personne et impressionne tout le monde. Mon second est fran\u00e7ais : silhouette d&#8217;elfe et talents multiples, il \u00e9crit, dessine, coud des costumes et fabrique des d\u00e9cors d\u00e8s l&#8217;enfance. Lui \u00e9volue plus lentement et fr\u00e9quente les salons pour trouver les mod\u00e8les qui l&#8217;aident \u00e0 s&#8217;inventer par imitation. Survient la guerre de 14. Le cam\u00e9l\u00e9on de 26 ans comprend que plus rien ne sera comme avant et fait tout pour approcher l&#8217;Espagnol de dix ans son a\u00een\u00e9. Ainsi Cocteau rencontra Picasso. Ce livre est l&#8217;histoire de leur longue amiti\u00e9.<br \/>\n  De leur premier rendez-vous en 1915 \u00e0 la publication de Picasso de 1916 \u00e0 1961, l&#8217;un des tous derniers livres de l&#8217;\u00e9crivain, de leur premi\u00e8re dispute qui leur servira de sch\u00e9ma directeur (Picasso blesse un Cocteau incapable de ne pas lui pardonner) \u00e0 la mort de ce dernier en 1963, et de Paris \u00e0 Vallauris en passant par Rome et la villa Santo-Sospir, Claude Arnaud survole cinquante ans de leurs vies en \u00e9clairant les liens intimes qui les unirent. Deux cr\u00e9ateurs peuvent-ils oeuvrer ensemble en s&#8217;aimant ? Comment un \u00eatre aussi laconique et cruel que Picasso aurait-il gard\u00e9 pr\u00e8s de lui Cocteau s&#8217;il n&#8217;avait \u00e9t\u00e9 \u00e9bloui par son intelligence ? En 10 chapitres serr\u00e9s, men\u00e9s tambour battant, Claude Arnaud r\u00e9pond avec virtuosit\u00e9, intelligence et affection, et montre comment l&#8217;un l&#8217;autre se sont soutenus, nourris, aim\u00e9s et d\u00e9test\u00e9s, avec sinc\u00e9rit\u00e9.<\/p>\n","protected":false},"excerpt":{"rendered":"<p>Mon premier est espagnol : trapu comme un taureau, peintre pr\u00e9coce et surdou\u00e9, il arrive \u00e0 Paris en 1900. Il y travaille d&#8217;arrache-pied, invente des formes nouvelles, s&#8217;en lasse vite aussi. Charismatique, il s&#8217;entoure de rapins fascin\u00e9s et de po\u00e8tes qui chantent ses louanges et font de lui le proph\u00e8te du mouvement moderne. Il n&#8217;a [&hellip;]<\/p>\n","protected":false},"featured_media":48669,"template":"","meta":[],"product_cat":[7364,2948],"product_tag":[],"acf":[],"yoast_head":"<!-- This site is optimized with the Yoast SEO plugin v20.11 - https:\/\/yoast.com\/wordpress\/plugins\/seo\/ -->\n<title>Picasso tout contre Cocteau - Librairie 7L<\/title>\n<meta name=\"robots\" content=\"index, follow, max-snippet:-1, max-image-preview:large, max-video-preview:-1\" \/>\n<link rel=\"canonical\" href=\"https:\/\/librairie7l.com\/en\/produit\/picasso-tout-contre-cocteau-2\/\" \/>\n<meta property=\"og:locale\" content=\"en_US\" \/>\n<meta property=\"og:type\" content=\"article\" \/>\n<meta property=\"og:title\" content=\"Picasso tout contre Cocteau - Librairie 7L\" \/>\n<meta property=\"og:description\" content=\"Mon premier est espagnol : trapu comme un taureau, peintre pr\u00e9coce et surdou\u00e9, il arrive \u00e0 Paris en 1900. Il y travaille d&#8217;arrache-pied, invente des formes nouvelles, s&#8217;en lasse vite aussi. Charismatique, il s&#8217;entoure de rapins fascin\u00e9s et de po\u00e8tes qui chantent ses louanges et font de lui le proph\u00e8te du mouvement moderne. Il n&#8217;a [&hellip;]\" \/>\n<meta property=\"og:url\" content=\"https:\/\/librairie7l.com\/en\/produit\/picasso-tout-contre-cocteau-2\/\" \/>\n<meta property=\"og:site_name\" content=\"Librairie 7L\" \/>\n<meta property=\"article:modified_time\" content=\"2026-04-07T12:09:29+00:00\" \/>\n<meta property=\"og:image\" content=\"https:\/\/librairie7l.com\/wp-content\/uploads\/2022\/12\/9782246830733_1_75.jpg\" \/>\n\t<meta property=\"og:image:width\" content=\"600\" \/>\n\t<meta property=\"og:image:height\" content=\"857\" \/>\n\t<meta property=\"og:image:type\" content=\"image\/jpeg\" \/>\n<meta name=\"twitter:card\" content=\"summary_large_image\" \/>\n<meta name=\"twitter:label1\" content=\"Est. reading time\" \/>\n\t<meta name=\"twitter:data1\" content=\"1 minute\" \/>\n<script type=\"application\/ld+json\" class=\"yoast-schema-graph\">{\"@context\":\"https:\/\/schema.org\",\"@graph\":[{\"@type\":\"WebPage\",\"@id\":\"https:\/\/librairie7l.com\/en\/produit\/picasso-tout-contre-cocteau-2\/\",\"url\":\"https:\/\/librairie7l.com\/en\/produit\/picasso-tout-contre-cocteau-2\/\",\"name\":\"Picasso tout contre Cocteau - Librairie 7L\",\"isPartOf\":{\"@id\":\"https:\/\/librairie7l.com\/en\/#website\"},\"datePublished\":\"2025-06-11T16:16:36+00:00\",\"dateModified\":\"2026-04-07T12:09:29+00:00\",\"breadcrumb\":{\"@id\":\"https:\/\/librairie7l.com\/en\/produit\/picasso-tout-contre-cocteau-2\/#breadcrumb\"},\"inLanguage\":\"en-US\",\"potentialAction\":[{\"@type\":\"ReadAction\",\"target\":[\"https:\/\/librairie7l.com\/en\/produit\/picasso-tout-contre-cocteau-2\/\"]}]},{\"@type\":\"BreadcrumbList\",\"@id\":\"https:\/\/librairie7l.com\/en\/produit\/picasso-tout-contre-cocteau-2\/#breadcrumb\",\"itemListElement\":[{\"@type\":\"ListItem\",\"position\":1,\"name\":\"Accueil\",\"item\":\"https:\/\/librairie7l.com\/en\/\"},{\"@type\":\"ListItem\",\"position\":2,\"name\":\"Shop\",\"item\":\"https:\/\/librairie7l.com\/en\/shop\/\"},{\"@type\":\"ListItem\",\"position\":3,\"name\":\"PICASSO TOUT CONTRE COCTEAU\"}]},{\"@type\":\"WebSite\",\"@id\":\"https:\/\/librairie7l.com\/en\/#website\",\"url\":\"https:\/\/librairie7l.com\/en\/\",\"name\":\"Librairie 7L\",\"description\":\"Librairie fond\u00e9e en 1999 par Karl Lagerfeld \u00e0 Paris\",\"publisher\":{\"@id\":\"https:\/\/librairie7l.com\/en\/#organization\"},\"potentialAction\":[{\"@type\":\"SearchAction\",\"target\":{\"@type\":\"EntryPoint\",\"urlTemplate\":\"https:\/\/librairie7l.com\/en\/?s={search_term_string}\"},\"query-input\":\"required name=search_term_string\"}],\"inLanguage\":\"en-US\"},{\"@type\":\"Organization\",\"@id\":\"https:\/\/librairie7l.com\/en\/#organization\",\"name\":\"Librairie 7L\",\"url\":\"https:\/\/librairie7l.com\/en\/\",\"logo\":{\"@type\":\"ImageObject\",\"inLanguage\":\"en-US\",\"@id\":\"https:\/\/librairie7l.com\/en\/#\/schema\/logo\/image\/\",\"url\":\"https:\/\/librairie7l.com\/wp-content\/uploads\/2022\/08\/logo-1.png\",\"contentUrl\":\"https:\/\/librairie7l.com\/wp-content\/uploads\/2022\/08\/logo-1.png\",\"width\":227,\"height\":301,\"caption\":\"Librairie 7L\"},\"image\":{\"@id\":\"https:\/\/librairie7l.com\/en\/#\/schema\/logo\/image\/\"}}]}<\/script>\n<!-- \/ Yoast SEO plugin. -->","yoast_head_json":{"title":"Picasso tout contre Cocteau - Librairie 7L","robots":{"index":"index","follow":"follow","max-snippet":"max-snippet:-1","max-image-preview":"max-image-preview:large","max-video-preview":"max-video-preview:-1"},"canonical":"https:\/\/librairie7l.com\/en\/produit\/picasso-tout-contre-cocteau-2\/","og_locale":"en_US","og_type":"article","og_title":"Picasso tout contre Cocteau - Librairie 7L","og_description":"Mon premier est espagnol : trapu comme un taureau, peintre pr\u00e9coce et surdou\u00e9, il arrive \u00e0 Paris en 1900. Il y travaille d&#8217;arrache-pied, invente des formes nouvelles, s&#8217;en lasse vite aussi. Charismatique, il s&#8217;entoure de rapins fascin\u00e9s et de po\u00e8tes qui chantent ses louanges et font de lui le proph\u00e8te du mouvement moderne. Il n&#8217;a [&hellip;]","og_url":"https:\/\/librairie7l.com\/en\/produit\/picasso-tout-contre-cocteau-2\/","og_site_name":"Librairie 7L","article_modified_time":"2026-04-07T12:09:29+00:00","og_image":[{"width":600,"height":857,"url":"https:\/\/librairie7l.com\/wp-content\/uploads\/2022\/12\/9782246830733_1_75.jpg","type":"image\/jpeg"}],"twitter_card":"summary_large_image","twitter_misc":{"Est. reading time":"1 minute"},"schema":{"@context":"https:\/\/schema.org","@graph":[{"@type":"WebPage","@id":"https:\/\/librairie7l.com\/en\/produit\/picasso-tout-contre-cocteau-2\/","url":"https:\/\/librairie7l.com\/en\/produit\/picasso-tout-contre-cocteau-2\/","name":"Picasso tout contre Cocteau - Librairie 7L","isPartOf":{"@id":"https:\/\/librairie7l.com\/en\/#website"},"datePublished":"2025-06-11T16:16:36+00:00","dateModified":"2026-04-07T12:09:29+00:00","breadcrumb":{"@id":"https:\/\/librairie7l.com\/en\/produit\/picasso-tout-contre-cocteau-2\/#breadcrumb"},"inLanguage":"en-US","potentialAction":[{"@type":"ReadAction","target":["https:\/\/librairie7l.com\/en\/produit\/picasso-tout-contre-cocteau-2\/"]}]},{"@type":"BreadcrumbList","@id":"https:\/\/librairie7l.com\/en\/produit\/picasso-tout-contre-cocteau-2\/#breadcrumb","itemListElement":[{"@type":"ListItem","position":1,"name":"Accueil","item":"https:\/\/librairie7l.com\/en\/"},{"@type":"ListItem","position":2,"name":"Shop","item":"https:\/\/librairie7l.com\/en\/shop\/"},{"@type":"ListItem","position":3,"name":"PICASSO TOUT CONTRE COCTEAU"}]},{"@type":"WebSite","@id":"https:\/\/librairie7l.com\/en\/#website","url":"https:\/\/librairie7l.com\/en\/","name":"Librairie 7L","description":"Librairie fond\u00e9e en 1999 par Karl Lagerfeld \u00e0 Paris","publisher":{"@id":"https:\/\/librairie7l.com\/en\/#organization"},"potentialAction":[{"@type":"SearchAction","target":{"@type":"EntryPoint","urlTemplate":"https:\/\/librairie7l.com\/en\/?s={search_term_string}"},"query-input":"required name=search_term_string"}],"inLanguage":"en-US"},{"@type":"Organization","@id":"https:\/\/librairie7l.com\/en\/#organization","name":"Librairie 7L","url":"https:\/\/librairie7l.com\/en\/","logo":{"@type":"ImageObject","inLanguage":"en-US","@id":"https:\/\/librairie7l.com\/en\/#\/schema\/logo\/image\/","url":"https:\/\/librairie7l.com\/wp-content\/uploads\/2022\/08\/logo-1.png","contentUrl":"https:\/\/librairie7l.com\/wp-content\/uploads\/2022\/08\/logo-1.png","width":227,"height":301,"caption":"Librairie 7L"},"image":{"@id":"https:\/\/librairie7l.com\/en\/#\/schema\/logo\/image\/"}}]}},"_links":{"self":[{"href":"https:\/\/librairie7l.com\/en\/wp-json\/wp\/v2\/product\/48671"}],"collection":[{"href":"https:\/\/librairie7l.com\/en\/wp-json\/wp\/v2\/product"}],"about":[{"href":"https:\/\/librairie7l.com\/en\/wp-json\/wp\/v2\/types\/product"}],"wp:featuredmedia":[{"embeddable":true,"href":"https:\/\/librairie7l.com\/en\/wp-json\/wp\/v2\/media\/48669"}],"wp:attachment":[{"href":"https:\/\/librairie7l.com\/en\/wp-json\/wp\/v2\/media?parent=48671"}],"wp:term":[{"taxonomy":"product_cat","embeddable":true,"href":"https:\/\/librairie7l.com\/en\/wp-json\/wp\/v2\/product_cat?post=48671"},{"taxonomy":"product_tag","embeddable":true,"href":"https:\/\/librairie7l.com\/en\/wp-json\/wp\/v2\/product_tag?post=48671"}],"curies":[{"name":"wp","href":"https:\/\/api.w.org\/{rel}","templated":true}]}}