{"id":48683,"date":"2025-06-12T09:17:47","date_gmt":"2025-06-12T07:17:47","guid":{"rendered":"https:\/\/librairie7l.com\/?post_type=product&#038;p=48683"},"modified":"2026-04-17T23:05:41","modified_gmt":"2026-04-17T21:05:41","slug":"lettres-a-une-jeune-ceramiste-1942-1951-2","status":"publish","type":"product","link":"https:\/\/librairie7l.com\/en\/produit\/lettres-a-une-jeune-ceramiste-1942-1951-2\/","title":{"rendered":"LETTRES \u00c0 UNE JEUNE C\u00c9RAMISTE [1942-1951]"},"content":{"rendered":"<p>Deux femmes, lune peintre australienne, Anne Dangar, et lautre c\u00e9ramiste fran\u00e7aise, Jacqueline Lerat. Deux femmes artistes majeures du XXe si\u00e8cle qui ont entretenu une correspondance pendant une d\u00e9cennie. Deux figures singuli\u00e8res tout en \u00e9tant repr\u00e9sentatives de leur temps. Deux femmes d\u00e9termin\u00e9es qui s\u00e9paulent et sencouragent face \u00e0 un milieu artistique et artisanal encore largement domin\u00e9 par les hommes. Deux femmes de deux g\u00e9n\u00e9rations diff\u00e9rentes qui nous r\u00e9v\u00e8lent l\u00e9volution dun f\u00e9minisme artistique. Cet ouvrage pr\u00e9sente les lettres dAnne Dangar destin\u00e9es \u00e0 Jacqueline Lerat, pr\u00e9cieusement conserv\u00e9es par cette derni\u00e8re, ainsi que le texte de Jacqueline Lerat sur Anne Dangar, r\u00e9dig\u00e9 \u00e0 la fin de sa vie. La correspondance, richement annot\u00e9e, plonge le lecteur dans le contexte historique, artistique et social des ann\u00e9es 1940-1950. La conf\u00e9rence est \u00e0 la fois un t\u00e9moignage et un hommage rendu \u00e0 lautre bout du si\u00e8cle par une artiste m\u00fbre, avec tout le recul et les b\u00e9n\u00e9fices de lexp\u00e9rience accumul\u00e9e. Le graphisme et la documentation photographique qui accompagnent ces textes sont partie prenante de ce projet d\u00e9dition d\u00e8s ses origines. Ils donnent vie et assurent une pr\u00e9sence contemporaine \u00e0 ces t\u00e9moignages qui nous parlent aussi daujourdhui. <\/p>\n","protected":false},"excerpt":{"rendered":"<p>Deux femmes, lune peintre australienne, Anne Dangar, et lautre c\u00e9ramiste fran\u00e7aise, Jacqueline Lerat. Deux femmes artistes majeures du XXe si\u00e8cle qui ont entretenu une correspondance pendant une d\u00e9cennie. Deux figures singuli\u00e8res tout en \u00e9tant repr\u00e9sentatives de leur temps. Deux femmes d\u00e9termin\u00e9es qui s\u00e9paulent et sencouragent face \u00e0 un milieu artistique et artisanal encore largement domin\u00e9 [&hellip;]<\/p>\n","protected":false},"featured_media":48681,"template":"","meta":[],"product_cat":[2948,2952],"product_tag":[],"acf":[],"yoast_head":"<!-- This site is optimized with the Yoast SEO plugin v20.11 - https:\/\/yoast.com\/wordpress\/plugins\/seo\/ -->\n<title>Lettres \u00e0 une jeune c\u00e9ramiste [1942-1951] - Librairie 7L<\/title>\n<meta name=\"robots\" content=\"index, follow, max-snippet:-1, max-image-preview:large, max-video-preview:-1\" \/>\n<link rel=\"canonical\" href=\"https:\/\/librairie7l.com\/en\/produit\/lettres-a-une-jeune-ceramiste-1942-1951-2\/\" \/>\n<meta property=\"og:locale\" content=\"en_US\" \/>\n<meta property=\"og:type\" content=\"article\" \/>\n<meta property=\"og:title\" content=\"Lettres \u00e0 une jeune c\u00e9ramiste [1942-1951] - Librairie 7L\" \/>\n<meta property=\"og:description\" content=\"Deux femmes, lune peintre australienne, Anne Dangar, et lautre c\u00e9ramiste fran\u00e7aise, Jacqueline Lerat. Deux femmes artistes majeures du XXe si\u00e8cle qui ont entretenu une correspondance pendant une d\u00e9cennie. Deux figures singuli\u00e8res tout en \u00e9tant repr\u00e9sentatives de leur temps. Deux femmes d\u00e9termin\u00e9es qui s\u00e9paulent et sencouragent face \u00e0 un milieu artistique et artisanal encore largement domin\u00e9 [&hellip;]\" \/>\n<meta property=\"og:url\" content=\"https:\/\/librairie7l.com\/en\/produit\/lettres-a-une-jeune-ceramiste-1942-1951-2\/\" \/>\n<meta property=\"og:site_name\" content=\"Librairie 7L\" \/>\n<meta property=\"article:modified_time\" content=\"2026-04-17T21:05:41+00:00\" \/>\n<meta property=\"og:image\" content=\"https:\/\/librairie7l.com\/wp-content\/uploads\/2024\/12\/9782363063724_1_75.jpg\" \/>\n\t<meta property=\"og:image:width\" content=\"600\" \/>\n\t<meta property=\"og:image:height\" content=\"847\" \/>\n\t<meta property=\"og:image:type\" content=\"image\/jpeg\" \/>\n<meta name=\"twitter:card\" content=\"summary_large_image\" \/>\n<meta name=\"twitter:label1\" content=\"Est. reading time\" \/>\n\t<meta name=\"twitter:data1\" content=\"1 minute\" \/>\n<script type=\"application\/ld+json\" class=\"yoast-schema-graph\">{\"@context\":\"https:\/\/schema.org\",\"@graph\":[{\"@type\":\"WebPage\",\"@id\":\"https:\/\/librairie7l.com\/en\/produit\/lettres-a-une-jeune-ceramiste-1942-1951-2\/\",\"url\":\"https:\/\/librairie7l.com\/en\/produit\/lettres-a-une-jeune-ceramiste-1942-1951-2\/\",\"name\":\"Lettres \u00e0 une jeune c\u00e9ramiste [1942-1951] - Librairie 7L\",\"isPartOf\":{\"@id\":\"https:\/\/librairie7l.com\/en\/#website\"},\"datePublished\":\"2025-06-12T07:17:47+00:00\",\"dateModified\":\"2026-04-17T21:05:41+00:00\",\"breadcrumb\":{\"@id\":\"https:\/\/librairie7l.com\/en\/produit\/lettres-a-une-jeune-ceramiste-1942-1951-2\/#breadcrumb\"},\"inLanguage\":\"en-US\",\"potentialAction\":[{\"@type\":\"ReadAction\",\"target\":[\"https:\/\/librairie7l.com\/en\/produit\/lettres-a-une-jeune-ceramiste-1942-1951-2\/\"]}]},{\"@type\":\"BreadcrumbList\",\"@id\":\"https:\/\/librairie7l.com\/en\/produit\/lettres-a-une-jeune-ceramiste-1942-1951-2\/#breadcrumb\",\"itemListElement\":[{\"@type\":\"ListItem\",\"position\":1,\"name\":\"Accueil\",\"item\":\"https:\/\/librairie7l.com\/en\/\"},{\"@type\":\"ListItem\",\"position\":2,\"name\":\"Shop\",\"item\":\"https:\/\/librairie7l.com\/en\/shop\/\"},{\"@type\":\"ListItem\",\"position\":3,\"name\":\"LETTRES \u00c0 UNE JEUNE C\u00c9RAMISTE [1942-1951]\"}]},{\"@type\":\"WebSite\",\"@id\":\"https:\/\/librairie7l.com\/en\/#website\",\"url\":\"https:\/\/librairie7l.com\/en\/\",\"name\":\"Librairie 7L\",\"description\":\"Librairie fond\u00e9e en 1999 par Karl Lagerfeld \u00e0 Paris\",\"publisher\":{\"@id\":\"https:\/\/librairie7l.com\/en\/#organization\"},\"potentialAction\":[{\"@type\":\"SearchAction\",\"target\":{\"@type\":\"EntryPoint\",\"urlTemplate\":\"https:\/\/librairie7l.com\/en\/?s={search_term_string}\"},\"query-input\":\"required name=search_term_string\"}],\"inLanguage\":\"en-US\"},{\"@type\":\"Organization\",\"@id\":\"https:\/\/librairie7l.com\/en\/#organization\",\"name\":\"Librairie 7L\",\"url\":\"https:\/\/librairie7l.com\/en\/\",\"logo\":{\"@type\":\"ImageObject\",\"inLanguage\":\"en-US\",\"@id\":\"https:\/\/librairie7l.com\/en\/#\/schema\/logo\/image\/\",\"url\":\"https:\/\/librairie7l.com\/wp-content\/uploads\/2022\/08\/logo-1.png\",\"contentUrl\":\"https:\/\/librairie7l.com\/wp-content\/uploads\/2022\/08\/logo-1.png\",\"width\":227,\"height\":301,\"caption\":\"Librairie 7L\"},\"image\":{\"@id\":\"https:\/\/librairie7l.com\/en\/#\/schema\/logo\/image\/\"}}]}<\/script>\n<!-- \/ Yoast SEO plugin. -->","yoast_head_json":{"title":"Lettres \u00e0 une jeune c\u00e9ramiste [1942-1951] - Librairie 7L","robots":{"index":"index","follow":"follow","max-snippet":"max-snippet:-1","max-image-preview":"max-image-preview:large","max-video-preview":"max-video-preview:-1"},"canonical":"https:\/\/librairie7l.com\/en\/produit\/lettres-a-une-jeune-ceramiste-1942-1951-2\/","og_locale":"en_US","og_type":"article","og_title":"Lettres \u00e0 une jeune c\u00e9ramiste [1942-1951] - Librairie 7L","og_description":"Deux femmes, lune peintre australienne, Anne Dangar, et lautre c\u00e9ramiste fran\u00e7aise, Jacqueline Lerat. Deux femmes artistes majeures du XXe si\u00e8cle qui ont entretenu une correspondance pendant une d\u00e9cennie. Deux figures singuli\u00e8res tout en \u00e9tant repr\u00e9sentatives de leur temps. Deux femmes d\u00e9termin\u00e9es qui s\u00e9paulent et sencouragent face \u00e0 un milieu artistique et artisanal encore largement domin\u00e9 [&hellip;]","og_url":"https:\/\/librairie7l.com\/en\/produit\/lettres-a-une-jeune-ceramiste-1942-1951-2\/","og_site_name":"Librairie 7L","article_modified_time":"2026-04-17T21:05:41+00:00","og_image":[{"width":600,"height":847,"url":"https:\/\/librairie7l.com\/wp-content\/uploads\/2024\/12\/9782363063724_1_75.jpg","type":"image\/jpeg"}],"twitter_card":"summary_large_image","twitter_misc":{"Est. reading time":"1 minute"},"schema":{"@context":"https:\/\/schema.org","@graph":[{"@type":"WebPage","@id":"https:\/\/librairie7l.com\/en\/produit\/lettres-a-une-jeune-ceramiste-1942-1951-2\/","url":"https:\/\/librairie7l.com\/en\/produit\/lettres-a-une-jeune-ceramiste-1942-1951-2\/","name":"Lettres \u00e0 une jeune c\u00e9ramiste [1942-1951] - Librairie 7L","isPartOf":{"@id":"https:\/\/librairie7l.com\/en\/#website"},"datePublished":"2025-06-12T07:17:47+00:00","dateModified":"2026-04-17T21:05:41+00:00","breadcrumb":{"@id":"https:\/\/librairie7l.com\/en\/produit\/lettres-a-une-jeune-ceramiste-1942-1951-2\/#breadcrumb"},"inLanguage":"en-US","potentialAction":[{"@type":"ReadAction","target":["https:\/\/librairie7l.com\/en\/produit\/lettres-a-une-jeune-ceramiste-1942-1951-2\/"]}]},{"@type":"BreadcrumbList","@id":"https:\/\/librairie7l.com\/en\/produit\/lettres-a-une-jeune-ceramiste-1942-1951-2\/#breadcrumb","itemListElement":[{"@type":"ListItem","position":1,"name":"Accueil","item":"https:\/\/librairie7l.com\/en\/"},{"@type":"ListItem","position":2,"name":"Shop","item":"https:\/\/librairie7l.com\/en\/shop\/"},{"@type":"ListItem","position":3,"name":"LETTRES \u00c0 UNE JEUNE C\u00c9RAMISTE [1942-1951]"}]},{"@type":"WebSite","@id":"https:\/\/librairie7l.com\/en\/#website","url":"https:\/\/librairie7l.com\/en\/","name":"Librairie 7L","description":"Librairie fond\u00e9e en 1999 par Karl Lagerfeld \u00e0 Paris","publisher":{"@id":"https:\/\/librairie7l.com\/en\/#organization"},"potentialAction":[{"@type":"SearchAction","target":{"@type":"EntryPoint","urlTemplate":"https:\/\/librairie7l.com\/en\/?s={search_term_string}"},"query-input":"required name=search_term_string"}],"inLanguage":"en-US"},{"@type":"Organization","@id":"https:\/\/librairie7l.com\/en\/#organization","name":"Librairie 7L","url":"https:\/\/librairie7l.com\/en\/","logo":{"@type":"ImageObject","inLanguage":"en-US","@id":"https:\/\/librairie7l.com\/en\/#\/schema\/logo\/image\/","url":"https:\/\/librairie7l.com\/wp-content\/uploads\/2022\/08\/logo-1.png","contentUrl":"https:\/\/librairie7l.com\/wp-content\/uploads\/2022\/08\/logo-1.png","width":227,"height":301,"caption":"Librairie 7L"},"image":{"@id":"https:\/\/librairie7l.com\/en\/#\/schema\/logo\/image\/"}}]}},"_links":{"self":[{"href":"https:\/\/librairie7l.com\/en\/wp-json\/wp\/v2\/product\/48683"}],"collection":[{"href":"https:\/\/librairie7l.com\/en\/wp-json\/wp\/v2\/product"}],"about":[{"href":"https:\/\/librairie7l.com\/en\/wp-json\/wp\/v2\/types\/product"}],"wp:featuredmedia":[{"embeddable":true,"href":"https:\/\/librairie7l.com\/en\/wp-json\/wp\/v2\/media\/48681"}],"wp:attachment":[{"href":"https:\/\/librairie7l.com\/en\/wp-json\/wp\/v2\/media?parent=48683"}],"wp:term":[{"taxonomy":"product_cat","embeddable":true,"href":"https:\/\/librairie7l.com\/en\/wp-json\/wp\/v2\/product_cat?post=48683"},{"taxonomy":"product_tag","embeddable":true,"href":"https:\/\/librairie7l.com\/en\/wp-json\/wp\/v2\/product_tag?post=48683"}],"curies":[{"name":"wp","href":"https:\/\/api.w.org\/{rel}","templated":true}]}}