{"id":48687,"date":"2025-06-12T09:17:51","date_gmt":"2025-06-12T07:17:51","guid":{"rendered":"https:\/\/librairie7l.com\/?post_type=product&#038;p=48687"},"modified":"2026-04-23T00:25:34","modified_gmt":"2026-04-22T22:25:34","slug":"la-fondation-danoise-kaj-gottlob-2","status":"publish","type":"product","link":"https:\/\/librairie7l.com\/en\/produit\/la-fondation-danoise-kaj-gottlob-2\/","title":{"rendered":"LA FONDATION DANOISE : KAJ GOTTLOB"},"content":{"rendered":"<p>Kaj Gottlob est l&#8217;architecte de la Fondation danoise \u00e0 Paris au sein de la cit\u00e9 internationale universitaire. Il y a cent ans, l&#8217;un des plus c\u00e9l\u00e8bres architectes danois du XXe si\u00e8cle a pens\u00e9 le b\u00e2timent de A \u00e0 Z, de la structure aux formes sobres et \u00e9l\u00e9gantes du mobilier de type fonctionnaliste. Ce afin que les \u00e9tudiants danois se sentent \u00ab \u00e0 la maison \u00bb (terme employ\u00e9 par les r\u00e9sidents encore aujourd&#8217;hui pour nommer la Fondation). Depuis sa construction et au fil des ann\u00e9es, les directeurs se succ\u00e8dent et les travaux aussi, allant de pair avec l&#8217;\u00e9volution des moeurs (Mai 1968 est pass\u00e9 par l\u00e0 aussi). Le b\u00e2timent a \u00e9volu\u00e9 et a su s&#8217;adapter au changement, toujours ancr\u00e9 dans la modernit\u00e9 danoise, jusqu&#8217;\u00e0 la cuisine, redessin\u00e9e en 2023 par la c\u00e9l\u00e8bre agence Henning Larsen, mondialement connue pour son avant-gardisme (r\u00e9duction du gaspillage alimentaire, recyclage des d\u00e9chets, diminution des co\u00fbts de l&#8217;\u00e9nergie, etc.). Plus qu&#8217;un b\u00e2timent, la Fondation danoise est un lieu au sein duquel le fameux \u00ab hygge \u00bb, art de vivre danois, se pratique. Une maison r\u00e9solument moderne, o\u00f9 il fait bon vivre-ensemble, sublim\u00e9e par les photographies prises \u00e0 la lumi\u00e8re naturelle de Jens Marcus Lindhe, dipl\u00f4m\u00e9 en architecture et photographe d&#8217;architecture r\u00e9put\u00e9, qui rend hommage au b\u00e2timent et \u00e0 l&#8217;architecte pour nous mener dans un autre univers, un monde en soi, une chambre \u00e0 soi&#8230;<\/p>\n","protected":false},"excerpt":{"rendered":"<p>Kaj Gottlob est l&#8217;architecte de la Fondation danoise \u00e0 Paris au sein de la cit\u00e9 internationale universitaire. Il y a cent ans, l&#8217;un des plus c\u00e9l\u00e8bres architectes danois du XXe si\u00e8cle a pens\u00e9 le b\u00e2timent de A \u00e0 Z, de la structure aux formes sobres et \u00e9l\u00e9gantes du mobilier de type fonctionnaliste. Ce afin que [&hellip;]<\/p>\n","protected":false},"featured_media":48685,"template":"","meta":[],"product_cat":[2948,2952],"product_tag":[],"acf":[],"yoast_head":"<!-- This site is optimized with the Yoast SEO plugin v20.11 - https:\/\/yoast.com\/wordpress\/plugins\/seo\/ -->\n<title>La fondation danoise : Kaj Gottlob - Librairie 7L<\/title>\n<meta name=\"robots\" content=\"index, follow, max-snippet:-1, max-image-preview:large, max-video-preview:-1\" \/>\n<link rel=\"canonical\" href=\"https:\/\/librairie7l.com\/en\/produit\/la-fondation-danoise-kaj-gottlob-2\/\" \/>\n<meta property=\"og:locale\" content=\"en_US\" \/>\n<meta property=\"og:type\" content=\"article\" \/>\n<meta property=\"og:title\" content=\"La fondation danoise : Kaj Gottlob - Librairie 7L\" \/>\n<meta property=\"og:description\" content=\"Kaj Gottlob est l&#8217;architecte de la Fondation danoise \u00e0 Paris au sein de la cit\u00e9 internationale universitaire. Il y a cent ans, l&#8217;un des plus c\u00e9l\u00e8bres architectes danois du XXe si\u00e8cle a pens\u00e9 le b\u00e2timent de A \u00e0 Z, de la structure aux formes sobres et \u00e9l\u00e9gantes du mobilier de type fonctionnaliste. Ce afin que [&hellip;]\" \/>\n<meta property=\"og:url\" content=\"https:\/\/librairie7l.com\/en\/produit\/la-fondation-danoise-kaj-gottlob-2\/\" \/>\n<meta property=\"og:site_name\" content=\"Librairie 7L\" \/>\n<meta property=\"article:modified_time\" content=\"2026-04-22T22:25:34+00:00\" \/>\n<meta property=\"og:image\" content=\"https:\/\/librairie7l.com\/wp-content\/uploads\/2024\/12\/9782958468743_1_75.jpg\" \/>\n\t<meta property=\"og:image:width\" content=\"600\" \/>\n\t<meta property=\"og:image:height\" content=\"794\" \/>\n\t<meta property=\"og:image:type\" content=\"image\/jpeg\" \/>\n<meta name=\"twitter:card\" content=\"summary_large_image\" \/>\n<meta name=\"twitter:label1\" content=\"Est. reading time\" \/>\n\t<meta name=\"twitter:data1\" content=\"1 minute\" \/>\n<script type=\"application\/ld+json\" class=\"yoast-schema-graph\">{\"@context\":\"https:\/\/schema.org\",\"@graph\":[{\"@type\":\"WebPage\",\"@id\":\"https:\/\/librairie7l.com\/en\/produit\/la-fondation-danoise-kaj-gottlob-2\/\",\"url\":\"https:\/\/librairie7l.com\/en\/produit\/la-fondation-danoise-kaj-gottlob-2\/\",\"name\":\"La fondation danoise : Kaj Gottlob - Librairie 7L\",\"isPartOf\":{\"@id\":\"https:\/\/librairie7l.com\/en\/#website\"},\"datePublished\":\"2025-06-12T07:17:51+00:00\",\"dateModified\":\"2026-04-22T22:25:34+00:00\",\"breadcrumb\":{\"@id\":\"https:\/\/librairie7l.com\/en\/produit\/la-fondation-danoise-kaj-gottlob-2\/#breadcrumb\"},\"inLanguage\":\"en-US\",\"potentialAction\":[{\"@type\":\"ReadAction\",\"target\":[\"https:\/\/librairie7l.com\/en\/produit\/la-fondation-danoise-kaj-gottlob-2\/\"]}]},{\"@type\":\"BreadcrumbList\",\"@id\":\"https:\/\/librairie7l.com\/en\/produit\/la-fondation-danoise-kaj-gottlob-2\/#breadcrumb\",\"itemListElement\":[{\"@type\":\"ListItem\",\"position\":1,\"name\":\"Accueil\",\"item\":\"https:\/\/librairie7l.com\/en\/\"},{\"@type\":\"ListItem\",\"position\":2,\"name\":\"Shop\",\"item\":\"https:\/\/librairie7l.com\/en\/shop\/\"},{\"@type\":\"ListItem\",\"position\":3,\"name\":\"LA FONDATION DANOISE : KAJ GOTTLOB\"}]},{\"@type\":\"WebSite\",\"@id\":\"https:\/\/librairie7l.com\/en\/#website\",\"url\":\"https:\/\/librairie7l.com\/en\/\",\"name\":\"Librairie 7L\",\"description\":\"Librairie fond\u00e9e en 1999 par Karl Lagerfeld \u00e0 Paris\",\"publisher\":{\"@id\":\"https:\/\/librairie7l.com\/en\/#organization\"},\"potentialAction\":[{\"@type\":\"SearchAction\",\"target\":{\"@type\":\"EntryPoint\",\"urlTemplate\":\"https:\/\/librairie7l.com\/en\/?s={search_term_string}\"},\"query-input\":\"required name=search_term_string\"}],\"inLanguage\":\"en-US\"},{\"@type\":\"Organization\",\"@id\":\"https:\/\/librairie7l.com\/en\/#organization\",\"name\":\"Librairie 7L\",\"url\":\"https:\/\/librairie7l.com\/en\/\",\"logo\":{\"@type\":\"ImageObject\",\"inLanguage\":\"en-US\",\"@id\":\"https:\/\/librairie7l.com\/en\/#\/schema\/logo\/image\/\",\"url\":\"https:\/\/librairie7l.com\/wp-content\/uploads\/2022\/08\/logo-1.png\",\"contentUrl\":\"https:\/\/librairie7l.com\/wp-content\/uploads\/2022\/08\/logo-1.png\",\"width\":227,\"height\":301,\"caption\":\"Librairie 7L\"},\"image\":{\"@id\":\"https:\/\/librairie7l.com\/en\/#\/schema\/logo\/image\/\"}}]}<\/script>\n<!-- \/ Yoast SEO plugin. -->","yoast_head_json":{"title":"La fondation danoise : Kaj Gottlob - Librairie 7L","robots":{"index":"index","follow":"follow","max-snippet":"max-snippet:-1","max-image-preview":"max-image-preview:large","max-video-preview":"max-video-preview:-1"},"canonical":"https:\/\/librairie7l.com\/en\/produit\/la-fondation-danoise-kaj-gottlob-2\/","og_locale":"en_US","og_type":"article","og_title":"La fondation danoise : Kaj Gottlob - Librairie 7L","og_description":"Kaj Gottlob est l&#8217;architecte de la Fondation danoise \u00e0 Paris au sein de la cit\u00e9 internationale universitaire. Il y a cent ans, l&#8217;un des plus c\u00e9l\u00e8bres architectes danois du XXe si\u00e8cle a pens\u00e9 le b\u00e2timent de A \u00e0 Z, de la structure aux formes sobres et \u00e9l\u00e9gantes du mobilier de type fonctionnaliste. Ce afin que [&hellip;]","og_url":"https:\/\/librairie7l.com\/en\/produit\/la-fondation-danoise-kaj-gottlob-2\/","og_site_name":"Librairie 7L","article_modified_time":"2026-04-22T22:25:34+00:00","og_image":[{"width":600,"height":794,"url":"https:\/\/librairie7l.com\/wp-content\/uploads\/2024\/12\/9782958468743_1_75.jpg","type":"image\/jpeg"}],"twitter_card":"summary_large_image","twitter_misc":{"Est. reading time":"1 minute"},"schema":{"@context":"https:\/\/schema.org","@graph":[{"@type":"WebPage","@id":"https:\/\/librairie7l.com\/en\/produit\/la-fondation-danoise-kaj-gottlob-2\/","url":"https:\/\/librairie7l.com\/en\/produit\/la-fondation-danoise-kaj-gottlob-2\/","name":"La fondation danoise : Kaj Gottlob - Librairie 7L","isPartOf":{"@id":"https:\/\/librairie7l.com\/en\/#website"},"datePublished":"2025-06-12T07:17:51+00:00","dateModified":"2026-04-22T22:25:34+00:00","breadcrumb":{"@id":"https:\/\/librairie7l.com\/en\/produit\/la-fondation-danoise-kaj-gottlob-2\/#breadcrumb"},"inLanguage":"en-US","potentialAction":[{"@type":"ReadAction","target":["https:\/\/librairie7l.com\/en\/produit\/la-fondation-danoise-kaj-gottlob-2\/"]}]},{"@type":"BreadcrumbList","@id":"https:\/\/librairie7l.com\/en\/produit\/la-fondation-danoise-kaj-gottlob-2\/#breadcrumb","itemListElement":[{"@type":"ListItem","position":1,"name":"Accueil","item":"https:\/\/librairie7l.com\/en\/"},{"@type":"ListItem","position":2,"name":"Shop","item":"https:\/\/librairie7l.com\/en\/shop\/"},{"@type":"ListItem","position":3,"name":"LA FONDATION DANOISE : KAJ GOTTLOB"}]},{"@type":"WebSite","@id":"https:\/\/librairie7l.com\/en\/#website","url":"https:\/\/librairie7l.com\/en\/","name":"Librairie 7L","description":"Librairie fond\u00e9e en 1999 par Karl Lagerfeld \u00e0 Paris","publisher":{"@id":"https:\/\/librairie7l.com\/en\/#organization"},"potentialAction":[{"@type":"SearchAction","target":{"@type":"EntryPoint","urlTemplate":"https:\/\/librairie7l.com\/en\/?s={search_term_string}"},"query-input":"required name=search_term_string"}],"inLanguage":"en-US"},{"@type":"Organization","@id":"https:\/\/librairie7l.com\/en\/#organization","name":"Librairie 7L","url":"https:\/\/librairie7l.com\/en\/","logo":{"@type":"ImageObject","inLanguage":"en-US","@id":"https:\/\/librairie7l.com\/en\/#\/schema\/logo\/image\/","url":"https:\/\/librairie7l.com\/wp-content\/uploads\/2022\/08\/logo-1.png","contentUrl":"https:\/\/librairie7l.com\/wp-content\/uploads\/2022\/08\/logo-1.png","width":227,"height":301,"caption":"Librairie 7L"},"image":{"@id":"https:\/\/librairie7l.com\/en\/#\/schema\/logo\/image\/"}}]}},"_links":{"self":[{"href":"https:\/\/librairie7l.com\/en\/wp-json\/wp\/v2\/product\/48687"}],"collection":[{"href":"https:\/\/librairie7l.com\/en\/wp-json\/wp\/v2\/product"}],"about":[{"href":"https:\/\/librairie7l.com\/en\/wp-json\/wp\/v2\/types\/product"}],"wp:featuredmedia":[{"embeddable":true,"href":"https:\/\/librairie7l.com\/en\/wp-json\/wp\/v2\/media\/48685"}],"wp:attachment":[{"href":"https:\/\/librairie7l.com\/en\/wp-json\/wp\/v2\/media?parent=48687"}],"wp:term":[{"taxonomy":"product_cat","embeddable":true,"href":"https:\/\/librairie7l.com\/en\/wp-json\/wp\/v2\/product_cat?post=48687"},{"taxonomy":"product_tag","embeddable":true,"href":"https:\/\/librairie7l.com\/en\/wp-json\/wp\/v2\/product_tag?post=48687"}],"curies":[{"name":"wp","href":"https:\/\/api.w.org\/{rel}","templated":true}]}}