{"id":48695,"date":"2025-06-12T09:18:00","date_gmt":"2025-06-12T07:18:00","guid":{"rendered":"https:\/\/librairie7l.com\/?post_type=product&#038;p=48695"},"modified":"2026-04-23T19:05:34","modified_gmt":"2026-04-23T17:05:34","slug":"henri-matisse-teriade-correspondances-1930-1954-2","status":"publish","type":"product","link":"https:\/\/librairie7l.com\/en\/produit\/henri-matisse-teriade-correspondances-1930-1954-2\/","title":{"rendered":"HENRI MATISSE : T\u00c9RIADE ; CORRESPONDANCES 1930-1954"},"content":{"rendered":"<p>Originaire de Gr\u00e8ce, T\u00e9riade, de son vrai nom Efstratios Eleftheriades, d\u00e9bute sa carri\u00e8re comme chroniqueur et critique d&#8217;art (L&#8217;Intransigeant, Cahiers d&#8217;Art) avant d&#8217;embrasser le m\u00e9tier d&#8217;\u00e9diteur. Il collabore avec Albert Skira \u00e0 l&#8217;\u00e9dition de deux chefs-d&#8217;oeuvre du livre illustr\u00e9 moderne : les M\u00e9tamorphoses d&#8217;Ovide illustr\u00e9es par Picasso et Po\u00e9sies de St\u00e9phane Mallarm\u00e9 illustr\u00e9es par Matisse qui paraissent respectivement en 1931 et 1932.<br \/>\nAvec Skira encore, il fonde la revue Minotaure dont le premier num\u00e9ro est publi\u00e9 en 1933. Il cr\u00e9e ensuite en 1937 sa propre revue d&#8217;art, Verve puis les \u00e9ditions du m\u00eame nom.<br \/>\nMatisse est pr\u00e9sent dans les volumes de la revue et quatre de ses livres illustr\u00e9s sont \u00e9dit\u00e9s par T\u00e9riade, dont le c\u00e9l\u00e8bre Jazz ??n 1947, \u00e0 la fois ic\u00f4ne du livre d&#8217;artiste et laboratoire de la derni\u00e8re p\u00e9riode de l&#8217;oeuvre de Matisse. Les collaborations entre les deux hommes ont \u00e9t\u00e9 essentielles pour l&#8217;invention de la gouache d\u00e9coup\u00e9e qui domine la cr\u00e9ation de l&#8217;artiste au cours<br \/>\ndes dix derni\u00e8res ann\u00e9es de sa carri\u00e8re.<br \/>\nLeurs \u00e9changes \u00e9pistolaires s&#8217;\u00e9tendent de 1937 \u00e0 1954 (hormis une lettre isol\u00e9e en 1930). Ils donnent le ton de toute une \u00e9poque et fournissent un arri\u00e8re-plan contextuel essentiel \u00e0 la compr\u00e9hension de l&#8217;oeuvre de Matisse.<br \/>\nCette publication est la premi\u00e8re \u00e0 r\u00e9unir l&#8217;int\u00e9gralit\u00e9 de la correspondance entre Matisse et T\u00e9riade. L&#8217;auteur compl\u00e8te cette retranscription par un ensemble de<br \/>\nnotes explicatives. \u00c0 la fois ouvrage grand public et scienti??que, il a pour ambition de toucher un public de lecteurs avertis ou amateurs d&#8217;art.<\/p>\n","protected":false},"excerpt":{"rendered":"<p>Originaire de Gr\u00e8ce, T\u00e9riade, de son vrai nom Efstratios Eleftheriades, d\u00e9bute sa carri\u00e8re comme chroniqueur et critique d&#8217;art (L&#8217;Intransigeant, Cahiers d&#8217;Art) avant d&#8217;embrasser le m\u00e9tier d&#8217;\u00e9diteur. Il collabore avec Albert Skira \u00e0 l&#8217;\u00e9dition de deux chefs-d&#8217;oeuvre du livre illustr\u00e9 moderne : les M\u00e9tamorphoses d&#8217;Ovide illustr\u00e9es par Picasso et Po\u00e9sies de St\u00e9phane Mallarm\u00e9 illustr\u00e9es par Matisse [&hellip;]<\/p>\n","protected":false},"featured_media":48693,"template":"","meta":[],"product_cat":[2948,2953],"product_tag":[],"acf":[],"yoast_head":"<!-- This site is optimized with the Yoast SEO plugin v20.11 - https:\/\/yoast.com\/wordpress\/plugins\/seo\/ -->\n<title>Henri Matisse : T\u00e9riade ; Correspondances 1930-1954 - Librairie 7L<\/title>\n<meta name=\"robots\" content=\"index, follow, max-snippet:-1, max-image-preview:large, max-video-preview:-1\" \/>\n<link rel=\"canonical\" href=\"https:\/\/librairie7l.com\/en\/produit\/henri-matisse-teriade-correspondances-1930-1954-2\/\" \/>\n<meta property=\"og:locale\" content=\"en_US\" \/>\n<meta property=\"og:type\" content=\"article\" \/>\n<meta property=\"og:title\" content=\"Henri Matisse : T\u00e9riade ; Correspondances 1930-1954 - Librairie 7L\" \/>\n<meta property=\"og:description\" content=\"Originaire de Gr\u00e8ce, T\u00e9riade, de son vrai nom Efstratios Eleftheriades, d\u00e9bute sa carri\u00e8re comme chroniqueur et critique d&#8217;art (L&#8217;Intransigeant, Cahiers d&#8217;Art) avant d&#8217;embrasser le m\u00e9tier d&#8217;\u00e9diteur. Il collabore avec Albert Skira \u00e0 l&#8217;\u00e9dition de deux chefs-d&#8217;oeuvre du livre illustr\u00e9 moderne : les M\u00e9tamorphoses d&#8217;Ovide illustr\u00e9es par Picasso et Po\u00e9sies de St\u00e9phane Mallarm\u00e9 illustr\u00e9es par Matisse [&hellip;]\" \/>\n<meta property=\"og:url\" content=\"https:\/\/librairie7l.com\/en\/produit\/henri-matisse-teriade-correspondances-1930-1954-2\/\" \/>\n<meta property=\"og:site_name\" content=\"Librairie 7L\" \/>\n<meta property=\"article:modified_time\" content=\"2026-04-23T17:05:34+00:00\" \/>\n<meta property=\"og:image\" content=\"https:\/\/librairie7l.com\/wp-content\/uploads\/2024\/09\/9782363063687_1_75.jpg\" \/>\n\t<meta property=\"og:image:width\" content=\"600\" \/>\n\t<meta property=\"og:image:height\" content=\"843\" \/>\n\t<meta property=\"og:image:type\" content=\"image\/jpeg\" \/>\n<meta name=\"twitter:card\" content=\"summary_large_image\" \/>\n<meta name=\"twitter:label1\" content=\"Est. reading time\" \/>\n\t<meta name=\"twitter:data1\" content=\"1 minute\" \/>\n<script type=\"application\/ld+json\" class=\"yoast-schema-graph\">{\"@context\":\"https:\/\/schema.org\",\"@graph\":[{\"@type\":\"WebPage\",\"@id\":\"https:\/\/librairie7l.com\/en\/produit\/henri-matisse-teriade-correspondances-1930-1954-2\/\",\"url\":\"https:\/\/librairie7l.com\/en\/produit\/henri-matisse-teriade-correspondances-1930-1954-2\/\",\"name\":\"Henri Matisse : T\u00e9riade ; Correspondances 1930-1954 - Librairie 7L\",\"isPartOf\":{\"@id\":\"https:\/\/librairie7l.com\/en\/#website\"},\"datePublished\":\"2025-06-12T07:18:00+00:00\",\"dateModified\":\"2026-04-23T17:05:34+00:00\",\"breadcrumb\":{\"@id\":\"https:\/\/librairie7l.com\/en\/produit\/henri-matisse-teriade-correspondances-1930-1954-2\/#breadcrumb\"},\"inLanguage\":\"en-US\",\"potentialAction\":[{\"@type\":\"ReadAction\",\"target\":[\"https:\/\/librairie7l.com\/en\/produit\/henri-matisse-teriade-correspondances-1930-1954-2\/\"]}]},{\"@type\":\"BreadcrumbList\",\"@id\":\"https:\/\/librairie7l.com\/en\/produit\/henri-matisse-teriade-correspondances-1930-1954-2\/#breadcrumb\",\"itemListElement\":[{\"@type\":\"ListItem\",\"position\":1,\"name\":\"Accueil\",\"item\":\"https:\/\/librairie7l.com\/en\/\"},{\"@type\":\"ListItem\",\"position\":2,\"name\":\"Shop\",\"item\":\"https:\/\/librairie7l.com\/en\/shop\/\"},{\"@type\":\"ListItem\",\"position\":3,\"name\":\"HENRI MATISSE : T\u00c9RIADE ; CORRESPONDANCES 1930-1954\"}]},{\"@type\":\"WebSite\",\"@id\":\"https:\/\/librairie7l.com\/en\/#website\",\"url\":\"https:\/\/librairie7l.com\/en\/\",\"name\":\"Librairie 7L\",\"description\":\"Librairie fond\u00e9e en 1999 par Karl Lagerfeld \u00e0 Paris\",\"publisher\":{\"@id\":\"https:\/\/librairie7l.com\/en\/#organization\"},\"potentialAction\":[{\"@type\":\"SearchAction\",\"target\":{\"@type\":\"EntryPoint\",\"urlTemplate\":\"https:\/\/librairie7l.com\/en\/?s={search_term_string}\"},\"query-input\":\"required name=search_term_string\"}],\"inLanguage\":\"en-US\"},{\"@type\":\"Organization\",\"@id\":\"https:\/\/librairie7l.com\/en\/#organization\",\"name\":\"Librairie 7L\",\"url\":\"https:\/\/librairie7l.com\/en\/\",\"logo\":{\"@type\":\"ImageObject\",\"inLanguage\":\"en-US\",\"@id\":\"https:\/\/librairie7l.com\/en\/#\/schema\/logo\/image\/\",\"url\":\"https:\/\/librairie7l.com\/wp-content\/uploads\/2022\/08\/logo-1.png\",\"contentUrl\":\"https:\/\/librairie7l.com\/wp-content\/uploads\/2022\/08\/logo-1.png\",\"width\":227,\"height\":301,\"caption\":\"Librairie 7L\"},\"image\":{\"@id\":\"https:\/\/librairie7l.com\/en\/#\/schema\/logo\/image\/\"}}]}<\/script>\n<!-- \/ Yoast SEO plugin. -->","yoast_head_json":{"title":"Henri Matisse : T\u00e9riade ; Correspondances 1930-1954 - Librairie 7L","robots":{"index":"index","follow":"follow","max-snippet":"max-snippet:-1","max-image-preview":"max-image-preview:large","max-video-preview":"max-video-preview:-1"},"canonical":"https:\/\/librairie7l.com\/en\/produit\/henri-matisse-teriade-correspondances-1930-1954-2\/","og_locale":"en_US","og_type":"article","og_title":"Henri Matisse : T\u00e9riade ; Correspondances 1930-1954 - Librairie 7L","og_description":"Originaire de Gr\u00e8ce, T\u00e9riade, de son vrai nom Efstratios Eleftheriades, d\u00e9bute sa carri\u00e8re comme chroniqueur et critique d&#8217;art (L&#8217;Intransigeant, Cahiers d&#8217;Art) avant d&#8217;embrasser le m\u00e9tier d&#8217;\u00e9diteur. Il collabore avec Albert Skira \u00e0 l&#8217;\u00e9dition de deux chefs-d&#8217;oeuvre du livre illustr\u00e9 moderne : les M\u00e9tamorphoses d&#8217;Ovide illustr\u00e9es par Picasso et Po\u00e9sies de St\u00e9phane Mallarm\u00e9 illustr\u00e9es par Matisse [&hellip;]","og_url":"https:\/\/librairie7l.com\/en\/produit\/henri-matisse-teriade-correspondances-1930-1954-2\/","og_site_name":"Librairie 7L","article_modified_time":"2026-04-23T17:05:34+00:00","og_image":[{"width":600,"height":843,"url":"https:\/\/librairie7l.com\/wp-content\/uploads\/2024\/09\/9782363063687_1_75.jpg","type":"image\/jpeg"}],"twitter_card":"summary_large_image","twitter_misc":{"Est. reading time":"1 minute"},"schema":{"@context":"https:\/\/schema.org","@graph":[{"@type":"WebPage","@id":"https:\/\/librairie7l.com\/en\/produit\/henri-matisse-teriade-correspondances-1930-1954-2\/","url":"https:\/\/librairie7l.com\/en\/produit\/henri-matisse-teriade-correspondances-1930-1954-2\/","name":"Henri Matisse : T\u00e9riade ; Correspondances 1930-1954 - Librairie 7L","isPartOf":{"@id":"https:\/\/librairie7l.com\/en\/#website"},"datePublished":"2025-06-12T07:18:00+00:00","dateModified":"2026-04-23T17:05:34+00:00","breadcrumb":{"@id":"https:\/\/librairie7l.com\/en\/produit\/henri-matisse-teriade-correspondances-1930-1954-2\/#breadcrumb"},"inLanguage":"en-US","potentialAction":[{"@type":"ReadAction","target":["https:\/\/librairie7l.com\/en\/produit\/henri-matisse-teriade-correspondances-1930-1954-2\/"]}]},{"@type":"BreadcrumbList","@id":"https:\/\/librairie7l.com\/en\/produit\/henri-matisse-teriade-correspondances-1930-1954-2\/#breadcrumb","itemListElement":[{"@type":"ListItem","position":1,"name":"Accueil","item":"https:\/\/librairie7l.com\/en\/"},{"@type":"ListItem","position":2,"name":"Shop","item":"https:\/\/librairie7l.com\/en\/shop\/"},{"@type":"ListItem","position":3,"name":"HENRI MATISSE : T\u00c9RIADE ; CORRESPONDANCES 1930-1954"}]},{"@type":"WebSite","@id":"https:\/\/librairie7l.com\/en\/#website","url":"https:\/\/librairie7l.com\/en\/","name":"Librairie 7L","description":"Librairie fond\u00e9e en 1999 par Karl Lagerfeld \u00e0 Paris","publisher":{"@id":"https:\/\/librairie7l.com\/en\/#organization"},"potentialAction":[{"@type":"SearchAction","target":{"@type":"EntryPoint","urlTemplate":"https:\/\/librairie7l.com\/en\/?s={search_term_string}"},"query-input":"required name=search_term_string"}],"inLanguage":"en-US"},{"@type":"Organization","@id":"https:\/\/librairie7l.com\/en\/#organization","name":"Librairie 7L","url":"https:\/\/librairie7l.com\/en\/","logo":{"@type":"ImageObject","inLanguage":"en-US","@id":"https:\/\/librairie7l.com\/en\/#\/schema\/logo\/image\/","url":"https:\/\/librairie7l.com\/wp-content\/uploads\/2022\/08\/logo-1.png","contentUrl":"https:\/\/librairie7l.com\/wp-content\/uploads\/2022\/08\/logo-1.png","width":227,"height":301,"caption":"Librairie 7L"},"image":{"@id":"https:\/\/librairie7l.com\/en\/#\/schema\/logo\/image\/"}}]}},"_links":{"self":[{"href":"https:\/\/librairie7l.com\/en\/wp-json\/wp\/v2\/product\/48695"}],"collection":[{"href":"https:\/\/librairie7l.com\/en\/wp-json\/wp\/v2\/product"}],"about":[{"href":"https:\/\/librairie7l.com\/en\/wp-json\/wp\/v2\/types\/product"}],"wp:featuredmedia":[{"embeddable":true,"href":"https:\/\/librairie7l.com\/en\/wp-json\/wp\/v2\/media\/48693"}],"wp:attachment":[{"href":"https:\/\/librairie7l.com\/en\/wp-json\/wp\/v2\/media?parent=48695"}],"wp:term":[{"taxonomy":"product_cat","embeddable":true,"href":"https:\/\/librairie7l.com\/en\/wp-json\/wp\/v2\/product_cat?post=48695"},{"taxonomy":"product_tag","embeddable":true,"href":"https:\/\/librairie7l.com\/en\/wp-json\/wp\/v2\/product_tag?post=48695"}],"curies":[{"name":"wp","href":"https:\/\/api.w.org\/{rel}","templated":true}]}}