{"id":48703,"date":"2025-06-12T09:18:10","date_gmt":"2025-06-12T07:18:10","guid":{"rendered":"https:\/\/librairie7l.com\/?post_type=product&#038;p=48703"},"modified":"2026-04-14T11:48:48","modified_gmt":"2026-04-14T09:48:48","slug":"un-ete-a-capri-2","status":"publish","type":"product","link":"https:\/\/librairie7l.com\/en\/produit\/un-ete-a-capri-2\/","title":{"rendered":"UN \u00c9T\u00c9 \u00c0 CAPRI"},"content":{"rendered":"<p>Entre le refrain d&#8217;une chanson populaire et l&#8217;image de hordes de touristes mass\u00e9s derri\u00e8re des parapluies dress\u00e9s par des guides, vous pensez que Capri, c&#8217;est fini&#8230; Amoureux des lieux, l&#8217;auteur de ces lignes est alors partag\u00e9 entre l&#8217;envie de conforter cette id\u00e9e, pour ne pas ajouter \u00e0 l&#8217;envahissement, et l&#8217;honn\u00eatet\u00e9 journalistique : Capri a encore beaucoup de charme, il suffit d&#8217;en poss\u00e9der les clefs. La premi\u00e8re r\u00e8gle est d&#8217;y rester plusieurs jours, l&#8217;\u00eele ne se r\u00e9v\u00e8le que progressivement. La deuxi\u00e8me condition est d&#8217;en conna\u00eetre un peu l&#8217;histoire et de suivre ses fant\u00f4mes dans les ruelles. Au fil du temps, c\u00e9l\u00e9brit\u00e9s, artistes, personnages excentriques ont imprim\u00e9 leur marque et leur passage flotte encore dans l&#8217;air. La promenade devient romanesque, l&#8217;errance un peu nostalgique. On ralentit le pas, on feuillette un livre, celui-ci par exemple, et on se prend \u00e0 r\u00eaver d&#8217;une autre \u00e9poque. La parenth\u00e8se s&#8217;entrouvre. Les vestiges d&#8217;un pass\u00e9 flamboyant apparaissent, le parfum d&#8217;une dolce vita \u00e9l\u00e9gante et bronz\u00e9e embaume \u00e0 nouveau, tout semble encore l\u00e0, \u00e0 port\u00e9e de main. Le monde a chang\u00e9, mais \u00e0 Capri moins qu&#8217;ailleurs.<\/p>\n","protected":false},"excerpt":{"rendered":"<p>Entre le refrain d&#8217;une chanson populaire et l&#8217;image de hordes de touristes mass\u00e9s derri\u00e8re des parapluies dress\u00e9s par des guides, vous pensez que Capri, c&#8217;est fini&#8230; Amoureux des lieux, l&#8217;auteur de ces lignes est alors partag\u00e9 entre l&#8217;envie de conforter cette id\u00e9e, pour ne pas ajouter \u00e0 l&#8217;envahissement, et l&#8217;honn\u00eatet\u00e9 journalistique : Capri a encore [&hellip;]<\/p>\n","protected":false},"featured_media":48701,"template":"","meta":[],"product_cat":[2948,2951],"product_tag":[],"acf":[],"yoast_head":"<!-- This site is optimized with the Yoast SEO plugin v20.11 - https:\/\/yoast.com\/wordpress\/plugins\/seo\/ -->\n<title>Un \u00e9t\u00e9 \u00e0 Capri - Librairie 7L<\/title>\n<meta name=\"robots\" content=\"index, follow, max-snippet:-1, max-image-preview:large, max-video-preview:-1\" \/>\n<link rel=\"canonical\" href=\"https:\/\/librairie7l.com\/en\/produit\/un-ete-a-capri-2\/\" \/>\n<meta property=\"og:locale\" content=\"en_US\" \/>\n<meta property=\"og:type\" content=\"article\" \/>\n<meta property=\"og:title\" content=\"Un \u00e9t\u00e9 \u00e0 Capri - Librairie 7L\" \/>\n<meta property=\"og:description\" content=\"Entre le refrain d&#8217;une chanson populaire et l&#8217;image de hordes de touristes mass\u00e9s derri\u00e8re des parapluies dress\u00e9s par des guides, vous pensez que Capri, c&#8217;est fini&#8230; Amoureux des lieux, l&#8217;auteur de ces lignes est alors partag\u00e9 entre l&#8217;envie de conforter cette id\u00e9e, pour ne pas ajouter \u00e0 l&#8217;envahissement, et l&#8217;honn\u00eatet\u00e9 journalistique : Capri a encore [&hellip;]\" \/>\n<meta property=\"og:url\" content=\"https:\/\/librairie7l.com\/en\/produit\/un-ete-a-capri-2\/\" \/>\n<meta property=\"og:site_name\" content=\"Librairie 7L\" \/>\n<meta property=\"article:modified_time\" content=\"2026-04-14T09:48:48+00:00\" \/>\n<meta property=\"og:image\" content=\"https:\/\/librairie7l.com\/wp-content\/uploads\/2025\/04\/9782353404223_1_75.jpg\" \/>\n\t<meta property=\"og:image:width\" content=\"411\" \/>\n\t<meta property=\"og:image:height\" content=\"590\" \/>\n\t<meta property=\"og:image:type\" content=\"image\/jpeg\" \/>\n<meta name=\"twitter:card\" content=\"summary_large_image\" \/>\n<meta name=\"twitter:label1\" content=\"Est. reading time\" \/>\n\t<meta name=\"twitter:data1\" content=\"1 minute\" \/>\n<script type=\"application\/ld+json\" class=\"yoast-schema-graph\">{\"@context\":\"https:\/\/schema.org\",\"@graph\":[{\"@type\":\"WebPage\",\"@id\":\"https:\/\/librairie7l.com\/en\/produit\/un-ete-a-capri-2\/\",\"url\":\"https:\/\/librairie7l.com\/en\/produit\/un-ete-a-capri-2\/\",\"name\":\"Un \u00e9t\u00e9 \u00e0 Capri - Librairie 7L\",\"isPartOf\":{\"@id\":\"https:\/\/librairie7l.com\/en\/#website\"},\"datePublished\":\"2025-06-12T07:18:10+00:00\",\"dateModified\":\"2026-04-14T09:48:48+00:00\",\"breadcrumb\":{\"@id\":\"https:\/\/librairie7l.com\/en\/produit\/un-ete-a-capri-2\/#breadcrumb\"},\"inLanguage\":\"en-US\",\"potentialAction\":[{\"@type\":\"ReadAction\",\"target\":[\"https:\/\/librairie7l.com\/en\/produit\/un-ete-a-capri-2\/\"]}]},{\"@type\":\"BreadcrumbList\",\"@id\":\"https:\/\/librairie7l.com\/en\/produit\/un-ete-a-capri-2\/#breadcrumb\",\"itemListElement\":[{\"@type\":\"ListItem\",\"position\":1,\"name\":\"Accueil\",\"item\":\"https:\/\/librairie7l.com\/en\/\"},{\"@type\":\"ListItem\",\"position\":2,\"name\":\"Shop\",\"item\":\"https:\/\/librairie7l.com\/en\/shop\/\"},{\"@type\":\"ListItem\",\"position\":3,\"name\":\"UN \u00c9T\u00c9 \u00c0 CAPRI\"}]},{\"@type\":\"WebSite\",\"@id\":\"https:\/\/librairie7l.com\/en\/#website\",\"url\":\"https:\/\/librairie7l.com\/en\/\",\"name\":\"Librairie 7L\",\"description\":\"Librairie fond\u00e9e en 1999 par Karl Lagerfeld \u00e0 Paris\",\"publisher\":{\"@id\":\"https:\/\/librairie7l.com\/en\/#organization\"},\"potentialAction\":[{\"@type\":\"SearchAction\",\"target\":{\"@type\":\"EntryPoint\",\"urlTemplate\":\"https:\/\/librairie7l.com\/en\/?s={search_term_string}\"},\"query-input\":\"required name=search_term_string\"}],\"inLanguage\":\"en-US\"},{\"@type\":\"Organization\",\"@id\":\"https:\/\/librairie7l.com\/en\/#organization\",\"name\":\"Librairie 7L\",\"url\":\"https:\/\/librairie7l.com\/en\/\",\"logo\":{\"@type\":\"ImageObject\",\"inLanguage\":\"en-US\",\"@id\":\"https:\/\/librairie7l.com\/en\/#\/schema\/logo\/image\/\",\"url\":\"https:\/\/librairie7l.com\/wp-content\/uploads\/2022\/08\/logo-1.png\",\"contentUrl\":\"https:\/\/librairie7l.com\/wp-content\/uploads\/2022\/08\/logo-1.png\",\"width\":227,\"height\":301,\"caption\":\"Librairie 7L\"},\"image\":{\"@id\":\"https:\/\/librairie7l.com\/en\/#\/schema\/logo\/image\/\"}}]}<\/script>\n<!-- \/ Yoast SEO plugin. -->","yoast_head_json":{"title":"Un \u00e9t\u00e9 \u00e0 Capri - Librairie 7L","robots":{"index":"index","follow":"follow","max-snippet":"max-snippet:-1","max-image-preview":"max-image-preview:large","max-video-preview":"max-video-preview:-1"},"canonical":"https:\/\/librairie7l.com\/en\/produit\/un-ete-a-capri-2\/","og_locale":"en_US","og_type":"article","og_title":"Un \u00e9t\u00e9 \u00e0 Capri - Librairie 7L","og_description":"Entre le refrain d&#8217;une chanson populaire et l&#8217;image de hordes de touristes mass\u00e9s derri\u00e8re des parapluies dress\u00e9s par des guides, vous pensez que Capri, c&#8217;est fini&#8230; Amoureux des lieux, l&#8217;auteur de ces lignes est alors partag\u00e9 entre l&#8217;envie de conforter cette id\u00e9e, pour ne pas ajouter \u00e0 l&#8217;envahissement, et l&#8217;honn\u00eatet\u00e9 journalistique : Capri a encore [&hellip;]","og_url":"https:\/\/librairie7l.com\/en\/produit\/un-ete-a-capri-2\/","og_site_name":"Librairie 7L","article_modified_time":"2026-04-14T09:48:48+00:00","og_image":[{"width":411,"height":590,"url":"https:\/\/librairie7l.com\/wp-content\/uploads\/2025\/04\/9782353404223_1_75.jpg","type":"image\/jpeg"}],"twitter_card":"summary_large_image","twitter_misc":{"Est. reading time":"1 minute"},"schema":{"@context":"https:\/\/schema.org","@graph":[{"@type":"WebPage","@id":"https:\/\/librairie7l.com\/en\/produit\/un-ete-a-capri-2\/","url":"https:\/\/librairie7l.com\/en\/produit\/un-ete-a-capri-2\/","name":"Un \u00e9t\u00e9 \u00e0 Capri - Librairie 7L","isPartOf":{"@id":"https:\/\/librairie7l.com\/en\/#website"},"datePublished":"2025-06-12T07:18:10+00:00","dateModified":"2026-04-14T09:48:48+00:00","breadcrumb":{"@id":"https:\/\/librairie7l.com\/en\/produit\/un-ete-a-capri-2\/#breadcrumb"},"inLanguage":"en-US","potentialAction":[{"@type":"ReadAction","target":["https:\/\/librairie7l.com\/en\/produit\/un-ete-a-capri-2\/"]}]},{"@type":"BreadcrumbList","@id":"https:\/\/librairie7l.com\/en\/produit\/un-ete-a-capri-2\/#breadcrumb","itemListElement":[{"@type":"ListItem","position":1,"name":"Accueil","item":"https:\/\/librairie7l.com\/en\/"},{"@type":"ListItem","position":2,"name":"Shop","item":"https:\/\/librairie7l.com\/en\/shop\/"},{"@type":"ListItem","position":3,"name":"UN \u00c9T\u00c9 \u00c0 CAPRI"}]},{"@type":"WebSite","@id":"https:\/\/librairie7l.com\/en\/#website","url":"https:\/\/librairie7l.com\/en\/","name":"Librairie 7L","description":"Librairie fond\u00e9e en 1999 par Karl Lagerfeld \u00e0 Paris","publisher":{"@id":"https:\/\/librairie7l.com\/en\/#organization"},"potentialAction":[{"@type":"SearchAction","target":{"@type":"EntryPoint","urlTemplate":"https:\/\/librairie7l.com\/en\/?s={search_term_string}"},"query-input":"required name=search_term_string"}],"inLanguage":"en-US"},{"@type":"Organization","@id":"https:\/\/librairie7l.com\/en\/#organization","name":"Librairie 7L","url":"https:\/\/librairie7l.com\/en\/","logo":{"@type":"ImageObject","inLanguage":"en-US","@id":"https:\/\/librairie7l.com\/en\/#\/schema\/logo\/image\/","url":"https:\/\/librairie7l.com\/wp-content\/uploads\/2022\/08\/logo-1.png","contentUrl":"https:\/\/librairie7l.com\/wp-content\/uploads\/2022\/08\/logo-1.png","width":227,"height":301,"caption":"Librairie 7L"},"image":{"@id":"https:\/\/librairie7l.com\/en\/#\/schema\/logo\/image\/"}}]}},"_links":{"self":[{"href":"https:\/\/librairie7l.com\/en\/wp-json\/wp\/v2\/product\/48703"}],"collection":[{"href":"https:\/\/librairie7l.com\/en\/wp-json\/wp\/v2\/product"}],"about":[{"href":"https:\/\/librairie7l.com\/en\/wp-json\/wp\/v2\/types\/product"}],"wp:featuredmedia":[{"embeddable":true,"href":"https:\/\/librairie7l.com\/en\/wp-json\/wp\/v2\/media\/48701"}],"wp:attachment":[{"href":"https:\/\/librairie7l.com\/en\/wp-json\/wp\/v2\/media?parent=48703"}],"wp:term":[{"taxonomy":"product_cat","embeddable":true,"href":"https:\/\/librairie7l.com\/en\/wp-json\/wp\/v2\/product_cat?post=48703"},{"taxonomy":"product_tag","embeddable":true,"href":"https:\/\/librairie7l.com\/en\/wp-json\/wp\/v2\/product_tag?post=48703"}],"curies":[{"name":"wp","href":"https:\/\/api.w.org\/{rel}","templated":true}]}}