{"id":48707,"date":"2025-06-12T09:18:13","date_gmt":"2025-06-12T07:18:13","guid":{"rendered":"https:\/\/librairie7l.com\/?post_type=product&#038;p=48707"},"modified":"2026-04-18T00:41:56","modified_gmt":"2026-04-17T22:41:56","slug":"lage-du-papier-felix-vallotton-illustrateur-2","status":"publish","type":"product","link":"https:\/\/librairie7l.com\/en\/produit\/lage-du-papier-felix-vallotton-illustrateur-2\/","title":{"rendered":"L&#8217;\u00c2GE DU PAPIER : F\u00c9LIX VALLOTTON ILLUSTRATEUR"},"content":{"rendered":"<p>Peintre, graveur, dessinateur, \u00e9crivain et critique d&#8217;art, F\u00e9lix Vallotton (1865-1925) se distingue par son trait incisif, alliage de force d\u00e9corative et d&#8217;expressivit\u00e9 mordante. Le renouveau qu&#8217;il a insuffl\u00e9 \u00e0 la gravure sur bois dans les ann\u00e9es 1890 l&#8217;a rapidement impos\u00e9 dans les cercles artistiques et litt\u00e9raires parisiens. Son talent d&#8217;illustrateur et dessinateur de presse prolifique a propag\u00e9 sa notori\u00e9t\u00e9 bien au-del\u00e0 des fronti\u00e8res de la France et jusqu&#8217;aux \u00c9tats-Unis. Il a illustr\u00e9 des bestsellers comme Poil de Carotte, de Jules Renard, et collabor\u00e9 aux p\u00e9riodiques d&#8217;avant-garde les plus en vogue \u00e0 l&#8217;\u00e9poque : La Revue blanche, Le Rire, Le Cri de Paris, L&#8217;Assiette au beurre, Le Canard sauvage, \u00e0 Paris, Jugend et Die Insel, \u00e0 Munich et Berlin, The Studio, \u00e0 Londres, The Century Illustrated Monthly Magazine, \u00e0 New York, entre autres.<br \/>\nCet ouvrage, qui r\u00e9unit des essais critiques et une s\u00e9lection d&#8217;environ 250 reproductions, explore cet aspect m\u00e9connu de l&#8217;oeuvre de Vallotton. Il para\u00eet \u00e0 l&#8217;occasion de la mise en ligne de F\u00e9lix Vallotton illustrateur. Catalogue raisonn\u00e9 (Lausanne, Fondation F\u00e9lix Vallotton &amp; Lausanne\/Zurich, Institut suisse pour l&#8217;\u00e9tude de l&#8217;art (SIK-ISEA), Volume 32 de la s\u00e9rie \u00ab Catalogues raisonn\u00e9s d&#8217;artistes suisses \u00bb).<\/p>\n","protected":false},"excerpt":{"rendered":"<p>Peintre, graveur, dessinateur, \u00e9crivain et critique d&#8217;art, F\u00e9lix Vallotton (1865-1925) se distingue par son trait incisif, alliage de force d\u00e9corative et d&#8217;expressivit\u00e9 mordante. Le renouveau qu&#8217;il a insuffl\u00e9 \u00e0 la gravure sur bois dans les ann\u00e9es 1890 l&#8217;a rapidement impos\u00e9 dans les cercles artistiques et litt\u00e9raires parisiens. Son talent d&#8217;illustrateur et dessinateur de presse prolifique [&hellip;]<\/p>\n","protected":false},"featured_media":48705,"template":"","meta":[],"product_cat":[2948,2953],"product_tag":[],"acf":[],"yoast_head":"<!-- This site is optimized with the Yoast SEO plugin v20.11 - https:\/\/yoast.com\/wordpress\/plugins\/seo\/ -->\n<title>L&#039;\u00c2ge du papier : F\u00e9lix Vallotton illustrateur - Librairie 7L<\/title>\n<meta name=\"robots\" content=\"index, follow, max-snippet:-1, max-image-preview:large, max-video-preview:-1\" \/>\n<link rel=\"canonical\" href=\"https:\/\/librairie7l.com\/en\/produit\/lage-du-papier-felix-vallotton-illustrateur-2\/\" \/>\n<meta property=\"og:locale\" content=\"en_US\" \/>\n<meta property=\"og:type\" content=\"article\" \/>\n<meta property=\"og:title\" content=\"L&#039;\u00c2ge du papier : F\u00e9lix Vallotton illustrateur - Librairie 7L\" \/>\n<meta property=\"og:description\" content=\"Peintre, graveur, dessinateur, \u00e9crivain et critique d&#8217;art, F\u00e9lix Vallotton (1865-1925) se distingue par son trait incisif, alliage de force d\u00e9corative et d&#8217;expressivit\u00e9 mordante. Le renouveau qu&#8217;il a insuffl\u00e9 \u00e0 la gravure sur bois dans les ann\u00e9es 1890 l&#8217;a rapidement impos\u00e9 dans les cercles artistiques et litt\u00e9raires parisiens. Son talent d&#8217;illustrateur et dessinateur de presse prolifique [&hellip;]\" \/>\n<meta property=\"og:url\" content=\"https:\/\/librairie7l.com\/en\/produit\/lage-du-papier-felix-vallotton-illustrateur-2\/\" \/>\n<meta property=\"og:site_name\" content=\"Librairie 7L\" \/>\n<meta property=\"article:modified_time\" content=\"2026-04-17T22:41:56+00:00\" \/>\n<meta property=\"og:image\" content=\"https:\/\/librairie7l.com\/wp-content\/uploads\/2024\/12\/9791254600986_1_75.jpg\" \/>\n\t<meta property=\"og:image:width\" content=\"600\" \/>\n\t<meta property=\"og:image:height\" content=\"773\" \/>\n\t<meta property=\"og:image:type\" content=\"image\/jpeg\" \/>\n<meta name=\"twitter:card\" content=\"summary_large_image\" \/>\n<meta name=\"twitter:label1\" content=\"Est. reading time\" \/>\n\t<meta name=\"twitter:data1\" content=\"1 minute\" \/>\n<script type=\"application\/ld+json\" class=\"yoast-schema-graph\">{\"@context\":\"https:\/\/schema.org\",\"@graph\":[{\"@type\":\"WebPage\",\"@id\":\"https:\/\/librairie7l.com\/en\/produit\/lage-du-papier-felix-vallotton-illustrateur-2\/\",\"url\":\"https:\/\/librairie7l.com\/en\/produit\/lage-du-papier-felix-vallotton-illustrateur-2\/\",\"name\":\"L'\u00c2ge du papier : F\u00e9lix Vallotton illustrateur - Librairie 7L\",\"isPartOf\":{\"@id\":\"https:\/\/librairie7l.com\/en\/#website\"},\"datePublished\":\"2025-06-12T07:18:13+00:00\",\"dateModified\":\"2026-04-17T22:41:56+00:00\",\"breadcrumb\":{\"@id\":\"https:\/\/librairie7l.com\/en\/produit\/lage-du-papier-felix-vallotton-illustrateur-2\/#breadcrumb\"},\"inLanguage\":\"en-US\",\"potentialAction\":[{\"@type\":\"ReadAction\",\"target\":[\"https:\/\/librairie7l.com\/en\/produit\/lage-du-papier-felix-vallotton-illustrateur-2\/\"]}]},{\"@type\":\"BreadcrumbList\",\"@id\":\"https:\/\/librairie7l.com\/en\/produit\/lage-du-papier-felix-vallotton-illustrateur-2\/#breadcrumb\",\"itemListElement\":[{\"@type\":\"ListItem\",\"position\":1,\"name\":\"Accueil\",\"item\":\"https:\/\/librairie7l.com\/en\/\"},{\"@type\":\"ListItem\",\"position\":2,\"name\":\"Shop\",\"item\":\"https:\/\/librairie7l.com\/en\/shop\/\"},{\"@type\":\"ListItem\",\"position\":3,\"name\":\"L&#8217;\u00c2GE DU PAPIER : F\u00c9LIX VALLOTTON ILLUSTRATEUR\"}]},{\"@type\":\"WebSite\",\"@id\":\"https:\/\/librairie7l.com\/en\/#website\",\"url\":\"https:\/\/librairie7l.com\/en\/\",\"name\":\"Librairie 7L\",\"description\":\"Librairie fond\u00e9e en 1999 par Karl Lagerfeld \u00e0 Paris\",\"publisher\":{\"@id\":\"https:\/\/librairie7l.com\/en\/#organization\"},\"potentialAction\":[{\"@type\":\"SearchAction\",\"target\":{\"@type\":\"EntryPoint\",\"urlTemplate\":\"https:\/\/librairie7l.com\/en\/?s={search_term_string}\"},\"query-input\":\"required name=search_term_string\"}],\"inLanguage\":\"en-US\"},{\"@type\":\"Organization\",\"@id\":\"https:\/\/librairie7l.com\/en\/#organization\",\"name\":\"Librairie 7L\",\"url\":\"https:\/\/librairie7l.com\/en\/\",\"logo\":{\"@type\":\"ImageObject\",\"inLanguage\":\"en-US\",\"@id\":\"https:\/\/librairie7l.com\/en\/#\/schema\/logo\/image\/\",\"url\":\"https:\/\/librairie7l.com\/wp-content\/uploads\/2022\/08\/logo-1.png\",\"contentUrl\":\"https:\/\/librairie7l.com\/wp-content\/uploads\/2022\/08\/logo-1.png\",\"width\":227,\"height\":301,\"caption\":\"Librairie 7L\"},\"image\":{\"@id\":\"https:\/\/librairie7l.com\/en\/#\/schema\/logo\/image\/\"}}]}<\/script>\n<!-- \/ Yoast SEO plugin. -->","yoast_head_json":{"title":"L'\u00c2ge du papier : F\u00e9lix Vallotton illustrateur - Librairie 7L","robots":{"index":"index","follow":"follow","max-snippet":"max-snippet:-1","max-image-preview":"max-image-preview:large","max-video-preview":"max-video-preview:-1"},"canonical":"https:\/\/librairie7l.com\/en\/produit\/lage-du-papier-felix-vallotton-illustrateur-2\/","og_locale":"en_US","og_type":"article","og_title":"L'\u00c2ge du papier : F\u00e9lix Vallotton illustrateur - Librairie 7L","og_description":"Peintre, graveur, dessinateur, \u00e9crivain et critique d&#8217;art, F\u00e9lix Vallotton (1865-1925) se distingue par son trait incisif, alliage de force d\u00e9corative et d&#8217;expressivit\u00e9 mordante. Le renouveau qu&#8217;il a insuffl\u00e9 \u00e0 la gravure sur bois dans les ann\u00e9es 1890 l&#8217;a rapidement impos\u00e9 dans les cercles artistiques et litt\u00e9raires parisiens. Son talent d&#8217;illustrateur et dessinateur de presse prolifique [&hellip;]","og_url":"https:\/\/librairie7l.com\/en\/produit\/lage-du-papier-felix-vallotton-illustrateur-2\/","og_site_name":"Librairie 7L","article_modified_time":"2026-04-17T22:41:56+00:00","og_image":[{"width":600,"height":773,"url":"https:\/\/librairie7l.com\/wp-content\/uploads\/2024\/12\/9791254600986_1_75.jpg","type":"image\/jpeg"}],"twitter_card":"summary_large_image","twitter_misc":{"Est. reading time":"1 minute"},"schema":{"@context":"https:\/\/schema.org","@graph":[{"@type":"WebPage","@id":"https:\/\/librairie7l.com\/en\/produit\/lage-du-papier-felix-vallotton-illustrateur-2\/","url":"https:\/\/librairie7l.com\/en\/produit\/lage-du-papier-felix-vallotton-illustrateur-2\/","name":"L'\u00c2ge du papier : F\u00e9lix Vallotton illustrateur - Librairie 7L","isPartOf":{"@id":"https:\/\/librairie7l.com\/en\/#website"},"datePublished":"2025-06-12T07:18:13+00:00","dateModified":"2026-04-17T22:41:56+00:00","breadcrumb":{"@id":"https:\/\/librairie7l.com\/en\/produit\/lage-du-papier-felix-vallotton-illustrateur-2\/#breadcrumb"},"inLanguage":"en-US","potentialAction":[{"@type":"ReadAction","target":["https:\/\/librairie7l.com\/en\/produit\/lage-du-papier-felix-vallotton-illustrateur-2\/"]}]},{"@type":"BreadcrumbList","@id":"https:\/\/librairie7l.com\/en\/produit\/lage-du-papier-felix-vallotton-illustrateur-2\/#breadcrumb","itemListElement":[{"@type":"ListItem","position":1,"name":"Accueil","item":"https:\/\/librairie7l.com\/en\/"},{"@type":"ListItem","position":2,"name":"Shop","item":"https:\/\/librairie7l.com\/en\/shop\/"},{"@type":"ListItem","position":3,"name":"L&#8217;\u00c2GE DU PAPIER : F\u00c9LIX VALLOTTON ILLUSTRATEUR"}]},{"@type":"WebSite","@id":"https:\/\/librairie7l.com\/en\/#website","url":"https:\/\/librairie7l.com\/en\/","name":"Librairie 7L","description":"Librairie fond\u00e9e en 1999 par Karl Lagerfeld \u00e0 Paris","publisher":{"@id":"https:\/\/librairie7l.com\/en\/#organization"},"potentialAction":[{"@type":"SearchAction","target":{"@type":"EntryPoint","urlTemplate":"https:\/\/librairie7l.com\/en\/?s={search_term_string}"},"query-input":"required name=search_term_string"}],"inLanguage":"en-US"},{"@type":"Organization","@id":"https:\/\/librairie7l.com\/en\/#organization","name":"Librairie 7L","url":"https:\/\/librairie7l.com\/en\/","logo":{"@type":"ImageObject","inLanguage":"en-US","@id":"https:\/\/librairie7l.com\/en\/#\/schema\/logo\/image\/","url":"https:\/\/librairie7l.com\/wp-content\/uploads\/2022\/08\/logo-1.png","contentUrl":"https:\/\/librairie7l.com\/wp-content\/uploads\/2022\/08\/logo-1.png","width":227,"height":301,"caption":"Librairie 7L"},"image":{"@id":"https:\/\/librairie7l.com\/en\/#\/schema\/logo\/image\/"}}]}},"_links":{"self":[{"href":"https:\/\/librairie7l.com\/en\/wp-json\/wp\/v2\/product\/48707"}],"collection":[{"href":"https:\/\/librairie7l.com\/en\/wp-json\/wp\/v2\/product"}],"about":[{"href":"https:\/\/librairie7l.com\/en\/wp-json\/wp\/v2\/types\/product"}],"wp:featuredmedia":[{"embeddable":true,"href":"https:\/\/librairie7l.com\/en\/wp-json\/wp\/v2\/media\/48705"}],"wp:attachment":[{"href":"https:\/\/librairie7l.com\/en\/wp-json\/wp\/v2\/media?parent=48707"}],"wp:term":[{"taxonomy":"product_cat","embeddable":true,"href":"https:\/\/librairie7l.com\/en\/wp-json\/wp\/v2\/product_cat?post=48707"},{"taxonomy":"product_tag","embeddable":true,"href":"https:\/\/librairie7l.com\/en\/wp-json\/wp\/v2\/product_tag?post=48707"}],"curies":[{"name":"wp","href":"https:\/\/api.w.org\/{rel}","templated":true}]}}