{"id":48728,"date":"2025-06-13T09:17:38","date_gmt":"2025-06-13T07:17:38","guid":{"rendered":"https:\/\/librairie7l.com\/?post_type=product&#038;p=48728"},"modified":"2026-04-05T13:16:40","modified_gmt":"2026-04-05T11:16:40","slug":"georges-brera-architecte-2","status":"publish","type":"product","link":"https:\/\/librairie7l.com\/en\/produit\/georges-brera-architecte-2\/","title":{"rendered":"GEORGES BRERA, ARCHITECTE"},"content":{"rendered":"<p>Premier ouvrage int\u00e9gralement consacr\u00e9 \u00e0 l&#8217;oeuvre de Georges Brera (1919-2000), cette monographie convie \u00e0 la d\u00e9couverte d&#8217;un architecte prolixe, qui a \u00e9tudi\u00e9, enseign\u00e9 et exerc\u00e9 \u00e0 Gen\u00e8ve. En plus des projets r\u00e9alis\u00e9s, lesquels sont pr\u00e9sent\u00e9s sous forme de dessins finalis\u00e9s, de photographies de chantier ou encore d&#8217;images des constructions achev\u00e9es, le pr\u00e9sent ouvrage s&#8217;int\u00e9resse \u00e9galement au processus de conception et \u00e0 la gen\u00e8se projectuelle, \u00e0 travers l&#8217;analyse de croquis et esquisses pr\u00e9liminaires, de certains concours et dossiers non ex\u00e9cut\u00e9s. Une abondante iconographie, majoritairement compos\u00e9e de documents d&#8217;archives in\u00e9dits, permet ainsi d&#8217;appr\u00e9hender l&#8217;ensemble de cette oeuvre dense et vari\u00e9e, qui est nourrie de multiples rencontres et impr\u00e9gn\u00e9e d&#8217;amiti\u00e9s et de curiosit\u00e9.<\/p>\n","protected":false},"excerpt":{"rendered":"<p>Premier ouvrage int\u00e9gralement consacr\u00e9 \u00e0 l&#8217;oeuvre de Georges Brera (1919-2000), cette monographie convie \u00e0 la d\u00e9couverte d&#8217;un architecte prolixe, qui a \u00e9tudi\u00e9, enseign\u00e9 et exerc\u00e9 \u00e0 Gen\u00e8ve. En plus des projets r\u00e9alis\u00e9s, lesquels sont pr\u00e9sent\u00e9s sous forme de dessins finalis\u00e9s, de photographies de chantier ou encore d&#8217;images des constructions achev\u00e9es, le pr\u00e9sent ouvrage s&#8217;int\u00e9resse \u00e9galement [&hellip;]<\/p>\n","protected":false},"featured_media":48726,"template":"","meta":[],"product_cat":[2948,2950],"product_tag":[],"acf":[],"yoast_head":"<!-- This site is optimized with the Yoast SEO plugin v20.11 - https:\/\/yoast.com\/wordpress\/plugins\/seo\/ -->\n<title>Georges Brera, architecte - Librairie 7L<\/title>\n<meta name=\"robots\" content=\"index, follow, max-snippet:-1, max-image-preview:large, max-video-preview:-1\" \/>\n<link rel=\"canonical\" href=\"https:\/\/librairie7l.com\/en\/produit\/georges-brera-architecte-2\/\" \/>\n<meta property=\"og:locale\" content=\"en_US\" \/>\n<meta property=\"og:type\" content=\"article\" \/>\n<meta property=\"og:title\" content=\"Georges Brera, architecte - Librairie 7L\" \/>\n<meta property=\"og:description\" content=\"Premier ouvrage int\u00e9gralement consacr\u00e9 \u00e0 l&#8217;oeuvre de Georges Brera (1919-2000), cette monographie convie \u00e0 la d\u00e9couverte d&#8217;un architecte prolixe, qui a \u00e9tudi\u00e9, enseign\u00e9 et exerc\u00e9 \u00e0 Gen\u00e8ve. En plus des projets r\u00e9alis\u00e9s, lesquels sont pr\u00e9sent\u00e9s sous forme de dessins finalis\u00e9s, de photographies de chantier ou encore d&#8217;images des constructions achev\u00e9es, le pr\u00e9sent ouvrage s&#8217;int\u00e9resse \u00e9galement [&hellip;]\" \/>\n<meta property=\"og:url\" content=\"https:\/\/librairie7l.com\/en\/produit\/georges-brera-architecte-2\/\" \/>\n<meta property=\"og:site_name\" content=\"Librairie 7L\" \/>\n<meta property=\"article:modified_time\" content=\"2026-04-05T11:16:40+00:00\" \/>\n<meta property=\"og:image\" content=\"https:\/\/librairie7l.com\/wp-content\/uploads\/2019\/02\/9782884744775_1_75.jpg\" \/>\n\t<meta property=\"og:image:width\" content=\"600\" \/>\n\t<meta property=\"og:image:height\" content=\"724\" \/>\n\t<meta property=\"og:image:type\" content=\"image\/jpeg\" \/>\n<meta name=\"twitter:card\" content=\"summary_large_image\" \/>\n<meta name=\"twitter:label1\" content=\"Est. reading time\" \/>\n\t<meta name=\"twitter:data1\" content=\"1 minute\" \/>\n<script type=\"application\/ld+json\" class=\"yoast-schema-graph\">{\"@context\":\"https:\/\/schema.org\",\"@graph\":[{\"@type\":\"WebPage\",\"@id\":\"https:\/\/librairie7l.com\/en\/produit\/georges-brera-architecte-2\/\",\"url\":\"https:\/\/librairie7l.com\/en\/produit\/georges-brera-architecte-2\/\",\"name\":\"Georges Brera, architecte - Librairie 7L\",\"isPartOf\":{\"@id\":\"https:\/\/librairie7l.com\/en\/#website\"},\"datePublished\":\"2025-06-13T07:17:38+00:00\",\"dateModified\":\"2026-04-05T11:16:40+00:00\",\"breadcrumb\":{\"@id\":\"https:\/\/librairie7l.com\/en\/produit\/georges-brera-architecte-2\/#breadcrumb\"},\"inLanguage\":\"en-US\",\"potentialAction\":[{\"@type\":\"ReadAction\",\"target\":[\"https:\/\/librairie7l.com\/en\/produit\/georges-brera-architecte-2\/\"]}]},{\"@type\":\"BreadcrumbList\",\"@id\":\"https:\/\/librairie7l.com\/en\/produit\/georges-brera-architecte-2\/#breadcrumb\",\"itemListElement\":[{\"@type\":\"ListItem\",\"position\":1,\"name\":\"Accueil\",\"item\":\"https:\/\/librairie7l.com\/en\/\"},{\"@type\":\"ListItem\",\"position\":2,\"name\":\"Shop\",\"item\":\"https:\/\/librairie7l.com\/en\/shop\/\"},{\"@type\":\"ListItem\",\"position\":3,\"name\":\"GEORGES BRERA, ARCHITECTE\"}]},{\"@type\":\"WebSite\",\"@id\":\"https:\/\/librairie7l.com\/en\/#website\",\"url\":\"https:\/\/librairie7l.com\/en\/\",\"name\":\"Librairie 7L\",\"description\":\"Librairie fond\u00e9e en 1999 par Karl Lagerfeld \u00e0 Paris\",\"publisher\":{\"@id\":\"https:\/\/librairie7l.com\/en\/#organization\"},\"potentialAction\":[{\"@type\":\"SearchAction\",\"target\":{\"@type\":\"EntryPoint\",\"urlTemplate\":\"https:\/\/librairie7l.com\/en\/?s={search_term_string}\"},\"query-input\":\"required name=search_term_string\"}],\"inLanguage\":\"en-US\"},{\"@type\":\"Organization\",\"@id\":\"https:\/\/librairie7l.com\/en\/#organization\",\"name\":\"Librairie 7L\",\"url\":\"https:\/\/librairie7l.com\/en\/\",\"logo\":{\"@type\":\"ImageObject\",\"inLanguage\":\"en-US\",\"@id\":\"https:\/\/librairie7l.com\/en\/#\/schema\/logo\/image\/\",\"url\":\"https:\/\/librairie7l.com\/wp-content\/uploads\/2022\/08\/logo-1.png\",\"contentUrl\":\"https:\/\/librairie7l.com\/wp-content\/uploads\/2022\/08\/logo-1.png\",\"width\":227,\"height\":301,\"caption\":\"Librairie 7L\"},\"image\":{\"@id\":\"https:\/\/librairie7l.com\/en\/#\/schema\/logo\/image\/\"}}]}<\/script>\n<!-- \/ Yoast SEO plugin. -->","yoast_head_json":{"title":"Georges Brera, architecte - Librairie 7L","robots":{"index":"index","follow":"follow","max-snippet":"max-snippet:-1","max-image-preview":"max-image-preview:large","max-video-preview":"max-video-preview:-1"},"canonical":"https:\/\/librairie7l.com\/en\/produit\/georges-brera-architecte-2\/","og_locale":"en_US","og_type":"article","og_title":"Georges Brera, architecte - Librairie 7L","og_description":"Premier ouvrage int\u00e9gralement consacr\u00e9 \u00e0 l&#8217;oeuvre de Georges Brera (1919-2000), cette monographie convie \u00e0 la d\u00e9couverte d&#8217;un architecte prolixe, qui a \u00e9tudi\u00e9, enseign\u00e9 et exerc\u00e9 \u00e0 Gen\u00e8ve. En plus des projets r\u00e9alis\u00e9s, lesquels sont pr\u00e9sent\u00e9s sous forme de dessins finalis\u00e9s, de photographies de chantier ou encore d&#8217;images des constructions achev\u00e9es, le pr\u00e9sent ouvrage s&#8217;int\u00e9resse \u00e9galement [&hellip;]","og_url":"https:\/\/librairie7l.com\/en\/produit\/georges-brera-architecte-2\/","og_site_name":"Librairie 7L","article_modified_time":"2026-04-05T11:16:40+00:00","og_image":[{"width":600,"height":724,"url":"https:\/\/librairie7l.com\/wp-content\/uploads\/2019\/02\/9782884744775_1_75.jpg","type":"image\/jpeg"}],"twitter_card":"summary_large_image","twitter_misc":{"Est. reading time":"1 minute"},"schema":{"@context":"https:\/\/schema.org","@graph":[{"@type":"WebPage","@id":"https:\/\/librairie7l.com\/en\/produit\/georges-brera-architecte-2\/","url":"https:\/\/librairie7l.com\/en\/produit\/georges-brera-architecte-2\/","name":"Georges Brera, architecte - Librairie 7L","isPartOf":{"@id":"https:\/\/librairie7l.com\/en\/#website"},"datePublished":"2025-06-13T07:17:38+00:00","dateModified":"2026-04-05T11:16:40+00:00","breadcrumb":{"@id":"https:\/\/librairie7l.com\/en\/produit\/georges-brera-architecte-2\/#breadcrumb"},"inLanguage":"en-US","potentialAction":[{"@type":"ReadAction","target":["https:\/\/librairie7l.com\/en\/produit\/georges-brera-architecte-2\/"]}]},{"@type":"BreadcrumbList","@id":"https:\/\/librairie7l.com\/en\/produit\/georges-brera-architecte-2\/#breadcrumb","itemListElement":[{"@type":"ListItem","position":1,"name":"Accueil","item":"https:\/\/librairie7l.com\/en\/"},{"@type":"ListItem","position":2,"name":"Shop","item":"https:\/\/librairie7l.com\/en\/shop\/"},{"@type":"ListItem","position":3,"name":"GEORGES BRERA, ARCHITECTE"}]},{"@type":"WebSite","@id":"https:\/\/librairie7l.com\/en\/#website","url":"https:\/\/librairie7l.com\/en\/","name":"Librairie 7L","description":"Librairie fond\u00e9e en 1999 par Karl Lagerfeld \u00e0 Paris","publisher":{"@id":"https:\/\/librairie7l.com\/en\/#organization"},"potentialAction":[{"@type":"SearchAction","target":{"@type":"EntryPoint","urlTemplate":"https:\/\/librairie7l.com\/en\/?s={search_term_string}"},"query-input":"required name=search_term_string"}],"inLanguage":"en-US"},{"@type":"Organization","@id":"https:\/\/librairie7l.com\/en\/#organization","name":"Librairie 7L","url":"https:\/\/librairie7l.com\/en\/","logo":{"@type":"ImageObject","inLanguage":"en-US","@id":"https:\/\/librairie7l.com\/en\/#\/schema\/logo\/image\/","url":"https:\/\/librairie7l.com\/wp-content\/uploads\/2022\/08\/logo-1.png","contentUrl":"https:\/\/librairie7l.com\/wp-content\/uploads\/2022\/08\/logo-1.png","width":227,"height":301,"caption":"Librairie 7L"},"image":{"@id":"https:\/\/librairie7l.com\/en\/#\/schema\/logo\/image\/"}}]}},"_links":{"self":[{"href":"https:\/\/librairie7l.com\/en\/wp-json\/wp\/v2\/product\/48728"}],"collection":[{"href":"https:\/\/librairie7l.com\/en\/wp-json\/wp\/v2\/product"}],"about":[{"href":"https:\/\/librairie7l.com\/en\/wp-json\/wp\/v2\/types\/product"}],"wp:featuredmedia":[{"embeddable":true,"href":"https:\/\/librairie7l.com\/en\/wp-json\/wp\/v2\/media\/48726"}],"wp:attachment":[{"href":"https:\/\/librairie7l.com\/en\/wp-json\/wp\/v2\/media?parent=48728"}],"wp:term":[{"taxonomy":"product_cat","embeddable":true,"href":"https:\/\/librairie7l.com\/en\/wp-json\/wp\/v2\/product_cat?post=48728"},{"taxonomy":"product_tag","embeddable":true,"href":"https:\/\/librairie7l.com\/en\/wp-json\/wp\/v2\/product_tag?post=48728"}],"curies":[{"name":"wp","href":"https:\/\/api.w.org\/{rel}","templated":true}]}}