{"id":48732,"date":"2025-06-13T09:17:40","date_gmt":"2025-06-13T07:17:40","guid":{"rendered":"https:\/\/librairie7l.com\/?post_type=product&#038;p=48732"},"modified":"2026-04-05T12:32:04","modified_gmt":"2026-04-05T10:32:04","slug":"wilmotte-architecte-2","status":"publish","type":"product","link":"https:\/\/librairie7l.com\/en\/produit\/wilmotte-architecte-2\/","title":{"rendered":"WILMOTTE ARCHITECTE"},"content":{"rendered":"<p>Quarante ans de travail t\u00e9moignent de la vitalit\u00e9 des r\u00e9alisations de Jean-Michel Wilmotte et attestent une volont\u00e9 qui d&#8217;embl\u00e9e ne s&#8217;est pas cantonn\u00e9e \u00e0 la France mais au monde entier. En artiste complet, il s&#8217;est int\u00e9ress\u00e9 avec un m\u00eame int\u00e9r\u00eat \u00e0 l&#8217;architecture, la mus\u00e9ographie, la cr\u00e9ation de mobilier et l&#8217;urbanisme.<br \/>\nL&#8217;ampleur des travaux de Wilmotte ne t\u00e9moigne pas d&#8217;une insatiabilit\u00e9, mais d&#8217;un sens de l&#8217;observation, d&#8217;un go\u00fbt de la logique et d&#8217;un amour du paysage qui lui ont permis de cr\u00e9er de nouvelles modalit\u00e9s constructives tout en alimentant une agence qui comporte plus de deux cents collaborateurs. Autant dire que le travail d&#8217;\u00e9quipe est au cour de l&#8217;agence Wilmotte &amp; Associ\u00e9s.<br \/>\nPour Jean-Michel Wilmotte, il n&#8217;y a pas de petits projets, tous sont dignes d&#8217;attention. En mati\u00e8re d&#8217;architecture, Wilmotte, d\u00e8s les ann\u00e9es 80, s&#8217;est impos\u00e9 comme le leader de la r\u00e9habilitation d&#8217;\u00e9difices anciens, sachant avec justesse proposer des solutions \u00e9quilibr\u00e9es, entre respect du pass\u00e9, nouveaux usages et r\u00e9appropriation esth\u00e9tique.<br \/>\nPar ailleurs, il y a plus d&#8217;une vingtaine d&#8217;ann\u00e9es, il a \u00e9t\u00e9 l&#8217;un des premiers sinon le premier \u00e0 repenser la sc\u00e9nographie des mus\u00e9es avec un vocabulaire et une grammaire qui lui sont propres : stricte structuration des flux de visiteurs, jeux de lumi\u00e8re, chromatisme apaisant, vitrines et mobiliers minimalistes, conception d&#8217;espaces de d\u00e9tente, de librairies selon le concept anglo-saxon du fun shopping, soit la conjonction id\u00e9ale de la culture et de la distraction.<br \/>\nL&#8217;urbanisme, la ville et ses ghettos sociaux, la figure anonyme de celui qui traverse les zones urbaines, l&#8217;absence de fl\u00e2neurs. Un \u00e9tat d&#8217;esprit contre lequel Wilmotte s&#8217;insurge. Contre lequel il d\u00e9cide de lutter en introduisant davantage d&#8217;esth\u00e9tisme mais aussi un surcro\u00eet de convivialit\u00e9, de confort o\u00f9 peuvent fraterniser les hommes.<br \/>\nBref ! Ce livre tente de retracer \u00e0 l&#8217;aide de remarquables photographies et dessins, l&#8217;apport de Wilmotte dans notre environnement par nombre de r\u00e9alisations embl\u00e9matiques telles : le stade de Nice, le centre de gestion sportive, Ferrari \u00e0 Maranello, la tour Monte-Carlo View \u00e0 Monaco, le pavillon des Sessions au mus\u00e9e du Louvres, le Rijksmuseum d&#8217;Amsterdam, le mus\u00e9e d&#8217;Art islamique de Doha, le chai P\u00e9desclaux \u00e0 Pauillac, les all\u00e9es Jean Jaur\u00e8s \u00e0 N\u00eemes, les Champs-Elys\u00e9es, la strat\u00e9gie de d\u00e9veloppement du Grand Moscou.<br \/>\nUn catalogue raisonn\u00e9, par Val\u00e9rie Valentin retrace en fin d&#8217;ouvrage la totalit\u00e9 de l&#8217;ouvre architecturale et urbanistique de l&#8217;agence Wilmotte &amp; Associ\u00e9s.<\/p>\n","protected":false},"excerpt":{"rendered":"<p>Quarante ans de travail t\u00e9moignent de la vitalit\u00e9 des r\u00e9alisations de Jean-Michel Wilmotte et attestent une volont\u00e9 qui d&#8217;embl\u00e9e ne s&#8217;est pas cantonn\u00e9e \u00e0 la France mais au monde entier. En artiste complet, il s&#8217;est int\u00e9ress\u00e9 avec un m\u00eame int\u00e9r\u00eat \u00e0 l&#8217;architecture, la mus\u00e9ographie, la cr\u00e9ation de mobilier et l&#8217;urbanisme. L&#8217;ampleur des travaux de Wilmotte [&hellip;]<\/p>\n","protected":false},"featured_media":48730,"template":"","meta":[],"product_cat":[2948,2950],"product_tag":[],"acf":[],"yoast_head":"<!-- This site is optimized with the Yoast SEO plugin v20.11 - https:\/\/yoast.com\/wordpress\/plugins\/seo\/ -->\n<title>Wilmotte architecte - Librairie 7L<\/title>\n<meta name=\"robots\" content=\"index, follow, max-snippet:-1, max-image-preview:large, max-video-preview:-1\" \/>\n<link rel=\"canonical\" href=\"https:\/\/librairie7l.com\/en\/produit\/wilmotte-architecte-2\/\" \/>\n<meta property=\"og:locale\" content=\"en_US\" \/>\n<meta property=\"og:type\" content=\"article\" \/>\n<meta property=\"og:title\" content=\"Wilmotte architecte - Librairie 7L\" \/>\n<meta property=\"og:description\" content=\"Quarante ans de travail t\u00e9moignent de la vitalit\u00e9 des r\u00e9alisations de Jean-Michel Wilmotte et attestent une volont\u00e9 qui d&#8217;embl\u00e9e ne s&#8217;est pas cantonn\u00e9e \u00e0 la France mais au monde entier. En artiste complet, il s&#8217;est int\u00e9ress\u00e9 avec un m\u00eame int\u00e9r\u00eat \u00e0 l&#8217;architecture, la mus\u00e9ographie, la cr\u00e9ation de mobilier et l&#8217;urbanisme. L&#8217;ampleur des travaux de Wilmotte [&hellip;]\" \/>\n<meta property=\"og:url\" content=\"https:\/\/librairie7l.com\/en\/produit\/wilmotte-architecte-2\/\" \/>\n<meta property=\"og:site_name\" content=\"Librairie 7L\" \/>\n<meta property=\"article:modified_time\" content=\"2026-04-05T10:32:04+00:00\" \/>\n<meta property=\"og:image\" content=\"https:\/\/librairie7l.com\/wp-content\/uploads\/2015\/04\/9782841053445_1_75.jpg\" \/>\n\t<meta property=\"og:image:width\" content=\"600\" \/>\n\t<meta property=\"og:image:height\" content=\"784\" \/>\n\t<meta property=\"og:image:type\" content=\"image\/jpeg\" \/>\n<meta name=\"twitter:card\" content=\"summary_large_image\" \/>\n<meta name=\"twitter:label1\" content=\"Est. reading time\" \/>\n\t<meta name=\"twitter:data1\" content=\"2 minutes\" \/>\n<script type=\"application\/ld+json\" class=\"yoast-schema-graph\">{\"@context\":\"https:\/\/schema.org\",\"@graph\":[{\"@type\":\"WebPage\",\"@id\":\"https:\/\/librairie7l.com\/en\/produit\/wilmotte-architecte-2\/\",\"url\":\"https:\/\/librairie7l.com\/en\/produit\/wilmotte-architecte-2\/\",\"name\":\"Wilmotte architecte - Librairie 7L\",\"isPartOf\":{\"@id\":\"https:\/\/librairie7l.com\/en\/#website\"},\"datePublished\":\"2025-06-13T07:17:40+00:00\",\"dateModified\":\"2026-04-05T10:32:04+00:00\",\"breadcrumb\":{\"@id\":\"https:\/\/librairie7l.com\/en\/produit\/wilmotte-architecte-2\/#breadcrumb\"},\"inLanguage\":\"en-US\",\"potentialAction\":[{\"@type\":\"ReadAction\",\"target\":[\"https:\/\/librairie7l.com\/en\/produit\/wilmotte-architecte-2\/\"]}]},{\"@type\":\"BreadcrumbList\",\"@id\":\"https:\/\/librairie7l.com\/en\/produit\/wilmotte-architecte-2\/#breadcrumb\",\"itemListElement\":[{\"@type\":\"ListItem\",\"position\":1,\"name\":\"Accueil\",\"item\":\"https:\/\/librairie7l.com\/en\/\"},{\"@type\":\"ListItem\",\"position\":2,\"name\":\"Shop\",\"item\":\"https:\/\/librairie7l.com\/en\/shop\/\"},{\"@type\":\"ListItem\",\"position\":3,\"name\":\"WILMOTTE ARCHITECTE\"}]},{\"@type\":\"WebSite\",\"@id\":\"https:\/\/librairie7l.com\/en\/#website\",\"url\":\"https:\/\/librairie7l.com\/en\/\",\"name\":\"Librairie 7L\",\"description\":\"Librairie fond\u00e9e en 1999 par Karl Lagerfeld \u00e0 Paris\",\"publisher\":{\"@id\":\"https:\/\/librairie7l.com\/en\/#organization\"},\"potentialAction\":[{\"@type\":\"SearchAction\",\"target\":{\"@type\":\"EntryPoint\",\"urlTemplate\":\"https:\/\/librairie7l.com\/en\/?s={search_term_string}\"},\"query-input\":\"required name=search_term_string\"}],\"inLanguage\":\"en-US\"},{\"@type\":\"Organization\",\"@id\":\"https:\/\/librairie7l.com\/en\/#organization\",\"name\":\"Librairie 7L\",\"url\":\"https:\/\/librairie7l.com\/en\/\",\"logo\":{\"@type\":\"ImageObject\",\"inLanguage\":\"en-US\",\"@id\":\"https:\/\/librairie7l.com\/en\/#\/schema\/logo\/image\/\",\"url\":\"https:\/\/librairie7l.com\/wp-content\/uploads\/2022\/08\/logo-1.png\",\"contentUrl\":\"https:\/\/librairie7l.com\/wp-content\/uploads\/2022\/08\/logo-1.png\",\"width\":227,\"height\":301,\"caption\":\"Librairie 7L\"},\"image\":{\"@id\":\"https:\/\/librairie7l.com\/en\/#\/schema\/logo\/image\/\"}}]}<\/script>\n<!-- \/ Yoast SEO plugin. -->","yoast_head_json":{"title":"Wilmotte architecte - Librairie 7L","robots":{"index":"index","follow":"follow","max-snippet":"max-snippet:-1","max-image-preview":"max-image-preview:large","max-video-preview":"max-video-preview:-1"},"canonical":"https:\/\/librairie7l.com\/en\/produit\/wilmotte-architecte-2\/","og_locale":"en_US","og_type":"article","og_title":"Wilmotte architecte - Librairie 7L","og_description":"Quarante ans de travail t\u00e9moignent de la vitalit\u00e9 des r\u00e9alisations de Jean-Michel Wilmotte et attestent une volont\u00e9 qui d&#8217;embl\u00e9e ne s&#8217;est pas cantonn\u00e9e \u00e0 la France mais au monde entier. En artiste complet, il s&#8217;est int\u00e9ress\u00e9 avec un m\u00eame int\u00e9r\u00eat \u00e0 l&#8217;architecture, la mus\u00e9ographie, la cr\u00e9ation de mobilier et l&#8217;urbanisme. L&#8217;ampleur des travaux de Wilmotte [&hellip;]","og_url":"https:\/\/librairie7l.com\/en\/produit\/wilmotte-architecte-2\/","og_site_name":"Librairie 7L","article_modified_time":"2026-04-05T10:32:04+00:00","og_image":[{"width":600,"height":784,"url":"https:\/\/librairie7l.com\/wp-content\/uploads\/2015\/04\/9782841053445_1_75.jpg","type":"image\/jpeg"}],"twitter_card":"summary_large_image","twitter_misc":{"Est. reading time":"2 minutes"},"schema":{"@context":"https:\/\/schema.org","@graph":[{"@type":"WebPage","@id":"https:\/\/librairie7l.com\/en\/produit\/wilmotte-architecte-2\/","url":"https:\/\/librairie7l.com\/en\/produit\/wilmotte-architecte-2\/","name":"Wilmotte architecte - Librairie 7L","isPartOf":{"@id":"https:\/\/librairie7l.com\/en\/#website"},"datePublished":"2025-06-13T07:17:40+00:00","dateModified":"2026-04-05T10:32:04+00:00","breadcrumb":{"@id":"https:\/\/librairie7l.com\/en\/produit\/wilmotte-architecte-2\/#breadcrumb"},"inLanguage":"en-US","potentialAction":[{"@type":"ReadAction","target":["https:\/\/librairie7l.com\/en\/produit\/wilmotte-architecte-2\/"]}]},{"@type":"BreadcrumbList","@id":"https:\/\/librairie7l.com\/en\/produit\/wilmotte-architecte-2\/#breadcrumb","itemListElement":[{"@type":"ListItem","position":1,"name":"Accueil","item":"https:\/\/librairie7l.com\/en\/"},{"@type":"ListItem","position":2,"name":"Shop","item":"https:\/\/librairie7l.com\/en\/shop\/"},{"@type":"ListItem","position":3,"name":"WILMOTTE ARCHITECTE"}]},{"@type":"WebSite","@id":"https:\/\/librairie7l.com\/en\/#website","url":"https:\/\/librairie7l.com\/en\/","name":"Librairie 7L","description":"Librairie fond\u00e9e en 1999 par Karl Lagerfeld \u00e0 Paris","publisher":{"@id":"https:\/\/librairie7l.com\/en\/#organization"},"potentialAction":[{"@type":"SearchAction","target":{"@type":"EntryPoint","urlTemplate":"https:\/\/librairie7l.com\/en\/?s={search_term_string}"},"query-input":"required name=search_term_string"}],"inLanguage":"en-US"},{"@type":"Organization","@id":"https:\/\/librairie7l.com\/en\/#organization","name":"Librairie 7L","url":"https:\/\/librairie7l.com\/en\/","logo":{"@type":"ImageObject","inLanguage":"en-US","@id":"https:\/\/librairie7l.com\/en\/#\/schema\/logo\/image\/","url":"https:\/\/librairie7l.com\/wp-content\/uploads\/2022\/08\/logo-1.png","contentUrl":"https:\/\/librairie7l.com\/wp-content\/uploads\/2022\/08\/logo-1.png","width":227,"height":301,"caption":"Librairie 7L"},"image":{"@id":"https:\/\/librairie7l.com\/en\/#\/schema\/logo\/image\/"}}]}},"_links":{"self":[{"href":"https:\/\/librairie7l.com\/en\/wp-json\/wp\/v2\/product\/48732"}],"collection":[{"href":"https:\/\/librairie7l.com\/en\/wp-json\/wp\/v2\/product"}],"about":[{"href":"https:\/\/librairie7l.com\/en\/wp-json\/wp\/v2\/types\/product"}],"wp:featuredmedia":[{"embeddable":true,"href":"https:\/\/librairie7l.com\/en\/wp-json\/wp\/v2\/media\/48730"}],"wp:attachment":[{"href":"https:\/\/librairie7l.com\/en\/wp-json\/wp\/v2\/media?parent=48732"}],"wp:term":[{"taxonomy":"product_cat","embeddable":true,"href":"https:\/\/librairie7l.com\/en\/wp-json\/wp\/v2\/product_cat?post=48732"},{"taxonomy":"product_tag","embeddable":true,"href":"https:\/\/librairie7l.com\/en\/wp-json\/wp\/v2\/product_tag?post=48732"}],"curies":[{"name":"wp","href":"https:\/\/api.w.org\/{rel}","templated":true}]}}