{"id":48737,"date":"2025-06-13T15:05:32","date_gmt":"2025-06-13T13:05:32","guid":{"rendered":"https:\/\/librairie7l.com\/?post_type=product&#038;p=48737"},"modified":"2026-04-07T12:24:26","modified_gmt":"2026-04-07T10:24:26","slug":"ecrits-1963-1984-2","status":"publish","type":"product","link":"https:\/\/librairie7l.com\/en\/produit\/ecrits-1963-1984-2\/","title":{"rendered":"\u00c9CRITS 1963-1984"},"content":{"rendered":"<p>Figure centrale de la sc\u00e8ne architecturale mondiale depuis pr\u00e8s de 40 ans, Peter Eisenman a tr\u00e8s certainement \u00e9t\u00e9 l&#8217;un des architectes les plus influents sur le plan th\u00e9orique au m\u00eame titre qu&#8217;Aldo Rossi, Andrea Branzi ou plus r\u00e9cemment Rem Koolhaas. Reconnu dans de tr\u00e8s nombreux pays, il est rest\u00e9 relativement anonyme en France.<\/p>\n<p>Acteur essentiel des d\u00e9bats qui animent l&#8217;apr\u00e8s modernit\u00e9, Peter Eisenman participe \u00e9galement \u00e0 la production d&#8217;un cadre de r\u00e9flexion pour une g\u00e9n\u00e9ration \u00e9mergente d&#8217;architectes. En 1967, il cr\u00e9\u00e9 \u00e0 New York, l&#8217;Institute for Architecture and Urban Studies (IAUS) qui devient rapidement l&#8217;un des principaux centres de la production th\u00e9orique architecturale am\u00e9ricaine. Il y accueille artistes et architectes du monde entier, y d\u00e9veloppe un programme d&#8217;exposition et d&#8217;\u00e9dition, et y construit un vaste r\u00e9seau intellectuel.<br \/>\nEn 1973 il fonde avec Kenneth Frampton et Mario Gandelsonas, la revue Oppositions qui rassemble les architectes, critiques et historiens de l&#8217;architecture les plus influents des ann\u00e9es 1970. Il est ainsi important de lire cet engagement dans la recherche comme une partie int\u00e9grante de l&#8217;oeuvre de Peter Eisenman car, si celuici initie non seulement une approche nouvelle de l&#8217;architecture, il en construit \u00e9galement le cadre de d\u00e9veloppement et l&#8217;espace de diffusion. Son oeuvre ne peut \u00eatre comprise qu&#8217;\u00e0 la lumi\u00e8re de cet engagement et c&#8217;est l&#8217;enjeu de l&#8217;ouvrage que nous publions aujourd&#8217;hui.<\/p>\n<p>Ce livre cherche avant tout \u00e0 combler une impasse historique.<br \/>\nL&#8217;importance de Peter Eisenman n&#8217;est plus r\u00e9ellement \u00e0 d\u00e9montrer.<br \/>\nIl s&#8217;agit ici de proposer un regard r\u00e9trospectif sur une oeuvre majeure dont l&#8217;influence est encore largement perceptible dans la production contemporaine de l&#8217;architecture. L&#8217;id\u00e9e est ainsi de produire un manuel, un ouvrage de r\u00e9f\u00e9rence le plus clair possible \u00e0 l&#8217;attention d&#8217;un large public.<\/p>\n","protected":false},"excerpt":{"rendered":"<p>Figure centrale de la sc\u00e8ne architecturale mondiale depuis pr\u00e8s de 40 ans, Peter Eisenman a tr\u00e8s certainement \u00e9t\u00e9 l&#8217;un des architectes les plus influents sur le plan th\u00e9orique au m\u00eame titre qu&#8217;Aldo Rossi, Andrea Branzi ou plus r\u00e9cemment Rem Koolhaas. Reconnu dans de tr\u00e8s nombreux pays, il est rest\u00e9 relativement anonyme en France. Acteur essentiel [&hellip;]<\/p>\n","protected":false},"featured_media":48735,"template":"","meta":[],"product_cat":[7364,2948],"product_tag":[],"acf":[],"yoast_head":"<!-- This site is optimized with the Yoast SEO plugin v20.11 - https:\/\/yoast.com\/wordpress\/plugins\/seo\/ -->\n<title>\u00e9crits 1963-1984 - Librairie 7L<\/title>\n<meta name=\"robots\" content=\"index, follow, max-snippet:-1, max-image-preview:large, max-video-preview:-1\" \/>\n<link rel=\"canonical\" href=\"https:\/\/librairie7l.com\/en\/produit\/ecrits-1963-1984-2\/\" \/>\n<meta property=\"og:locale\" content=\"en_US\" \/>\n<meta property=\"og:type\" content=\"article\" \/>\n<meta property=\"og:title\" content=\"\u00e9crits 1963-1984 - Librairie 7L\" \/>\n<meta property=\"og:description\" content=\"Figure centrale de la sc\u00e8ne architecturale mondiale depuis pr\u00e8s de 40 ans, Peter Eisenman a tr\u00e8s certainement \u00e9t\u00e9 l&#8217;un des architectes les plus influents sur le plan th\u00e9orique au m\u00eame titre qu&#8217;Aldo Rossi, Andrea Branzi ou plus r\u00e9cemment Rem Koolhaas. Reconnu dans de tr\u00e8s nombreux pays, il est rest\u00e9 relativement anonyme en France. Acteur essentiel [&hellip;]\" \/>\n<meta property=\"og:url\" content=\"https:\/\/librairie7l.com\/en\/produit\/ecrits-1963-1984-2\/\" \/>\n<meta property=\"og:site_name\" content=\"Librairie 7L\" \/>\n<meta property=\"article:modified_time\" content=\"2026-04-07T10:24:26+00:00\" \/>\n<meta property=\"og:image\" content=\"https:\/\/librairie7l.com\/wp-content\/uploads\/2016\/09\/9782954479149_1_75.jpg\" \/>\n\t<meta property=\"og:image:width\" content=\"600\" \/>\n\t<meta property=\"og:image:height\" content=\"839\" \/>\n\t<meta property=\"og:image:type\" content=\"image\/jpeg\" \/>\n<meta name=\"twitter:card\" content=\"summary_large_image\" \/>\n<meta name=\"twitter:label1\" content=\"Est. reading time\" \/>\n\t<meta name=\"twitter:data1\" content=\"2 minutes\" \/>\n<script type=\"application\/ld+json\" class=\"yoast-schema-graph\">{\"@context\":\"https:\/\/schema.org\",\"@graph\":[{\"@type\":\"WebPage\",\"@id\":\"https:\/\/librairie7l.com\/en\/produit\/ecrits-1963-1984-2\/\",\"url\":\"https:\/\/librairie7l.com\/en\/produit\/ecrits-1963-1984-2\/\",\"name\":\"\u00e9crits 1963-1984 - Librairie 7L\",\"isPartOf\":{\"@id\":\"https:\/\/librairie7l.com\/en\/#website\"},\"datePublished\":\"2025-06-13T13:05:32+00:00\",\"dateModified\":\"2026-04-07T10:24:26+00:00\",\"breadcrumb\":{\"@id\":\"https:\/\/librairie7l.com\/en\/produit\/ecrits-1963-1984-2\/#breadcrumb\"},\"inLanguage\":\"en-US\",\"potentialAction\":[{\"@type\":\"ReadAction\",\"target\":[\"https:\/\/librairie7l.com\/en\/produit\/ecrits-1963-1984-2\/\"]}]},{\"@type\":\"BreadcrumbList\",\"@id\":\"https:\/\/librairie7l.com\/en\/produit\/ecrits-1963-1984-2\/#breadcrumb\",\"itemListElement\":[{\"@type\":\"ListItem\",\"position\":1,\"name\":\"Accueil\",\"item\":\"https:\/\/librairie7l.com\/en\/\"},{\"@type\":\"ListItem\",\"position\":2,\"name\":\"Shop\",\"item\":\"https:\/\/librairie7l.com\/en\/shop\/\"},{\"@type\":\"ListItem\",\"position\":3,\"name\":\"\u00c9CRITS 1963-1984\"}]},{\"@type\":\"WebSite\",\"@id\":\"https:\/\/librairie7l.com\/en\/#website\",\"url\":\"https:\/\/librairie7l.com\/en\/\",\"name\":\"Librairie 7L\",\"description\":\"Librairie fond\u00e9e en 1999 par Karl Lagerfeld \u00e0 Paris\",\"publisher\":{\"@id\":\"https:\/\/librairie7l.com\/en\/#organization\"},\"potentialAction\":[{\"@type\":\"SearchAction\",\"target\":{\"@type\":\"EntryPoint\",\"urlTemplate\":\"https:\/\/librairie7l.com\/en\/?s={search_term_string}\"},\"query-input\":\"required name=search_term_string\"}],\"inLanguage\":\"en-US\"},{\"@type\":\"Organization\",\"@id\":\"https:\/\/librairie7l.com\/en\/#organization\",\"name\":\"Librairie 7L\",\"url\":\"https:\/\/librairie7l.com\/en\/\",\"logo\":{\"@type\":\"ImageObject\",\"inLanguage\":\"en-US\",\"@id\":\"https:\/\/librairie7l.com\/en\/#\/schema\/logo\/image\/\",\"url\":\"https:\/\/librairie7l.com\/wp-content\/uploads\/2022\/08\/logo-1.png\",\"contentUrl\":\"https:\/\/librairie7l.com\/wp-content\/uploads\/2022\/08\/logo-1.png\",\"width\":227,\"height\":301,\"caption\":\"Librairie 7L\"},\"image\":{\"@id\":\"https:\/\/librairie7l.com\/en\/#\/schema\/logo\/image\/\"}}]}<\/script>\n<!-- \/ Yoast SEO plugin. -->","yoast_head_json":{"title":"\u00e9crits 1963-1984 - Librairie 7L","robots":{"index":"index","follow":"follow","max-snippet":"max-snippet:-1","max-image-preview":"max-image-preview:large","max-video-preview":"max-video-preview:-1"},"canonical":"https:\/\/librairie7l.com\/en\/produit\/ecrits-1963-1984-2\/","og_locale":"en_US","og_type":"article","og_title":"\u00e9crits 1963-1984 - Librairie 7L","og_description":"Figure centrale de la sc\u00e8ne architecturale mondiale depuis pr\u00e8s de 40 ans, Peter Eisenman a tr\u00e8s certainement \u00e9t\u00e9 l&#8217;un des architectes les plus influents sur le plan th\u00e9orique au m\u00eame titre qu&#8217;Aldo Rossi, Andrea Branzi ou plus r\u00e9cemment Rem Koolhaas. Reconnu dans de tr\u00e8s nombreux pays, il est rest\u00e9 relativement anonyme en France. Acteur essentiel [&hellip;]","og_url":"https:\/\/librairie7l.com\/en\/produit\/ecrits-1963-1984-2\/","og_site_name":"Librairie 7L","article_modified_time":"2026-04-07T10:24:26+00:00","og_image":[{"width":600,"height":839,"url":"https:\/\/librairie7l.com\/wp-content\/uploads\/2016\/09\/9782954479149_1_75.jpg","type":"image\/jpeg"}],"twitter_card":"summary_large_image","twitter_misc":{"Est. reading time":"2 minutes"},"schema":{"@context":"https:\/\/schema.org","@graph":[{"@type":"WebPage","@id":"https:\/\/librairie7l.com\/en\/produit\/ecrits-1963-1984-2\/","url":"https:\/\/librairie7l.com\/en\/produit\/ecrits-1963-1984-2\/","name":"\u00e9crits 1963-1984 - Librairie 7L","isPartOf":{"@id":"https:\/\/librairie7l.com\/en\/#website"},"datePublished":"2025-06-13T13:05:32+00:00","dateModified":"2026-04-07T10:24:26+00:00","breadcrumb":{"@id":"https:\/\/librairie7l.com\/en\/produit\/ecrits-1963-1984-2\/#breadcrumb"},"inLanguage":"en-US","potentialAction":[{"@type":"ReadAction","target":["https:\/\/librairie7l.com\/en\/produit\/ecrits-1963-1984-2\/"]}]},{"@type":"BreadcrumbList","@id":"https:\/\/librairie7l.com\/en\/produit\/ecrits-1963-1984-2\/#breadcrumb","itemListElement":[{"@type":"ListItem","position":1,"name":"Accueil","item":"https:\/\/librairie7l.com\/en\/"},{"@type":"ListItem","position":2,"name":"Shop","item":"https:\/\/librairie7l.com\/en\/shop\/"},{"@type":"ListItem","position":3,"name":"\u00c9CRITS 1963-1984"}]},{"@type":"WebSite","@id":"https:\/\/librairie7l.com\/en\/#website","url":"https:\/\/librairie7l.com\/en\/","name":"Librairie 7L","description":"Librairie fond\u00e9e en 1999 par Karl Lagerfeld \u00e0 Paris","publisher":{"@id":"https:\/\/librairie7l.com\/en\/#organization"},"potentialAction":[{"@type":"SearchAction","target":{"@type":"EntryPoint","urlTemplate":"https:\/\/librairie7l.com\/en\/?s={search_term_string}"},"query-input":"required name=search_term_string"}],"inLanguage":"en-US"},{"@type":"Organization","@id":"https:\/\/librairie7l.com\/en\/#organization","name":"Librairie 7L","url":"https:\/\/librairie7l.com\/en\/","logo":{"@type":"ImageObject","inLanguage":"en-US","@id":"https:\/\/librairie7l.com\/en\/#\/schema\/logo\/image\/","url":"https:\/\/librairie7l.com\/wp-content\/uploads\/2022\/08\/logo-1.png","contentUrl":"https:\/\/librairie7l.com\/wp-content\/uploads\/2022\/08\/logo-1.png","width":227,"height":301,"caption":"Librairie 7L"},"image":{"@id":"https:\/\/librairie7l.com\/en\/#\/schema\/logo\/image\/"}}]}},"_links":{"self":[{"href":"https:\/\/librairie7l.com\/en\/wp-json\/wp\/v2\/product\/48737"}],"collection":[{"href":"https:\/\/librairie7l.com\/en\/wp-json\/wp\/v2\/product"}],"about":[{"href":"https:\/\/librairie7l.com\/en\/wp-json\/wp\/v2\/types\/product"}],"wp:featuredmedia":[{"embeddable":true,"href":"https:\/\/librairie7l.com\/en\/wp-json\/wp\/v2\/media\/48735"}],"wp:attachment":[{"href":"https:\/\/librairie7l.com\/en\/wp-json\/wp\/v2\/media?parent=48737"}],"wp:term":[{"taxonomy":"product_cat","embeddable":true,"href":"https:\/\/librairie7l.com\/en\/wp-json\/wp\/v2\/product_cat?post=48737"},{"taxonomy":"product_tag","embeddable":true,"href":"https:\/\/librairie7l.com\/en\/wp-json\/wp\/v2\/product_tag?post=48737"}],"curies":[{"name":"wp","href":"https:\/\/api.w.org\/{rel}","templated":true}]}}