{"id":48741,"date":"2025-06-14T09:17:39","date_gmt":"2025-06-14T07:17:39","guid":{"rendered":"https:\/\/librairie7l.com\/?post_type=product&#038;p=48741"},"modified":"2026-04-07T14:06:06","modified_gmt":"2026-04-07T12:06:06","slug":"le-monde-dandre-ostier-photographe-du-tout-paris-2","status":"publish","type":"product","link":"https:\/\/librairie7l.com\/en\/produit\/le-monde-dandre-ostier-photographe-du-tout-paris-2\/","title":{"rendered":"LE MONDE D&#8217;ANDR\u00c9 OSTIER, PHOTOGRAPHE DU TOUT-PARIS"},"content":{"rendered":"<p>Tous ceux qui s&#8217;int\u00e9ressent \u00e0 la vie artistique, l&#8217;\u00e9volution de la mode et plus largement \u00e0 la vie sociale et mondaine dans les ann\u00e9es 40\/50 ont n\u00e9cessairement crois\u00e9 le nom et l&#8217;oeuvre d&#8217;Andr\u00e9 Ostier.<br \/>\nPhotographe incontournable de la haute soci\u00e9t\u00e9 fran\u00e7aise et des artistes, il a \u00e9t\u00e9 l&#8217;observateur et le t\u00e9moin privil\u00e9gi\u00e9 d&#8217;un monde sophistiqu\u00e9 et \u00e9l\u00e9gant qui est celui des ann\u00e9es d&#8217;apr\u00e8s-guerre, couvrant l&#8217;essentiel des \u00e9v\u00e8nements qui marqu\u00e8rent la vie sociale de cette \u00e9poque.<br \/>\nSa discr\u00e9tion et sa modestie expliquent sans doute son oubli et cet ouvrage vient enfin r\u00e9parer une v\u00e9ritable injustice \u00e0 l&#8217;\u00e9gard d&#8217;un photographe qui fut aussi inspir\u00e9 que Cecil Beaton, Robert Doisneau ou Henri Cartier-Bresson.<br \/>\nLe livre s&#8217;attache aux diff\u00e9rentes personnalit\u00e9s qu&#8217;Ostier a photographi\u00e9 et nous pr\u00e9sente une galerie de portraits parmi lesquels on retrouve : Salvador Dali, L\u00e9onor Fini, Jean Cocteau, Louise de Vilmorin, mais \u00e9galement des mondains c\u00e9l\u00e9br\u00e9s par la presse comme les Windsor, Marie-Laure de Noailles, Arturo Lopez ou Elsa Maxwell. Leur vie est ponctu\u00e9e de c\u00e9l\u00e9brations diverses, bals, r\u00e9ceptions, diners, photographi\u00e9s par Ostier qui fait ainsi revivre une soci\u00e9t\u00e9 disparue.<br \/>\nAuteur de deux ouvrages chez Flammarion : Caf\u00e9 Society et Les Scrapbooks de Daisy de Cabrol, Thierry Coudert \u00e9voque avec un brin de nostalgie et de fa\u00e7on vivante le destin de ce photographe marqu\u00e9 depuis sa prime jeunesse par le monde et la vie de Marcel Proust.<\/p>\n","protected":false},"excerpt":{"rendered":"<p>Tous ceux qui s&#8217;int\u00e9ressent \u00e0 la vie artistique, l&#8217;\u00e9volution de la mode et plus largement \u00e0 la vie sociale et mondaine dans les ann\u00e9es 40\/50 ont n\u00e9cessairement crois\u00e9 le nom et l&#8217;oeuvre d&#8217;Andr\u00e9 Ostier. Photographe incontournable de la haute soci\u00e9t\u00e9 fran\u00e7aise et des artistes, il a \u00e9t\u00e9 l&#8217;observateur et le t\u00e9moin privil\u00e9gi\u00e9 d&#8217;un monde sophistiqu\u00e9 [&hellip;]<\/p>\n","protected":false},"featured_media":49085,"template":"","meta":[],"product_cat":[2948,2958],"product_tag":[],"acf":[],"yoast_head":"<!-- This site is optimized with the Yoast SEO plugin v20.11 - https:\/\/yoast.com\/wordpress\/plugins\/seo\/ -->\n<title>Le Monde d&#039;Andr\u00e9 Ostier, photographe du Tout-Paris - Librairie 7L<\/title>\n<meta name=\"robots\" content=\"index, follow, max-snippet:-1, max-image-preview:large, max-video-preview:-1\" \/>\n<link rel=\"canonical\" href=\"https:\/\/librairie7l.com\/en\/produit\/le-monde-dandre-ostier-photographe-du-tout-paris-2\/\" \/>\n<meta property=\"og:locale\" content=\"en_US\" \/>\n<meta property=\"og:type\" content=\"article\" \/>\n<meta property=\"og:title\" content=\"Le Monde d&#039;Andr\u00e9 Ostier, photographe du Tout-Paris - Librairie 7L\" \/>\n<meta property=\"og:description\" content=\"Tous ceux qui s&#8217;int\u00e9ressent \u00e0 la vie artistique, l&#8217;\u00e9volution de la mode et plus largement \u00e0 la vie sociale et mondaine dans les ann\u00e9es 40\/50 ont n\u00e9cessairement crois\u00e9 le nom et l&#8217;oeuvre d&#8217;Andr\u00e9 Ostier. Photographe incontournable de la haute soci\u00e9t\u00e9 fran\u00e7aise et des artistes, il a \u00e9t\u00e9 l&#8217;observateur et le t\u00e9moin privil\u00e9gi\u00e9 d&#8217;un monde sophistiqu\u00e9 [&hellip;]\" \/>\n<meta property=\"og:url\" content=\"https:\/\/librairie7l.com\/en\/produit\/le-monde-dandre-ostier-photographe-du-tout-paris-2\/\" \/>\n<meta property=\"og:site_name\" content=\"Librairie 7L\" \/>\n<meta property=\"article:modified_time\" content=\"2026-04-07T12:06:06+00:00\" \/>\n<meta property=\"og:image\" content=\"https:\/\/librairie7l.com\/wp-content\/uploads\/2025\/06\/9782353404124_1_75.jpg\" \/>\n\t<meta property=\"og:image:width\" content=\"600\" \/>\n\t<meta property=\"og:image:height\" content=\"761\" \/>\n\t<meta property=\"og:image:type\" content=\"image\/jpeg\" \/>\n<meta name=\"twitter:card\" content=\"summary_large_image\" \/>\n<meta name=\"twitter:label1\" content=\"Est. reading time\" \/>\n\t<meta name=\"twitter:data1\" content=\"1 minute\" \/>\n<script type=\"application\/ld+json\" class=\"yoast-schema-graph\">{\"@context\":\"https:\/\/schema.org\",\"@graph\":[{\"@type\":\"WebPage\",\"@id\":\"https:\/\/librairie7l.com\/en\/produit\/le-monde-dandre-ostier-photographe-du-tout-paris-2\/\",\"url\":\"https:\/\/librairie7l.com\/en\/produit\/le-monde-dandre-ostier-photographe-du-tout-paris-2\/\",\"name\":\"Le Monde d'Andr\u00e9 Ostier, photographe du Tout-Paris - Librairie 7L\",\"isPartOf\":{\"@id\":\"https:\/\/librairie7l.com\/en\/#website\"},\"datePublished\":\"2025-06-14T07:17:39+00:00\",\"dateModified\":\"2026-04-07T12:06:06+00:00\",\"breadcrumb\":{\"@id\":\"https:\/\/librairie7l.com\/en\/produit\/le-monde-dandre-ostier-photographe-du-tout-paris-2\/#breadcrumb\"},\"inLanguage\":\"en-US\",\"potentialAction\":[{\"@type\":\"ReadAction\",\"target\":[\"https:\/\/librairie7l.com\/en\/produit\/le-monde-dandre-ostier-photographe-du-tout-paris-2\/\"]}]},{\"@type\":\"BreadcrumbList\",\"@id\":\"https:\/\/librairie7l.com\/en\/produit\/le-monde-dandre-ostier-photographe-du-tout-paris-2\/#breadcrumb\",\"itemListElement\":[{\"@type\":\"ListItem\",\"position\":1,\"name\":\"Accueil\",\"item\":\"https:\/\/librairie7l.com\/en\/\"},{\"@type\":\"ListItem\",\"position\":2,\"name\":\"Shop\",\"item\":\"https:\/\/librairie7l.com\/en\/shop\/\"},{\"@type\":\"ListItem\",\"position\":3,\"name\":\"LE MONDE D&#8217;ANDR\u00c9 OSTIER, PHOTOGRAPHE DU TOUT-PARIS\"}]},{\"@type\":\"WebSite\",\"@id\":\"https:\/\/librairie7l.com\/en\/#website\",\"url\":\"https:\/\/librairie7l.com\/en\/\",\"name\":\"Librairie 7L\",\"description\":\"Librairie fond\u00e9e en 1999 par Karl Lagerfeld \u00e0 Paris\",\"publisher\":{\"@id\":\"https:\/\/librairie7l.com\/en\/#organization\"},\"potentialAction\":[{\"@type\":\"SearchAction\",\"target\":{\"@type\":\"EntryPoint\",\"urlTemplate\":\"https:\/\/librairie7l.com\/en\/?s={search_term_string}\"},\"query-input\":\"required name=search_term_string\"}],\"inLanguage\":\"en-US\"},{\"@type\":\"Organization\",\"@id\":\"https:\/\/librairie7l.com\/en\/#organization\",\"name\":\"Librairie 7L\",\"url\":\"https:\/\/librairie7l.com\/en\/\",\"logo\":{\"@type\":\"ImageObject\",\"inLanguage\":\"en-US\",\"@id\":\"https:\/\/librairie7l.com\/en\/#\/schema\/logo\/image\/\",\"url\":\"https:\/\/librairie7l.com\/wp-content\/uploads\/2022\/08\/logo-1.png\",\"contentUrl\":\"https:\/\/librairie7l.com\/wp-content\/uploads\/2022\/08\/logo-1.png\",\"width\":227,\"height\":301,\"caption\":\"Librairie 7L\"},\"image\":{\"@id\":\"https:\/\/librairie7l.com\/en\/#\/schema\/logo\/image\/\"}}]}<\/script>\n<!-- \/ Yoast SEO plugin. -->","yoast_head_json":{"title":"Le Monde d'Andr\u00e9 Ostier, photographe du Tout-Paris - Librairie 7L","robots":{"index":"index","follow":"follow","max-snippet":"max-snippet:-1","max-image-preview":"max-image-preview:large","max-video-preview":"max-video-preview:-1"},"canonical":"https:\/\/librairie7l.com\/en\/produit\/le-monde-dandre-ostier-photographe-du-tout-paris-2\/","og_locale":"en_US","og_type":"article","og_title":"Le Monde d'Andr\u00e9 Ostier, photographe du Tout-Paris - Librairie 7L","og_description":"Tous ceux qui s&#8217;int\u00e9ressent \u00e0 la vie artistique, l&#8217;\u00e9volution de la mode et plus largement \u00e0 la vie sociale et mondaine dans les ann\u00e9es 40\/50 ont n\u00e9cessairement crois\u00e9 le nom et l&#8217;oeuvre d&#8217;Andr\u00e9 Ostier. Photographe incontournable de la haute soci\u00e9t\u00e9 fran\u00e7aise et des artistes, il a \u00e9t\u00e9 l&#8217;observateur et le t\u00e9moin privil\u00e9gi\u00e9 d&#8217;un monde sophistiqu\u00e9 [&hellip;]","og_url":"https:\/\/librairie7l.com\/en\/produit\/le-monde-dandre-ostier-photographe-du-tout-paris-2\/","og_site_name":"Librairie 7L","article_modified_time":"2026-04-07T12:06:06+00:00","og_image":[{"width":600,"height":761,"url":"https:\/\/librairie7l.com\/wp-content\/uploads\/2025\/06\/9782353404124_1_75.jpg","type":"image\/jpeg"}],"twitter_card":"summary_large_image","twitter_misc":{"Est. reading time":"1 minute"},"schema":{"@context":"https:\/\/schema.org","@graph":[{"@type":"WebPage","@id":"https:\/\/librairie7l.com\/en\/produit\/le-monde-dandre-ostier-photographe-du-tout-paris-2\/","url":"https:\/\/librairie7l.com\/en\/produit\/le-monde-dandre-ostier-photographe-du-tout-paris-2\/","name":"Le Monde d'Andr\u00e9 Ostier, photographe du Tout-Paris - Librairie 7L","isPartOf":{"@id":"https:\/\/librairie7l.com\/en\/#website"},"datePublished":"2025-06-14T07:17:39+00:00","dateModified":"2026-04-07T12:06:06+00:00","breadcrumb":{"@id":"https:\/\/librairie7l.com\/en\/produit\/le-monde-dandre-ostier-photographe-du-tout-paris-2\/#breadcrumb"},"inLanguage":"en-US","potentialAction":[{"@type":"ReadAction","target":["https:\/\/librairie7l.com\/en\/produit\/le-monde-dandre-ostier-photographe-du-tout-paris-2\/"]}]},{"@type":"BreadcrumbList","@id":"https:\/\/librairie7l.com\/en\/produit\/le-monde-dandre-ostier-photographe-du-tout-paris-2\/#breadcrumb","itemListElement":[{"@type":"ListItem","position":1,"name":"Accueil","item":"https:\/\/librairie7l.com\/en\/"},{"@type":"ListItem","position":2,"name":"Shop","item":"https:\/\/librairie7l.com\/en\/shop\/"},{"@type":"ListItem","position":3,"name":"LE MONDE D&#8217;ANDR\u00c9 OSTIER, PHOTOGRAPHE DU TOUT-PARIS"}]},{"@type":"WebSite","@id":"https:\/\/librairie7l.com\/en\/#website","url":"https:\/\/librairie7l.com\/en\/","name":"Librairie 7L","description":"Librairie fond\u00e9e en 1999 par Karl Lagerfeld \u00e0 Paris","publisher":{"@id":"https:\/\/librairie7l.com\/en\/#organization"},"potentialAction":[{"@type":"SearchAction","target":{"@type":"EntryPoint","urlTemplate":"https:\/\/librairie7l.com\/en\/?s={search_term_string}"},"query-input":"required name=search_term_string"}],"inLanguage":"en-US"},{"@type":"Organization","@id":"https:\/\/librairie7l.com\/en\/#organization","name":"Librairie 7L","url":"https:\/\/librairie7l.com\/en\/","logo":{"@type":"ImageObject","inLanguage":"en-US","@id":"https:\/\/librairie7l.com\/en\/#\/schema\/logo\/image\/","url":"https:\/\/librairie7l.com\/wp-content\/uploads\/2022\/08\/logo-1.png","contentUrl":"https:\/\/librairie7l.com\/wp-content\/uploads\/2022\/08\/logo-1.png","width":227,"height":301,"caption":"Librairie 7L"},"image":{"@id":"https:\/\/librairie7l.com\/en\/#\/schema\/logo\/image\/"}}]}},"_links":{"self":[{"href":"https:\/\/librairie7l.com\/en\/wp-json\/wp\/v2\/product\/48741"}],"collection":[{"href":"https:\/\/librairie7l.com\/en\/wp-json\/wp\/v2\/product"}],"about":[{"href":"https:\/\/librairie7l.com\/en\/wp-json\/wp\/v2\/types\/product"}],"wp:featuredmedia":[{"embeddable":true,"href":"https:\/\/librairie7l.com\/en\/wp-json\/wp\/v2\/media\/49085"}],"wp:attachment":[{"href":"https:\/\/librairie7l.com\/en\/wp-json\/wp\/v2\/media?parent=48741"}],"wp:term":[{"taxonomy":"product_cat","embeddable":true,"href":"https:\/\/librairie7l.com\/en\/wp-json\/wp\/v2\/product_cat?post=48741"},{"taxonomy":"product_tag","embeddable":true,"href":"https:\/\/librairie7l.com\/en\/wp-json\/wp\/v2\/product_tag?post=48741"}],"curies":[{"name":"wp","href":"https:\/\/api.w.org\/{rel}","templated":true}]}}