{"id":48753,"date":"2025-06-15T08:32:59","date_gmt":"2025-06-15T06:32:59","guid":{"rendered":"https:\/\/librairie7l.com\/?post_type=product&#038;p=48753"},"modified":"2026-04-07T14:01:12","modified_gmt":"2026-04-07T12:01:12","slug":"cucina-della-nonna-les-grands-classiques-de-la-cuisine-italienne-en-version-vegetale-2","status":"publish","type":"product","link":"https:\/\/librairie7l.com\/en\/produit\/cucina-della-nonna-les-grands-classiques-de-la-cuisine-italienne-en-version-vegetale-2\/","title":{"rendered":"CUCINA DELLA NONNA : LES GRANDS CLASSIQUES DE LA CUISINE ITALIENNE EN VERSION V\u00c9G\u00c9TALE"},"content":{"rendered":"<p>V\u00e9ritable c\u00e9l\u00e9bration de la cuisine italienne et sicilienne traditionnelle, Cucina della Nonna vous embarque dans un voyage culinaire pour red\u00e9couvrir les classiques en version v\u00e9g\u00e9tale.<br \/>\n\u00c0 travers plus de 80 recettes savoureuses et v\u00e9g\u00e9tales, apprenez les subtilit\u00e9s de la cuisine italienne et red\u00e9couvrez les lasagnes, les arancinis, le tiramisu ou encore les biscottis. Des entr\u00e9es aux cocktails en passant par les pains et les desserts, Cucina della Nonna saura satisfaire toutes vos envies ! Si vous aimez la nourriture italienne, cherchez \u00e0 v\u00e9g\u00e9taliser votre quotidien, \u00e0 davantage cuisiner, tout en d\u00e9couvrant l&#8217;authentique Italie, ce livre est fait pour vous !<\/p>\n","protected":false},"excerpt":{"rendered":"<p>V\u00e9ritable c\u00e9l\u00e9bration de la cuisine italienne et sicilienne traditionnelle, Cucina della Nonna vous embarque dans un voyage culinaire pour red\u00e9couvrir les classiques en version v\u00e9g\u00e9tale. \u00c0 travers plus de 80 recettes savoureuses et v\u00e9g\u00e9tales, apprenez les subtilit\u00e9s de la cuisine italienne et red\u00e9couvrez les lasagnes, les arancinis, le tiramisu ou encore les biscottis. Des entr\u00e9es [&hellip;]<\/p>\n","protected":false},"featured_media":48751,"template":"","meta":[],"product_cat":[7364,2948],"product_tag":[],"acf":[],"yoast_head":"<!-- This site is optimized with the Yoast SEO plugin v20.11 - https:\/\/yoast.com\/wordpress\/plugins\/seo\/ -->\n<title>Cucina della Nonna : Les grands classiques de la cuisine italienne en version v\u00e9g\u00e9tale - Librairie 7L<\/title>\n<meta name=\"robots\" content=\"index, follow, max-snippet:-1, max-image-preview:large, max-video-preview:-1\" \/>\n<link rel=\"canonical\" href=\"https:\/\/librairie7l.com\/en\/produit\/cucina-della-nonna-les-grands-classiques-de-la-cuisine-italienne-en-version-vegetale-2\/\" \/>\n<meta property=\"og:locale\" content=\"en_US\" \/>\n<meta property=\"og:type\" content=\"article\" \/>\n<meta property=\"og:title\" content=\"Cucina della Nonna : Les grands classiques de la cuisine italienne en version v\u00e9g\u00e9tale - Librairie 7L\" \/>\n<meta property=\"og:description\" content=\"V\u00e9ritable c\u00e9l\u00e9bration de la cuisine italienne et sicilienne traditionnelle, Cucina della Nonna vous embarque dans un voyage culinaire pour red\u00e9couvrir les classiques en version v\u00e9g\u00e9tale. \u00c0 travers plus de 80 recettes savoureuses et v\u00e9g\u00e9tales, apprenez les subtilit\u00e9s de la cuisine italienne et red\u00e9couvrez les lasagnes, les arancinis, le tiramisu ou encore les biscottis. Des entr\u00e9es [&hellip;]\" \/>\n<meta property=\"og:url\" content=\"https:\/\/librairie7l.com\/en\/produit\/cucina-della-nonna-les-grands-classiques-de-la-cuisine-italienne-en-version-vegetale-2\/\" \/>\n<meta property=\"og:site_name\" content=\"Librairie 7L\" \/>\n<meta property=\"article:modified_time\" content=\"2026-04-07T12:01:12+00:00\" \/>\n<meta property=\"og:image\" content=\"https:\/\/librairie7l.com\/wp-content\/uploads\/2025\/01\/9782383385431_1_75.jpg\" \/>\n\t<meta property=\"og:image:width\" content=\"600\" \/>\n\t<meta property=\"og:image:height\" content=\"765\" \/>\n\t<meta property=\"og:image:type\" content=\"image\/jpeg\" \/>\n<meta name=\"twitter:card\" content=\"summary_large_image\" \/>\n<meta name=\"twitter:label1\" content=\"Est. reading time\" \/>\n\t<meta name=\"twitter:data1\" content=\"1 minute\" \/>\n<script type=\"application\/ld+json\" class=\"yoast-schema-graph\">{\"@context\":\"https:\/\/schema.org\",\"@graph\":[{\"@type\":\"WebPage\",\"@id\":\"https:\/\/librairie7l.com\/en\/produit\/cucina-della-nonna-les-grands-classiques-de-la-cuisine-italienne-en-version-vegetale-2\/\",\"url\":\"https:\/\/librairie7l.com\/en\/produit\/cucina-della-nonna-les-grands-classiques-de-la-cuisine-italienne-en-version-vegetale-2\/\",\"name\":\"Cucina della Nonna : Les grands classiques de la cuisine italienne en version v\u00e9g\u00e9tale - Librairie 7L\",\"isPartOf\":{\"@id\":\"https:\/\/librairie7l.com\/en\/#website\"},\"datePublished\":\"2025-06-15T06:32:59+00:00\",\"dateModified\":\"2026-04-07T12:01:12+00:00\",\"breadcrumb\":{\"@id\":\"https:\/\/librairie7l.com\/en\/produit\/cucina-della-nonna-les-grands-classiques-de-la-cuisine-italienne-en-version-vegetale-2\/#breadcrumb\"},\"inLanguage\":\"en-US\",\"potentialAction\":[{\"@type\":\"ReadAction\",\"target\":[\"https:\/\/librairie7l.com\/en\/produit\/cucina-della-nonna-les-grands-classiques-de-la-cuisine-italienne-en-version-vegetale-2\/\"]}]},{\"@type\":\"BreadcrumbList\",\"@id\":\"https:\/\/librairie7l.com\/en\/produit\/cucina-della-nonna-les-grands-classiques-de-la-cuisine-italienne-en-version-vegetale-2\/#breadcrumb\",\"itemListElement\":[{\"@type\":\"ListItem\",\"position\":1,\"name\":\"Accueil\",\"item\":\"https:\/\/librairie7l.com\/en\/\"},{\"@type\":\"ListItem\",\"position\":2,\"name\":\"Shop\",\"item\":\"https:\/\/librairie7l.com\/en\/shop\/\"},{\"@type\":\"ListItem\",\"position\":3,\"name\":\"CUCINA DELLA NONNA : LES GRANDS CLASSIQUES DE LA CUISINE ITALIENNE EN VERSION V\u00c9G\u00c9TALE\"}]},{\"@type\":\"WebSite\",\"@id\":\"https:\/\/librairie7l.com\/en\/#website\",\"url\":\"https:\/\/librairie7l.com\/en\/\",\"name\":\"Librairie 7L\",\"description\":\"Librairie fond\u00e9e en 1999 par Karl Lagerfeld \u00e0 Paris\",\"publisher\":{\"@id\":\"https:\/\/librairie7l.com\/en\/#organization\"},\"potentialAction\":[{\"@type\":\"SearchAction\",\"target\":{\"@type\":\"EntryPoint\",\"urlTemplate\":\"https:\/\/librairie7l.com\/en\/?s={search_term_string}\"},\"query-input\":\"required name=search_term_string\"}],\"inLanguage\":\"en-US\"},{\"@type\":\"Organization\",\"@id\":\"https:\/\/librairie7l.com\/en\/#organization\",\"name\":\"Librairie 7L\",\"url\":\"https:\/\/librairie7l.com\/en\/\",\"logo\":{\"@type\":\"ImageObject\",\"inLanguage\":\"en-US\",\"@id\":\"https:\/\/librairie7l.com\/en\/#\/schema\/logo\/image\/\",\"url\":\"https:\/\/librairie7l.com\/wp-content\/uploads\/2022\/08\/logo-1.png\",\"contentUrl\":\"https:\/\/librairie7l.com\/wp-content\/uploads\/2022\/08\/logo-1.png\",\"width\":227,\"height\":301,\"caption\":\"Librairie 7L\"},\"image\":{\"@id\":\"https:\/\/librairie7l.com\/en\/#\/schema\/logo\/image\/\"}}]}<\/script>\n<!-- \/ Yoast SEO plugin. -->","yoast_head_json":{"title":"Cucina della Nonna : Les grands classiques de la cuisine italienne en version v\u00e9g\u00e9tale - Librairie 7L","robots":{"index":"index","follow":"follow","max-snippet":"max-snippet:-1","max-image-preview":"max-image-preview:large","max-video-preview":"max-video-preview:-1"},"canonical":"https:\/\/librairie7l.com\/en\/produit\/cucina-della-nonna-les-grands-classiques-de-la-cuisine-italienne-en-version-vegetale-2\/","og_locale":"en_US","og_type":"article","og_title":"Cucina della Nonna : Les grands classiques de la cuisine italienne en version v\u00e9g\u00e9tale - Librairie 7L","og_description":"V\u00e9ritable c\u00e9l\u00e9bration de la cuisine italienne et sicilienne traditionnelle, Cucina della Nonna vous embarque dans un voyage culinaire pour red\u00e9couvrir les classiques en version v\u00e9g\u00e9tale. \u00c0 travers plus de 80 recettes savoureuses et v\u00e9g\u00e9tales, apprenez les subtilit\u00e9s de la cuisine italienne et red\u00e9couvrez les lasagnes, les arancinis, le tiramisu ou encore les biscottis. Des entr\u00e9es [&hellip;]","og_url":"https:\/\/librairie7l.com\/en\/produit\/cucina-della-nonna-les-grands-classiques-de-la-cuisine-italienne-en-version-vegetale-2\/","og_site_name":"Librairie 7L","article_modified_time":"2026-04-07T12:01:12+00:00","og_image":[{"width":600,"height":765,"url":"https:\/\/librairie7l.com\/wp-content\/uploads\/2025\/01\/9782383385431_1_75.jpg","type":"image\/jpeg"}],"twitter_card":"summary_large_image","twitter_misc":{"Est. reading time":"1 minute"},"schema":{"@context":"https:\/\/schema.org","@graph":[{"@type":"WebPage","@id":"https:\/\/librairie7l.com\/en\/produit\/cucina-della-nonna-les-grands-classiques-de-la-cuisine-italienne-en-version-vegetale-2\/","url":"https:\/\/librairie7l.com\/en\/produit\/cucina-della-nonna-les-grands-classiques-de-la-cuisine-italienne-en-version-vegetale-2\/","name":"Cucina della Nonna : Les grands classiques de la cuisine italienne en version v\u00e9g\u00e9tale - Librairie 7L","isPartOf":{"@id":"https:\/\/librairie7l.com\/en\/#website"},"datePublished":"2025-06-15T06:32:59+00:00","dateModified":"2026-04-07T12:01:12+00:00","breadcrumb":{"@id":"https:\/\/librairie7l.com\/en\/produit\/cucina-della-nonna-les-grands-classiques-de-la-cuisine-italienne-en-version-vegetale-2\/#breadcrumb"},"inLanguage":"en-US","potentialAction":[{"@type":"ReadAction","target":["https:\/\/librairie7l.com\/en\/produit\/cucina-della-nonna-les-grands-classiques-de-la-cuisine-italienne-en-version-vegetale-2\/"]}]},{"@type":"BreadcrumbList","@id":"https:\/\/librairie7l.com\/en\/produit\/cucina-della-nonna-les-grands-classiques-de-la-cuisine-italienne-en-version-vegetale-2\/#breadcrumb","itemListElement":[{"@type":"ListItem","position":1,"name":"Accueil","item":"https:\/\/librairie7l.com\/en\/"},{"@type":"ListItem","position":2,"name":"Shop","item":"https:\/\/librairie7l.com\/en\/shop\/"},{"@type":"ListItem","position":3,"name":"CUCINA DELLA NONNA : LES GRANDS CLASSIQUES DE LA CUISINE ITALIENNE EN VERSION V\u00c9G\u00c9TALE"}]},{"@type":"WebSite","@id":"https:\/\/librairie7l.com\/en\/#website","url":"https:\/\/librairie7l.com\/en\/","name":"Librairie 7L","description":"Librairie fond\u00e9e en 1999 par Karl Lagerfeld \u00e0 Paris","publisher":{"@id":"https:\/\/librairie7l.com\/en\/#organization"},"potentialAction":[{"@type":"SearchAction","target":{"@type":"EntryPoint","urlTemplate":"https:\/\/librairie7l.com\/en\/?s={search_term_string}"},"query-input":"required name=search_term_string"}],"inLanguage":"en-US"},{"@type":"Organization","@id":"https:\/\/librairie7l.com\/en\/#organization","name":"Librairie 7L","url":"https:\/\/librairie7l.com\/en\/","logo":{"@type":"ImageObject","inLanguage":"en-US","@id":"https:\/\/librairie7l.com\/en\/#\/schema\/logo\/image\/","url":"https:\/\/librairie7l.com\/wp-content\/uploads\/2022\/08\/logo-1.png","contentUrl":"https:\/\/librairie7l.com\/wp-content\/uploads\/2022\/08\/logo-1.png","width":227,"height":301,"caption":"Librairie 7L"},"image":{"@id":"https:\/\/librairie7l.com\/en\/#\/schema\/logo\/image\/"}}]}},"_links":{"self":[{"href":"https:\/\/librairie7l.com\/en\/wp-json\/wp\/v2\/product\/48753"}],"collection":[{"href":"https:\/\/librairie7l.com\/en\/wp-json\/wp\/v2\/product"}],"about":[{"href":"https:\/\/librairie7l.com\/en\/wp-json\/wp\/v2\/types\/product"}],"wp:featuredmedia":[{"embeddable":true,"href":"https:\/\/librairie7l.com\/en\/wp-json\/wp\/v2\/media\/48751"}],"wp:attachment":[{"href":"https:\/\/librairie7l.com\/en\/wp-json\/wp\/v2\/media?parent=48753"}],"wp:term":[{"taxonomy":"product_cat","embeddable":true,"href":"https:\/\/librairie7l.com\/en\/wp-json\/wp\/v2\/product_cat?post=48753"},{"taxonomy":"product_tag","embeddable":true,"href":"https:\/\/librairie7l.com\/en\/wp-json\/wp\/v2\/product_tag?post=48753"}],"curies":[{"name":"wp","href":"https:\/\/api.w.org\/{rel}","templated":true}]}}