{"id":48757,"date":"2025-06-15T08:33:16","date_gmt":"2025-06-15T06:33:16","guid":{"rendered":"https:\/\/librairie7l.com\/?post_type=product&#038;p=48757"},"modified":"2026-04-07T14:01:47","modified_gmt":"2026-04-07T12:01:47","slug":"la-cuisine-africaine-daujourdhui-recettes-familiales-des-plus-grands-chefs-africains-2","status":"publish","type":"product","link":"https:\/\/librairie7l.com\/en\/produit\/la-cuisine-africaine-daujourdhui-recettes-familiales-des-plus-grands-chefs-africains-2\/","title":{"rendered":"LA CUISINE AFRICAINE D&#8217;AUJOURD&#8217;HUI : RECETTES FAMILIALES DES PLUS GRANDS CHEFS AFRICAINS"},"content":{"rendered":"<p>La Cuisine africaine d&#8217;aujourd&#8217;hui pr\u00e9sente 120 recettes s\u00e9lec\u00adtionn\u00e9es par le chef et auteur renomm\u00e9 Alexander Smalls. Les chefs et experts culinaires les plus en vue actuellement en Afrique proposent ici des recettes facilement r\u00e9alisables \u00e0 la maison, des anecdotes personnelles et des essais. ce livre constitue un fabuleux recueil de plats, certains traditionnels, comme le maf\u00e9 du S\u00e9n\u00e9gal ou le braai sud-africain, d&#8217;autres plus originaux, comme les noix de saint-jacques et sauce \u00e0 l&#8217;hibiscus du Togo ou la cr\u00e8me au chocolat noir ghan\u00e9enne.<\/p>\n","protected":false},"excerpt":{"rendered":"<p>La Cuisine africaine d&#8217;aujourd&#8217;hui pr\u00e9sente 120 recettes s\u00e9lec\u00adtionn\u00e9es par le chef et auteur renomm\u00e9 Alexander Smalls. Les chefs et experts culinaires les plus en vue actuellement en Afrique proposent ici des recettes facilement r\u00e9alisables \u00e0 la maison, des anecdotes personnelles et des essais. ce livre constitue un fabuleux recueil de plats, certains traditionnels, comme le [&hellip;]<\/p>\n","protected":false},"featured_media":48755,"template":"","meta":[],"product_cat":[7364,2948],"product_tag":[],"acf":[],"yoast_head":"<!-- This site is optimized with the Yoast SEO plugin v20.11 - https:\/\/yoast.com\/wordpress\/plugins\/seo\/ -->\n<title>La cuisine africaine d&#039;aujourd&#039;hui : Recettes familiales des plus grands chefs africains - Librairie 7L<\/title>\n<meta name=\"robots\" content=\"index, follow, max-snippet:-1, max-image-preview:large, max-video-preview:-1\" \/>\n<link rel=\"canonical\" href=\"https:\/\/librairie7l.com\/en\/produit\/la-cuisine-africaine-daujourdhui-recettes-familiales-des-plus-grands-chefs-africains-2\/\" \/>\n<meta property=\"og:locale\" content=\"en_US\" \/>\n<meta property=\"og:type\" content=\"article\" \/>\n<meta property=\"og:title\" content=\"La cuisine africaine d&#039;aujourd&#039;hui : Recettes familiales des plus grands chefs africains - Librairie 7L\" \/>\n<meta property=\"og:description\" content=\"La Cuisine africaine d&#8217;aujourd&#8217;hui pr\u00e9sente 120 recettes s\u00e9lec\u00adtionn\u00e9es par le chef et auteur renomm\u00e9 Alexander Smalls. Les chefs et experts culinaires les plus en vue actuellement en Afrique proposent ici des recettes facilement r\u00e9alisables \u00e0 la maison, des anecdotes personnelles et des essais. ce livre constitue un fabuleux recueil de plats, certains traditionnels, comme le [&hellip;]\" \/>\n<meta property=\"og:url\" content=\"https:\/\/librairie7l.com\/en\/produit\/la-cuisine-africaine-daujourdhui-recettes-familiales-des-plus-grands-chefs-africains-2\/\" \/>\n<meta property=\"og:site_name\" content=\"Librairie 7L\" \/>\n<meta property=\"article:modified_time\" content=\"2026-04-07T12:01:47+00:00\" \/>\n<meta property=\"og:image\" content=\"https:\/\/librairie7l.com\/wp-content\/uploads\/2024\/06\/9781838669010_1_75.jpg\" \/>\n\t<meta property=\"og:image:width\" content=\"600\" \/>\n\t<meta property=\"og:image:height\" content=\"800\" \/>\n\t<meta property=\"og:image:type\" content=\"image\/jpeg\" \/>\n<meta name=\"twitter:card\" content=\"summary_large_image\" \/>\n<script type=\"application\/ld+json\" class=\"yoast-schema-graph\">{\"@context\":\"https:\/\/schema.org\",\"@graph\":[{\"@type\":\"WebPage\",\"@id\":\"https:\/\/librairie7l.com\/en\/produit\/la-cuisine-africaine-daujourdhui-recettes-familiales-des-plus-grands-chefs-africains-2\/\",\"url\":\"https:\/\/librairie7l.com\/en\/produit\/la-cuisine-africaine-daujourdhui-recettes-familiales-des-plus-grands-chefs-africains-2\/\",\"name\":\"La cuisine africaine d'aujourd'hui : Recettes familiales des plus grands chefs africains - Librairie 7L\",\"isPartOf\":{\"@id\":\"https:\/\/librairie7l.com\/en\/#website\"},\"datePublished\":\"2025-06-15T06:33:16+00:00\",\"dateModified\":\"2026-04-07T12:01:47+00:00\",\"breadcrumb\":{\"@id\":\"https:\/\/librairie7l.com\/en\/produit\/la-cuisine-africaine-daujourdhui-recettes-familiales-des-plus-grands-chefs-africains-2\/#breadcrumb\"},\"inLanguage\":\"en-US\",\"potentialAction\":[{\"@type\":\"ReadAction\",\"target\":[\"https:\/\/librairie7l.com\/en\/produit\/la-cuisine-africaine-daujourdhui-recettes-familiales-des-plus-grands-chefs-africains-2\/\"]}]},{\"@type\":\"BreadcrumbList\",\"@id\":\"https:\/\/librairie7l.com\/en\/produit\/la-cuisine-africaine-daujourdhui-recettes-familiales-des-plus-grands-chefs-africains-2\/#breadcrumb\",\"itemListElement\":[{\"@type\":\"ListItem\",\"position\":1,\"name\":\"Accueil\",\"item\":\"https:\/\/librairie7l.com\/en\/\"},{\"@type\":\"ListItem\",\"position\":2,\"name\":\"Shop\",\"item\":\"https:\/\/librairie7l.com\/en\/shop\/\"},{\"@type\":\"ListItem\",\"position\":3,\"name\":\"LA CUISINE AFRICAINE D&#8217;AUJOURD&#8217;HUI : RECETTES FAMILIALES DES PLUS GRANDS CHEFS AFRICAINS\"}]},{\"@type\":\"WebSite\",\"@id\":\"https:\/\/librairie7l.com\/en\/#website\",\"url\":\"https:\/\/librairie7l.com\/en\/\",\"name\":\"Librairie 7L\",\"description\":\"Librairie fond\u00e9e en 1999 par Karl Lagerfeld \u00e0 Paris\",\"publisher\":{\"@id\":\"https:\/\/librairie7l.com\/en\/#organization\"},\"potentialAction\":[{\"@type\":\"SearchAction\",\"target\":{\"@type\":\"EntryPoint\",\"urlTemplate\":\"https:\/\/librairie7l.com\/en\/?s={search_term_string}\"},\"query-input\":\"required name=search_term_string\"}],\"inLanguage\":\"en-US\"},{\"@type\":\"Organization\",\"@id\":\"https:\/\/librairie7l.com\/en\/#organization\",\"name\":\"Librairie 7L\",\"url\":\"https:\/\/librairie7l.com\/en\/\",\"logo\":{\"@type\":\"ImageObject\",\"inLanguage\":\"en-US\",\"@id\":\"https:\/\/librairie7l.com\/en\/#\/schema\/logo\/image\/\",\"url\":\"https:\/\/librairie7l.com\/wp-content\/uploads\/2022\/08\/logo-1.png\",\"contentUrl\":\"https:\/\/librairie7l.com\/wp-content\/uploads\/2022\/08\/logo-1.png\",\"width\":227,\"height\":301,\"caption\":\"Librairie 7L\"},\"image\":{\"@id\":\"https:\/\/librairie7l.com\/en\/#\/schema\/logo\/image\/\"}}]}<\/script>\n<!-- \/ Yoast SEO plugin. -->","yoast_head_json":{"title":"La cuisine africaine d'aujourd'hui : Recettes familiales des plus grands chefs africains - Librairie 7L","robots":{"index":"index","follow":"follow","max-snippet":"max-snippet:-1","max-image-preview":"max-image-preview:large","max-video-preview":"max-video-preview:-1"},"canonical":"https:\/\/librairie7l.com\/en\/produit\/la-cuisine-africaine-daujourdhui-recettes-familiales-des-plus-grands-chefs-africains-2\/","og_locale":"en_US","og_type":"article","og_title":"La cuisine africaine d'aujourd'hui : Recettes familiales des plus grands chefs africains - Librairie 7L","og_description":"La Cuisine africaine d&#8217;aujourd&#8217;hui pr\u00e9sente 120 recettes s\u00e9lec\u00adtionn\u00e9es par le chef et auteur renomm\u00e9 Alexander Smalls. Les chefs et experts culinaires les plus en vue actuellement en Afrique proposent ici des recettes facilement r\u00e9alisables \u00e0 la maison, des anecdotes personnelles et des essais. ce livre constitue un fabuleux recueil de plats, certains traditionnels, comme le [&hellip;]","og_url":"https:\/\/librairie7l.com\/en\/produit\/la-cuisine-africaine-daujourdhui-recettes-familiales-des-plus-grands-chefs-africains-2\/","og_site_name":"Librairie 7L","article_modified_time":"2026-04-07T12:01:47+00:00","og_image":[{"width":600,"height":800,"url":"https:\/\/librairie7l.com\/wp-content\/uploads\/2024\/06\/9781838669010_1_75.jpg","type":"image\/jpeg"}],"twitter_card":"summary_large_image","schema":{"@context":"https:\/\/schema.org","@graph":[{"@type":"WebPage","@id":"https:\/\/librairie7l.com\/en\/produit\/la-cuisine-africaine-daujourdhui-recettes-familiales-des-plus-grands-chefs-africains-2\/","url":"https:\/\/librairie7l.com\/en\/produit\/la-cuisine-africaine-daujourdhui-recettes-familiales-des-plus-grands-chefs-africains-2\/","name":"La cuisine africaine d'aujourd'hui : Recettes familiales des plus grands chefs africains - Librairie 7L","isPartOf":{"@id":"https:\/\/librairie7l.com\/en\/#website"},"datePublished":"2025-06-15T06:33:16+00:00","dateModified":"2026-04-07T12:01:47+00:00","breadcrumb":{"@id":"https:\/\/librairie7l.com\/en\/produit\/la-cuisine-africaine-daujourdhui-recettes-familiales-des-plus-grands-chefs-africains-2\/#breadcrumb"},"inLanguage":"en-US","potentialAction":[{"@type":"ReadAction","target":["https:\/\/librairie7l.com\/en\/produit\/la-cuisine-africaine-daujourdhui-recettes-familiales-des-plus-grands-chefs-africains-2\/"]}]},{"@type":"BreadcrumbList","@id":"https:\/\/librairie7l.com\/en\/produit\/la-cuisine-africaine-daujourdhui-recettes-familiales-des-plus-grands-chefs-africains-2\/#breadcrumb","itemListElement":[{"@type":"ListItem","position":1,"name":"Accueil","item":"https:\/\/librairie7l.com\/en\/"},{"@type":"ListItem","position":2,"name":"Shop","item":"https:\/\/librairie7l.com\/en\/shop\/"},{"@type":"ListItem","position":3,"name":"LA CUISINE AFRICAINE D&#8217;AUJOURD&#8217;HUI : RECETTES FAMILIALES DES PLUS GRANDS CHEFS AFRICAINS"}]},{"@type":"WebSite","@id":"https:\/\/librairie7l.com\/en\/#website","url":"https:\/\/librairie7l.com\/en\/","name":"Librairie 7L","description":"Librairie fond\u00e9e en 1999 par Karl Lagerfeld \u00e0 Paris","publisher":{"@id":"https:\/\/librairie7l.com\/en\/#organization"},"potentialAction":[{"@type":"SearchAction","target":{"@type":"EntryPoint","urlTemplate":"https:\/\/librairie7l.com\/en\/?s={search_term_string}"},"query-input":"required name=search_term_string"}],"inLanguage":"en-US"},{"@type":"Organization","@id":"https:\/\/librairie7l.com\/en\/#organization","name":"Librairie 7L","url":"https:\/\/librairie7l.com\/en\/","logo":{"@type":"ImageObject","inLanguage":"en-US","@id":"https:\/\/librairie7l.com\/en\/#\/schema\/logo\/image\/","url":"https:\/\/librairie7l.com\/wp-content\/uploads\/2022\/08\/logo-1.png","contentUrl":"https:\/\/librairie7l.com\/wp-content\/uploads\/2022\/08\/logo-1.png","width":227,"height":301,"caption":"Librairie 7L"},"image":{"@id":"https:\/\/librairie7l.com\/en\/#\/schema\/logo\/image\/"}}]}},"_links":{"self":[{"href":"https:\/\/librairie7l.com\/en\/wp-json\/wp\/v2\/product\/48757"}],"collection":[{"href":"https:\/\/librairie7l.com\/en\/wp-json\/wp\/v2\/product"}],"about":[{"href":"https:\/\/librairie7l.com\/en\/wp-json\/wp\/v2\/types\/product"}],"wp:featuredmedia":[{"embeddable":true,"href":"https:\/\/librairie7l.com\/en\/wp-json\/wp\/v2\/media\/48755"}],"wp:attachment":[{"href":"https:\/\/librairie7l.com\/en\/wp-json\/wp\/v2\/media?parent=48757"}],"wp:term":[{"taxonomy":"product_cat","embeddable":true,"href":"https:\/\/librairie7l.com\/en\/wp-json\/wp\/v2\/product_cat?post=48757"},{"taxonomy":"product_tag","embeddable":true,"href":"https:\/\/librairie7l.com\/en\/wp-json\/wp\/v2\/product_tag?post=48757"}],"curies":[{"name":"wp","href":"https:\/\/api.w.org\/{rel}","templated":true}]}}