{"id":48773,"date":"2025-06-15T12:46:38","date_gmt":"2025-06-15T10:46:38","guid":{"rendered":"https:\/\/librairie7l.com\/?post_type=product&#038;p=48773"},"modified":"2026-04-07T11:04:25","modified_gmt":"2026-04-07T09:04:25","slug":"six-of-crows-tome-1-six-hors-la-loi-une-quete-impossible-2","status":"publish","type":"product","link":"https:\/\/librairie7l.com\/en\/produit\/six-of-crows-tome-1-six-hors-la-loi-une-quete-impossible-2\/","title":{"rendered":"SIX OF CROWS TOME 1 : SIX HORS-LA-LOI, UNE QU\u00caTE IMPOSSIBLE"},"content":{"rendered":"<p>Les bas-fonds de Ketterdam s&#8217;organise en gangs rivaux. L&#8217;homme le plus ambitieux et le plus jeune de la p\u00e8gre est Kaz Brekker. Aussi brillant que myst\u00e9rieux, aussi charismatique que dangereux, et surtout, connu pour \u00eatre un voleur hors pair. Pr\u00eat \u00e0 tout pour de l&#8217;argent, il accepte la mission du riche marchand Van Eck : d\u00e9livrer un savant du palais de Glace, r\u00e9put\u00e9 imprenable. Ce prisonnier est l&#8217;inventeur du jurda parem, une drogue multipliant sans limite les pouvoirs surnaturels de la caste des magiciens : les Grishas. Une drogue, qui, tomb\u00e9e dans les mauvaises mains, risque d&#8217;engendrer un chaos irr\u00e9versible.<\/p>\n","protected":false},"excerpt":{"rendered":"<p>Les bas-fonds de Ketterdam s&#8217;organise en gangs rivaux. L&#8217;homme le plus ambitieux et le plus jeune de la p\u00e8gre est Kaz Brekker. Aussi brillant que myst\u00e9rieux, aussi charismatique que dangereux, et surtout, connu pour \u00eatre un voleur hors pair. Pr\u00eat \u00e0 tout pour de l&#8217;argent, il accepte la mission du riche marchand Van Eck : [&hellip;]<\/p>\n","protected":false},"featured_media":48771,"template":"","meta":[],"product_cat":[7364,2948],"product_tag":[],"acf":[],"yoast_head":"<!-- This site is optimized with the Yoast SEO plugin v20.11 - https:\/\/yoast.com\/wordpress\/plugins\/seo\/ -->\n<title>Six of crows Tome 1 : six hors-la-loi, une qu\u00eate impossible - Librairie 7L<\/title>\n<meta name=\"robots\" content=\"index, follow, max-snippet:-1, max-image-preview:large, max-video-preview:-1\" \/>\n<link rel=\"canonical\" href=\"https:\/\/librairie7l.com\/en\/produit\/six-of-crows-tome-1-six-hors-la-loi-une-quete-impossible-2\/\" \/>\n<meta property=\"og:locale\" content=\"en_US\" \/>\n<meta property=\"og:type\" content=\"article\" \/>\n<meta property=\"og:title\" content=\"Six of crows Tome 1 : six hors-la-loi, une qu\u00eate impossible - Librairie 7L\" \/>\n<meta property=\"og:description\" content=\"Les bas-fonds de Ketterdam s&#8217;organise en gangs rivaux. L&#8217;homme le plus ambitieux et le plus jeune de la p\u00e8gre est Kaz Brekker. Aussi brillant que myst\u00e9rieux, aussi charismatique que dangereux, et surtout, connu pour \u00eatre un voleur hors pair. Pr\u00eat \u00e0 tout pour de l&#8217;argent, il accepte la mission du riche marchand Van Eck : [&hellip;]\" \/>\n<meta property=\"og:url\" content=\"https:\/\/librairie7l.com\/en\/produit\/six-of-crows-tome-1-six-hors-la-loi-une-quete-impossible-2\/\" \/>\n<meta property=\"og:site_name\" content=\"Librairie 7L\" \/>\n<meta property=\"article:modified_time\" content=\"2026-04-07T09:04:25+00:00\" \/>\n<meta property=\"og:image\" content=\"https:\/\/librairie7l.com\/wp-content\/uploads\/2017\/07\/9782016265376_1_75.jpg\" \/>\n\t<meta property=\"og:image:width\" content=\"600\" \/>\n\t<meta property=\"og:image:height\" content=\"854\" \/>\n\t<meta property=\"og:image:type\" content=\"image\/jpeg\" \/>\n<meta name=\"twitter:card\" content=\"summary_large_image\" \/>\n<meta name=\"twitter:label1\" content=\"Est. reading time\" \/>\n\t<meta name=\"twitter:data1\" content=\"1 minute\" \/>\n<script type=\"application\/ld+json\" class=\"yoast-schema-graph\">{\"@context\":\"https:\/\/schema.org\",\"@graph\":[{\"@type\":\"WebPage\",\"@id\":\"https:\/\/librairie7l.com\/en\/produit\/six-of-crows-tome-1-six-hors-la-loi-une-quete-impossible-2\/\",\"url\":\"https:\/\/librairie7l.com\/en\/produit\/six-of-crows-tome-1-six-hors-la-loi-une-quete-impossible-2\/\",\"name\":\"Six of crows Tome 1 : six hors-la-loi, une qu\u00eate impossible - Librairie 7L\",\"isPartOf\":{\"@id\":\"https:\/\/librairie7l.com\/en\/#website\"},\"datePublished\":\"2025-06-15T10:46:38+00:00\",\"dateModified\":\"2026-04-07T09:04:25+00:00\",\"breadcrumb\":{\"@id\":\"https:\/\/librairie7l.com\/en\/produit\/six-of-crows-tome-1-six-hors-la-loi-une-quete-impossible-2\/#breadcrumb\"},\"inLanguage\":\"en-US\",\"potentialAction\":[{\"@type\":\"ReadAction\",\"target\":[\"https:\/\/librairie7l.com\/en\/produit\/six-of-crows-tome-1-six-hors-la-loi-une-quete-impossible-2\/\"]}]},{\"@type\":\"BreadcrumbList\",\"@id\":\"https:\/\/librairie7l.com\/en\/produit\/six-of-crows-tome-1-six-hors-la-loi-une-quete-impossible-2\/#breadcrumb\",\"itemListElement\":[{\"@type\":\"ListItem\",\"position\":1,\"name\":\"Accueil\",\"item\":\"https:\/\/librairie7l.com\/en\/\"},{\"@type\":\"ListItem\",\"position\":2,\"name\":\"Shop\",\"item\":\"https:\/\/librairie7l.com\/en\/shop\/\"},{\"@type\":\"ListItem\",\"position\":3,\"name\":\"SIX OF CROWS TOME 1 : SIX HORS-LA-LOI, UNE QU\u00caTE IMPOSSIBLE\"}]},{\"@type\":\"WebSite\",\"@id\":\"https:\/\/librairie7l.com\/en\/#website\",\"url\":\"https:\/\/librairie7l.com\/en\/\",\"name\":\"Librairie 7L\",\"description\":\"Librairie fond\u00e9e en 1999 par Karl Lagerfeld \u00e0 Paris\",\"publisher\":{\"@id\":\"https:\/\/librairie7l.com\/en\/#organization\"},\"potentialAction\":[{\"@type\":\"SearchAction\",\"target\":{\"@type\":\"EntryPoint\",\"urlTemplate\":\"https:\/\/librairie7l.com\/en\/?s={search_term_string}\"},\"query-input\":\"required name=search_term_string\"}],\"inLanguage\":\"en-US\"},{\"@type\":\"Organization\",\"@id\":\"https:\/\/librairie7l.com\/en\/#organization\",\"name\":\"Librairie 7L\",\"url\":\"https:\/\/librairie7l.com\/en\/\",\"logo\":{\"@type\":\"ImageObject\",\"inLanguage\":\"en-US\",\"@id\":\"https:\/\/librairie7l.com\/en\/#\/schema\/logo\/image\/\",\"url\":\"https:\/\/librairie7l.com\/wp-content\/uploads\/2022\/08\/logo-1.png\",\"contentUrl\":\"https:\/\/librairie7l.com\/wp-content\/uploads\/2022\/08\/logo-1.png\",\"width\":227,\"height\":301,\"caption\":\"Librairie 7L\"},\"image\":{\"@id\":\"https:\/\/librairie7l.com\/en\/#\/schema\/logo\/image\/\"}}]}<\/script>\n<!-- \/ Yoast SEO plugin. -->","yoast_head_json":{"title":"Six of crows Tome 1 : six hors-la-loi, une qu\u00eate impossible - Librairie 7L","robots":{"index":"index","follow":"follow","max-snippet":"max-snippet:-1","max-image-preview":"max-image-preview:large","max-video-preview":"max-video-preview:-1"},"canonical":"https:\/\/librairie7l.com\/en\/produit\/six-of-crows-tome-1-six-hors-la-loi-une-quete-impossible-2\/","og_locale":"en_US","og_type":"article","og_title":"Six of crows Tome 1 : six hors-la-loi, une qu\u00eate impossible - Librairie 7L","og_description":"Les bas-fonds de Ketterdam s&#8217;organise en gangs rivaux. L&#8217;homme le plus ambitieux et le plus jeune de la p\u00e8gre est Kaz Brekker. Aussi brillant que myst\u00e9rieux, aussi charismatique que dangereux, et surtout, connu pour \u00eatre un voleur hors pair. Pr\u00eat \u00e0 tout pour de l&#8217;argent, il accepte la mission du riche marchand Van Eck : [&hellip;]","og_url":"https:\/\/librairie7l.com\/en\/produit\/six-of-crows-tome-1-six-hors-la-loi-une-quete-impossible-2\/","og_site_name":"Librairie 7L","article_modified_time":"2026-04-07T09:04:25+00:00","og_image":[{"width":600,"height":854,"url":"https:\/\/librairie7l.com\/wp-content\/uploads\/2017\/07\/9782016265376_1_75.jpg","type":"image\/jpeg"}],"twitter_card":"summary_large_image","twitter_misc":{"Est. reading time":"1 minute"},"schema":{"@context":"https:\/\/schema.org","@graph":[{"@type":"WebPage","@id":"https:\/\/librairie7l.com\/en\/produit\/six-of-crows-tome-1-six-hors-la-loi-une-quete-impossible-2\/","url":"https:\/\/librairie7l.com\/en\/produit\/six-of-crows-tome-1-six-hors-la-loi-une-quete-impossible-2\/","name":"Six of crows Tome 1 : six hors-la-loi, une qu\u00eate impossible - Librairie 7L","isPartOf":{"@id":"https:\/\/librairie7l.com\/en\/#website"},"datePublished":"2025-06-15T10:46:38+00:00","dateModified":"2026-04-07T09:04:25+00:00","breadcrumb":{"@id":"https:\/\/librairie7l.com\/en\/produit\/six-of-crows-tome-1-six-hors-la-loi-une-quete-impossible-2\/#breadcrumb"},"inLanguage":"en-US","potentialAction":[{"@type":"ReadAction","target":["https:\/\/librairie7l.com\/en\/produit\/six-of-crows-tome-1-six-hors-la-loi-une-quete-impossible-2\/"]}]},{"@type":"BreadcrumbList","@id":"https:\/\/librairie7l.com\/en\/produit\/six-of-crows-tome-1-six-hors-la-loi-une-quete-impossible-2\/#breadcrumb","itemListElement":[{"@type":"ListItem","position":1,"name":"Accueil","item":"https:\/\/librairie7l.com\/en\/"},{"@type":"ListItem","position":2,"name":"Shop","item":"https:\/\/librairie7l.com\/en\/shop\/"},{"@type":"ListItem","position":3,"name":"SIX OF CROWS TOME 1 : SIX HORS-LA-LOI, UNE QU\u00caTE IMPOSSIBLE"}]},{"@type":"WebSite","@id":"https:\/\/librairie7l.com\/en\/#website","url":"https:\/\/librairie7l.com\/en\/","name":"Librairie 7L","description":"Librairie fond\u00e9e en 1999 par Karl Lagerfeld \u00e0 Paris","publisher":{"@id":"https:\/\/librairie7l.com\/en\/#organization"},"potentialAction":[{"@type":"SearchAction","target":{"@type":"EntryPoint","urlTemplate":"https:\/\/librairie7l.com\/en\/?s={search_term_string}"},"query-input":"required name=search_term_string"}],"inLanguage":"en-US"},{"@type":"Organization","@id":"https:\/\/librairie7l.com\/en\/#organization","name":"Librairie 7L","url":"https:\/\/librairie7l.com\/en\/","logo":{"@type":"ImageObject","inLanguage":"en-US","@id":"https:\/\/librairie7l.com\/en\/#\/schema\/logo\/image\/","url":"https:\/\/librairie7l.com\/wp-content\/uploads\/2022\/08\/logo-1.png","contentUrl":"https:\/\/librairie7l.com\/wp-content\/uploads\/2022\/08\/logo-1.png","width":227,"height":301,"caption":"Librairie 7L"},"image":{"@id":"https:\/\/librairie7l.com\/en\/#\/schema\/logo\/image\/"}}]}},"_links":{"self":[{"href":"https:\/\/librairie7l.com\/en\/wp-json\/wp\/v2\/product\/48773"}],"collection":[{"href":"https:\/\/librairie7l.com\/en\/wp-json\/wp\/v2\/product"}],"about":[{"href":"https:\/\/librairie7l.com\/en\/wp-json\/wp\/v2\/types\/product"}],"wp:featuredmedia":[{"embeddable":true,"href":"https:\/\/librairie7l.com\/en\/wp-json\/wp\/v2\/media\/48771"}],"wp:attachment":[{"href":"https:\/\/librairie7l.com\/en\/wp-json\/wp\/v2\/media?parent=48773"}],"wp:term":[{"taxonomy":"product_cat","embeddable":true,"href":"https:\/\/librairie7l.com\/en\/wp-json\/wp\/v2\/product_cat?post=48773"},{"taxonomy":"product_tag","embeddable":true,"href":"https:\/\/librairie7l.com\/en\/wp-json\/wp\/v2\/product_tag?post=48773"}],"curies":[{"name":"wp","href":"https:\/\/api.w.org\/{rel}","templated":true}]}}