{"id":48793,"date":"2025-06-18T09:17:42","date_gmt":"2025-06-18T07:17:42","guid":{"rendered":"https:\/\/librairie7l.com\/?post_type=product&#038;p=48793"},"modified":"2026-04-22T21:07:55","modified_gmt":"2026-04-22T19:07:55","slug":"le-design-en-france-deux-siecles-dhistoire-2","status":"publish","type":"product","link":"https:\/\/librairie7l.com\/en\/produit\/le-design-en-france-deux-siecles-dhistoire-2\/","title":{"rendered":"LE DESIGN EN FRANCE. DEUX SI\u00c8CLES D&#8217;HISTOIRE"},"content":{"rendered":"<p>Deux si\u00e8cles de rencontre de l&#8217;art et du fonctionnalisme.<br \/>\nLe couteau de poche de Joseph Opinel (1890), la DS 19 de Bertoni pour Citro\u00ebn ou le fauteuil LC4 de Le Corbusier. Le design fran\u00e7ais a ses ic\u00f4nes et ses vedettes : tout le monde ou presque conna\u00eet Charlotte Perriand ou Philippe Starck. Certains se souviennent de Raymond Loewy ou de Roger Tallon. Pourtant, l'&#8221; \u00e9cole &#8221; fran\u00e7aise, apparue avec l&#8217;art industriel et qui se structure durant l&#8217;entre-deux guerres, reste m\u00e9connue. Un design fran\u00e7ais qui allie inventivit\u00e9 et raffinement, et qui a r\u00e9ussi autant chez Moulinex-Seb que chez Yves Saint Laurent.<br \/>\n En un volume dense, document\u00e9 et illustr\u00e9, qui brasse la mode, les objets et le graphisme (affiche, illustration, animation&#8230;), St\u00e9phane Laurent nous raconte deux si\u00e8cles de design fran\u00e7ais, anim\u00e9s par une innovation technique, continue et puissante, men\u00e9e par des ing\u00e9nieurs-inventeurs-entrepreneurs autant que par des cr\u00e9ateurs. Dans cette fresque vivante et incarn\u00e9e, on trouvera aussi bien les inventions fondatrices, tels le tricycle \u00e9lectrique de Gustave Trouv\u00e9 (1880) ou le biplan Spad 13 (1918), que les moments cl\u00e9s, comme celui de la cr\u00e9ation de l&#8217;Union des artistes modernes (UAM) en 1929, sans oublier le r\u00e9cit des grandes \u00e9volutions institutionnelles et politiques.<\/p>\n","protected":false},"excerpt":{"rendered":"<p>Deux si\u00e8cles de rencontre de l&#8217;art et du fonctionnalisme. Le couteau de poche de Joseph Opinel (1890), la DS 19 de Bertoni pour Citro\u00ebn ou le fauteuil LC4 de Le Corbusier. Le design fran\u00e7ais a ses ic\u00f4nes et ses vedettes : tout le monde ou presque conna\u00eet Charlotte Perriand ou Philippe Starck. Certains se souviennent [&hellip;]<\/p>\n","protected":false},"featured_media":48791,"template":"","meta":[],"product_cat":[2948,2952],"product_tag":[],"acf":[],"yoast_head":"<!-- This site is optimized with the Yoast SEO plugin v20.11 - https:\/\/yoast.com\/wordpress\/plugins\/seo\/ -->\n<title>Le design en France. Deux si\u00e8cles d&#039;histoire - Librairie 7L<\/title>\n<meta name=\"robots\" content=\"index, follow, max-snippet:-1, max-image-preview:large, max-video-preview:-1\" \/>\n<link rel=\"canonical\" href=\"https:\/\/librairie7l.com\/en\/produit\/le-design-en-france-deux-siecles-dhistoire-2\/\" \/>\n<meta property=\"og:locale\" content=\"en_US\" \/>\n<meta property=\"og:type\" content=\"article\" \/>\n<meta property=\"og:title\" content=\"Le design en France. Deux si\u00e8cles d&#039;histoire - Librairie 7L\" \/>\n<meta property=\"og:description\" content=\"Deux si\u00e8cles de rencontre de l&#8217;art et du fonctionnalisme. Le couteau de poche de Joseph Opinel (1890), la DS 19 de Bertoni pour Citro\u00ebn ou le fauteuil LC4 de Le Corbusier. Le design fran\u00e7ais a ses ic\u00f4nes et ses vedettes : tout le monde ou presque conna\u00eet Charlotte Perriand ou Philippe Starck. Certains se souviennent [&hellip;]\" \/>\n<meta property=\"og:url\" content=\"https:\/\/librairie7l.com\/en\/produit\/le-design-en-france-deux-siecles-dhistoire-2\/\" \/>\n<meta property=\"og:site_name\" content=\"Librairie 7L\" \/>\n<meta property=\"article:modified_time\" content=\"2026-04-22T19:07:55+00:00\" \/>\n<meta property=\"og:image\" content=\"https:\/\/librairie7l.com\/wp-content\/uploads\/2025\/02\/9782271141972_1_75.jpg\" \/>\n\t<meta property=\"og:image:width\" content=\"600\" \/>\n\t<meta property=\"og:image:height\" content=\"914\" \/>\n\t<meta property=\"og:image:type\" content=\"image\/jpeg\" \/>\n<meta name=\"twitter:card\" content=\"summary_large_image\" \/>\n<meta name=\"twitter:label1\" content=\"Est. reading time\" \/>\n\t<meta name=\"twitter:data1\" content=\"1 minute\" \/>\n<script type=\"application\/ld+json\" class=\"yoast-schema-graph\">{\"@context\":\"https:\/\/schema.org\",\"@graph\":[{\"@type\":\"WebPage\",\"@id\":\"https:\/\/librairie7l.com\/en\/produit\/le-design-en-france-deux-siecles-dhistoire-2\/\",\"url\":\"https:\/\/librairie7l.com\/en\/produit\/le-design-en-france-deux-siecles-dhistoire-2\/\",\"name\":\"Le design en France. Deux si\u00e8cles d'histoire - Librairie 7L\",\"isPartOf\":{\"@id\":\"https:\/\/librairie7l.com\/en\/#website\"},\"datePublished\":\"2025-06-18T07:17:42+00:00\",\"dateModified\":\"2026-04-22T19:07:55+00:00\",\"breadcrumb\":{\"@id\":\"https:\/\/librairie7l.com\/en\/produit\/le-design-en-france-deux-siecles-dhistoire-2\/#breadcrumb\"},\"inLanguage\":\"en-US\",\"potentialAction\":[{\"@type\":\"ReadAction\",\"target\":[\"https:\/\/librairie7l.com\/en\/produit\/le-design-en-france-deux-siecles-dhistoire-2\/\"]}]},{\"@type\":\"BreadcrumbList\",\"@id\":\"https:\/\/librairie7l.com\/en\/produit\/le-design-en-france-deux-siecles-dhistoire-2\/#breadcrumb\",\"itemListElement\":[{\"@type\":\"ListItem\",\"position\":1,\"name\":\"Accueil\",\"item\":\"https:\/\/librairie7l.com\/en\/\"},{\"@type\":\"ListItem\",\"position\":2,\"name\":\"Shop\",\"item\":\"https:\/\/librairie7l.com\/en\/shop\/\"},{\"@type\":\"ListItem\",\"position\":3,\"name\":\"LE DESIGN EN FRANCE. DEUX SI\u00c8CLES D&#8217;HISTOIRE\"}]},{\"@type\":\"WebSite\",\"@id\":\"https:\/\/librairie7l.com\/en\/#website\",\"url\":\"https:\/\/librairie7l.com\/en\/\",\"name\":\"Librairie 7L\",\"description\":\"Librairie fond\u00e9e en 1999 par Karl Lagerfeld \u00e0 Paris\",\"publisher\":{\"@id\":\"https:\/\/librairie7l.com\/en\/#organization\"},\"potentialAction\":[{\"@type\":\"SearchAction\",\"target\":{\"@type\":\"EntryPoint\",\"urlTemplate\":\"https:\/\/librairie7l.com\/en\/?s={search_term_string}\"},\"query-input\":\"required name=search_term_string\"}],\"inLanguage\":\"en-US\"},{\"@type\":\"Organization\",\"@id\":\"https:\/\/librairie7l.com\/en\/#organization\",\"name\":\"Librairie 7L\",\"url\":\"https:\/\/librairie7l.com\/en\/\",\"logo\":{\"@type\":\"ImageObject\",\"inLanguage\":\"en-US\",\"@id\":\"https:\/\/librairie7l.com\/en\/#\/schema\/logo\/image\/\",\"url\":\"https:\/\/librairie7l.com\/wp-content\/uploads\/2022\/08\/logo-1.png\",\"contentUrl\":\"https:\/\/librairie7l.com\/wp-content\/uploads\/2022\/08\/logo-1.png\",\"width\":227,\"height\":301,\"caption\":\"Librairie 7L\"},\"image\":{\"@id\":\"https:\/\/librairie7l.com\/en\/#\/schema\/logo\/image\/\"}}]}<\/script>\n<!-- \/ Yoast SEO plugin. -->","yoast_head_json":{"title":"Le design en France. Deux si\u00e8cles d'histoire - Librairie 7L","robots":{"index":"index","follow":"follow","max-snippet":"max-snippet:-1","max-image-preview":"max-image-preview:large","max-video-preview":"max-video-preview:-1"},"canonical":"https:\/\/librairie7l.com\/en\/produit\/le-design-en-france-deux-siecles-dhistoire-2\/","og_locale":"en_US","og_type":"article","og_title":"Le design en France. Deux si\u00e8cles d'histoire - Librairie 7L","og_description":"Deux si\u00e8cles de rencontre de l&#8217;art et du fonctionnalisme. Le couteau de poche de Joseph Opinel (1890), la DS 19 de Bertoni pour Citro\u00ebn ou le fauteuil LC4 de Le Corbusier. Le design fran\u00e7ais a ses ic\u00f4nes et ses vedettes : tout le monde ou presque conna\u00eet Charlotte Perriand ou Philippe Starck. Certains se souviennent [&hellip;]","og_url":"https:\/\/librairie7l.com\/en\/produit\/le-design-en-france-deux-siecles-dhistoire-2\/","og_site_name":"Librairie 7L","article_modified_time":"2026-04-22T19:07:55+00:00","og_image":[{"width":600,"height":914,"url":"https:\/\/librairie7l.com\/wp-content\/uploads\/2025\/02\/9782271141972_1_75.jpg","type":"image\/jpeg"}],"twitter_card":"summary_large_image","twitter_misc":{"Est. reading time":"1 minute"},"schema":{"@context":"https:\/\/schema.org","@graph":[{"@type":"WebPage","@id":"https:\/\/librairie7l.com\/en\/produit\/le-design-en-france-deux-siecles-dhistoire-2\/","url":"https:\/\/librairie7l.com\/en\/produit\/le-design-en-france-deux-siecles-dhistoire-2\/","name":"Le design en France. Deux si\u00e8cles d'histoire - Librairie 7L","isPartOf":{"@id":"https:\/\/librairie7l.com\/en\/#website"},"datePublished":"2025-06-18T07:17:42+00:00","dateModified":"2026-04-22T19:07:55+00:00","breadcrumb":{"@id":"https:\/\/librairie7l.com\/en\/produit\/le-design-en-france-deux-siecles-dhistoire-2\/#breadcrumb"},"inLanguage":"en-US","potentialAction":[{"@type":"ReadAction","target":["https:\/\/librairie7l.com\/en\/produit\/le-design-en-france-deux-siecles-dhistoire-2\/"]}]},{"@type":"BreadcrumbList","@id":"https:\/\/librairie7l.com\/en\/produit\/le-design-en-france-deux-siecles-dhistoire-2\/#breadcrumb","itemListElement":[{"@type":"ListItem","position":1,"name":"Accueil","item":"https:\/\/librairie7l.com\/en\/"},{"@type":"ListItem","position":2,"name":"Shop","item":"https:\/\/librairie7l.com\/en\/shop\/"},{"@type":"ListItem","position":3,"name":"LE DESIGN EN FRANCE. DEUX SI\u00c8CLES D&#8217;HISTOIRE"}]},{"@type":"WebSite","@id":"https:\/\/librairie7l.com\/en\/#website","url":"https:\/\/librairie7l.com\/en\/","name":"Librairie 7L","description":"Librairie fond\u00e9e en 1999 par Karl Lagerfeld \u00e0 Paris","publisher":{"@id":"https:\/\/librairie7l.com\/en\/#organization"},"potentialAction":[{"@type":"SearchAction","target":{"@type":"EntryPoint","urlTemplate":"https:\/\/librairie7l.com\/en\/?s={search_term_string}"},"query-input":"required name=search_term_string"}],"inLanguage":"en-US"},{"@type":"Organization","@id":"https:\/\/librairie7l.com\/en\/#organization","name":"Librairie 7L","url":"https:\/\/librairie7l.com\/en\/","logo":{"@type":"ImageObject","inLanguage":"en-US","@id":"https:\/\/librairie7l.com\/en\/#\/schema\/logo\/image\/","url":"https:\/\/librairie7l.com\/wp-content\/uploads\/2022\/08\/logo-1.png","contentUrl":"https:\/\/librairie7l.com\/wp-content\/uploads\/2022\/08\/logo-1.png","width":227,"height":301,"caption":"Librairie 7L"},"image":{"@id":"https:\/\/librairie7l.com\/en\/#\/schema\/logo\/image\/"}}]}},"_links":{"self":[{"href":"https:\/\/librairie7l.com\/en\/wp-json\/wp\/v2\/product\/48793"}],"collection":[{"href":"https:\/\/librairie7l.com\/en\/wp-json\/wp\/v2\/product"}],"about":[{"href":"https:\/\/librairie7l.com\/en\/wp-json\/wp\/v2\/types\/product"}],"wp:featuredmedia":[{"embeddable":true,"href":"https:\/\/librairie7l.com\/en\/wp-json\/wp\/v2\/media\/48791"}],"wp:attachment":[{"href":"https:\/\/librairie7l.com\/en\/wp-json\/wp\/v2\/media?parent=48793"}],"wp:term":[{"taxonomy":"product_cat","embeddable":true,"href":"https:\/\/librairie7l.com\/en\/wp-json\/wp\/v2\/product_cat?post=48793"},{"taxonomy":"product_tag","embeddable":true,"href":"https:\/\/librairie7l.com\/en\/wp-json\/wp\/v2\/product_tag?post=48793"}],"curies":[{"name":"wp","href":"https:\/\/api.w.org\/{rel}","templated":true}]}}