{"id":48801,"date":"2025-06-18T09:17:47","date_gmt":"2025-06-18T07:17:47","guid":{"rendered":"https:\/\/librairie7l.com\/?post_type=product&#038;p=48801"},"modified":"2026-04-16T08:16:26","modified_gmt":"2026-04-16T06:16:26","slug":"le-jeu-des-fleurs-hanafuda-2","status":"publish","type":"product","link":"https:\/\/librairie7l.com\/en\/produit\/le-jeu-des-fleurs-hanafuda-2\/","title":{"rendered":"LE JEU DES FLEURS ; HANAFUDA"},"content":{"rendered":"<p>Il existe au Japon un jeu de cartes tr\u00e8s populaire, n\u00e9 au XVIe si\u00e8cle, appel\u00e9 hanafuda. Un jeu dans lequel il n&#8217;y a ni roi ni reine, mais des iris, des cerisiers et des saules ; et aussi des po\u00e8mes et des l\u00e9gendes, qui ne sont pas \u00e9crits mais que les motifs v\u00e9g\u00e9taux, associ\u00e9s \u00e0 la pleine lune ou \u00e0 un cerf, font aussit\u00f4t surgir \u00e0 la m\u00e9moire de tous les Japonais. Ce livre vous propose de le d\u00e9couvrir, comme un herbier merveilleux de fl eurs et de plantes r\u00e9v\u00e9lant tout un r\u00e9seau de paysages et de r\u00e9f\u00e9rences litt\u00e9raires.<\/p>\n","protected":false},"excerpt":{"rendered":"<p>Il existe au Japon un jeu de cartes tr\u00e8s populaire, n\u00e9 au XVIe si\u00e8cle, appel\u00e9 hanafuda. Un jeu dans lequel il n&#8217;y a ni roi ni reine, mais des iris, des cerisiers et des saules ; et aussi des po\u00e8mes et des l\u00e9gendes, qui ne sont pas \u00e9crits mais que les motifs v\u00e9g\u00e9taux, associ\u00e9s \u00e0 [&hellip;]<\/p>\n","protected":false},"featured_media":48799,"template":"","meta":[],"product_cat":[2948,2956],"product_tag":[],"acf":[],"yoast_head":"<!-- This site is optimized with the Yoast SEO plugin v20.11 - https:\/\/yoast.com\/wordpress\/plugins\/seo\/ -->\n<title>Le jeu des fleurs ; hanafuda - Librairie 7L<\/title>\n<meta name=\"robots\" content=\"index, follow, max-snippet:-1, max-image-preview:large, max-video-preview:-1\" \/>\n<link rel=\"canonical\" href=\"https:\/\/librairie7l.com\/en\/produit\/le-jeu-des-fleurs-hanafuda-2\/\" \/>\n<meta property=\"og:locale\" content=\"en_US\" \/>\n<meta property=\"og:type\" content=\"article\" \/>\n<meta property=\"og:title\" content=\"Le jeu des fleurs ; hanafuda - Librairie 7L\" \/>\n<meta property=\"og:description\" content=\"Il existe au Japon un jeu de cartes tr\u00e8s populaire, n\u00e9 au XVIe si\u00e8cle, appel\u00e9 hanafuda. Un jeu dans lequel il n&#8217;y a ni roi ni reine, mais des iris, des cerisiers et des saules ; et aussi des po\u00e8mes et des l\u00e9gendes, qui ne sont pas \u00e9crits mais que les motifs v\u00e9g\u00e9taux, associ\u00e9s \u00e0 [&hellip;]\" \/>\n<meta property=\"og:url\" content=\"https:\/\/librairie7l.com\/en\/produit\/le-jeu-des-fleurs-hanafuda-2\/\" \/>\n<meta property=\"og:site_name\" content=\"Librairie 7L\" \/>\n<meta property=\"article:modified_time\" content=\"2026-04-16T06:16:26+00:00\" \/>\n<meta property=\"og:image\" content=\"https:\/\/librairie7l.com\/wp-content\/uploads\/2014\/07\/9782809710441_1_75.jpg\" \/>\n\t<meta property=\"og:image:width\" content=\"600\" \/>\n\t<meta property=\"og:image:height\" content=\"933\" \/>\n\t<meta property=\"og:image:type\" content=\"image\/jpeg\" \/>\n<meta name=\"twitter:card\" content=\"summary_large_image\" \/>\n<meta name=\"twitter:label1\" content=\"Est. reading time\" \/>\n\t<meta name=\"twitter:data1\" content=\"1 minute\" \/>\n<script type=\"application\/ld+json\" class=\"yoast-schema-graph\">{\"@context\":\"https:\/\/schema.org\",\"@graph\":[{\"@type\":\"WebPage\",\"@id\":\"https:\/\/librairie7l.com\/en\/produit\/le-jeu-des-fleurs-hanafuda-2\/\",\"url\":\"https:\/\/librairie7l.com\/en\/produit\/le-jeu-des-fleurs-hanafuda-2\/\",\"name\":\"Le jeu des fleurs ; hanafuda - Librairie 7L\",\"isPartOf\":{\"@id\":\"https:\/\/librairie7l.com\/en\/#website\"},\"datePublished\":\"2025-06-18T07:17:47+00:00\",\"dateModified\":\"2026-04-16T06:16:26+00:00\",\"breadcrumb\":{\"@id\":\"https:\/\/librairie7l.com\/en\/produit\/le-jeu-des-fleurs-hanafuda-2\/#breadcrumb\"},\"inLanguage\":\"en-US\",\"potentialAction\":[{\"@type\":\"ReadAction\",\"target\":[\"https:\/\/librairie7l.com\/en\/produit\/le-jeu-des-fleurs-hanafuda-2\/\"]}]},{\"@type\":\"BreadcrumbList\",\"@id\":\"https:\/\/librairie7l.com\/en\/produit\/le-jeu-des-fleurs-hanafuda-2\/#breadcrumb\",\"itemListElement\":[{\"@type\":\"ListItem\",\"position\":1,\"name\":\"Accueil\",\"item\":\"https:\/\/librairie7l.com\/en\/\"},{\"@type\":\"ListItem\",\"position\":2,\"name\":\"Shop\",\"item\":\"https:\/\/librairie7l.com\/en\/shop\/\"},{\"@type\":\"ListItem\",\"position\":3,\"name\":\"LE JEU DES FLEURS ; HANAFUDA\"}]},{\"@type\":\"WebSite\",\"@id\":\"https:\/\/librairie7l.com\/en\/#website\",\"url\":\"https:\/\/librairie7l.com\/en\/\",\"name\":\"Librairie 7L\",\"description\":\"Librairie fond\u00e9e en 1999 par Karl Lagerfeld \u00e0 Paris\",\"publisher\":{\"@id\":\"https:\/\/librairie7l.com\/en\/#organization\"},\"potentialAction\":[{\"@type\":\"SearchAction\",\"target\":{\"@type\":\"EntryPoint\",\"urlTemplate\":\"https:\/\/librairie7l.com\/en\/?s={search_term_string}\"},\"query-input\":\"required name=search_term_string\"}],\"inLanguage\":\"en-US\"},{\"@type\":\"Organization\",\"@id\":\"https:\/\/librairie7l.com\/en\/#organization\",\"name\":\"Librairie 7L\",\"url\":\"https:\/\/librairie7l.com\/en\/\",\"logo\":{\"@type\":\"ImageObject\",\"inLanguage\":\"en-US\",\"@id\":\"https:\/\/librairie7l.com\/en\/#\/schema\/logo\/image\/\",\"url\":\"https:\/\/librairie7l.com\/wp-content\/uploads\/2022\/08\/logo-1.png\",\"contentUrl\":\"https:\/\/librairie7l.com\/wp-content\/uploads\/2022\/08\/logo-1.png\",\"width\":227,\"height\":301,\"caption\":\"Librairie 7L\"},\"image\":{\"@id\":\"https:\/\/librairie7l.com\/en\/#\/schema\/logo\/image\/\"}}]}<\/script>\n<!-- \/ Yoast SEO plugin. -->","yoast_head_json":{"title":"Le jeu des fleurs ; hanafuda - Librairie 7L","robots":{"index":"index","follow":"follow","max-snippet":"max-snippet:-1","max-image-preview":"max-image-preview:large","max-video-preview":"max-video-preview:-1"},"canonical":"https:\/\/librairie7l.com\/en\/produit\/le-jeu-des-fleurs-hanafuda-2\/","og_locale":"en_US","og_type":"article","og_title":"Le jeu des fleurs ; hanafuda - Librairie 7L","og_description":"Il existe au Japon un jeu de cartes tr\u00e8s populaire, n\u00e9 au XVIe si\u00e8cle, appel\u00e9 hanafuda. Un jeu dans lequel il n&#8217;y a ni roi ni reine, mais des iris, des cerisiers et des saules ; et aussi des po\u00e8mes et des l\u00e9gendes, qui ne sont pas \u00e9crits mais que les motifs v\u00e9g\u00e9taux, associ\u00e9s \u00e0 [&hellip;]","og_url":"https:\/\/librairie7l.com\/en\/produit\/le-jeu-des-fleurs-hanafuda-2\/","og_site_name":"Librairie 7L","article_modified_time":"2026-04-16T06:16:26+00:00","og_image":[{"width":600,"height":933,"url":"https:\/\/librairie7l.com\/wp-content\/uploads\/2014\/07\/9782809710441_1_75.jpg","type":"image\/jpeg"}],"twitter_card":"summary_large_image","twitter_misc":{"Est. reading time":"1 minute"},"schema":{"@context":"https:\/\/schema.org","@graph":[{"@type":"WebPage","@id":"https:\/\/librairie7l.com\/en\/produit\/le-jeu-des-fleurs-hanafuda-2\/","url":"https:\/\/librairie7l.com\/en\/produit\/le-jeu-des-fleurs-hanafuda-2\/","name":"Le jeu des fleurs ; hanafuda - Librairie 7L","isPartOf":{"@id":"https:\/\/librairie7l.com\/en\/#website"},"datePublished":"2025-06-18T07:17:47+00:00","dateModified":"2026-04-16T06:16:26+00:00","breadcrumb":{"@id":"https:\/\/librairie7l.com\/en\/produit\/le-jeu-des-fleurs-hanafuda-2\/#breadcrumb"},"inLanguage":"en-US","potentialAction":[{"@type":"ReadAction","target":["https:\/\/librairie7l.com\/en\/produit\/le-jeu-des-fleurs-hanafuda-2\/"]}]},{"@type":"BreadcrumbList","@id":"https:\/\/librairie7l.com\/en\/produit\/le-jeu-des-fleurs-hanafuda-2\/#breadcrumb","itemListElement":[{"@type":"ListItem","position":1,"name":"Accueil","item":"https:\/\/librairie7l.com\/en\/"},{"@type":"ListItem","position":2,"name":"Shop","item":"https:\/\/librairie7l.com\/en\/shop\/"},{"@type":"ListItem","position":3,"name":"LE JEU DES FLEURS ; HANAFUDA"}]},{"@type":"WebSite","@id":"https:\/\/librairie7l.com\/en\/#website","url":"https:\/\/librairie7l.com\/en\/","name":"Librairie 7L","description":"Librairie fond\u00e9e en 1999 par Karl Lagerfeld \u00e0 Paris","publisher":{"@id":"https:\/\/librairie7l.com\/en\/#organization"},"potentialAction":[{"@type":"SearchAction","target":{"@type":"EntryPoint","urlTemplate":"https:\/\/librairie7l.com\/en\/?s={search_term_string}"},"query-input":"required name=search_term_string"}],"inLanguage":"en-US"},{"@type":"Organization","@id":"https:\/\/librairie7l.com\/en\/#organization","name":"Librairie 7L","url":"https:\/\/librairie7l.com\/en\/","logo":{"@type":"ImageObject","inLanguage":"en-US","@id":"https:\/\/librairie7l.com\/en\/#\/schema\/logo\/image\/","url":"https:\/\/librairie7l.com\/wp-content\/uploads\/2022\/08\/logo-1.png","contentUrl":"https:\/\/librairie7l.com\/wp-content\/uploads\/2022\/08\/logo-1.png","width":227,"height":301,"caption":"Librairie 7L"},"image":{"@id":"https:\/\/librairie7l.com\/en\/#\/schema\/logo\/image\/"}}]}},"_links":{"self":[{"href":"https:\/\/librairie7l.com\/en\/wp-json\/wp\/v2\/product\/48801"}],"collection":[{"href":"https:\/\/librairie7l.com\/en\/wp-json\/wp\/v2\/product"}],"about":[{"href":"https:\/\/librairie7l.com\/en\/wp-json\/wp\/v2\/types\/product"}],"wp:featuredmedia":[{"embeddable":true,"href":"https:\/\/librairie7l.com\/en\/wp-json\/wp\/v2\/media\/48799"}],"wp:attachment":[{"href":"https:\/\/librairie7l.com\/en\/wp-json\/wp\/v2\/media?parent=48801"}],"wp:term":[{"taxonomy":"product_cat","embeddable":true,"href":"https:\/\/librairie7l.com\/en\/wp-json\/wp\/v2\/product_cat?post=48801"},{"taxonomy":"product_tag","embeddable":true,"href":"https:\/\/librairie7l.com\/en\/wp-json\/wp\/v2\/product_tag?post=48801"}],"curies":[{"name":"wp","href":"https:\/\/api.w.org\/{rel}","templated":true}]}}