{"id":48813,"date":"2025-06-18T09:17:57","date_gmt":"2025-06-18T07:17:57","guid":{"rendered":"https:\/\/librairie7l.com\/?post_type=product&#038;p=48813"},"modified":"2026-04-17T21:33:52","modified_gmt":"2026-04-17T19:33:52","slug":"inside-florence-2","status":"publish","type":"product","link":"https:\/\/librairie7l.com\/en\/produit\/inside-florence-2\/","title":{"rendered":"INSIDE FLORENCE"},"content":{"rendered":"<p>&#8220;Vivere a Firenze&#8221;, edito da Marsilio Arte, \u00e8 un racconto inedito di Firenze che nasce dall&#8217;amore per la tutela dei suoi luoghi e dalla volont\u00e0 di offrire uno sguardo intimo e originale sulla bellezza e la sapienza secolare delle botteghe artigiane cittadine, che fanno del capoluogo toscano una delle citt\u00e0 pi\u00f9 ammirate al mondo. Gli splendidi scorci, i minuziosi dettagli dell&#8217;arredo, le inquadrature, la cura e l&#8217;attenzione nel raccontare e descrivere l&#8217;opulenza e la raffinatezza delle dimore fiorentine, sono solo alcuni degli elementi che l&#8217;autrice Livia Frescobaldi ha selezionato per tracciare un itinerario alla scoperta dei suoi luoghi del cuore. Attraverso la fotografia di Alessandro Moggi e Eugenia Maffei, il volume incarna lo spirito di un affresco dagli infiniti scenari, i cui protagonisti sono gli eredi di una storia millenaria, in un difficile equilibrio tra modernit\u00e0 e tradizione. Sedici sezioni per sedici dimore &#8211; tra palazzi, giardini ed ex conventi &#8211; ciascuno dei quali legato ad uno specifico mestiere artigianale: il primo binomio raccontato \u00e8 quello tra Palazzo Frescobaldi e l&#8217;Antico Setificio Fiorentino, il cui connubio \u00e8 reso indissolubile dalla stoffa personalizzata Frescobaldi in produzione da tempi immemorabili. &#8220;Vivere a Firenze&#8221;, oltre ad essere specchio della ricchezza architettonica e artistica fiorentina, \u00e8 proprio un atto d&#8217;amore verso quelle figure professionali che, come sostiene Leonardo Ferragamo nel suo saggio introduttivo, \u00abcontinuano a creare la storia del futuro con la loro ingegnosa, perseverante e dedicata passione\u00bb. Arricchito dalle introduzioni di Eugenio Giani, Presidente della Regione Toscana, e Bernab\u00f2 Bocca, Presidente della Fondazione CR Firenze, la pubblicazione reclama l&#8217;unicit\u00e0 e la storicit\u00e0 di una citt\u00e0, Firenze, che gelosamente custodisce i mestieri d&#8217;arte e le botteghe artigiane, i palazzi noti e quelli pi\u00f9 nascosti, i giardini e gli spazi dedicati all&#8217;epoca contemporanea. Un itinerario pensato per chi vuole vivere Firenze, oltre che visitarla.<\/p>\n","protected":false},"excerpt":{"rendered":"<p>&#8220;Vivere a Firenze&#8221;, edito da Marsilio Arte, \u00e8 un racconto inedito di Firenze che nasce dall&#8217;amore per la tutela dei suoi luoghi e dalla volont\u00e0 di offrire uno sguardo intimo e originale sulla bellezza e la sapienza secolare delle botteghe artigiane cittadine, che fanno del capoluogo toscano una delle citt\u00e0 pi\u00f9 ammirate al mondo. Gli [&hellip;]<\/p>\n","protected":false},"featured_media":48811,"template":"","meta":[],"product_cat":[2948,2951],"product_tag":[],"acf":[],"yoast_head":"<!-- This site is optimized with the Yoast SEO plugin v20.11 - https:\/\/yoast.com\/wordpress\/plugins\/seo\/ -->\n<title>Inside Florence - Librairie 7L<\/title>\n<meta name=\"robots\" content=\"index, follow, max-snippet:-1, max-image-preview:large, max-video-preview:-1\" \/>\n<link rel=\"canonical\" href=\"https:\/\/librairie7l.com\/en\/produit\/inside-florence-2\/\" \/>\n<meta property=\"og:locale\" content=\"en_US\" \/>\n<meta property=\"og:type\" content=\"article\" \/>\n<meta property=\"og:title\" content=\"Inside Florence - Librairie 7L\" \/>\n<meta property=\"og:description\" content=\"&#8220;Vivere a Firenze&#8221;, edito da Marsilio Arte, \u00e8 un racconto inedito di Firenze che nasce dall&#8217;amore per la tutela dei suoi luoghi e dalla volont\u00e0 di offrire uno sguardo intimo e originale sulla bellezza e la sapienza secolare delle botteghe artigiane cittadine, che fanno del capoluogo toscano una delle citt\u00e0 pi\u00f9 ammirate al mondo. Gli [&hellip;]\" \/>\n<meta property=\"og:url\" content=\"https:\/\/librairie7l.com\/en\/produit\/inside-florence-2\/\" \/>\n<meta property=\"og:site_name\" content=\"Librairie 7L\" \/>\n<meta property=\"article:modified_time\" content=\"2026-04-17T19:33:52+00:00\" \/>\n<meta property=\"og:image\" content=\"https:\/\/librairie7l.com\/wp-content\/uploads\/2025\/02\/9791254632642_1_75.jpg\" \/>\n\t<meta property=\"og:image:width\" content=\"600\" \/>\n\t<meta property=\"og:image:height\" content=\"763\" \/>\n\t<meta property=\"og:image:type\" content=\"image\/jpeg\" \/>\n<meta name=\"twitter:card\" content=\"summary_large_image\" \/>\n<meta name=\"twitter:label1\" content=\"Est. reading time\" \/>\n\t<meta name=\"twitter:data1\" content=\"1 minute\" \/>\n<script type=\"application\/ld+json\" class=\"yoast-schema-graph\">{\"@context\":\"https:\/\/schema.org\",\"@graph\":[{\"@type\":\"WebPage\",\"@id\":\"https:\/\/librairie7l.com\/en\/produit\/inside-florence-2\/\",\"url\":\"https:\/\/librairie7l.com\/en\/produit\/inside-florence-2\/\",\"name\":\"Inside Florence - Librairie 7L\",\"isPartOf\":{\"@id\":\"https:\/\/librairie7l.com\/en\/#website\"},\"datePublished\":\"2025-06-18T07:17:57+00:00\",\"dateModified\":\"2026-04-17T19:33:52+00:00\",\"breadcrumb\":{\"@id\":\"https:\/\/librairie7l.com\/en\/produit\/inside-florence-2\/#breadcrumb\"},\"inLanguage\":\"en-US\",\"potentialAction\":[{\"@type\":\"ReadAction\",\"target\":[\"https:\/\/librairie7l.com\/en\/produit\/inside-florence-2\/\"]}]},{\"@type\":\"BreadcrumbList\",\"@id\":\"https:\/\/librairie7l.com\/en\/produit\/inside-florence-2\/#breadcrumb\",\"itemListElement\":[{\"@type\":\"ListItem\",\"position\":1,\"name\":\"Accueil\",\"item\":\"https:\/\/librairie7l.com\/en\/\"},{\"@type\":\"ListItem\",\"position\":2,\"name\":\"Shop\",\"item\":\"https:\/\/librairie7l.com\/en\/shop\/\"},{\"@type\":\"ListItem\",\"position\":3,\"name\":\"INSIDE FLORENCE\"}]},{\"@type\":\"WebSite\",\"@id\":\"https:\/\/librairie7l.com\/en\/#website\",\"url\":\"https:\/\/librairie7l.com\/en\/\",\"name\":\"Librairie 7L\",\"description\":\"Librairie fond\u00e9e en 1999 par Karl Lagerfeld \u00e0 Paris\",\"publisher\":{\"@id\":\"https:\/\/librairie7l.com\/en\/#organization\"},\"potentialAction\":[{\"@type\":\"SearchAction\",\"target\":{\"@type\":\"EntryPoint\",\"urlTemplate\":\"https:\/\/librairie7l.com\/en\/?s={search_term_string}\"},\"query-input\":\"required name=search_term_string\"}],\"inLanguage\":\"en-US\"},{\"@type\":\"Organization\",\"@id\":\"https:\/\/librairie7l.com\/en\/#organization\",\"name\":\"Librairie 7L\",\"url\":\"https:\/\/librairie7l.com\/en\/\",\"logo\":{\"@type\":\"ImageObject\",\"inLanguage\":\"en-US\",\"@id\":\"https:\/\/librairie7l.com\/en\/#\/schema\/logo\/image\/\",\"url\":\"https:\/\/librairie7l.com\/wp-content\/uploads\/2022\/08\/logo-1.png\",\"contentUrl\":\"https:\/\/librairie7l.com\/wp-content\/uploads\/2022\/08\/logo-1.png\",\"width\":227,\"height\":301,\"caption\":\"Librairie 7L\"},\"image\":{\"@id\":\"https:\/\/librairie7l.com\/en\/#\/schema\/logo\/image\/\"}}]}<\/script>\n<!-- \/ Yoast SEO plugin. -->","yoast_head_json":{"title":"Inside Florence - Librairie 7L","robots":{"index":"index","follow":"follow","max-snippet":"max-snippet:-1","max-image-preview":"max-image-preview:large","max-video-preview":"max-video-preview:-1"},"canonical":"https:\/\/librairie7l.com\/en\/produit\/inside-florence-2\/","og_locale":"en_US","og_type":"article","og_title":"Inside Florence - Librairie 7L","og_description":"&#8220;Vivere a Firenze&#8221;, edito da Marsilio Arte, \u00e8 un racconto inedito di Firenze che nasce dall&#8217;amore per la tutela dei suoi luoghi e dalla volont\u00e0 di offrire uno sguardo intimo e originale sulla bellezza e la sapienza secolare delle botteghe artigiane cittadine, che fanno del capoluogo toscano una delle citt\u00e0 pi\u00f9 ammirate al mondo. Gli [&hellip;]","og_url":"https:\/\/librairie7l.com\/en\/produit\/inside-florence-2\/","og_site_name":"Librairie 7L","article_modified_time":"2026-04-17T19:33:52+00:00","og_image":[{"width":600,"height":763,"url":"https:\/\/librairie7l.com\/wp-content\/uploads\/2025\/02\/9791254632642_1_75.jpg","type":"image\/jpeg"}],"twitter_card":"summary_large_image","twitter_misc":{"Est. reading time":"1 minute"},"schema":{"@context":"https:\/\/schema.org","@graph":[{"@type":"WebPage","@id":"https:\/\/librairie7l.com\/en\/produit\/inside-florence-2\/","url":"https:\/\/librairie7l.com\/en\/produit\/inside-florence-2\/","name":"Inside Florence - Librairie 7L","isPartOf":{"@id":"https:\/\/librairie7l.com\/en\/#website"},"datePublished":"2025-06-18T07:17:57+00:00","dateModified":"2026-04-17T19:33:52+00:00","breadcrumb":{"@id":"https:\/\/librairie7l.com\/en\/produit\/inside-florence-2\/#breadcrumb"},"inLanguage":"en-US","potentialAction":[{"@type":"ReadAction","target":["https:\/\/librairie7l.com\/en\/produit\/inside-florence-2\/"]}]},{"@type":"BreadcrumbList","@id":"https:\/\/librairie7l.com\/en\/produit\/inside-florence-2\/#breadcrumb","itemListElement":[{"@type":"ListItem","position":1,"name":"Accueil","item":"https:\/\/librairie7l.com\/en\/"},{"@type":"ListItem","position":2,"name":"Shop","item":"https:\/\/librairie7l.com\/en\/shop\/"},{"@type":"ListItem","position":3,"name":"INSIDE FLORENCE"}]},{"@type":"WebSite","@id":"https:\/\/librairie7l.com\/en\/#website","url":"https:\/\/librairie7l.com\/en\/","name":"Librairie 7L","description":"Librairie fond\u00e9e en 1999 par Karl Lagerfeld \u00e0 Paris","publisher":{"@id":"https:\/\/librairie7l.com\/en\/#organization"},"potentialAction":[{"@type":"SearchAction","target":{"@type":"EntryPoint","urlTemplate":"https:\/\/librairie7l.com\/en\/?s={search_term_string}"},"query-input":"required name=search_term_string"}],"inLanguage":"en-US"},{"@type":"Organization","@id":"https:\/\/librairie7l.com\/en\/#organization","name":"Librairie 7L","url":"https:\/\/librairie7l.com\/en\/","logo":{"@type":"ImageObject","inLanguage":"en-US","@id":"https:\/\/librairie7l.com\/en\/#\/schema\/logo\/image\/","url":"https:\/\/librairie7l.com\/wp-content\/uploads\/2022\/08\/logo-1.png","contentUrl":"https:\/\/librairie7l.com\/wp-content\/uploads\/2022\/08\/logo-1.png","width":227,"height":301,"caption":"Librairie 7L"},"image":{"@id":"https:\/\/librairie7l.com\/en\/#\/schema\/logo\/image\/"}}]}},"_links":{"self":[{"href":"https:\/\/librairie7l.com\/en\/wp-json\/wp\/v2\/product\/48813"}],"collection":[{"href":"https:\/\/librairie7l.com\/en\/wp-json\/wp\/v2\/product"}],"about":[{"href":"https:\/\/librairie7l.com\/en\/wp-json\/wp\/v2\/types\/product"}],"wp:featuredmedia":[{"embeddable":true,"href":"https:\/\/librairie7l.com\/en\/wp-json\/wp\/v2\/media\/48811"}],"wp:attachment":[{"href":"https:\/\/librairie7l.com\/en\/wp-json\/wp\/v2\/media?parent=48813"}],"wp:term":[{"taxonomy":"product_cat","embeddable":true,"href":"https:\/\/librairie7l.com\/en\/wp-json\/wp\/v2\/product_cat?post=48813"},{"taxonomy":"product_tag","embeddable":true,"href":"https:\/\/librairie7l.com\/en\/wp-json\/wp\/v2\/product_tag?post=48813"}],"curies":[{"name":"wp","href":"https:\/\/api.w.org\/{rel}","templated":true}]}}