{"id":48866,"date":"2025-06-21T22:27:41","date_gmt":"2025-06-21T20:27:41","guid":{"rendered":"https:\/\/librairie7l.com\/?post_type=product&#038;p=48866"},"modified":"2026-04-07T09:03:15","modified_gmt":"2026-04-07T07:03:15","slug":"lucian-freud-monumental-2","status":"publish","type":"product","link":"https:\/\/librairie7l.com\/en\/produit\/lucian-freud-monumental-2\/","title":{"rendered":"LUCIAN FREUD MONUMENTAL"},"content":{"rendered":"<p>Edit\u00e9 par David Dawson, assistant de longue date et ami de l&#8217;artiste, cet important volume pr\u00e9sente vingt peintures majeures et rarement montr\u00e9es de Lucian Freud (1922-2011). Le livre commence par des oeuvres de 1990, lorsque Freud a commenc\u00e9 \u00e0 peindre le performeur Leigh Bowery en des portraits \u00e0 grande \u00e9chelle qui ont inaugur\u00e9 un nouveau sens de la monumentalit\u00e9 dans l&#8217;oeuvre de l&#8217;artiste. Inspir\u00e9 par le physique impressionnant de Bowery, Freud a commenc\u00e9 \u00e0 mettre l&#8217;accent sur la pr\u00e9sence physique de ses sujets. Malgr\u00e9 leur grande envergure, les sujets nus de Freud sont toujours repr\u00e9sent\u00e9s avec intimit\u00e9, honn\u00eatet\u00e9 et profondeur psychologique.<\/p>\n","protected":false},"excerpt":{"rendered":"<p>Edit\u00e9 par David Dawson, assistant de longue date et ami de l&#8217;artiste, cet important volume pr\u00e9sente vingt peintures majeures et rarement montr\u00e9es de Lucian Freud (1922-2011). Le livre commence par des oeuvres de 1990, lorsque Freud a commenc\u00e9 \u00e0 peindre le performeur Leigh Bowery en des portraits \u00e0 grande \u00e9chelle qui ont inaugur\u00e9 un nouveau [&hellip;]<\/p>\n","protected":false},"featured_media":48864,"template":"","meta":[],"product_cat":[7364,2948],"product_tag":[],"acf":[],"yoast_head":"<!-- This site is optimized with the Yoast SEO plugin v20.11 - https:\/\/yoast.com\/wordpress\/plugins\/seo\/ -->\n<title>Lucian freud monumental - Librairie 7L<\/title>\n<meta name=\"robots\" content=\"index, follow, max-snippet:-1, max-image-preview:large, max-video-preview:-1\" \/>\n<link rel=\"canonical\" href=\"https:\/\/librairie7l.com\/en\/produit\/lucian-freud-monumental-2\/\" \/>\n<meta property=\"og:locale\" content=\"en_US\" \/>\n<meta property=\"og:type\" content=\"article\" \/>\n<meta property=\"og:title\" content=\"Lucian freud monumental - Librairie 7L\" \/>\n<meta property=\"og:description\" content=\"Edit\u00e9 par David Dawson, assistant de longue date et ami de l&#8217;artiste, cet important volume pr\u00e9sente vingt peintures majeures et rarement montr\u00e9es de Lucian Freud (1922-2011). Le livre commence par des oeuvres de 1990, lorsque Freud a commenc\u00e9 \u00e0 peindre le performeur Leigh Bowery en des portraits \u00e0 grande \u00e9chelle qui ont inaugur\u00e9 un nouveau [&hellip;]\" \/>\n<meta property=\"og:url\" content=\"https:\/\/librairie7l.com\/en\/produit\/lucian-freud-monumental-2\/\" \/>\n<meta property=\"og:site_name\" content=\"Librairie 7L\" \/>\n<meta property=\"article:modified_time\" content=\"2026-04-07T07:03:15+00:00\" \/>\n<meta property=\"og:image\" content=\"https:\/\/librairie7l.com\/wp-content\/uploads\/2018\/11\/9780847866847_1_75.jpg\" \/>\n\t<meta property=\"og:image:width\" content=\"248\" \/>\n\t<meta property=\"og:image:height\" content=\"315\" \/>\n\t<meta property=\"og:image:type\" content=\"image\/jpeg\" \/>\n<meta name=\"twitter:card\" content=\"summary_large_image\" \/>\n<meta name=\"twitter:label1\" content=\"Est. reading time\" \/>\n\t<meta name=\"twitter:data1\" content=\"1 minute\" \/>\n<script type=\"application\/ld+json\" class=\"yoast-schema-graph\">{\"@context\":\"https:\/\/schema.org\",\"@graph\":[{\"@type\":\"WebPage\",\"@id\":\"https:\/\/librairie7l.com\/en\/produit\/lucian-freud-monumental-2\/\",\"url\":\"https:\/\/librairie7l.com\/en\/produit\/lucian-freud-monumental-2\/\",\"name\":\"Lucian freud monumental - Librairie 7L\",\"isPartOf\":{\"@id\":\"https:\/\/librairie7l.com\/en\/#website\"},\"datePublished\":\"2025-06-21T20:27:41+00:00\",\"dateModified\":\"2026-04-07T07:03:15+00:00\",\"breadcrumb\":{\"@id\":\"https:\/\/librairie7l.com\/en\/produit\/lucian-freud-monumental-2\/#breadcrumb\"},\"inLanguage\":\"en-US\",\"potentialAction\":[{\"@type\":\"ReadAction\",\"target\":[\"https:\/\/librairie7l.com\/en\/produit\/lucian-freud-monumental-2\/\"]}]},{\"@type\":\"BreadcrumbList\",\"@id\":\"https:\/\/librairie7l.com\/en\/produit\/lucian-freud-monumental-2\/#breadcrumb\",\"itemListElement\":[{\"@type\":\"ListItem\",\"position\":1,\"name\":\"Accueil\",\"item\":\"https:\/\/librairie7l.com\/en\/\"},{\"@type\":\"ListItem\",\"position\":2,\"name\":\"Shop\",\"item\":\"https:\/\/librairie7l.com\/en\/shop\/\"},{\"@type\":\"ListItem\",\"position\":3,\"name\":\"LUCIAN FREUD MONUMENTAL\"}]},{\"@type\":\"WebSite\",\"@id\":\"https:\/\/librairie7l.com\/en\/#website\",\"url\":\"https:\/\/librairie7l.com\/en\/\",\"name\":\"Librairie 7L\",\"description\":\"Librairie fond\u00e9e en 1999 par Karl Lagerfeld \u00e0 Paris\",\"publisher\":{\"@id\":\"https:\/\/librairie7l.com\/en\/#organization\"},\"potentialAction\":[{\"@type\":\"SearchAction\",\"target\":{\"@type\":\"EntryPoint\",\"urlTemplate\":\"https:\/\/librairie7l.com\/en\/?s={search_term_string}\"},\"query-input\":\"required name=search_term_string\"}],\"inLanguage\":\"en-US\"},{\"@type\":\"Organization\",\"@id\":\"https:\/\/librairie7l.com\/en\/#organization\",\"name\":\"Librairie 7L\",\"url\":\"https:\/\/librairie7l.com\/en\/\",\"logo\":{\"@type\":\"ImageObject\",\"inLanguage\":\"en-US\",\"@id\":\"https:\/\/librairie7l.com\/en\/#\/schema\/logo\/image\/\",\"url\":\"https:\/\/librairie7l.com\/wp-content\/uploads\/2022\/08\/logo-1.png\",\"contentUrl\":\"https:\/\/librairie7l.com\/wp-content\/uploads\/2022\/08\/logo-1.png\",\"width\":227,\"height\":301,\"caption\":\"Librairie 7L\"},\"image\":{\"@id\":\"https:\/\/librairie7l.com\/en\/#\/schema\/logo\/image\/\"}}]}<\/script>\n<!-- \/ Yoast SEO plugin. -->","yoast_head_json":{"title":"Lucian freud monumental - Librairie 7L","robots":{"index":"index","follow":"follow","max-snippet":"max-snippet:-1","max-image-preview":"max-image-preview:large","max-video-preview":"max-video-preview:-1"},"canonical":"https:\/\/librairie7l.com\/en\/produit\/lucian-freud-monumental-2\/","og_locale":"en_US","og_type":"article","og_title":"Lucian freud monumental - Librairie 7L","og_description":"Edit\u00e9 par David Dawson, assistant de longue date et ami de l&#8217;artiste, cet important volume pr\u00e9sente vingt peintures majeures et rarement montr\u00e9es de Lucian Freud (1922-2011). Le livre commence par des oeuvres de 1990, lorsque Freud a commenc\u00e9 \u00e0 peindre le performeur Leigh Bowery en des portraits \u00e0 grande \u00e9chelle qui ont inaugur\u00e9 un nouveau [&hellip;]","og_url":"https:\/\/librairie7l.com\/en\/produit\/lucian-freud-monumental-2\/","og_site_name":"Librairie 7L","article_modified_time":"2026-04-07T07:03:15+00:00","og_image":[{"width":248,"height":315,"url":"https:\/\/librairie7l.com\/wp-content\/uploads\/2018\/11\/9780847866847_1_75.jpg","type":"image\/jpeg"}],"twitter_card":"summary_large_image","twitter_misc":{"Est. reading time":"1 minute"},"schema":{"@context":"https:\/\/schema.org","@graph":[{"@type":"WebPage","@id":"https:\/\/librairie7l.com\/en\/produit\/lucian-freud-monumental-2\/","url":"https:\/\/librairie7l.com\/en\/produit\/lucian-freud-monumental-2\/","name":"Lucian freud monumental - Librairie 7L","isPartOf":{"@id":"https:\/\/librairie7l.com\/en\/#website"},"datePublished":"2025-06-21T20:27:41+00:00","dateModified":"2026-04-07T07:03:15+00:00","breadcrumb":{"@id":"https:\/\/librairie7l.com\/en\/produit\/lucian-freud-monumental-2\/#breadcrumb"},"inLanguage":"en-US","potentialAction":[{"@type":"ReadAction","target":["https:\/\/librairie7l.com\/en\/produit\/lucian-freud-monumental-2\/"]}]},{"@type":"BreadcrumbList","@id":"https:\/\/librairie7l.com\/en\/produit\/lucian-freud-monumental-2\/#breadcrumb","itemListElement":[{"@type":"ListItem","position":1,"name":"Accueil","item":"https:\/\/librairie7l.com\/en\/"},{"@type":"ListItem","position":2,"name":"Shop","item":"https:\/\/librairie7l.com\/en\/shop\/"},{"@type":"ListItem","position":3,"name":"LUCIAN FREUD MONUMENTAL"}]},{"@type":"WebSite","@id":"https:\/\/librairie7l.com\/en\/#website","url":"https:\/\/librairie7l.com\/en\/","name":"Librairie 7L","description":"Librairie fond\u00e9e en 1999 par Karl Lagerfeld \u00e0 Paris","publisher":{"@id":"https:\/\/librairie7l.com\/en\/#organization"},"potentialAction":[{"@type":"SearchAction","target":{"@type":"EntryPoint","urlTemplate":"https:\/\/librairie7l.com\/en\/?s={search_term_string}"},"query-input":"required name=search_term_string"}],"inLanguage":"en-US"},{"@type":"Organization","@id":"https:\/\/librairie7l.com\/en\/#organization","name":"Librairie 7L","url":"https:\/\/librairie7l.com\/en\/","logo":{"@type":"ImageObject","inLanguage":"en-US","@id":"https:\/\/librairie7l.com\/en\/#\/schema\/logo\/image\/","url":"https:\/\/librairie7l.com\/wp-content\/uploads\/2022\/08\/logo-1.png","contentUrl":"https:\/\/librairie7l.com\/wp-content\/uploads\/2022\/08\/logo-1.png","width":227,"height":301,"caption":"Librairie 7L"},"image":{"@id":"https:\/\/librairie7l.com\/en\/#\/schema\/logo\/image\/"}}]}},"_links":{"self":[{"href":"https:\/\/librairie7l.com\/en\/wp-json\/wp\/v2\/product\/48866"}],"collection":[{"href":"https:\/\/librairie7l.com\/en\/wp-json\/wp\/v2\/product"}],"about":[{"href":"https:\/\/librairie7l.com\/en\/wp-json\/wp\/v2\/types\/product"}],"wp:featuredmedia":[{"embeddable":true,"href":"https:\/\/librairie7l.com\/en\/wp-json\/wp\/v2\/media\/48864"}],"wp:attachment":[{"href":"https:\/\/librairie7l.com\/en\/wp-json\/wp\/v2\/media?parent=48866"}],"wp:term":[{"taxonomy":"product_cat","embeddable":true,"href":"https:\/\/librairie7l.com\/en\/wp-json\/wp\/v2\/product_cat?post=48866"},{"taxonomy":"product_tag","embeddable":true,"href":"https:\/\/librairie7l.com\/en\/wp-json\/wp\/v2\/product_tag?post=48866"}],"curies":[{"name":"wp","href":"https:\/\/api.w.org\/{rel}","templated":true}]}}