{"id":48882,"date":"2025-06-22T08:46:45","date_gmt":"2025-06-22T06:46:45","guid":{"rendered":"https:\/\/librairie7l.com\/?post_type=product&#038;p=48882"},"modified":"2026-04-04T14:25:03","modified_gmt":"2026-04-04T12:25:03","slug":"vermeer-loeuvre-complet-2","status":"publish","type":"product","link":"https:\/\/librairie7l.com\/en\/produit\/vermeer-loeuvre-complet-2\/","title":{"rendered":"VERMEER. L&#8217;OEUVRE COMPLET"},"content":{"rendered":"<p>M\u00eame si son oeuvre ne compte \u00e0 notre connaissance que 35 tableaux, ses toiles ont donn\u00e9 naissance \u00e0 un best-seller inscrit dans la liste du New York Times, \u00e0 un film avec Scarlett Johansson et Colin Firth. Elles attirent un nombre record de visiteurs dans les grandes institutions artistiques, d&#8217;Amsterdam \u00e0 Washington et imposent des mesures sp\u00e9ciales pour contr\u00f4ler la foule au Mauritshuis, \u00e0 La Haye, o\u00f9 ils sont des milliers \u00e0 d\u00e9filer pour apercevoir l&#8217;\u00e9nigmatique et s\u00e9duisante Jeune Fille \u00e0 la perle, surnomm\u00e9e la \u00abMona Lisa n\u00e9erlandaise\u00bb.<\/p>\n<p>De son vivant, pourtant, la renomm\u00e9e de Johannes Vermeer (1632-1675) d\u00e9passait \u00e0 peine sa Delft natale et un petit cercle de commanditaires. Apr\u00e8s sa mort, seuls quelques collectionneurs et marchands d&#8217;art n\u00e9erlandais ont emp\u00each\u00e9 son nom de sombrer dans l&#8217;oubli. Hors des Pays-Bas, ses oeuvres ont souvent \u00e9t\u00e9 attribu\u00e9es \u00e0 tort \u00e0 d&#8217;autres artistes. Ce n&#8217;est qu&#8217;\u00e0 la moiti\u00e9 du XIXe si\u00e8cle que Vermeer a attir\u00e9 l&#8217;attention du monde artistique, qui s&#8217;est soudain pench\u00e9 sur ses d\u00e9tails narratifs, ses textures finement nuanc\u00e9es et ses majestueux pans de lumi\u00e8re. Une fois le g\u00e9nie red\u00e9couvert, il est d\u00e9finitivement sorti de l&#8217;ombre.<\/p>\n<p>Cette \u00e9dition rassemble le catalogue complet de l&#8217;oeuvre de Vermeer r\u00e9uni dans un format compact. Cette monographie regroupe ainsi, dans les meilleures reproductions imaginables, ses sc\u00e8nes paisibles et pourtant captivantes, tr\u00e9sors des galeries et mus\u00e9es europ\u00e9ens et am\u00e9ricains. Des agrandissements de d\u00e9tail \u00e9loquents et des essais soulignent le talent extraordinaire de Vermeer \u00e0 t\u00e9moigner des traditions et modes de l&#8217;\u00e2ge d&#8217;or n\u00e9erlandais, mais aussi \u00e0 \u00e9voquer toute une histoire \u00e0 travers une simple expression, un geste esquiss\u00e9 ou un regard fugace.<\/p>\n","protected":false},"excerpt":{"rendered":"<p>M\u00eame si son oeuvre ne compte \u00e0 notre connaissance que 35 tableaux, ses toiles ont donn\u00e9 naissance \u00e0 un best-seller inscrit dans la liste du New York Times, \u00e0 un film avec Scarlett Johansson et Colin Firth. Elles attirent un nombre record de visiteurs dans les grandes institutions artistiques, d&#8217;Amsterdam \u00e0 Washington et imposent des [&hellip;]<\/p>\n","protected":false},"featured_media":48880,"template":"","meta":[],"product_cat":[7364,2948],"product_tag":[],"acf":[],"yoast_head":"<!-- This site is optimized with the Yoast SEO plugin v20.11 - https:\/\/yoast.com\/wordpress\/plugins\/seo\/ -->\n<title>Vermeer. l&#039;oeuvre complet - Librairie 7L<\/title>\n<meta name=\"robots\" content=\"index, follow, max-snippet:-1, max-image-preview:large, max-video-preview:-1\" \/>\n<link rel=\"canonical\" href=\"https:\/\/librairie7l.com\/en\/produit\/vermeer-loeuvre-complet-2\/\" \/>\n<meta property=\"og:locale\" content=\"en_US\" \/>\n<meta property=\"og:type\" content=\"article\" \/>\n<meta property=\"og:title\" content=\"Vermeer. l&#039;oeuvre complet - Librairie 7L\" \/>\n<meta property=\"og:description\" content=\"M\u00eame si son oeuvre ne compte \u00e0 notre connaissance que 35 tableaux, ses toiles ont donn\u00e9 naissance \u00e0 un best-seller inscrit dans la liste du New York Times, \u00e0 un film avec Scarlett Johansson et Colin Firth. Elles attirent un nombre record de visiteurs dans les grandes institutions artistiques, d&#8217;Amsterdam \u00e0 Washington et imposent des [&hellip;]\" \/>\n<meta property=\"og:url\" content=\"https:\/\/librairie7l.com\/en\/produit\/vermeer-loeuvre-complet-2\/\" \/>\n<meta property=\"og:site_name\" content=\"Librairie 7L\" \/>\n<meta property=\"article:modified_time\" content=\"2026-04-04T12:25:03+00:00\" \/>\n<meta property=\"og:image\" content=\"https:\/\/librairie7l.com\/wp-content\/uploads\/2022\/02\/9783836593151_1_75.jpg\" \/>\n\t<meta property=\"og:image:width\" content=\"600\" \/>\n\t<meta property=\"og:image:height\" content=\"792\" \/>\n\t<meta property=\"og:image:type\" content=\"image\/jpeg\" \/>\n<meta name=\"twitter:card\" content=\"summary_large_image\" \/>\n<meta name=\"twitter:label1\" content=\"Est. reading time\" \/>\n\t<meta name=\"twitter:data1\" content=\"1 minute\" \/>\n<script type=\"application\/ld+json\" class=\"yoast-schema-graph\">{\"@context\":\"https:\/\/schema.org\",\"@graph\":[{\"@type\":\"WebPage\",\"@id\":\"https:\/\/librairie7l.com\/en\/produit\/vermeer-loeuvre-complet-2\/\",\"url\":\"https:\/\/librairie7l.com\/en\/produit\/vermeer-loeuvre-complet-2\/\",\"name\":\"Vermeer. l'oeuvre complet - Librairie 7L\",\"isPartOf\":{\"@id\":\"https:\/\/librairie7l.com\/en\/#website\"},\"datePublished\":\"2025-06-22T06:46:45+00:00\",\"dateModified\":\"2026-04-04T12:25:03+00:00\",\"breadcrumb\":{\"@id\":\"https:\/\/librairie7l.com\/en\/produit\/vermeer-loeuvre-complet-2\/#breadcrumb\"},\"inLanguage\":\"en-US\",\"potentialAction\":[{\"@type\":\"ReadAction\",\"target\":[\"https:\/\/librairie7l.com\/en\/produit\/vermeer-loeuvre-complet-2\/\"]}]},{\"@type\":\"BreadcrumbList\",\"@id\":\"https:\/\/librairie7l.com\/en\/produit\/vermeer-loeuvre-complet-2\/#breadcrumb\",\"itemListElement\":[{\"@type\":\"ListItem\",\"position\":1,\"name\":\"Accueil\",\"item\":\"https:\/\/librairie7l.com\/en\/\"},{\"@type\":\"ListItem\",\"position\":2,\"name\":\"Shop\",\"item\":\"https:\/\/librairie7l.com\/en\/shop\/\"},{\"@type\":\"ListItem\",\"position\":3,\"name\":\"VERMEER. L&#8217;OEUVRE COMPLET\"}]},{\"@type\":\"WebSite\",\"@id\":\"https:\/\/librairie7l.com\/en\/#website\",\"url\":\"https:\/\/librairie7l.com\/en\/\",\"name\":\"Librairie 7L\",\"description\":\"Librairie fond\u00e9e en 1999 par Karl Lagerfeld \u00e0 Paris\",\"publisher\":{\"@id\":\"https:\/\/librairie7l.com\/en\/#organization\"},\"potentialAction\":[{\"@type\":\"SearchAction\",\"target\":{\"@type\":\"EntryPoint\",\"urlTemplate\":\"https:\/\/librairie7l.com\/en\/?s={search_term_string}\"},\"query-input\":\"required name=search_term_string\"}],\"inLanguage\":\"en-US\"},{\"@type\":\"Organization\",\"@id\":\"https:\/\/librairie7l.com\/en\/#organization\",\"name\":\"Librairie 7L\",\"url\":\"https:\/\/librairie7l.com\/en\/\",\"logo\":{\"@type\":\"ImageObject\",\"inLanguage\":\"en-US\",\"@id\":\"https:\/\/librairie7l.com\/en\/#\/schema\/logo\/image\/\",\"url\":\"https:\/\/librairie7l.com\/wp-content\/uploads\/2022\/08\/logo-1.png\",\"contentUrl\":\"https:\/\/librairie7l.com\/wp-content\/uploads\/2022\/08\/logo-1.png\",\"width\":227,\"height\":301,\"caption\":\"Librairie 7L\"},\"image\":{\"@id\":\"https:\/\/librairie7l.com\/en\/#\/schema\/logo\/image\/\"}}]}<\/script>\n<!-- \/ Yoast SEO plugin. -->","yoast_head_json":{"title":"Vermeer. l'oeuvre complet - Librairie 7L","robots":{"index":"index","follow":"follow","max-snippet":"max-snippet:-1","max-image-preview":"max-image-preview:large","max-video-preview":"max-video-preview:-1"},"canonical":"https:\/\/librairie7l.com\/en\/produit\/vermeer-loeuvre-complet-2\/","og_locale":"en_US","og_type":"article","og_title":"Vermeer. l'oeuvre complet - Librairie 7L","og_description":"M\u00eame si son oeuvre ne compte \u00e0 notre connaissance que 35 tableaux, ses toiles ont donn\u00e9 naissance \u00e0 un best-seller inscrit dans la liste du New York Times, \u00e0 un film avec Scarlett Johansson et Colin Firth. Elles attirent un nombre record de visiteurs dans les grandes institutions artistiques, d&#8217;Amsterdam \u00e0 Washington et imposent des [&hellip;]","og_url":"https:\/\/librairie7l.com\/en\/produit\/vermeer-loeuvre-complet-2\/","og_site_name":"Librairie 7L","article_modified_time":"2026-04-04T12:25:03+00:00","og_image":[{"width":600,"height":792,"url":"https:\/\/librairie7l.com\/wp-content\/uploads\/2022\/02\/9783836593151_1_75.jpg","type":"image\/jpeg"}],"twitter_card":"summary_large_image","twitter_misc":{"Est. reading time":"1 minute"},"schema":{"@context":"https:\/\/schema.org","@graph":[{"@type":"WebPage","@id":"https:\/\/librairie7l.com\/en\/produit\/vermeer-loeuvre-complet-2\/","url":"https:\/\/librairie7l.com\/en\/produit\/vermeer-loeuvre-complet-2\/","name":"Vermeer. l'oeuvre complet - Librairie 7L","isPartOf":{"@id":"https:\/\/librairie7l.com\/en\/#website"},"datePublished":"2025-06-22T06:46:45+00:00","dateModified":"2026-04-04T12:25:03+00:00","breadcrumb":{"@id":"https:\/\/librairie7l.com\/en\/produit\/vermeer-loeuvre-complet-2\/#breadcrumb"},"inLanguage":"en-US","potentialAction":[{"@type":"ReadAction","target":["https:\/\/librairie7l.com\/en\/produit\/vermeer-loeuvre-complet-2\/"]}]},{"@type":"BreadcrumbList","@id":"https:\/\/librairie7l.com\/en\/produit\/vermeer-loeuvre-complet-2\/#breadcrumb","itemListElement":[{"@type":"ListItem","position":1,"name":"Accueil","item":"https:\/\/librairie7l.com\/en\/"},{"@type":"ListItem","position":2,"name":"Shop","item":"https:\/\/librairie7l.com\/en\/shop\/"},{"@type":"ListItem","position":3,"name":"VERMEER. L&#8217;OEUVRE COMPLET"}]},{"@type":"WebSite","@id":"https:\/\/librairie7l.com\/en\/#website","url":"https:\/\/librairie7l.com\/en\/","name":"Librairie 7L","description":"Librairie fond\u00e9e en 1999 par Karl Lagerfeld \u00e0 Paris","publisher":{"@id":"https:\/\/librairie7l.com\/en\/#organization"},"potentialAction":[{"@type":"SearchAction","target":{"@type":"EntryPoint","urlTemplate":"https:\/\/librairie7l.com\/en\/?s={search_term_string}"},"query-input":"required name=search_term_string"}],"inLanguage":"en-US"},{"@type":"Organization","@id":"https:\/\/librairie7l.com\/en\/#organization","name":"Librairie 7L","url":"https:\/\/librairie7l.com\/en\/","logo":{"@type":"ImageObject","inLanguage":"en-US","@id":"https:\/\/librairie7l.com\/en\/#\/schema\/logo\/image\/","url":"https:\/\/librairie7l.com\/wp-content\/uploads\/2022\/08\/logo-1.png","contentUrl":"https:\/\/librairie7l.com\/wp-content\/uploads\/2022\/08\/logo-1.png","width":227,"height":301,"caption":"Librairie 7L"},"image":{"@id":"https:\/\/librairie7l.com\/en\/#\/schema\/logo\/image\/"}}]}},"_links":{"self":[{"href":"https:\/\/librairie7l.com\/en\/wp-json\/wp\/v2\/product\/48882"}],"collection":[{"href":"https:\/\/librairie7l.com\/en\/wp-json\/wp\/v2\/product"}],"about":[{"href":"https:\/\/librairie7l.com\/en\/wp-json\/wp\/v2\/types\/product"}],"wp:featuredmedia":[{"embeddable":true,"href":"https:\/\/librairie7l.com\/en\/wp-json\/wp\/v2\/media\/48880"}],"wp:attachment":[{"href":"https:\/\/librairie7l.com\/en\/wp-json\/wp\/v2\/media?parent=48882"}],"wp:term":[{"taxonomy":"product_cat","embeddable":true,"href":"https:\/\/librairie7l.com\/en\/wp-json\/wp\/v2\/product_cat?post=48882"},{"taxonomy":"product_tag","embeddable":true,"href":"https:\/\/librairie7l.com\/en\/wp-json\/wp\/v2\/product_tag?post=48882"}],"curies":[{"name":"wp","href":"https:\/\/api.w.org\/{rel}","templated":true}]}}