{"id":48886,"date":"2025-06-22T08:48:01","date_gmt":"2025-06-22T06:48:01","guid":{"rendered":"https:\/\/librairie7l.com\/?post_type=product&#038;p=48886"},"modified":"2026-04-07T11:10:01","modified_gmt":"2026-04-07T09:10:01","slug":"rembrandt-2","status":"publish","type":"product","link":"https:\/\/librairie7l.com\/en\/produit\/rembrandt-2\/","title":{"rendered":"REMBRANDT"},"content":{"rendered":"<p>Monographie \u00e0 9,95 euros sur l&#8217;artiste hollandais Rembrandt.<br \/>\nMa\u00eetre incontest\u00e9 du Si\u00e8cle d&#8217;or n\u00e9erlandais, Rembrandt (1606-1669) a profond\u00e9ment marqu\u00e9 l&#8217;art occidental par sa peinture et sa gravure. Ce scrutateur infatigable de l&#8217;\u00e2me humaine doubl\u00e9 d&#8217;un technicien de g\u00e9nie a su, gr\u00e2ce \u00e0 son inimitable clair-obscur, insuffler force, myst\u00e8re et profondeur \u00e0 ses portraits, sc\u00e8nes bibliques ou historiques. Cet ouvrage vous invite \u00e0 d\u00e9couvrir l&#8217;oeuvre prolifique de ce virtuose de la lumi\u00e8re, embl\u00e8me \u00e9clatant du baroque.<br \/>\nLa vie de Rembrandt est \u00e0 l&#8217;image de la technique picturale qui a fait sa c\u00e9l\u00e9brit\u00e9.<br \/>\nClaire d&#8217;abord : ce fils de grand bourgeois d\u00e9laisse rapidement ses \u00e9tudes de philosophie pour se consacrer \u00e0 la peinture et \u00e0 l&#8217;eau forte ; s&#8217;installant bien vite dans un atelier avec son ami Jan Lievens, multipliant les \u00e9l\u00e8ves, il est rep\u00e9r\u00e9 rapidement par un riche n\u00e9gociant d&#8217;art, Hendrick van Uylenburgh, qui lui pr\u00e9sente sa future femme, Saskia. A cette \u00e9poque, les commandes croulent et le m\u00e9nage vit dans l&#8217;aisance.<br \/>\nObscure ensuite : apr\u00e8s la mort de trois de ses enfants, Saskia est elle-m\u00eame emport\u00e9 par la phtisie, alors que<br \/>\nLa Ronde de nuit re\u00e7oit un accueil froid de la part de ses commanditaires. D&#8217;ann\u00e9e en ann\u00e9e, ses dettes s&#8217;accumulent, ses concubinages avec ses servantes lui valent le bl\u00e2me des bourgeois et de l&#8217;Eglise ainsi qu&#8217;un proc\u00e8s.<br \/>\nSon g\u00e9nie et son succ\u00e8s artistique ne se sont quant \u00e0 eux toutefois jamais affaiblis. On c\u00e9l\u00e8bre ses portraits (collectifs, comme<br \/>\nLa Ronde de nuit, Le\u00e7on d&#8217;anatomie du docteur Tulp ; intimes, comme ses autoportraits) comme ses sc\u00e8nes bibliques (Bethsab\u00e9e au bain tenant la lettre de David) pour leurs jeux de contrastes qui attire le regard, pour l&#8217;humanit\u00e9 qui en ressort.<\/p>\n<p>Languages : Fr. En.<\/p>\n<p> &#8212;&#8212;-<\/p>\n<p>Undisputed master of the Dutch Golden Age, Rembrandt (1606-1669) profoundly influenced Western art through his painting and engraving. This tireless scrutinizer of the human soul, coupled with a genius technician, was able, thanks to his inimitable chiaroscuro, to infuse strength, mystery and depth into his portraits, biblical or historical scenes. This book invites you to discover the prolific work of this virtuoso of light, a shining emblem of the Baroque.<br \/>\nRembrandt&#8217;s life is like the pictorial technique that made him famous.<br \/>\nFirst of all, this son of a wealthy bourgeois quickly abandoned his studies in philosophy to devote himself to painting and etching. He quickly set up a studio with his friend Jan Lievens, and increased his number of students, and was quickly spotted by a rich art dealer, Hendrick van Uylenburgh, who introduced him to his future wife, Saskia. At that time, orders were pouring in and the household was living comfortably.<br \/>\nThen darkness: after the death of three of his children, Saskia herself was taken by phthisis, while The Night Watch received a cold reception from his patrons. Year after year, his debts accumulated, his concubinage with his maids earned him the reproach of the bourgeoisie and the Church as well as a lawsuit.<br \/>\nHowever, his genius and artistic success never waned. His portraits (collective, such as The Night Watch, Dr. Tulp&#8217;s Anatomy Lesson; intimate, such as his self-portraits) as well as his biblical scenes (Bathsheba at the bath holding David&#8217;s letter) are celebrated for their play of contrasts that attracts the eye, for the humanity that emerges.<\/p>\n","protected":false},"excerpt":{"rendered":"<p>Monographie \u00e0 9,95 euros sur l&#8217;artiste hollandais Rembrandt. Ma\u00eetre incontest\u00e9 du Si\u00e8cle d&#8217;or n\u00e9erlandais, Rembrandt (1606-1669) a profond\u00e9ment marqu\u00e9 l&#8217;art occidental par sa peinture et sa gravure. Ce scrutateur infatigable de l&#8217;\u00e2me humaine doubl\u00e9 d&#8217;un technicien de g\u00e9nie a su, gr\u00e2ce \u00e0 son inimitable clair-obscur, insuffler force, myst\u00e8re et profondeur \u00e0 ses portraits, sc\u00e8nes bibliques [&hellip;]<\/p>\n","protected":false},"featured_media":48884,"template":"","meta":[],"product_cat":[7364,2948],"product_tag":[],"acf":[],"yoast_head":"<!-- This site is optimized with the Yoast SEO plugin v20.11 - https:\/\/yoast.com\/wordpress\/plugins\/seo\/ -->\n<title>Rembrandt - Librairie 7L<\/title>\n<meta name=\"robots\" content=\"index, follow, max-snippet:-1, max-image-preview:large, max-video-preview:-1\" \/>\n<link rel=\"canonical\" href=\"https:\/\/librairie7l.com\/en\/produit\/rembrandt-2\/\" \/>\n<meta property=\"og:locale\" content=\"en_US\" \/>\n<meta property=\"og:type\" content=\"article\" \/>\n<meta property=\"og:title\" content=\"Rembrandt - Librairie 7L\" \/>\n<meta property=\"og:description\" content=\"Monographie \u00e0 9,95 euros sur l&#8217;artiste hollandais Rembrandt. Ma\u00eetre incontest\u00e9 du Si\u00e8cle d&#8217;or n\u00e9erlandais, Rembrandt (1606-1669) a profond\u00e9ment marqu\u00e9 l&#8217;art occidental par sa peinture et sa gravure. Ce scrutateur infatigable de l&#8217;\u00e2me humaine doubl\u00e9 d&#8217;un technicien de g\u00e9nie a su, gr\u00e2ce \u00e0 son inimitable clair-obscur, insuffler force, myst\u00e8re et profondeur \u00e0 ses portraits, sc\u00e8nes bibliques [&hellip;]\" \/>\n<meta property=\"og:url\" content=\"https:\/\/librairie7l.com\/en\/produit\/rembrandt-2\/\" \/>\n<meta property=\"og:site_name\" content=\"Librairie 7L\" \/>\n<meta property=\"article:modified_time\" content=\"2026-04-07T09:10:01+00:00\" \/>\n<meta property=\"og:image\" content=\"https:\/\/librairie7l.com\/wp-content\/uploads\/2016\/06\/9782809913804_1_75.jpg\" \/>\n\t<meta property=\"og:image:width\" content=\"600\" \/>\n\t<meta property=\"og:image:height\" content=\"602\" \/>\n\t<meta property=\"og:image:type\" content=\"image\/jpeg\" \/>\n<meta name=\"twitter:card\" content=\"summary_large_image\" \/>\n<meta name=\"twitter:label1\" content=\"Est. reading time\" \/>\n\t<meta name=\"twitter:data1\" content=\"3 minutes\" \/>\n<script type=\"application\/ld+json\" class=\"yoast-schema-graph\">{\"@context\":\"https:\/\/schema.org\",\"@graph\":[{\"@type\":\"WebPage\",\"@id\":\"https:\/\/librairie7l.com\/en\/produit\/rembrandt-2\/\",\"url\":\"https:\/\/librairie7l.com\/en\/produit\/rembrandt-2\/\",\"name\":\"Rembrandt - Librairie 7L\",\"isPartOf\":{\"@id\":\"https:\/\/librairie7l.com\/en\/#website\"},\"datePublished\":\"2025-06-22T06:48:01+00:00\",\"dateModified\":\"2026-04-07T09:10:01+00:00\",\"breadcrumb\":{\"@id\":\"https:\/\/librairie7l.com\/en\/produit\/rembrandt-2\/#breadcrumb\"},\"inLanguage\":\"en-US\",\"potentialAction\":[{\"@type\":\"ReadAction\",\"target\":[\"https:\/\/librairie7l.com\/en\/produit\/rembrandt-2\/\"]}]},{\"@type\":\"BreadcrumbList\",\"@id\":\"https:\/\/librairie7l.com\/en\/produit\/rembrandt-2\/#breadcrumb\",\"itemListElement\":[{\"@type\":\"ListItem\",\"position\":1,\"name\":\"Accueil\",\"item\":\"https:\/\/librairie7l.com\/en\/\"},{\"@type\":\"ListItem\",\"position\":2,\"name\":\"Shop\",\"item\":\"https:\/\/librairie7l.com\/en\/shop\/\"},{\"@type\":\"ListItem\",\"position\":3,\"name\":\"REMBRANDT\"}]},{\"@type\":\"WebSite\",\"@id\":\"https:\/\/librairie7l.com\/en\/#website\",\"url\":\"https:\/\/librairie7l.com\/en\/\",\"name\":\"Librairie 7L\",\"description\":\"Librairie fond\u00e9e en 1999 par Karl Lagerfeld \u00e0 Paris\",\"publisher\":{\"@id\":\"https:\/\/librairie7l.com\/en\/#organization\"},\"potentialAction\":[{\"@type\":\"SearchAction\",\"target\":{\"@type\":\"EntryPoint\",\"urlTemplate\":\"https:\/\/librairie7l.com\/en\/?s={search_term_string}\"},\"query-input\":\"required name=search_term_string\"}],\"inLanguage\":\"en-US\"},{\"@type\":\"Organization\",\"@id\":\"https:\/\/librairie7l.com\/en\/#organization\",\"name\":\"Librairie 7L\",\"url\":\"https:\/\/librairie7l.com\/en\/\",\"logo\":{\"@type\":\"ImageObject\",\"inLanguage\":\"en-US\",\"@id\":\"https:\/\/librairie7l.com\/en\/#\/schema\/logo\/image\/\",\"url\":\"https:\/\/librairie7l.com\/wp-content\/uploads\/2022\/08\/logo-1.png\",\"contentUrl\":\"https:\/\/librairie7l.com\/wp-content\/uploads\/2022\/08\/logo-1.png\",\"width\":227,\"height\":301,\"caption\":\"Librairie 7L\"},\"image\":{\"@id\":\"https:\/\/librairie7l.com\/en\/#\/schema\/logo\/image\/\"}}]}<\/script>\n<!-- \/ Yoast SEO plugin. -->","yoast_head_json":{"title":"Rembrandt - Librairie 7L","robots":{"index":"index","follow":"follow","max-snippet":"max-snippet:-1","max-image-preview":"max-image-preview:large","max-video-preview":"max-video-preview:-1"},"canonical":"https:\/\/librairie7l.com\/en\/produit\/rembrandt-2\/","og_locale":"en_US","og_type":"article","og_title":"Rembrandt - Librairie 7L","og_description":"Monographie \u00e0 9,95 euros sur l&#8217;artiste hollandais Rembrandt. Ma\u00eetre incontest\u00e9 du Si\u00e8cle d&#8217;or n\u00e9erlandais, Rembrandt (1606-1669) a profond\u00e9ment marqu\u00e9 l&#8217;art occidental par sa peinture et sa gravure. Ce scrutateur infatigable de l&#8217;\u00e2me humaine doubl\u00e9 d&#8217;un technicien de g\u00e9nie a su, gr\u00e2ce \u00e0 son inimitable clair-obscur, insuffler force, myst\u00e8re et profondeur \u00e0 ses portraits, sc\u00e8nes bibliques [&hellip;]","og_url":"https:\/\/librairie7l.com\/en\/produit\/rembrandt-2\/","og_site_name":"Librairie 7L","article_modified_time":"2026-04-07T09:10:01+00:00","og_image":[{"width":600,"height":602,"url":"https:\/\/librairie7l.com\/wp-content\/uploads\/2016\/06\/9782809913804_1_75.jpg","type":"image\/jpeg"}],"twitter_card":"summary_large_image","twitter_misc":{"Est. reading time":"3 minutes"},"schema":{"@context":"https:\/\/schema.org","@graph":[{"@type":"WebPage","@id":"https:\/\/librairie7l.com\/en\/produit\/rembrandt-2\/","url":"https:\/\/librairie7l.com\/en\/produit\/rembrandt-2\/","name":"Rembrandt - Librairie 7L","isPartOf":{"@id":"https:\/\/librairie7l.com\/en\/#website"},"datePublished":"2025-06-22T06:48:01+00:00","dateModified":"2026-04-07T09:10:01+00:00","breadcrumb":{"@id":"https:\/\/librairie7l.com\/en\/produit\/rembrandt-2\/#breadcrumb"},"inLanguage":"en-US","potentialAction":[{"@type":"ReadAction","target":["https:\/\/librairie7l.com\/en\/produit\/rembrandt-2\/"]}]},{"@type":"BreadcrumbList","@id":"https:\/\/librairie7l.com\/en\/produit\/rembrandt-2\/#breadcrumb","itemListElement":[{"@type":"ListItem","position":1,"name":"Accueil","item":"https:\/\/librairie7l.com\/en\/"},{"@type":"ListItem","position":2,"name":"Shop","item":"https:\/\/librairie7l.com\/en\/shop\/"},{"@type":"ListItem","position":3,"name":"REMBRANDT"}]},{"@type":"WebSite","@id":"https:\/\/librairie7l.com\/en\/#website","url":"https:\/\/librairie7l.com\/en\/","name":"Librairie 7L","description":"Librairie fond\u00e9e en 1999 par Karl Lagerfeld \u00e0 Paris","publisher":{"@id":"https:\/\/librairie7l.com\/en\/#organization"},"potentialAction":[{"@type":"SearchAction","target":{"@type":"EntryPoint","urlTemplate":"https:\/\/librairie7l.com\/en\/?s={search_term_string}"},"query-input":"required name=search_term_string"}],"inLanguage":"en-US"},{"@type":"Organization","@id":"https:\/\/librairie7l.com\/en\/#organization","name":"Librairie 7L","url":"https:\/\/librairie7l.com\/en\/","logo":{"@type":"ImageObject","inLanguage":"en-US","@id":"https:\/\/librairie7l.com\/en\/#\/schema\/logo\/image\/","url":"https:\/\/librairie7l.com\/wp-content\/uploads\/2022\/08\/logo-1.png","contentUrl":"https:\/\/librairie7l.com\/wp-content\/uploads\/2022\/08\/logo-1.png","width":227,"height":301,"caption":"Librairie 7L"},"image":{"@id":"https:\/\/librairie7l.com\/en\/#\/schema\/logo\/image\/"}}]}},"_links":{"self":[{"href":"https:\/\/librairie7l.com\/en\/wp-json\/wp\/v2\/product\/48886"}],"collection":[{"href":"https:\/\/librairie7l.com\/en\/wp-json\/wp\/v2\/product"}],"about":[{"href":"https:\/\/librairie7l.com\/en\/wp-json\/wp\/v2\/types\/product"}],"wp:featuredmedia":[{"embeddable":true,"href":"https:\/\/librairie7l.com\/en\/wp-json\/wp\/v2\/media\/48884"}],"wp:attachment":[{"href":"https:\/\/librairie7l.com\/en\/wp-json\/wp\/v2\/media?parent=48886"}],"wp:term":[{"taxonomy":"product_cat","embeddable":true,"href":"https:\/\/librairie7l.com\/en\/wp-json\/wp\/v2\/product_cat?post=48886"},{"taxonomy":"product_tag","embeddable":true,"href":"https:\/\/librairie7l.com\/en\/wp-json\/wp\/v2\/product_tag?post=48886"}],"curies":[{"name":"wp","href":"https:\/\/api.w.org\/{rel}","templated":true}]}}