{"id":48934,"date":"2025-06-25T02:24:06","date_gmt":"2025-06-25T00:24:06","guid":{"rendered":"https:\/\/librairie7l.com\/?post_type=product&#038;p=48934"},"modified":"2026-04-07T09:04:10","modified_gmt":"2026-04-07T07:04:10","slug":"catalogue-renoir-au-xx-siecle-2","status":"publish","type":"product","link":"https:\/\/librairie7l.com\/en\/produit\/catalogue-renoir-au-xx-siecle-2\/","title":{"rendered":"CATALOGUE RENOIR AU XX SI\u00c8CLE"},"content":{"rendered":"<p>&#8221; Je commence \u00e0 savoir peindre.<br \/>\nIl m&#8217;a fallu plus de cinquante ans de travail pour arriver \u00e0 ce r\u00e9sultat, bien incomplet encore &#8220;, d\u00e9clarait Pierre Auguste Renoir (1841-1919) en 1913. Cette m\u00eame ann\u00e9e, Guillaume Apollinaire faisait l&#8217;\u00e9loge de celui qu&#8217;il consid\u00e9rait comme &#8221; le plus grand peintre vivant &#8220;. Au d\u00e9but du XXe si\u00e8cle, Renoir jouit d&#8217;un prestige incontest\u00e9 sur la sc\u00e8ne artistique. On salue la figure embl\u00e9matique de l&#8217;impressionnisme des ann\u00e9es 1870, mais aussi la jeunesse d&#8217;un ma\u00eetre capable de d\u00e9passer et de renouveler un mouvement de plus en plus largement accept\u00e9.<br \/>\nRenoir invente un art qu&#8217;il veut classique et d\u00e9coratif. Henri Matisse, Pablo Picasso, mais aussi Pierre Bonnard ou Maurice Denis professent leur admiration pour Renoir, et en particulier pour sa &#8221; derni\u00e8re mani\u00e8re &#8220;, celle du tournant du XXe si\u00e8cle. De grands amateurs de l&#8217;art moderne, tels Leo et Gertrude Stein, Albert Barnes, Louise et Walter Arensberg ou encore Paul Guillaume, le collectionnent aux c\u00f4t\u00e9s de C\u00e9zanne, Picasso ou Matisse.<br \/>\nAccompagnant l&#8217;exposition, cet ouvrage revient sur ces ann\u00e9es f\u00e9condes et invite \u00e0 red\u00e9couvrir sous un jour neuf pr\u00e8s d&#8217;un quart de la carri\u00e8re de Renoir. Il constitue la premi\u00e8re publication jamais parue sur ce sujet.<\/p>\n","protected":false},"excerpt":{"rendered":"<p>&#8221; Je commence \u00e0 savoir peindre. Il m&#8217;a fallu plus de cinquante ans de travail pour arriver \u00e0 ce r\u00e9sultat, bien incomplet encore &#8220;, d\u00e9clarait Pierre Auguste Renoir (1841-1919) en 1913. Cette m\u00eame ann\u00e9e, Guillaume Apollinaire faisait l&#8217;\u00e9loge de celui qu&#8217;il consid\u00e9rait comme &#8221; le plus grand peintre vivant &#8220;. Au d\u00e9but du XXe si\u00e8cle, [&hellip;]<\/p>\n","protected":false},"featured_media":48932,"template":"","meta":[],"product_cat":[7364,2948],"product_tag":[],"acf":[],"yoast_head":"<!-- This site is optimized with the Yoast SEO plugin v20.11 - https:\/\/yoast.com\/wordpress\/plugins\/seo\/ -->\n<title>Catalogue Renoir au XX si\u00e8cle - Librairie 7L<\/title>\n<meta name=\"robots\" content=\"index, follow, max-snippet:-1, max-image-preview:large, max-video-preview:-1\" \/>\n<link rel=\"canonical\" href=\"https:\/\/librairie7l.com\/en\/produit\/catalogue-renoir-au-xx-siecle-2\/\" \/>\n<meta property=\"og:locale\" content=\"en_US\" \/>\n<meta property=\"og:type\" content=\"article\" \/>\n<meta property=\"og:title\" content=\"Catalogue Renoir au XX si\u00e8cle - Librairie 7L\" \/>\n<meta property=\"og:description\" content=\"&#8221; Je commence \u00e0 savoir peindre. Il m&#8217;a fallu plus de cinquante ans de travail pour arriver \u00e0 ce r\u00e9sultat, bien incomplet encore &#8220;, d\u00e9clarait Pierre Auguste Renoir (1841-1919) en 1913. Cette m\u00eame ann\u00e9e, Guillaume Apollinaire faisait l&#8217;\u00e9loge de celui qu&#8217;il consid\u00e9rait comme &#8221; le plus grand peintre vivant &#8220;. Au d\u00e9but du XXe si\u00e8cle, [&hellip;]\" \/>\n<meta property=\"og:url\" content=\"https:\/\/librairie7l.com\/en\/produit\/catalogue-renoir-au-xx-siecle-2\/\" \/>\n<meta property=\"og:site_name\" content=\"Librairie 7L\" \/>\n<meta property=\"article:modified_time\" content=\"2026-04-07T07:04:10+00:00\" \/>\n<meta property=\"og:image\" content=\"https:\/\/librairie7l.com\/wp-content\/uploads\/2009\/05\/9782711855872_1_75.jpg\" \/>\n\t<meta property=\"og:image:width\" content=\"378\" \/>\n\t<meta property=\"og:image:height\" content=\"500\" \/>\n\t<meta property=\"og:image:type\" content=\"image\/jpeg\" \/>\n<meta name=\"twitter:card\" content=\"summary_large_image\" \/>\n<meta name=\"twitter:label1\" content=\"Est. reading time\" \/>\n\t<meta name=\"twitter:data1\" content=\"1 minute\" \/>\n<script type=\"application\/ld+json\" class=\"yoast-schema-graph\">{\"@context\":\"https:\/\/schema.org\",\"@graph\":[{\"@type\":\"WebPage\",\"@id\":\"https:\/\/librairie7l.com\/en\/produit\/catalogue-renoir-au-xx-siecle-2\/\",\"url\":\"https:\/\/librairie7l.com\/en\/produit\/catalogue-renoir-au-xx-siecle-2\/\",\"name\":\"Catalogue Renoir au XX si\u00e8cle - Librairie 7L\",\"isPartOf\":{\"@id\":\"https:\/\/librairie7l.com\/en\/#website\"},\"datePublished\":\"2025-06-25T00:24:06+00:00\",\"dateModified\":\"2026-04-07T07:04:10+00:00\",\"breadcrumb\":{\"@id\":\"https:\/\/librairie7l.com\/en\/produit\/catalogue-renoir-au-xx-siecle-2\/#breadcrumb\"},\"inLanguage\":\"en-US\",\"potentialAction\":[{\"@type\":\"ReadAction\",\"target\":[\"https:\/\/librairie7l.com\/en\/produit\/catalogue-renoir-au-xx-siecle-2\/\"]}]},{\"@type\":\"BreadcrumbList\",\"@id\":\"https:\/\/librairie7l.com\/en\/produit\/catalogue-renoir-au-xx-siecle-2\/#breadcrumb\",\"itemListElement\":[{\"@type\":\"ListItem\",\"position\":1,\"name\":\"Accueil\",\"item\":\"https:\/\/librairie7l.com\/en\/\"},{\"@type\":\"ListItem\",\"position\":2,\"name\":\"Shop\",\"item\":\"https:\/\/librairie7l.com\/en\/shop\/\"},{\"@type\":\"ListItem\",\"position\":3,\"name\":\"CATALOGUE RENOIR AU XX SI\u00c8CLE\"}]},{\"@type\":\"WebSite\",\"@id\":\"https:\/\/librairie7l.com\/en\/#website\",\"url\":\"https:\/\/librairie7l.com\/en\/\",\"name\":\"Librairie 7L\",\"description\":\"Librairie fond\u00e9e en 1999 par Karl Lagerfeld \u00e0 Paris\",\"publisher\":{\"@id\":\"https:\/\/librairie7l.com\/en\/#organization\"},\"potentialAction\":[{\"@type\":\"SearchAction\",\"target\":{\"@type\":\"EntryPoint\",\"urlTemplate\":\"https:\/\/librairie7l.com\/en\/?s={search_term_string}\"},\"query-input\":\"required name=search_term_string\"}],\"inLanguage\":\"en-US\"},{\"@type\":\"Organization\",\"@id\":\"https:\/\/librairie7l.com\/en\/#organization\",\"name\":\"Librairie 7L\",\"url\":\"https:\/\/librairie7l.com\/en\/\",\"logo\":{\"@type\":\"ImageObject\",\"inLanguage\":\"en-US\",\"@id\":\"https:\/\/librairie7l.com\/en\/#\/schema\/logo\/image\/\",\"url\":\"https:\/\/librairie7l.com\/wp-content\/uploads\/2022\/08\/logo-1.png\",\"contentUrl\":\"https:\/\/librairie7l.com\/wp-content\/uploads\/2022\/08\/logo-1.png\",\"width\":227,\"height\":301,\"caption\":\"Librairie 7L\"},\"image\":{\"@id\":\"https:\/\/librairie7l.com\/en\/#\/schema\/logo\/image\/\"}}]}<\/script>\n<!-- \/ Yoast SEO plugin. -->","yoast_head_json":{"title":"Catalogue Renoir au XX si\u00e8cle - Librairie 7L","robots":{"index":"index","follow":"follow","max-snippet":"max-snippet:-1","max-image-preview":"max-image-preview:large","max-video-preview":"max-video-preview:-1"},"canonical":"https:\/\/librairie7l.com\/en\/produit\/catalogue-renoir-au-xx-siecle-2\/","og_locale":"en_US","og_type":"article","og_title":"Catalogue Renoir au XX si\u00e8cle - Librairie 7L","og_description":"&#8221; Je commence \u00e0 savoir peindre. Il m&#8217;a fallu plus de cinquante ans de travail pour arriver \u00e0 ce r\u00e9sultat, bien incomplet encore &#8220;, d\u00e9clarait Pierre Auguste Renoir (1841-1919) en 1913. Cette m\u00eame ann\u00e9e, Guillaume Apollinaire faisait l&#8217;\u00e9loge de celui qu&#8217;il consid\u00e9rait comme &#8221; le plus grand peintre vivant &#8220;. Au d\u00e9but du XXe si\u00e8cle, [&hellip;]","og_url":"https:\/\/librairie7l.com\/en\/produit\/catalogue-renoir-au-xx-siecle-2\/","og_site_name":"Librairie 7L","article_modified_time":"2026-04-07T07:04:10+00:00","og_image":[{"width":378,"height":500,"url":"https:\/\/librairie7l.com\/wp-content\/uploads\/2009\/05\/9782711855872_1_75.jpg","type":"image\/jpeg"}],"twitter_card":"summary_large_image","twitter_misc":{"Est. reading time":"1 minute"},"schema":{"@context":"https:\/\/schema.org","@graph":[{"@type":"WebPage","@id":"https:\/\/librairie7l.com\/en\/produit\/catalogue-renoir-au-xx-siecle-2\/","url":"https:\/\/librairie7l.com\/en\/produit\/catalogue-renoir-au-xx-siecle-2\/","name":"Catalogue Renoir au XX si\u00e8cle - Librairie 7L","isPartOf":{"@id":"https:\/\/librairie7l.com\/en\/#website"},"datePublished":"2025-06-25T00:24:06+00:00","dateModified":"2026-04-07T07:04:10+00:00","breadcrumb":{"@id":"https:\/\/librairie7l.com\/en\/produit\/catalogue-renoir-au-xx-siecle-2\/#breadcrumb"},"inLanguage":"en-US","potentialAction":[{"@type":"ReadAction","target":["https:\/\/librairie7l.com\/en\/produit\/catalogue-renoir-au-xx-siecle-2\/"]}]},{"@type":"BreadcrumbList","@id":"https:\/\/librairie7l.com\/en\/produit\/catalogue-renoir-au-xx-siecle-2\/#breadcrumb","itemListElement":[{"@type":"ListItem","position":1,"name":"Accueil","item":"https:\/\/librairie7l.com\/en\/"},{"@type":"ListItem","position":2,"name":"Shop","item":"https:\/\/librairie7l.com\/en\/shop\/"},{"@type":"ListItem","position":3,"name":"CATALOGUE RENOIR AU XX SI\u00c8CLE"}]},{"@type":"WebSite","@id":"https:\/\/librairie7l.com\/en\/#website","url":"https:\/\/librairie7l.com\/en\/","name":"Librairie 7L","description":"Librairie fond\u00e9e en 1999 par Karl Lagerfeld \u00e0 Paris","publisher":{"@id":"https:\/\/librairie7l.com\/en\/#organization"},"potentialAction":[{"@type":"SearchAction","target":{"@type":"EntryPoint","urlTemplate":"https:\/\/librairie7l.com\/en\/?s={search_term_string}"},"query-input":"required name=search_term_string"}],"inLanguage":"en-US"},{"@type":"Organization","@id":"https:\/\/librairie7l.com\/en\/#organization","name":"Librairie 7L","url":"https:\/\/librairie7l.com\/en\/","logo":{"@type":"ImageObject","inLanguage":"en-US","@id":"https:\/\/librairie7l.com\/en\/#\/schema\/logo\/image\/","url":"https:\/\/librairie7l.com\/wp-content\/uploads\/2022\/08\/logo-1.png","contentUrl":"https:\/\/librairie7l.com\/wp-content\/uploads\/2022\/08\/logo-1.png","width":227,"height":301,"caption":"Librairie 7L"},"image":{"@id":"https:\/\/librairie7l.com\/en\/#\/schema\/logo\/image\/"}}]}},"_links":{"self":[{"href":"https:\/\/librairie7l.com\/en\/wp-json\/wp\/v2\/product\/48934"}],"collection":[{"href":"https:\/\/librairie7l.com\/en\/wp-json\/wp\/v2\/product"}],"about":[{"href":"https:\/\/librairie7l.com\/en\/wp-json\/wp\/v2\/types\/product"}],"wp:featuredmedia":[{"embeddable":true,"href":"https:\/\/librairie7l.com\/en\/wp-json\/wp\/v2\/media\/48932"}],"wp:attachment":[{"href":"https:\/\/librairie7l.com\/en\/wp-json\/wp\/v2\/media?parent=48934"}],"wp:term":[{"taxonomy":"product_cat","embeddable":true,"href":"https:\/\/librairie7l.com\/en\/wp-json\/wp\/v2\/product_cat?post=48934"},{"taxonomy":"product_tag","embeddable":true,"href":"https:\/\/librairie7l.com\/en\/wp-json\/wp\/v2\/product_tag?post=48934"}],"curies":[{"name":"wp","href":"https:\/\/api.w.org\/{rel}","templated":true}]}}