{"id":48938,"date":"2025-06-25T02:24:19","date_gmt":"2025-06-25T00:24:19","guid":{"rendered":"https:\/\/librairie7l.com\/?post_type=product&#038;p=48938"},"modified":"2026-04-07T10:36:42","modified_gmt":"2026-04-07T08:36:42","slug":"renoir-2","status":"publish","type":"product","link":"https:\/\/librairie7l.com\/en\/produit\/renoir-2\/","title":{"rendered":"RENOIR"},"content":{"rendered":"<p>Auguste Renoir (1841-1919) est l&#8217;un des grands ma\u00eetres de l&#8217;impressionnisme.<\/p>\n<p> Son style unique, caract\u00e9ris\u00e9 par sa touche d\u00e9licate, la repr\u00e9sentation diffuse de la lumi\u00e8re et l&#8217;association habile des couleurs, souligne l&#8217;impression g\u00e9n\u00e9rale d&#8217;harmonie exprim\u00e9e par ses tableaux. Pla\u00e7ant l&#8217;individu au coeur de sa peinture, ses compositions refl\u00e8tent une joie de vivre et une atmosph\u00e8re chaleureuse qui vaudront \u00e0 Renoir le surnom de &#8221; peintre du bonheur &#8220;.<\/p>\n<p> Languages : Fr. En.<\/p>\n<p> &#8212;&#8212;&#8211;<\/p>\n<p> Auguste Renoir (1841-1919) is one of the great masters of Impressionism.<\/p>\n<p> His unique style, characterized by his delicate touch, the diffuse representation of light and the skillful combination of colors, underlines the general impression of harmony expressed by his paintings. Placing the individual at the heart of his painting, his compositions reflect a joie de vivre and a warm atmosphere that earned Renoir the nickname &#8220;Painter of Happiness&#8221;.<\/p>\n","protected":false},"excerpt":{"rendered":"<p>Auguste Renoir (1841-1919) est l&#8217;un des grands ma\u00eetres de l&#8217;impressionnisme. Son style unique, caract\u00e9ris\u00e9 par sa touche d\u00e9licate, la repr\u00e9sentation diffuse de la lumi\u00e8re et l&#8217;association habile des couleurs, souligne l&#8217;impression g\u00e9n\u00e9rale d&#8217;harmonie exprim\u00e9e par ses tableaux. Pla\u00e7ant l&#8217;individu au coeur de sa peinture, ses compositions refl\u00e8tent une joie de vivre et une atmosph\u00e8re chaleureuse [&hellip;]<\/p>\n","protected":false},"featured_media":48936,"template":"","meta":[],"product_cat":[7364,2948],"product_tag":[],"acf":[],"yoast_head":"<!-- This site is optimized with the Yoast SEO plugin v20.11 - https:\/\/yoast.com\/wordpress\/plugins\/seo\/ -->\n<title>Renoir - Librairie 7L<\/title>\n<meta name=\"robots\" content=\"index, follow, max-snippet:-1, max-image-preview:large, max-video-preview:-1\" \/>\n<link rel=\"canonical\" href=\"https:\/\/librairie7l.com\/en\/produit\/renoir-2\/\" \/>\n<meta property=\"og:locale\" content=\"en_US\" \/>\n<meta property=\"og:type\" content=\"article\" \/>\n<meta property=\"og:title\" content=\"Renoir - Librairie 7L\" \/>\n<meta property=\"og:description\" content=\"Auguste Renoir (1841-1919) est l&#8217;un des grands ma\u00eetres de l&#8217;impressionnisme. Son style unique, caract\u00e9ris\u00e9 par sa touche d\u00e9licate, la repr\u00e9sentation diffuse de la lumi\u00e8re et l&#8217;association habile des couleurs, souligne l&#8217;impression g\u00e9n\u00e9rale d&#8217;harmonie exprim\u00e9e par ses tableaux. Pla\u00e7ant l&#8217;individu au coeur de sa peinture, ses compositions refl\u00e8tent une joie de vivre et une atmosph\u00e8re chaleureuse [&hellip;]\" \/>\n<meta property=\"og:url\" content=\"https:\/\/librairie7l.com\/en\/produit\/renoir-2\/\" \/>\n<meta property=\"og:site_name\" content=\"Librairie 7L\" \/>\n<meta property=\"article:modified_time\" content=\"2026-04-07T08:36:42+00:00\" \/>\n<meta property=\"og:image\" content=\"https:\/\/librairie7l.com\/wp-content\/uploads\/2017\/07\/9782809915303_1_75.jpg\" \/>\n\t<meta property=\"og:image:width\" content=\"600\" \/>\n\t<meta property=\"og:image:height\" content=\"600\" \/>\n\t<meta property=\"og:image:type\" content=\"image\/jpeg\" \/>\n<meta name=\"twitter:card\" content=\"summary_large_image\" \/>\n<meta name=\"twitter:label1\" content=\"Est. reading time\" \/>\n\t<meta name=\"twitter:data1\" content=\"1 minute\" \/>\n<script type=\"application\/ld+json\" class=\"yoast-schema-graph\">{\"@context\":\"https:\/\/schema.org\",\"@graph\":[{\"@type\":\"WebPage\",\"@id\":\"https:\/\/librairie7l.com\/en\/produit\/renoir-2\/\",\"url\":\"https:\/\/librairie7l.com\/en\/produit\/renoir-2\/\",\"name\":\"Renoir - Librairie 7L\",\"isPartOf\":{\"@id\":\"https:\/\/librairie7l.com\/en\/#website\"},\"datePublished\":\"2025-06-25T00:24:19+00:00\",\"dateModified\":\"2026-04-07T08:36:42+00:00\",\"breadcrumb\":{\"@id\":\"https:\/\/librairie7l.com\/en\/produit\/renoir-2\/#breadcrumb\"},\"inLanguage\":\"en-US\",\"potentialAction\":[{\"@type\":\"ReadAction\",\"target\":[\"https:\/\/librairie7l.com\/en\/produit\/renoir-2\/\"]}]},{\"@type\":\"BreadcrumbList\",\"@id\":\"https:\/\/librairie7l.com\/en\/produit\/renoir-2\/#breadcrumb\",\"itemListElement\":[{\"@type\":\"ListItem\",\"position\":1,\"name\":\"Accueil\",\"item\":\"https:\/\/librairie7l.com\/en\/\"},{\"@type\":\"ListItem\",\"position\":2,\"name\":\"Shop\",\"item\":\"https:\/\/librairie7l.com\/en\/shop\/\"},{\"@type\":\"ListItem\",\"position\":3,\"name\":\"RENOIR\"}]},{\"@type\":\"WebSite\",\"@id\":\"https:\/\/librairie7l.com\/en\/#website\",\"url\":\"https:\/\/librairie7l.com\/en\/\",\"name\":\"Librairie 7L\",\"description\":\"Librairie fond\u00e9e en 1999 par Karl Lagerfeld \u00e0 Paris\",\"publisher\":{\"@id\":\"https:\/\/librairie7l.com\/en\/#organization\"},\"potentialAction\":[{\"@type\":\"SearchAction\",\"target\":{\"@type\":\"EntryPoint\",\"urlTemplate\":\"https:\/\/librairie7l.com\/en\/?s={search_term_string}\"},\"query-input\":\"required name=search_term_string\"}],\"inLanguage\":\"en-US\"},{\"@type\":\"Organization\",\"@id\":\"https:\/\/librairie7l.com\/en\/#organization\",\"name\":\"Librairie 7L\",\"url\":\"https:\/\/librairie7l.com\/en\/\",\"logo\":{\"@type\":\"ImageObject\",\"inLanguage\":\"en-US\",\"@id\":\"https:\/\/librairie7l.com\/en\/#\/schema\/logo\/image\/\",\"url\":\"https:\/\/librairie7l.com\/wp-content\/uploads\/2022\/08\/logo-1.png\",\"contentUrl\":\"https:\/\/librairie7l.com\/wp-content\/uploads\/2022\/08\/logo-1.png\",\"width\":227,\"height\":301,\"caption\":\"Librairie 7L\"},\"image\":{\"@id\":\"https:\/\/librairie7l.com\/en\/#\/schema\/logo\/image\/\"}}]}<\/script>\n<!-- \/ Yoast SEO plugin. -->","yoast_head_json":{"title":"Renoir - Librairie 7L","robots":{"index":"index","follow":"follow","max-snippet":"max-snippet:-1","max-image-preview":"max-image-preview:large","max-video-preview":"max-video-preview:-1"},"canonical":"https:\/\/librairie7l.com\/en\/produit\/renoir-2\/","og_locale":"en_US","og_type":"article","og_title":"Renoir - Librairie 7L","og_description":"Auguste Renoir (1841-1919) est l&#8217;un des grands ma\u00eetres de l&#8217;impressionnisme. Son style unique, caract\u00e9ris\u00e9 par sa touche d\u00e9licate, la repr\u00e9sentation diffuse de la lumi\u00e8re et l&#8217;association habile des couleurs, souligne l&#8217;impression g\u00e9n\u00e9rale d&#8217;harmonie exprim\u00e9e par ses tableaux. Pla\u00e7ant l&#8217;individu au coeur de sa peinture, ses compositions refl\u00e8tent une joie de vivre et une atmosph\u00e8re chaleureuse [&hellip;]","og_url":"https:\/\/librairie7l.com\/en\/produit\/renoir-2\/","og_site_name":"Librairie 7L","article_modified_time":"2026-04-07T08:36:42+00:00","og_image":[{"width":600,"height":600,"url":"https:\/\/librairie7l.com\/wp-content\/uploads\/2017\/07\/9782809915303_1_75.jpg","type":"image\/jpeg"}],"twitter_card":"summary_large_image","twitter_misc":{"Est. reading time":"1 minute"},"schema":{"@context":"https:\/\/schema.org","@graph":[{"@type":"WebPage","@id":"https:\/\/librairie7l.com\/en\/produit\/renoir-2\/","url":"https:\/\/librairie7l.com\/en\/produit\/renoir-2\/","name":"Renoir - Librairie 7L","isPartOf":{"@id":"https:\/\/librairie7l.com\/en\/#website"},"datePublished":"2025-06-25T00:24:19+00:00","dateModified":"2026-04-07T08:36:42+00:00","breadcrumb":{"@id":"https:\/\/librairie7l.com\/en\/produit\/renoir-2\/#breadcrumb"},"inLanguage":"en-US","potentialAction":[{"@type":"ReadAction","target":["https:\/\/librairie7l.com\/en\/produit\/renoir-2\/"]}]},{"@type":"BreadcrumbList","@id":"https:\/\/librairie7l.com\/en\/produit\/renoir-2\/#breadcrumb","itemListElement":[{"@type":"ListItem","position":1,"name":"Accueil","item":"https:\/\/librairie7l.com\/en\/"},{"@type":"ListItem","position":2,"name":"Shop","item":"https:\/\/librairie7l.com\/en\/shop\/"},{"@type":"ListItem","position":3,"name":"RENOIR"}]},{"@type":"WebSite","@id":"https:\/\/librairie7l.com\/en\/#website","url":"https:\/\/librairie7l.com\/en\/","name":"Librairie 7L","description":"Librairie fond\u00e9e en 1999 par Karl Lagerfeld \u00e0 Paris","publisher":{"@id":"https:\/\/librairie7l.com\/en\/#organization"},"potentialAction":[{"@type":"SearchAction","target":{"@type":"EntryPoint","urlTemplate":"https:\/\/librairie7l.com\/en\/?s={search_term_string}"},"query-input":"required name=search_term_string"}],"inLanguage":"en-US"},{"@type":"Organization","@id":"https:\/\/librairie7l.com\/en\/#organization","name":"Librairie 7L","url":"https:\/\/librairie7l.com\/en\/","logo":{"@type":"ImageObject","inLanguage":"en-US","@id":"https:\/\/librairie7l.com\/en\/#\/schema\/logo\/image\/","url":"https:\/\/librairie7l.com\/wp-content\/uploads\/2022\/08\/logo-1.png","contentUrl":"https:\/\/librairie7l.com\/wp-content\/uploads\/2022\/08\/logo-1.png","width":227,"height":301,"caption":"Librairie 7L"},"image":{"@id":"https:\/\/librairie7l.com\/en\/#\/schema\/logo\/image\/"}}]}},"_links":{"self":[{"href":"https:\/\/librairie7l.com\/en\/wp-json\/wp\/v2\/product\/48938"}],"collection":[{"href":"https:\/\/librairie7l.com\/en\/wp-json\/wp\/v2\/product"}],"about":[{"href":"https:\/\/librairie7l.com\/en\/wp-json\/wp\/v2\/types\/product"}],"wp:featuredmedia":[{"embeddable":true,"href":"https:\/\/librairie7l.com\/en\/wp-json\/wp\/v2\/media\/48936"}],"wp:attachment":[{"href":"https:\/\/librairie7l.com\/en\/wp-json\/wp\/v2\/media?parent=48938"}],"wp:term":[{"taxonomy":"product_cat","embeddable":true,"href":"https:\/\/librairie7l.com\/en\/wp-json\/wp\/v2\/product_cat?post=48938"},{"taxonomy":"product_tag","embeddable":true,"href":"https:\/\/librairie7l.com\/en\/wp-json\/wp\/v2\/product_tag?post=48938"}],"curies":[{"name":"wp","href":"https:\/\/api.w.org\/{rel}","templated":true}]}}