{"id":48946,"date":"2025-06-25T09:17:45","date_gmt":"2025-06-25T07:17:45","guid":{"rendered":"https:\/\/librairie7l.com\/?post_type=product&#038;p=48946"},"modified":"2026-04-18T05:41:23","modified_gmt":"2026-04-18T03:41:23","slug":"paradise-is-now-palm-trees-in-art-2","status":"publish","type":"product","link":"https:\/\/librairie7l.com\/en\/produit\/paradise-is-now-palm-trees-in-art-2\/","title":{"rendered":"PARADISE IS NOW PALM TREES IN ART"},"content":{"rendered":"<p>Les palmiers sont plus que jamais d&#8217;une extr\u00eame popularit\u00e9. Omnipr\u00e9sents dans la publicit\u00e9 et sur les r\u00e9seaux sociaux, ils symbolisent le luxe, la jet set ou encore le soleil \u00e9ternel, tel un jardin d&#8217;Eden moderne. Les arts n&#8217;ont pas r\u00e9sist\u00e9 \u00e0 son attrait et les artistes ont su s&#8217;approprier cette plante, aussi bien comme motif que pour son pouvoir m\u00e9taphorique. Les textes de Bret Easton Ellis, Robert Grunenberg, Leif Randt, and Norman Rosenthal viennent \u00e9clairer les oeuvres de Marcel Broodthaers, Rodney Graham, Secundino Hern\u00e1ndez, David Hockney, Alicja Kwade, Sigmar Polke, Ed Ruscha, ou encore Rirkrit Tiravanija.<\/p>\n","protected":false},"excerpt":{"rendered":"<p>Les palmiers sont plus que jamais d&#8217;une extr\u00eame popularit\u00e9. Omnipr\u00e9sents dans la publicit\u00e9 et sur les r\u00e9seaux sociaux, ils symbolisent le luxe, la jet set ou encore le soleil \u00e9ternel, tel un jardin d&#8217;Eden moderne. Les arts n&#8217;ont pas r\u00e9sist\u00e9 \u00e0 son attrait et les artistes ont su s&#8217;approprier cette plante, aussi bien comme motif [&hellip;]<\/p>\n","protected":false},"featured_media":48944,"template":"","meta":[],"product_cat":[2948,2953],"product_tag":[],"acf":[],"yoast_head":"<!-- This site is optimized with the Yoast SEO plugin v20.11 - https:\/\/yoast.com\/wordpress\/plugins\/seo\/ -->\n<title>Paradise is now palm trees in art - Librairie 7L<\/title>\n<meta name=\"robots\" content=\"index, follow, max-snippet:-1, max-image-preview:large, max-video-preview:-1\" \/>\n<link rel=\"canonical\" href=\"https:\/\/librairie7l.com\/en\/produit\/paradise-is-now-palm-trees-in-art-2\/\" \/>\n<meta property=\"og:locale\" content=\"en_US\" \/>\n<meta property=\"og:type\" content=\"article\" \/>\n<meta property=\"og:title\" content=\"Paradise is now palm trees in art - Librairie 7L\" \/>\n<meta property=\"og:description\" content=\"Les palmiers sont plus que jamais d&#8217;une extr\u00eame popularit\u00e9. Omnipr\u00e9sents dans la publicit\u00e9 et sur les r\u00e9seaux sociaux, ils symbolisent le luxe, la jet set ou encore le soleil \u00e9ternel, tel un jardin d&#8217;Eden moderne. Les arts n&#8217;ont pas r\u00e9sist\u00e9 \u00e0 son attrait et les artistes ont su s&#8217;approprier cette plante, aussi bien comme motif [&hellip;]\" \/>\n<meta property=\"og:url\" content=\"https:\/\/librairie7l.com\/en\/produit\/paradise-is-now-palm-trees-in-art-2\/\" \/>\n<meta property=\"og:site_name\" content=\"Librairie 7L\" \/>\n<meta property=\"article:modified_time\" content=\"2026-04-18T03:41:23+00:00\" \/>\n<meta property=\"og:image\" content=\"https:\/\/librairie7l.com\/wp-content\/uploads\/2018\/03\/9783775744461_1_75.jpg\" \/>\n\t<meta property=\"og:image:width\" content=\"490\" \/>\n\t<meta property=\"og:image:height\" content=\"588\" \/>\n\t<meta property=\"og:image:type\" content=\"image\/jpeg\" \/>\n<meta name=\"twitter:card\" content=\"summary_large_image\" \/>\n<meta name=\"twitter:label1\" content=\"Est. reading time\" \/>\n\t<meta name=\"twitter:data1\" content=\"1 minute\" \/>\n<script type=\"application\/ld+json\" class=\"yoast-schema-graph\">{\"@context\":\"https:\/\/schema.org\",\"@graph\":[{\"@type\":\"WebPage\",\"@id\":\"https:\/\/librairie7l.com\/en\/produit\/paradise-is-now-palm-trees-in-art-2\/\",\"url\":\"https:\/\/librairie7l.com\/en\/produit\/paradise-is-now-palm-trees-in-art-2\/\",\"name\":\"Paradise is now palm trees in art - Librairie 7L\",\"isPartOf\":{\"@id\":\"https:\/\/librairie7l.com\/en\/#website\"},\"datePublished\":\"2025-06-25T07:17:45+00:00\",\"dateModified\":\"2026-04-18T03:41:23+00:00\",\"breadcrumb\":{\"@id\":\"https:\/\/librairie7l.com\/en\/produit\/paradise-is-now-palm-trees-in-art-2\/#breadcrumb\"},\"inLanguage\":\"en-US\",\"potentialAction\":[{\"@type\":\"ReadAction\",\"target\":[\"https:\/\/librairie7l.com\/en\/produit\/paradise-is-now-palm-trees-in-art-2\/\"]}]},{\"@type\":\"BreadcrumbList\",\"@id\":\"https:\/\/librairie7l.com\/en\/produit\/paradise-is-now-palm-trees-in-art-2\/#breadcrumb\",\"itemListElement\":[{\"@type\":\"ListItem\",\"position\":1,\"name\":\"Accueil\",\"item\":\"https:\/\/librairie7l.com\/en\/\"},{\"@type\":\"ListItem\",\"position\":2,\"name\":\"Shop\",\"item\":\"https:\/\/librairie7l.com\/en\/shop\/\"},{\"@type\":\"ListItem\",\"position\":3,\"name\":\"PARADISE IS NOW PALM TREES IN ART\"}]},{\"@type\":\"WebSite\",\"@id\":\"https:\/\/librairie7l.com\/en\/#website\",\"url\":\"https:\/\/librairie7l.com\/en\/\",\"name\":\"Librairie 7L\",\"description\":\"Librairie fond\u00e9e en 1999 par Karl Lagerfeld \u00e0 Paris\",\"publisher\":{\"@id\":\"https:\/\/librairie7l.com\/en\/#organization\"},\"potentialAction\":[{\"@type\":\"SearchAction\",\"target\":{\"@type\":\"EntryPoint\",\"urlTemplate\":\"https:\/\/librairie7l.com\/en\/?s={search_term_string}\"},\"query-input\":\"required name=search_term_string\"}],\"inLanguage\":\"en-US\"},{\"@type\":\"Organization\",\"@id\":\"https:\/\/librairie7l.com\/en\/#organization\",\"name\":\"Librairie 7L\",\"url\":\"https:\/\/librairie7l.com\/en\/\",\"logo\":{\"@type\":\"ImageObject\",\"inLanguage\":\"en-US\",\"@id\":\"https:\/\/librairie7l.com\/en\/#\/schema\/logo\/image\/\",\"url\":\"https:\/\/librairie7l.com\/wp-content\/uploads\/2022\/08\/logo-1.png\",\"contentUrl\":\"https:\/\/librairie7l.com\/wp-content\/uploads\/2022\/08\/logo-1.png\",\"width\":227,\"height\":301,\"caption\":\"Librairie 7L\"},\"image\":{\"@id\":\"https:\/\/librairie7l.com\/en\/#\/schema\/logo\/image\/\"}}]}<\/script>\n<!-- \/ Yoast SEO plugin. -->","yoast_head_json":{"title":"Paradise is now palm trees in art - Librairie 7L","robots":{"index":"index","follow":"follow","max-snippet":"max-snippet:-1","max-image-preview":"max-image-preview:large","max-video-preview":"max-video-preview:-1"},"canonical":"https:\/\/librairie7l.com\/en\/produit\/paradise-is-now-palm-trees-in-art-2\/","og_locale":"en_US","og_type":"article","og_title":"Paradise is now palm trees in art - Librairie 7L","og_description":"Les palmiers sont plus que jamais d&#8217;une extr\u00eame popularit\u00e9. Omnipr\u00e9sents dans la publicit\u00e9 et sur les r\u00e9seaux sociaux, ils symbolisent le luxe, la jet set ou encore le soleil \u00e9ternel, tel un jardin d&#8217;Eden moderne. Les arts n&#8217;ont pas r\u00e9sist\u00e9 \u00e0 son attrait et les artistes ont su s&#8217;approprier cette plante, aussi bien comme motif [&hellip;]","og_url":"https:\/\/librairie7l.com\/en\/produit\/paradise-is-now-palm-trees-in-art-2\/","og_site_name":"Librairie 7L","article_modified_time":"2026-04-18T03:41:23+00:00","og_image":[{"width":490,"height":588,"url":"https:\/\/librairie7l.com\/wp-content\/uploads\/2018\/03\/9783775744461_1_75.jpg","type":"image\/jpeg"}],"twitter_card":"summary_large_image","twitter_misc":{"Est. reading time":"1 minute"},"schema":{"@context":"https:\/\/schema.org","@graph":[{"@type":"WebPage","@id":"https:\/\/librairie7l.com\/en\/produit\/paradise-is-now-palm-trees-in-art-2\/","url":"https:\/\/librairie7l.com\/en\/produit\/paradise-is-now-palm-trees-in-art-2\/","name":"Paradise is now palm trees in art - Librairie 7L","isPartOf":{"@id":"https:\/\/librairie7l.com\/en\/#website"},"datePublished":"2025-06-25T07:17:45+00:00","dateModified":"2026-04-18T03:41:23+00:00","breadcrumb":{"@id":"https:\/\/librairie7l.com\/en\/produit\/paradise-is-now-palm-trees-in-art-2\/#breadcrumb"},"inLanguage":"en-US","potentialAction":[{"@type":"ReadAction","target":["https:\/\/librairie7l.com\/en\/produit\/paradise-is-now-palm-trees-in-art-2\/"]}]},{"@type":"BreadcrumbList","@id":"https:\/\/librairie7l.com\/en\/produit\/paradise-is-now-palm-trees-in-art-2\/#breadcrumb","itemListElement":[{"@type":"ListItem","position":1,"name":"Accueil","item":"https:\/\/librairie7l.com\/en\/"},{"@type":"ListItem","position":2,"name":"Shop","item":"https:\/\/librairie7l.com\/en\/shop\/"},{"@type":"ListItem","position":3,"name":"PARADISE IS NOW PALM TREES IN ART"}]},{"@type":"WebSite","@id":"https:\/\/librairie7l.com\/en\/#website","url":"https:\/\/librairie7l.com\/en\/","name":"Librairie 7L","description":"Librairie fond\u00e9e en 1999 par Karl Lagerfeld \u00e0 Paris","publisher":{"@id":"https:\/\/librairie7l.com\/en\/#organization"},"potentialAction":[{"@type":"SearchAction","target":{"@type":"EntryPoint","urlTemplate":"https:\/\/librairie7l.com\/en\/?s={search_term_string}"},"query-input":"required name=search_term_string"}],"inLanguage":"en-US"},{"@type":"Organization","@id":"https:\/\/librairie7l.com\/en\/#organization","name":"Librairie 7L","url":"https:\/\/librairie7l.com\/en\/","logo":{"@type":"ImageObject","inLanguage":"en-US","@id":"https:\/\/librairie7l.com\/en\/#\/schema\/logo\/image\/","url":"https:\/\/librairie7l.com\/wp-content\/uploads\/2022\/08\/logo-1.png","contentUrl":"https:\/\/librairie7l.com\/wp-content\/uploads\/2022\/08\/logo-1.png","width":227,"height":301,"caption":"Librairie 7L"},"image":{"@id":"https:\/\/librairie7l.com\/en\/#\/schema\/logo\/image\/"}}]}},"_links":{"self":[{"href":"https:\/\/librairie7l.com\/en\/wp-json\/wp\/v2\/product\/48946"}],"collection":[{"href":"https:\/\/librairie7l.com\/en\/wp-json\/wp\/v2\/product"}],"about":[{"href":"https:\/\/librairie7l.com\/en\/wp-json\/wp\/v2\/types\/product"}],"wp:featuredmedia":[{"embeddable":true,"href":"https:\/\/librairie7l.com\/en\/wp-json\/wp\/v2\/media\/48944"}],"wp:attachment":[{"href":"https:\/\/librairie7l.com\/en\/wp-json\/wp\/v2\/media?parent=48946"}],"wp:term":[{"taxonomy":"product_cat","embeddable":true,"href":"https:\/\/librairie7l.com\/en\/wp-json\/wp\/v2\/product_cat?post=48946"},{"taxonomy":"product_tag","embeddable":true,"href":"https:\/\/librairie7l.com\/en\/wp-json\/wp\/v2\/product_tag?post=48946"}],"curies":[{"name":"wp","href":"https:\/\/api.w.org\/{rel}","templated":true}]}}