{"id":48972,"date":"2025-06-25T09:18:05","date_gmt":"2025-06-25T07:18:05","guid":{"rendered":"https:\/\/librairie7l.com\/?post_type=product&#038;p=48972"},"modified":"2026-04-17T15:06:26","modified_gmt":"2026-04-17T13:06:26","slug":"picasso-and-rivera-conversations-across-time-2","status":"publish","type":"product","link":"https:\/\/librairie7l.com\/en\/produit\/picasso-and-rivera-conversations-across-time-2\/","title":{"rendered":"PICASSO AND RIVERA CONVERSATIONS ACROSS TIME"},"content":{"rendered":"<p>Ce catalogue d&#8217;une exposition au LACMA \u00e0 Los Angeles (04\/12\/2016-30\/04\/2017) explore le dialogue artistique entre deux grands ma\u00eetres. En 150 oeuvres, dont des peintures, sculptures et estampes, ainsi que des objets m\u00e9diterran\u00e9ens et pr\u00e9colombiens, il explore les connexions et points communs entre les deux artistes, avec leurs ann\u00e9es de formations, les grandes d\u00e9couvertes arch\u00e9ologiques qui les ont marqu\u00e9s, ainsi que leurs relations d&#8217;amiti\u00e9 et de rivalit\u00e9 dans le quartier Montparnasse.<\/p>\n","protected":false},"excerpt":{"rendered":"<p>Ce catalogue d&#8217;une exposition au LACMA \u00e0 Los Angeles (04\/12\/2016-30\/04\/2017) explore le dialogue artistique entre deux grands ma\u00eetres. En 150 oeuvres, dont des peintures, sculptures et estampes, ainsi que des objets m\u00e9diterran\u00e9ens et pr\u00e9colombiens, il explore les connexions et points communs entre les deux artistes, avec leurs ann\u00e9es de formations, les grandes d\u00e9couvertes arch\u00e9ologiques qui [&hellip;]<\/p>\n","protected":false},"featured_media":48970,"template":"","meta":[],"product_cat":[2948,2953],"product_tag":[],"acf":[],"yoast_head":"<!-- This site is optimized with the Yoast SEO plugin v20.11 - https:\/\/yoast.com\/wordpress\/plugins\/seo\/ -->\n<title>Picasso and rivera conversations across time - Librairie 7L<\/title>\n<meta name=\"robots\" content=\"index, follow, max-snippet:-1, max-image-preview:large, max-video-preview:-1\" \/>\n<link rel=\"canonical\" href=\"https:\/\/librairie7l.com\/en\/produit\/picasso-and-rivera-conversations-across-time-2\/\" \/>\n<meta property=\"og:locale\" content=\"en_US\" \/>\n<meta property=\"og:type\" content=\"article\" \/>\n<meta property=\"og:title\" content=\"Picasso and rivera conversations across time - Librairie 7L\" \/>\n<meta property=\"og:description\" content=\"Ce catalogue d&#8217;une exposition au LACMA \u00e0 Los Angeles (04\/12\/2016-30\/04\/2017) explore le dialogue artistique entre deux grands ma\u00eetres. En 150 oeuvres, dont des peintures, sculptures et estampes, ainsi que des objets m\u00e9diterran\u00e9ens et pr\u00e9colombiens, il explore les connexions et points communs entre les deux artistes, avec leurs ann\u00e9es de formations, les grandes d\u00e9couvertes arch\u00e9ologiques qui [&hellip;]\" \/>\n<meta property=\"og:url\" content=\"https:\/\/librairie7l.com\/en\/produit\/picasso-and-rivera-conversations-across-time-2\/\" \/>\n<meta property=\"og:site_name\" content=\"Librairie 7L\" \/>\n<meta property=\"article:modified_time\" content=\"2026-04-17T13:06:26+00:00\" \/>\n<meta property=\"og:image\" content=\"https:\/\/librairie7l.com\/wp-content\/uploads\/2016\/04\/9783791355559_1_75.jpg\" \/>\n\t<meta property=\"og:image:width\" content=\"426\" \/>\n\t<meta property=\"og:image:height\" content=\"500\" \/>\n\t<meta property=\"og:image:type\" content=\"image\/jpeg\" \/>\n<meta name=\"twitter:card\" content=\"summary_large_image\" \/>\n<script type=\"application\/ld+json\" class=\"yoast-schema-graph\">{\"@context\":\"https:\/\/schema.org\",\"@graph\":[{\"@type\":\"WebPage\",\"@id\":\"https:\/\/librairie7l.com\/en\/produit\/picasso-and-rivera-conversations-across-time-2\/\",\"url\":\"https:\/\/librairie7l.com\/en\/produit\/picasso-and-rivera-conversations-across-time-2\/\",\"name\":\"Picasso and rivera conversations across time - Librairie 7L\",\"isPartOf\":{\"@id\":\"https:\/\/librairie7l.com\/en\/#website\"},\"datePublished\":\"2025-06-25T07:18:05+00:00\",\"dateModified\":\"2026-04-17T13:06:26+00:00\",\"breadcrumb\":{\"@id\":\"https:\/\/librairie7l.com\/en\/produit\/picasso-and-rivera-conversations-across-time-2\/#breadcrumb\"},\"inLanguage\":\"en-US\",\"potentialAction\":[{\"@type\":\"ReadAction\",\"target\":[\"https:\/\/librairie7l.com\/en\/produit\/picasso-and-rivera-conversations-across-time-2\/\"]}]},{\"@type\":\"BreadcrumbList\",\"@id\":\"https:\/\/librairie7l.com\/en\/produit\/picasso-and-rivera-conversations-across-time-2\/#breadcrumb\",\"itemListElement\":[{\"@type\":\"ListItem\",\"position\":1,\"name\":\"Accueil\",\"item\":\"https:\/\/librairie7l.com\/en\/\"},{\"@type\":\"ListItem\",\"position\":2,\"name\":\"Shop\",\"item\":\"https:\/\/librairie7l.com\/en\/shop\/\"},{\"@type\":\"ListItem\",\"position\":3,\"name\":\"PICASSO AND RIVERA CONVERSATIONS ACROSS TIME\"}]},{\"@type\":\"WebSite\",\"@id\":\"https:\/\/librairie7l.com\/en\/#website\",\"url\":\"https:\/\/librairie7l.com\/en\/\",\"name\":\"Librairie 7L\",\"description\":\"Librairie fond\u00e9e en 1999 par Karl Lagerfeld \u00e0 Paris\",\"publisher\":{\"@id\":\"https:\/\/librairie7l.com\/en\/#organization\"},\"potentialAction\":[{\"@type\":\"SearchAction\",\"target\":{\"@type\":\"EntryPoint\",\"urlTemplate\":\"https:\/\/librairie7l.com\/en\/?s={search_term_string}\"},\"query-input\":\"required name=search_term_string\"}],\"inLanguage\":\"en-US\"},{\"@type\":\"Organization\",\"@id\":\"https:\/\/librairie7l.com\/en\/#organization\",\"name\":\"Librairie 7L\",\"url\":\"https:\/\/librairie7l.com\/en\/\",\"logo\":{\"@type\":\"ImageObject\",\"inLanguage\":\"en-US\",\"@id\":\"https:\/\/librairie7l.com\/en\/#\/schema\/logo\/image\/\",\"url\":\"https:\/\/librairie7l.com\/wp-content\/uploads\/2022\/08\/logo-1.png\",\"contentUrl\":\"https:\/\/librairie7l.com\/wp-content\/uploads\/2022\/08\/logo-1.png\",\"width\":227,\"height\":301,\"caption\":\"Librairie 7L\"},\"image\":{\"@id\":\"https:\/\/librairie7l.com\/en\/#\/schema\/logo\/image\/\"}}]}<\/script>\n<!-- \/ Yoast SEO plugin. -->","yoast_head_json":{"title":"Picasso and rivera conversations across time - Librairie 7L","robots":{"index":"index","follow":"follow","max-snippet":"max-snippet:-1","max-image-preview":"max-image-preview:large","max-video-preview":"max-video-preview:-1"},"canonical":"https:\/\/librairie7l.com\/en\/produit\/picasso-and-rivera-conversations-across-time-2\/","og_locale":"en_US","og_type":"article","og_title":"Picasso and rivera conversations across time - Librairie 7L","og_description":"Ce catalogue d&#8217;une exposition au LACMA \u00e0 Los Angeles (04\/12\/2016-30\/04\/2017) explore le dialogue artistique entre deux grands ma\u00eetres. En 150 oeuvres, dont des peintures, sculptures et estampes, ainsi que des objets m\u00e9diterran\u00e9ens et pr\u00e9colombiens, il explore les connexions et points communs entre les deux artistes, avec leurs ann\u00e9es de formations, les grandes d\u00e9couvertes arch\u00e9ologiques qui [&hellip;]","og_url":"https:\/\/librairie7l.com\/en\/produit\/picasso-and-rivera-conversations-across-time-2\/","og_site_name":"Librairie 7L","article_modified_time":"2026-04-17T13:06:26+00:00","og_image":[{"width":426,"height":500,"url":"https:\/\/librairie7l.com\/wp-content\/uploads\/2016\/04\/9783791355559_1_75.jpg","type":"image\/jpeg"}],"twitter_card":"summary_large_image","schema":{"@context":"https:\/\/schema.org","@graph":[{"@type":"WebPage","@id":"https:\/\/librairie7l.com\/en\/produit\/picasso-and-rivera-conversations-across-time-2\/","url":"https:\/\/librairie7l.com\/en\/produit\/picasso-and-rivera-conversations-across-time-2\/","name":"Picasso and rivera conversations across time - Librairie 7L","isPartOf":{"@id":"https:\/\/librairie7l.com\/en\/#website"},"datePublished":"2025-06-25T07:18:05+00:00","dateModified":"2026-04-17T13:06:26+00:00","breadcrumb":{"@id":"https:\/\/librairie7l.com\/en\/produit\/picasso-and-rivera-conversations-across-time-2\/#breadcrumb"},"inLanguage":"en-US","potentialAction":[{"@type":"ReadAction","target":["https:\/\/librairie7l.com\/en\/produit\/picasso-and-rivera-conversations-across-time-2\/"]}]},{"@type":"BreadcrumbList","@id":"https:\/\/librairie7l.com\/en\/produit\/picasso-and-rivera-conversations-across-time-2\/#breadcrumb","itemListElement":[{"@type":"ListItem","position":1,"name":"Accueil","item":"https:\/\/librairie7l.com\/en\/"},{"@type":"ListItem","position":2,"name":"Shop","item":"https:\/\/librairie7l.com\/en\/shop\/"},{"@type":"ListItem","position":3,"name":"PICASSO AND RIVERA CONVERSATIONS ACROSS TIME"}]},{"@type":"WebSite","@id":"https:\/\/librairie7l.com\/en\/#website","url":"https:\/\/librairie7l.com\/en\/","name":"Librairie 7L","description":"Librairie fond\u00e9e en 1999 par Karl Lagerfeld \u00e0 Paris","publisher":{"@id":"https:\/\/librairie7l.com\/en\/#organization"},"potentialAction":[{"@type":"SearchAction","target":{"@type":"EntryPoint","urlTemplate":"https:\/\/librairie7l.com\/en\/?s={search_term_string}"},"query-input":"required name=search_term_string"}],"inLanguage":"en-US"},{"@type":"Organization","@id":"https:\/\/librairie7l.com\/en\/#organization","name":"Librairie 7L","url":"https:\/\/librairie7l.com\/en\/","logo":{"@type":"ImageObject","inLanguage":"en-US","@id":"https:\/\/librairie7l.com\/en\/#\/schema\/logo\/image\/","url":"https:\/\/librairie7l.com\/wp-content\/uploads\/2022\/08\/logo-1.png","contentUrl":"https:\/\/librairie7l.com\/wp-content\/uploads\/2022\/08\/logo-1.png","width":227,"height":301,"caption":"Librairie 7L"},"image":{"@id":"https:\/\/librairie7l.com\/en\/#\/schema\/logo\/image\/"}}]}},"_links":{"self":[{"href":"https:\/\/librairie7l.com\/en\/wp-json\/wp\/v2\/product\/48972"}],"collection":[{"href":"https:\/\/librairie7l.com\/en\/wp-json\/wp\/v2\/product"}],"about":[{"href":"https:\/\/librairie7l.com\/en\/wp-json\/wp\/v2\/types\/product"}],"wp:featuredmedia":[{"embeddable":true,"href":"https:\/\/librairie7l.com\/en\/wp-json\/wp\/v2\/media\/48970"}],"wp:attachment":[{"href":"https:\/\/librairie7l.com\/en\/wp-json\/wp\/v2\/media?parent=48972"}],"wp:term":[{"taxonomy":"product_cat","embeddable":true,"href":"https:\/\/librairie7l.com\/en\/wp-json\/wp\/v2\/product_cat?post=48972"},{"taxonomy":"product_tag","embeddable":true,"href":"https:\/\/librairie7l.com\/en\/wp-json\/wp\/v2\/product_tag?post=48972"}],"curies":[{"name":"wp","href":"https:\/\/api.w.org\/{rel}","templated":true}]}}