{"id":48980,"date":"2025-06-25T09:18:10","date_gmt":"2025-06-25T07:18:10","guid":{"rendered":"https:\/\/librairie7l.com\/?post_type=product&#038;p=48980"},"modified":"2026-04-18T06:15:25","modified_gmt":"2026-04-18T04:15:25","slug":"pablo-reinoso-2","status":"publish","type":"product","link":"https:\/\/librairie7l.com\/en\/produit\/pablo-reinoso-2\/","title":{"rendered":"PABLO REINOSO"},"content":{"rendered":"<p>Premi\u00e8re importante monographie d\u00e9di\u00e9e \u00e0 l&#8217;oeuvre de Pablo Reinoso, artiste et designer franco-argentin touche \u00e0 tout, curieux et autodidacte. Sculpteur \u00e0 l&#8217;origine, mais fonci\u00e8rement artiste, Pablo Reinoso pratique son art de diverses fa\u00e7ons depuis son plus jeune \u00e2ge. Il travaille par s\u00e9ries &#8211; Articulations (1970-1980), Water Landscapes (1981-1986), The Discovery of America (1986-1989), Breathing Sculptures (1995-2002) &#8211; qu&#8217;il parcourt, triture, fouille, en explorant des univers et des mat\u00e9riaux diff\u00e9rents, traduisant le permanent work in progress qui est sa mani\u00e8re de penser.<br \/>\nDans Ashes to Ashes (2002), avec plus de maturit\u00e9, il s&#8217;engage dans un travail avec des lattes de bois qu&#8217;il tord et \u00e9clate pour les affranchir de leur fonction. Poursuivant cette perspective, mais ayant v\u00e9cu entre-temps une forte exp\u00e9rience au sein de grandes entreprises comme directeur artistique et designer, il s&#8217;attaque \u00e0 une s\u00e9rie o\u00f9 il met en avant une ic\u00f4ne du design industriel, la chaise Thonet (\u00e0 partir de 2004). Pablo Reinoso prend ensuite comme point de d\u00e9part de sa r\u00e9flexion les bancs publics, au design anonyme, traversant les cultures tout en \u00e9tant hors-temps et hors-mode. Ce sont les bancs dits Spaghetti Benches (\u00e0 partir de 2006) qui se mettent \u00e0 prolif\u00e9rer et trouver leur place dans les lieux les plus divers.<br \/>\nFinalement, dans sa derni\u00e8re s\u00e9rie, les Scribbling Benches (\u00e0 partir de 2009), Pablo Reinoso ne part plus d&#8217;un banc anonyme, ni d&#8217;une chaise iconique, mais d&#8217;un mat\u00e9riau : une poutrelle en acier. C&#8217;est l&#8217;inattendu du lourd, vou\u00e9 \u00e0 structurer l&#8217;architecture, qui se tord comme un fil pour cr\u00e9er un banc et dessiner des espaces l\u00e9gers, transparents, contemplatifs.<\/p>\n","protected":false},"excerpt":{"rendered":"<p>Premi\u00e8re importante monographie d\u00e9di\u00e9e \u00e0 l&#8217;oeuvre de Pablo Reinoso, artiste et designer franco-argentin touche \u00e0 tout, curieux et autodidacte. Sculpteur \u00e0 l&#8217;origine, mais fonci\u00e8rement artiste, Pablo Reinoso pratique son art de diverses fa\u00e7ons depuis son plus jeune \u00e2ge. Il travaille par s\u00e9ries &#8211; Articulations (1970-1980), Water Landscapes (1981-1986), The Discovery of America (1986-1989), Breathing Sculptures [&hellip;]<\/p>\n","protected":false},"featured_media":48978,"template":"","meta":[],"product_cat":[2948,2953],"product_tag":[],"acf":[],"yoast_head":"<!-- This site is optimized with the Yoast SEO plugin v20.11 - https:\/\/yoast.com\/wordpress\/plugins\/seo\/ -->\n<title>Pablo Reinoso - Librairie 7L<\/title>\n<meta name=\"robots\" content=\"index, follow, max-snippet:-1, max-image-preview:large, max-video-preview:-1\" \/>\n<link rel=\"canonical\" href=\"https:\/\/librairie7l.com\/en\/produit\/pablo-reinoso-2\/\" \/>\n<meta property=\"og:locale\" content=\"en_US\" \/>\n<meta property=\"og:type\" content=\"article\" \/>\n<meta property=\"og:title\" content=\"Pablo Reinoso - Librairie 7L\" \/>\n<meta property=\"og:description\" content=\"Premi\u00e8re importante monographie d\u00e9di\u00e9e \u00e0 l&#8217;oeuvre de Pablo Reinoso, artiste et designer franco-argentin touche \u00e0 tout, curieux et autodidacte. Sculpteur \u00e0 l&#8217;origine, mais fonci\u00e8rement artiste, Pablo Reinoso pratique son art de diverses fa\u00e7ons depuis son plus jeune \u00e2ge. Il travaille par s\u00e9ries &#8211; Articulations (1970-1980), Water Landscapes (1981-1986), The Discovery of America (1986-1989), Breathing Sculptures [&hellip;]\" \/>\n<meta property=\"og:url\" content=\"https:\/\/librairie7l.com\/en\/produit\/pablo-reinoso-2\/\" \/>\n<meta property=\"og:site_name\" content=\"Librairie 7L\" \/>\n<meta property=\"article:modified_time\" content=\"2026-04-18T04:15:25+00:00\" \/>\n<meta property=\"og:image\" content=\"https:\/\/librairie7l.com\/wp-content\/uploads\/2016\/07\/9788874397549_1_75.jpg\" \/>\n\t<meta property=\"og:image:width\" content=\"600\" \/>\n\t<meta property=\"og:image:height\" content=\"773\" \/>\n\t<meta property=\"og:image:type\" content=\"image\/jpeg\" \/>\n<meta name=\"twitter:card\" content=\"summary_large_image\" \/>\n<meta name=\"twitter:label1\" content=\"Est. reading time\" \/>\n\t<meta name=\"twitter:data1\" content=\"1 minute\" \/>\n<script type=\"application\/ld+json\" class=\"yoast-schema-graph\">{\"@context\":\"https:\/\/schema.org\",\"@graph\":[{\"@type\":\"WebPage\",\"@id\":\"https:\/\/librairie7l.com\/en\/produit\/pablo-reinoso-2\/\",\"url\":\"https:\/\/librairie7l.com\/en\/produit\/pablo-reinoso-2\/\",\"name\":\"Pablo Reinoso - Librairie 7L\",\"isPartOf\":{\"@id\":\"https:\/\/librairie7l.com\/en\/#website\"},\"datePublished\":\"2025-06-25T07:18:10+00:00\",\"dateModified\":\"2026-04-18T04:15:25+00:00\",\"breadcrumb\":{\"@id\":\"https:\/\/librairie7l.com\/en\/produit\/pablo-reinoso-2\/#breadcrumb\"},\"inLanguage\":\"en-US\",\"potentialAction\":[{\"@type\":\"ReadAction\",\"target\":[\"https:\/\/librairie7l.com\/en\/produit\/pablo-reinoso-2\/\"]}]},{\"@type\":\"BreadcrumbList\",\"@id\":\"https:\/\/librairie7l.com\/en\/produit\/pablo-reinoso-2\/#breadcrumb\",\"itemListElement\":[{\"@type\":\"ListItem\",\"position\":1,\"name\":\"Accueil\",\"item\":\"https:\/\/librairie7l.com\/en\/\"},{\"@type\":\"ListItem\",\"position\":2,\"name\":\"Shop\",\"item\":\"https:\/\/librairie7l.com\/en\/shop\/\"},{\"@type\":\"ListItem\",\"position\":3,\"name\":\"PABLO REINOSO\"}]},{\"@type\":\"WebSite\",\"@id\":\"https:\/\/librairie7l.com\/en\/#website\",\"url\":\"https:\/\/librairie7l.com\/en\/\",\"name\":\"Librairie 7L\",\"description\":\"Librairie fond\u00e9e en 1999 par Karl Lagerfeld \u00e0 Paris\",\"publisher\":{\"@id\":\"https:\/\/librairie7l.com\/en\/#organization\"},\"potentialAction\":[{\"@type\":\"SearchAction\",\"target\":{\"@type\":\"EntryPoint\",\"urlTemplate\":\"https:\/\/librairie7l.com\/en\/?s={search_term_string}\"},\"query-input\":\"required name=search_term_string\"}],\"inLanguage\":\"en-US\"},{\"@type\":\"Organization\",\"@id\":\"https:\/\/librairie7l.com\/en\/#organization\",\"name\":\"Librairie 7L\",\"url\":\"https:\/\/librairie7l.com\/en\/\",\"logo\":{\"@type\":\"ImageObject\",\"inLanguage\":\"en-US\",\"@id\":\"https:\/\/librairie7l.com\/en\/#\/schema\/logo\/image\/\",\"url\":\"https:\/\/librairie7l.com\/wp-content\/uploads\/2022\/08\/logo-1.png\",\"contentUrl\":\"https:\/\/librairie7l.com\/wp-content\/uploads\/2022\/08\/logo-1.png\",\"width\":227,\"height\":301,\"caption\":\"Librairie 7L\"},\"image\":{\"@id\":\"https:\/\/librairie7l.com\/en\/#\/schema\/logo\/image\/\"}}]}<\/script>\n<!-- \/ Yoast SEO plugin. -->","yoast_head_json":{"title":"Pablo Reinoso - Librairie 7L","robots":{"index":"index","follow":"follow","max-snippet":"max-snippet:-1","max-image-preview":"max-image-preview:large","max-video-preview":"max-video-preview:-1"},"canonical":"https:\/\/librairie7l.com\/en\/produit\/pablo-reinoso-2\/","og_locale":"en_US","og_type":"article","og_title":"Pablo Reinoso - Librairie 7L","og_description":"Premi\u00e8re importante monographie d\u00e9di\u00e9e \u00e0 l&#8217;oeuvre de Pablo Reinoso, artiste et designer franco-argentin touche \u00e0 tout, curieux et autodidacte. Sculpteur \u00e0 l&#8217;origine, mais fonci\u00e8rement artiste, Pablo Reinoso pratique son art de diverses fa\u00e7ons depuis son plus jeune \u00e2ge. Il travaille par s\u00e9ries &#8211; Articulations (1970-1980), Water Landscapes (1981-1986), The Discovery of America (1986-1989), Breathing Sculptures [&hellip;]","og_url":"https:\/\/librairie7l.com\/en\/produit\/pablo-reinoso-2\/","og_site_name":"Librairie 7L","article_modified_time":"2026-04-18T04:15:25+00:00","og_image":[{"width":600,"height":773,"url":"https:\/\/librairie7l.com\/wp-content\/uploads\/2016\/07\/9788874397549_1_75.jpg","type":"image\/jpeg"}],"twitter_card":"summary_large_image","twitter_misc":{"Est. reading time":"1 minute"},"schema":{"@context":"https:\/\/schema.org","@graph":[{"@type":"WebPage","@id":"https:\/\/librairie7l.com\/en\/produit\/pablo-reinoso-2\/","url":"https:\/\/librairie7l.com\/en\/produit\/pablo-reinoso-2\/","name":"Pablo Reinoso - Librairie 7L","isPartOf":{"@id":"https:\/\/librairie7l.com\/en\/#website"},"datePublished":"2025-06-25T07:18:10+00:00","dateModified":"2026-04-18T04:15:25+00:00","breadcrumb":{"@id":"https:\/\/librairie7l.com\/en\/produit\/pablo-reinoso-2\/#breadcrumb"},"inLanguage":"en-US","potentialAction":[{"@type":"ReadAction","target":["https:\/\/librairie7l.com\/en\/produit\/pablo-reinoso-2\/"]}]},{"@type":"BreadcrumbList","@id":"https:\/\/librairie7l.com\/en\/produit\/pablo-reinoso-2\/#breadcrumb","itemListElement":[{"@type":"ListItem","position":1,"name":"Accueil","item":"https:\/\/librairie7l.com\/en\/"},{"@type":"ListItem","position":2,"name":"Shop","item":"https:\/\/librairie7l.com\/en\/shop\/"},{"@type":"ListItem","position":3,"name":"PABLO REINOSO"}]},{"@type":"WebSite","@id":"https:\/\/librairie7l.com\/en\/#website","url":"https:\/\/librairie7l.com\/en\/","name":"Librairie 7L","description":"Librairie fond\u00e9e en 1999 par Karl Lagerfeld \u00e0 Paris","publisher":{"@id":"https:\/\/librairie7l.com\/en\/#organization"},"potentialAction":[{"@type":"SearchAction","target":{"@type":"EntryPoint","urlTemplate":"https:\/\/librairie7l.com\/en\/?s={search_term_string}"},"query-input":"required name=search_term_string"}],"inLanguage":"en-US"},{"@type":"Organization","@id":"https:\/\/librairie7l.com\/en\/#organization","name":"Librairie 7L","url":"https:\/\/librairie7l.com\/en\/","logo":{"@type":"ImageObject","inLanguage":"en-US","@id":"https:\/\/librairie7l.com\/en\/#\/schema\/logo\/image\/","url":"https:\/\/librairie7l.com\/wp-content\/uploads\/2022\/08\/logo-1.png","contentUrl":"https:\/\/librairie7l.com\/wp-content\/uploads\/2022\/08\/logo-1.png","width":227,"height":301,"caption":"Librairie 7L"},"image":{"@id":"https:\/\/librairie7l.com\/en\/#\/schema\/logo\/image\/"}}]}},"_links":{"self":[{"href":"https:\/\/librairie7l.com\/en\/wp-json\/wp\/v2\/product\/48980"}],"collection":[{"href":"https:\/\/librairie7l.com\/en\/wp-json\/wp\/v2\/product"}],"about":[{"href":"https:\/\/librairie7l.com\/en\/wp-json\/wp\/v2\/types\/product"}],"wp:featuredmedia":[{"embeddable":true,"href":"https:\/\/librairie7l.com\/en\/wp-json\/wp\/v2\/media\/48978"}],"wp:attachment":[{"href":"https:\/\/librairie7l.com\/en\/wp-json\/wp\/v2\/media?parent=48980"}],"wp:term":[{"taxonomy":"product_cat","embeddable":true,"href":"https:\/\/librairie7l.com\/en\/wp-json\/wp\/v2\/product_cat?post=48980"},{"taxonomy":"product_tag","embeddable":true,"href":"https:\/\/librairie7l.com\/en\/wp-json\/wp\/v2\/product_tag?post=48980"}],"curies":[{"name":"wp","href":"https:\/\/api.w.org\/{rel}","templated":true}]}}