{"id":48988,"date":"2025-06-25T09:18:15","date_gmt":"2025-06-25T07:18:15","guid":{"rendered":"https:\/\/librairie7l.com\/?post_type=product&#038;p=48988"},"modified":"2026-04-18T05:46:20","modified_gmt":"2026-04-18T03:46:20","slug":"visages-lart-du-portrait-grec-et-romain-dans-les-collections-du-louvre-2","status":"publish","type":"product","link":"https:\/\/librairie7l.com\/en\/produit\/visages-lart-du-portrait-grec-et-romain-dans-les-collections-du-louvre-2\/","title":{"rendered":"VISAGES, L&#8217;ART DU PORTRAIT GREC ET ROMAIN DANS LES COLLECTIONS DU LOUVRE"},"content":{"rendered":"<p>Visages explore les contours et les usages de l&#8217;art du portrait, accomplissement artistique majeur de l&#8217;Antiquit\u00e9 gr\u00e9co-romaine.<br \/>\nImages du pouvoir, supports de m\u00e9moire, offrandes aux divinit\u00e9s, ces portraits donnent aujourd&#8217;hui un visage, ou plut\u00f4t une multitude de visages \u00e0 ces civilisations qui continuent de nous \u00e9merveiller.<br \/>\nRois et empereurs, philosophes, po\u00e8tes, c\u00e9l\u00e9brit\u00e9s de l&#8217;\u00e9poque, notables ou anonymes, statufi\u00e9s, en marbres grandeur nature vers lesquels nous levons nos regards ou frapp\u00e9s sur des monnaies qui tiennent dans la paume de notre main, aux flancs des sarcophages, en cam\u00e9es ou peints sur des tissus ou des panneaux, ils se retrouvent r\u00e9unis dans cet ouvrage magnifiquement illustr\u00e9, nourri des recherches les plus r\u00e9centes.<br \/>\nUne plong\u00e9e aussi fascinante qu&#8217;originale au coeur d&#8217;un monde antique o\u00f9 le portrait, affaire de rh\u00e9torique plus que de stricte ressemblance, nous d\u00e9voile un visage miraculeusement vivant et<br \/>\nparlant.<\/p>\n","protected":false},"excerpt":{"rendered":"<p>Visages explore les contours et les usages de l&#8217;art du portrait, accomplissement artistique majeur de l&#8217;Antiquit\u00e9 gr\u00e9co-romaine. Images du pouvoir, supports de m\u00e9moire, offrandes aux divinit\u00e9s, ces portraits donnent aujourd&#8217;hui un visage, ou plut\u00f4t une multitude de visages \u00e0 ces civilisations qui continuent de nous \u00e9merveiller. Rois et empereurs, philosophes, po\u00e8tes, c\u00e9l\u00e9brit\u00e9s de l&#8217;\u00e9poque, notables [&hellip;]<\/p>\n","protected":false},"featured_media":48986,"template":"","meta":[],"product_cat":[2948,2953],"product_tag":[],"acf":[],"yoast_head":"<!-- This site is optimized with the Yoast SEO plugin v20.11 - https:\/\/yoast.com\/wordpress\/plugins\/seo\/ -->\n<title>Visages, l&#039;art du portrait grec et romain dans les collections du Louvre - Librairie 7L<\/title>\n<meta name=\"robots\" content=\"index, follow, max-snippet:-1, max-image-preview:large, max-video-preview:-1\" \/>\n<link rel=\"canonical\" href=\"https:\/\/librairie7l.com\/en\/produit\/visages-lart-du-portrait-grec-et-romain-dans-les-collections-du-louvre-2\/\" \/>\n<meta property=\"og:locale\" content=\"en_US\" \/>\n<meta property=\"og:type\" content=\"article\" \/>\n<meta property=\"og:title\" content=\"Visages, l&#039;art du portrait grec et romain dans les collections du Louvre - Librairie 7L\" \/>\n<meta property=\"og:description\" content=\"Visages explore les contours et les usages de l&#8217;art du portrait, accomplissement artistique majeur de l&#8217;Antiquit\u00e9 gr\u00e9co-romaine. Images du pouvoir, supports de m\u00e9moire, offrandes aux divinit\u00e9s, ces portraits donnent aujourd&#8217;hui un visage, ou plut\u00f4t une multitude de visages \u00e0 ces civilisations qui continuent de nous \u00e9merveiller. Rois et empereurs, philosophes, po\u00e8tes, c\u00e9l\u00e9brit\u00e9s de l&#8217;\u00e9poque, notables [&hellip;]\" \/>\n<meta property=\"og:url\" content=\"https:\/\/librairie7l.com\/en\/produit\/visages-lart-du-portrait-grec-et-romain-dans-les-collections-du-louvre-2\/\" \/>\n<meta property=\"og:site_name\" content=\"Librairie 7L\" \/>\n<meta property=\"article:modified_time\" content=\"2026-04-18T03:46:20+00:00\" \/>\n<meta property=\"og:image\" content=\"https:\/\/librairie7l.com\/wp-content\/uploads\/2025\/02\/9788412949438_1_75.jpg\" \/>\n\t<meta property=\"og:image:width\" content=\"400\" \/>\n\t<meta property=\"og:image:height\" content=\"506\" \/>\n\t<meta property=\"og:image:type\" content=\"image\/jpeg\" \/>\n<meta name=\"twitter:card\" content=\"summary_large_image\" \/>\n<meta name=\"twitter:label1\" content=\"Est. reading time\" \/>\n\t<meta name=\"twitter:data1\" content=\"1 minute\" \/>\n<script type=\"application\/ld+json\" class=\"yoast-schema-graph\">{\"@context\":\"https:\/\/schema.org\",\"@graph\":[{\"@type\":\"WebPage\",\"@id\":\"https:\/\/librairie7l.com\/en\/produit\/visages-lart-du-portrait-grec-et-romain-dans-les-collections-du-louvre-2\/\",\"url\":\"https:\/\/librairie7l.com\/en\/produit\/visages-lart-du-portrait-grec-et-romain-dans-les-collections-du-louvre-2\/\",\"name\":\"Visages, l'art du portrait grec et romain dans les collections du Louvre - Librairie 7L\",\"isPartOf\":{\"@id\":\"https:\/\/librairie7l.com\/en\/#website\"},\"datePublished\":\"2025-06-25T07:18:15+00:00\",\"dateModified\":\"2026-04-18T03:46:20+00:00\",\"breadcrumb\":{\"@id\":\"https:\/\/librairie7l.com\/en\/produit\/visages-lart-du-portrait-grec-et-romain-dans-les-collections-du-louvre-2\/#breadcrumb\"},\"inLanguage\":\"en-US\",\"potentialAction\":[{\"@type\":\"ReadAction\",\"target\":[\"https:\/\/librairie7l.com\/en\/produit\/visages-lart-du-portrait-grec-et-romain-dans-les-collections-du-louvre-2\/\"]}]},{\"@type\":\"BreadcrumbList\",\"@id\":\"https:\/\/librairie7l.com\/en\/produit\/visages-lart-du-portrait-grec-et-romain-dans-les-collections-du-louvre-2\/#breadcrumb\",\"itemListElement\":[{\"@type\":\"ListItem\",\"position\":1,\"name\":\"Accueil\",\"item\":\"https:\/\/librairie7l.com\/en\/\"},{\"@type\":\"ListItem\",\"position\":2,\"name\":\"Shop\",\"item\":\"https:\/\/librairie7l.com\/en\/shop\/\"},{\"@type\":\"ListItem\",\"position\":3,\"name\":\"VISAGES, L&#8217;ART DU PORTRAIT GREC ET ROMAIN DANS LES COLLECTIONS DU LOUVRE\"}]},{\"@type\":\"WebSite\",\"@id\":\"https:\/\/librairie7l.com\/en\/#website\",\"url\":\"https:\/\/librairie7l.com\/en\/\",\"name\":\"Librairie 7L\",\"description\":\"Librairie fond\u00e9e en 1999 par Karl Lagerfeld \u00e0 Paris\",\"publisher\":{\"@id\":\"https:\/\/librairie7l.com\/en\/#organization\"},\"potentialAction\":[{\"@type\":\"SearchAction\",\"target\":{\"@type\":\"EntryPoint\",\"urlTemplate\":\"https:\/\/librairie7l.com\/en\/?s={search_term_string}\"},\"query-input\":\"required name=search_term_string\"}],\"inLanguage\":\"en-US\"},{\"@type\":\"Organization\",\"@id\":\"https:\/\/librairie7l.com\/en\/#organization\",\"name\":\"Librairie 7L\",\"url\":\"https:\/\/librairie7l.com\/en\/\",\"logo\":{\"@type\":\"ImageObject\",\"inLanguage\":\"en-US\",\"@id\":\"https:\/\/librairie7l.com\/en\/#\/schema\/logo\/image\/\",\"url\":\"https:\/\/librairie7l.com\/wp-content\/uploads\/2022\/08\/logo-1.png\",\"contentUrl\":\"https:\/\/librairie7l.com\/wp-content\/uploads\/2022\/08\/logo-1.png\",\"width\":227,\"height\":301,\"caption\":\"Librairie 7L\"},\"image\":{\"@id\":\"https:\/\/librairie7l.com\/en\/#\/schema\/logo\/image\/\"}}]}<\/script>\n<!-- \/ Yoast SEO plugin. -->","yoast_head_json":{"title":"Visages, l'art du portrait grec et romain dans les collections du Louvre - Librairie 7L","robots":{"index":"index","follow":"follow","max-snippet":"max-snippet:-1","max-image-preview":"max-image-preview:large","max-video-preview":"max-video-preview:-1"},"canonical":"https:\/\/librairie7l.com\/en\/produit\/visages-lart-du-portrait-grec-et-romain-dans-les-collections-du-louvre-2\/","og_locale":"en_US","og_type":"article","og_title":"Visages, l'art du portrait grec et romain dans les collections du Louvre - Librairie 7L","og_description":"Visages explore les contours et les usages de l&#8217;art du portrait, accomplissement artistique majeur de l&#8217;Antiquit\u00e9 gr\u00e9co-romaine. Images du pouvoir, supports de m\u00e9moire, offrandes aux divinit\u00e9s, ces portraits donnent aujourd&#8217;hui un visage, ou plut\u00f4t une multitude de visages \u00e0 ces civilisations qui continuent de nous \u00e9merveiller. Rois et empereurs, philosophes, po\u00e8tes, c\u00e9l\u00e9brit\u00e9s de l&#8217;\u00e9poque, notables [&hellip;]","og_url":"https:\/\/librairie7l.com\/en\/produit\/visages-lart-du-portrait-grec-et-romain-dans-les-collections-du-louvre-2\/","og_site_name":"Librairie 7L","article_modified_time":"2026-04-18T03:46:20+00:00","og_image":[{"width":400,"height":506,"url":"https:\/\/librairie7l.com\/wp-content\/uploads\/2025\/02\/9788412949438_1_75.jpg","type":"image\/jpeg"}],"twitter_card":"summary_large_image","twitter_misc":{"Est. reading time":"1 minute"},"schema":{"@context":"https:\/\/schema.org","@graph":[{"@type":"WebPage","@id":"https:\/\/librairie7l.com\/en\/produit\/visages-lart-du-portrait-grec-et-romain-dans-les-collections-du-louvre-2\/","url":"https:\/\/librairie7l.com\/en\/produit\/visages-lart-du-portrait-grec-et-romain-dans-les-collections-du-louvre-2\/","name":"Visages, l'art du portrait grec et romain dans les collections du Louvre - Librairie 7L","isPartOf":{"@id":"https:\/\/librairie7l.com\/en\/#website"},"datePublished":"2025-06-25T07:18:15+00:00","dateModified":"2026-04-18T03:46:20+00:00","breadcrumb":{"@id":"https:\/\/librairie7l.com\/en\/produit\/visages-lart-du-portrait-grec-et-romain-dans-les-collections-du-louvre-2\/#breadcrumb"},"inLanguage":"en-US","potentialAction":[{"@type":"ReadAction","target":["https:\/\/librairie7l.com\/en\/produit\/visages-lart-du-portrait-grec-et-romain-dans-les-collections-du-louvre-2\/"]}]},{"@type":"BreadcrumbList","@id":"https:\/\/librairie7l.com\/en\/produit\/visages-lart-du-portrait-grec-et-romain-dans-les-collections-du-louvre-2\/#breadcrumb","itemListElement":[{"@type":"ListItem","position":1,"name":"Accueil","item":"https:\/\/librairie7l.com\/en\/"},{"@type":"ListItem","position":2,"name":"Shop","item":"https:\/\/librairie7l.com\/en\/shop\/"},{"@type":"ListItem","position":3,"name":"VISAGES, L&#8217;ART DU PORTRAIT GREC ET ROMAIN DANS LES COLLECTIONS DU LOUVRE"}]},{"@type":"WebSite","@id":"https:\/\/librairie7l.com\/en\/#website","url":"https:\/\/librairie7l.com\/en\/","name":"Librairie 7L","description":"Librairie fond\u00e9e en 1999 par Karl Lagerfeld \u00e0 Paris","publisher":{"@id":"https:\/\/librairie7l.com\/en\/#organization"},"potentialAction":[{"@type":"SearchAction","target":{"@type":"EntryPoint","urlTemplate":"https:\/\/librairie7l.com\/en\/?s={search_term_string}"},"query-input":"required name=search_term_string"}],"inLanguage":"en-US"},{"@type":"Organization","@id":"https:\/\/librairie7l.com\/en\/#organization","name":"Librairie 7L","url":"https:\/\/librairie7l.com\/en\/","logo":{"@type":"ImageObject","inLanguage":"en-US","@id":"https:\/\/librairie7l.com\/en\/#\/schema\/logo\/image\/","url":"https:\/\/librairie7l.com\/wp-content\/uploads\/2022\/08\/logo-1.png","contentUrl":"https:\/\/librairie7l.com\/wp-content\/uploads\/2022\/08\/logo-1.png","width":227,"height":301,"caption":"Librairie 7L"},"image":{"@id":"https:\/\/librairie7l.com\/en\/#\/schema\/logo\/image\/"}}]}},"_links":{"self":[{"href":"https:\/\/librairie7l.com\/en\/wp-json\/wp\/v2\/product\/48988"}],"collection":[{"href":"https:\/\/librairie7l.com\/en\/wp-json\/wp\/v2\/product"}],"about":[{"href":"https:\/\/librairie7l.com\/en\/wp-json\/wp\/v2\/types\/product"}],"wp:featuredmedia":[{"embeddable":true,"href":"https:\/\/librairie7l.com\/en\/wp-json\/wp\/v2\/media\/48986"}],"wp:attachment":[{"href":"https:\/\/librairie7l.com\/en\/wp-json\/wp\/v2\/media?parent=48988"}],"wp:term":[{"taxonomy":"product_cat","embeddable":true,"href":"https:\/\/librairie7l.com\/en\/wp-json\/wp\/v2\/product_cat?post=48988"},{"taxonomy":"product_tag","embeddable":true,"href":"https:\/\/librairie7l.com\/en\/wp-json\/wp\/v2\/product_tag?post=48988"}],"curies":[{"name":"wp","href":"https:\/\/api.w.org\/{rel}","templated":true}]}}