{"id":48992,"date":"2025-06-25T09:18:18","date_gmt":"2025-06-25T07:18:18","guid":{"rendered":"https:\/\/librairie7l.com\/?post_type=product&#038;p=48992"},"modified":"2026-04-15T00:13:03","modified_gmt":"2026-04-14T22:13:03","slug":"lumiere-des-roses-2","status":"publish","type":"product","link":"https:\/\/librairie7l.com\/en\/produit\/lumiere-des-roses-2\/","title":{"rendered":"LUMI\u00c8RE DES ROSES"},"content":{"rendered":"<p>Fondateurs de la galerie Lumi\u00e8re des roses, \u00e0 Montreuil, Marion et Philippe Jacquier explorent depuis 2005 le champ de la photographie anonyme et amateur : &#8221; Nous sommes des chercheurs d&#8217;images &#8220;, comme ils se d\u00e9finissent eux-m\u00eames.<br \/>\nPionniers dans leur discipline, ils arpentent depuis vingt ans les march\u00e9s aux puces, vide-greniers et autres lieux o\u00f9 viennent s&#8217;\u00e9garer archives, collections de photographies, albums et clich\u00e9s intimes d\u00e9bordant de valises et de bo\u00eetes pleines de souvenirs&#8230; &#8221; Le myst\u00e8re est un pouvoir et nous croyons au myst\u00e8re des images. &#8221; Dans le flot incessant de la production photographique depuis la cr\u00e9ation du m\u00e9dium, au milieu au xixe si\u00e8cle, Marion et Philippe Jacquier cherchent l&#8217;image qui aimantera leur regard, &#8221; celle qui brille d&#8217;un \u00e9clat singulier &#8220;, soulignent-ils. La photographie qui donne \u00e0 voir, \u00e0 penser,<br \/>\n\u00e0 r\u00eaver, qui peut \u00eatre \u00e9nigmatique aussi, et dont le sens nous \u00e9chappe et nous captive en m\u00eame temps.<br \/>\nDepuis vingt ans, \u00e0 savoir d\u00e8s le d\u00e9but de leur activit\u00e9 de galeristes, Marion et Philippe Jacquier ont choisi de garder pour eux certaines images, fascin\u00e9s par leur puissance visuelle, leur beaut\u00e9, leur myst\u00e8re et souvent surtout par leur inqui\u00e9tante \u00e9tranget\u00e9. Cette \u00e9tonnante et unique collection d&#8217;images anonymes, compos\u00e9e d&#8217;environ 10 000 tirages argentiques, d\u00e9ploie tous les sujets photographiques abord\u00e9s par le m\u00e9dium depuis sa cr\u00e9ation : portraits pos\u00e9s ou pris \u00e0 la d\u00e9rob\u00e9e, sc\u00e8nes de famille, photographies scientifiques, documentaires, historiques ou \u00e9rotiques, images pour t\u00e9moigner, pour d\u00e9noncer ou simplement r\u00e9alis\u00e9es pour le plaisir de partager l&#8217;instant \u00e9ph\u00e9m\u00e8re avec l&#8217;autre. L&#8217;ensemble dresse un panorama exceptionnel de la vie ordinaire ou supra ordinaire depuis deux cents ans, des premi\u00e8res exp\u00e9riences &#8211; daguerr\u00e9otypes, plaques de verre, autochromes&#8230; &#8211; jusqu&#8217;aux instantan\u00e9s couleurs. La photographie est abord\u00e9e dans toute sa diversit\u00e9.<\/p>\n","protected":false},"excerpt":{"rendered":"<p>Fondateurs de la galerie Lumi\u00e8re des roses, \u00e0 Montreuil, Marion et Philippe Jacquier explorent depuis 2005 le champ de la photographie anonyme et amateur : &#8221; Nous sommes des chercheurs d&#8217;images &#8220;, comme ils se d\u00e9finissent eux-m\u00eames. Pionniers dans leur discipline, ils arpentent depuis vingt ans les march\u00e9s aux puces, vide-greniers et autres lieux o\u00f9 [&hellip;]<\/p>\n","protected":false},"featured_media":48990,"template":"","meta":[],"product_cat":[2948,2958],"product_tag":[],"acf":[],"yoast_head":"<!-- This site is optimized with the Yoast SEO plugin v20.11 - https:\/\/yoast.com\/wordpress\/plugins\/seo\/ -->\n<title>Lumi\u00e8re des roses - Librairie 7L<\/title>\n<meta name=\"robots\" content=\"index, follow, max-snippet:-1, max-image-preview:large, max-video-preview:-1\" \/>\n<link rel=\"canonical\" href=\"https:\/\/librairie7l.com\/en\/produit\/lumiere-des-roses-2\/\" \/>\n<meta property=\"og:locale\" content=\"en_US\" \/>\n<meta property=\"og:type\" content=\"article\" \/>\n<meta property=\"og:title\" content=\"Lumi\u00e8re des roses - Librairie 7L\" \/>\n<meta property=\"og:description\" content=\"Fondateurs de la galerie Lumi\u00e8re des roses, \u00e0 Montreuil, Marion et Philippe Jacquier explorent depuis 2005 le champ de la photographie anonyme et amateur : &#8221; Nous sommes des chercheurs d&#8217;images &#8220;, comme ils se d\u00e9finissent eux-m\u00eames. Pionniers dans leur discipline, ils arpentent depuis vingt ans les march\u00e9s aux puces, vide-greniers et autres lieux o\u00f9 [&hellip;]\" \/>\n<meta property=\"og:url\" content=\"https:\/\/librairie7l.com\/en\/produit\/lumiere-des-roses-2\/\" \/>\n<meta property=\"og:site_name\" content=\"Librairie 7L\" \/>\n<meta property=\"article:modified_time\" content=\"2026-04-14T22:13:03+00:00\" \/>\n<meta property=\"og:image\" content=\"https:\/\/librairie7l.com\/wp-content\/uploads\/2025\/02\/9782365114370_1_75.jpg\" \/>\n\t<meta property=\"og:image:width\" content=\"600\" \/>\n\t<meta property=\"og:image:height\" content=\"746\" \/>\n\t<meta property=\"og:image:type\" content=\"image\/jpeg\" \/>\n<meta name=\"twitter:card\" content=\"summary_large_image\" \/>\n<meta name=\"twitter:label1\" content=\"Est. reading time\" \/>\n\t<meta name=\"twitter:data1\" content=\"2 minutes\" \/>\n<script type=\"application\/ld+json\" class=\"yoast-schema-graph\">{\"@context\":\"https:\/\/schema.org\",\"@graph\":[{\"@type\":\"WebPage\",\"@id\":\"https:\/\/librairie7l.com\/en\/produit\/lumiere-des-roses-2\/\",\"url\":\"https:\/\/librairie7l.com\/en\/produit\/lumiere-des-roses-2\/\",\"name\":\"Lumi\u00e8re des roses - Librairie 7L\",\"isPartOf\":{\"@id\":\"https:\/\/librairie7l.com\/en\/#website\"},\"datePublished\":\"2025-06-25T07:18:18+00:00\",\"dateModified\":\"2026-04-14T22:13:03+00:00\",\"breadcrumb\":{\"@id\":\"https:\/\/librairie7l.com\/en\/produit\/lumiere-des-roses-2\/#breadcrumb\"},\"inLanguage\":\"en-US\",\"potentialAction\":[{\"@type\":\"ReadAction\",\"target\":[\"https:\/\/librairie7l.com\/en\/produit\/lumiere-des-roses-2\/\"]}]},{\"@type\":\"BreadcrumbList\",\"@id\":\"https:\/\/librairie7l.com\/en\/produit\/lumiere-des-roses-2\/#breadcrumb\",\"itemListElement\":[{\"@type\":\"ListItem\",\"position\":1,\"name\":\"Accueil\",\"item\":\"https:\/\/librairie7l.com\/en\/\"},{\"@type\":\"ListItem\",\"position\":2,\"name\":\"Shop\",\"item\":\"https:\/\/librairie7l.com\/en\/shop\/\"},{\"@type\":\"ListItem\",\"position\":3,\"name\":\"LUMI\u00c8RE DES ROSES\"}]},{\"@type\":\"WebSite\",\"@id\":\"https:\/\/librairie7l.com\/en\/#website\",\"url\":\"https:\/\/librairie7l.com\/en\/\",\"name\":\"Librairie 7L\",\"description\":\"Librairie fond\u00e9e en 1999 par Karl Lagerfeld \u00e0 Paris\",\"publisher\":{\"@id\":\"https:\/\/librairie7l.com\/en\/#organization\"},\"potentialAction\":[{\"@type\":\"SearchAction\",\"target\":{\"@type\":\"EntryPoint\",\"urlTemplate\":\"https:\/\/librairie7l.com\/en\/?s={search_term_string}\"},\"query-input\":\"required name=search_term_string\"}],\"inLanguage\":\"en-US\"},{\"@type\":\"Organization\",\"@id\":\"https:\/\/librairie7l.com\/en\/#organization\",\"name\":\"Librairie 7L\",\"url\":\"https:\/\/librairie7l.com\/en\/\",\"logo\":{\"@type\":\"ImageObject\",\"inLanguage\":\"en-US\",\"@id\":\"https:\/\/librairie7l.com\/en\/#\/schema\/logo\/image\/\",\"url\":\"https:\/\/librairie7l.com\/wp-content\/uploads\/2022\/08\/logo-1.png\",\"contentUrl\":\"https:\/\/librairie7l.com\/wp-content\/uploads\/2022\/08\/logo-1.png\",\"width\":227,\"height\":301,\"caption\":\"Librairie 7L\"},\"image\":{\"@id\":\"https:\/\/librairie7l.com\/en\/#\/schema\/logo\/image\/\"}}]}<\/script>\n<!-- \/ Yoast SEO plugin. -->","yoast_head_json":{"title":"Lumi\u00e8re des roses - Librairie 7L","robots":{"index":"index","follow":"follow","max-snippet":"max-snippet:-1","max-image-preview":"max-image-preview:large","max-video-preview":"max-video-preview:-1"},"canonical":"https:\/\/librairie7l.com\/en\/produit\/lumiere-des-roses-2\/","og_locale":"en_US","og_type":"article","og_title":"Lumi\u00e8re des roses - Librairie 7L","og_description":"Fondateurs de la galerie Lumi\u00e8re des roses, \u00e0 Montreuil, Marion et Philippe Jacquier explorent depuis 2005 le champ de la photographie anonyme et amateur : &#8221; Nous sommes des chercheurs d&#8217;images &#8220;, comme ils se d\u00e9finissent eux-m\u00eames. Pionniers dans leur discipline, ils arpentent depuis vingt ans les march\u00e9s aux puces, vide-greniers et autres lieux o\u00f9 [&hellip;]","og_url":"https:\/\/librairie7l.com\/en\/produit\/lumiere-des-roses-2\/","og_site_name":"Librairie 7L","article_modified_time":"2026-04-14T22:13:03+00:00","og_image":[{"width":600,"height":746,"url":"https:\/\/librairie7l.com\/wp-content\/uploads\/2025\/02\/9782365114370_1_75.jpg","type":"image\/jpeg"}],"twitter_card":"summary_large_image","twitter_misc":{"Est. reading time":"2 minutes"},"schema":{"@context":"https:\/\/schema.org","@graph":[{"@type":"WebPage","@id":"https:\/\/librairie7l.com\/en\/produit\/lumiere-des-roses-2\/","url":"https:\/\/librairie7l.com\/en\/produit\/lumiere-des-roses-2\/","name":"Lumi\u00e8re des roses - Librairie 7L","isPartOf":{"@id":"https:\/\/librairie7l.com\/en\/#website"},"datePublished":"2025-06-25T07:18:18+00:00","dateModified":"2026-04-14T22:13:03+00:00","breadcrumb":{"@id":"https:\/\/librairie7l.com\/en\/produit\/lumiere-des-roses-2\/#breadcrumb"},"inLanguage":"en-US","potentialAction":[{"@type":"ReadAction","target":["https:\/\/librairie7l.com\/en\/produit\/lumiere-des-roses-2\/"]}]},{"@type":"BreadcrumbList","@id":"https:\/\/librairie7l.com\/en\/produit\/lumiere-des-roses-2\/#breadcrumb","itemListElement":[{"@type":"ListItem","position":1,"name":"Accueil","item":"https:\/\/librairie7l.com\/en\/"},{"@type":"ListItem","position":2,"name":"Shop","item":"https:\/\/librairie7l.com\/en\/shop\/"},{"@type":"ListItem","position":3,"name":"LUMI\u00c8RE DES ROSES"}]},{"@type":"WebSite","@id":"https:\/\/librairie7l.com\/en\/#website","url":"https:\/\/librairie7l.com\/en\/","name":"Librairie 7L","description":"Librairie fond\u00e9e en 1999 par Karl Lagerfeld \u00e0 Paris","publisher":{"@id":"https:\/\/librairie7l.com\/en\/#organization"},"potentialAction":[{"@type":"SearchAction","target":{"@type":"EntryPoint","urlTemplate":"https:\/\/librairie7l.com\/en\/?s={search_term_string}"},"query-input":"required name=search_term_string"}],"inLanguage":"en-US"},{"@type":"Organization","@id":"https:\/\/librairie7l.com\/en\/#organization","name":"Librairie 7L","url":"https:\/\/librairie7l.com\/en\/","logo":{"@type":"ImageObject","inLanguage":"en-US","@id":"https:\/\/librairie7l.com\/en\/#\/schema\/logo\/image\/","url":"https:\/\/librairie7l.com\/wp-content\/uploads\/2022\/08\/logo-1.png","contentUrl":"https:\/\/librairie7l.com\/wp-content\/uploads\/2022\/08\/logo-1.png","width":227,"height":301,"caption":"Librairie 7L"},"image":{"@id":"https:\/\/librairie7l.com\/en\/#\/schema\/logo\/image\/"}}]}},"_links":{"self":[{"href":"https:\/\/librairie7l.com\/en\/wp-json\/wp\/v2\/product\/48992"}],"collection":[{"href":"https:\/\/librairie7l.com\/en\/wp-json\/wp\/v2\/product"}],"about":[{"href":"https:\/\/librairie7l.com\/en\/wp-json\/wp\/v2\/types\/product"}],"wp:featuredmedia":[{"embeddable":true,"href":"https:\/\/librairie7l.com\/en\/wp-json\/wp\/v2\/media\/48990"}],"wp:attachment":[{"href":"https:\/\/librairie7l.com\/en\/wp-json\/wp\/v2\/media?parent=48992"}],"wp:term":[{"taxonomy":"product_cat","embeddable":true,"href":"https:\/\/librairie7l.com\/en\/wp-json\/wp\/v2\/product_cat?post=48992"},{"taxonomy":"product_tag","embeddable":true,"href":"https:\/\/librairie7l.com\/en\/wp-json\/wp\/v2\/product_tag?post=48992"}],"curies":[{"name":"wp","href":"https:\/\/api.w.org\/{rel}","templated":true}]}}