{"id":48996,"date":"2025-06-25T09:18:22","date_gmt":"2025-06-25T07:18:22","guid":{"rendered":"https:\/\/librairie7l.com\/?post_type=product&#038;p=48996"},"modified":"2026-04-14T17:06:59","modified_gmt":"2026-04-14T15:06:59","slug":"nous-autres-2","status":"publish","type":"product","link":"https:\/\/librairie7l.com\/en\/produit\/nous-autres-2\/","title":{"rendered":"NOUS AUTRES"},"content":{"rendered":"<p>Cet ouvrage, premi\u00e8re monographie consacr\u00e9e \u00e0 l&#8217;oeuvre photographique de l&#8217;artiste am\u00e9ricaine Donna Gottschalk, propose une immersion dans son travail gr\u00e2ce aux recherches in\u00e9dites men\u00e9es par l&#8217;auteure et th\u00e9oricienne H\u00e9l\u00e8ne Giannecchini, compl\u00e9t\u00e9es par de nombreux entretiens avec la photographe.<br \/>\nL&#8217;oeuvre de Donna Gottschalk, quasiment inconnue en France, brosse un portrait social et politique de l&#8217;Am\u00e9rique invisible, de la fin des ann\u00e9es 1960 aux ann\u00e9es 1980, qui r\u00e9sonne encore fortement aujourd&#8217;hui. Son regard, \u00e0 la fois sensible et engag\u00e9, se porte plus particuli\u00e8rement sur les personnes \u00e0 la marge &#8211; jeunes m\u00e8res c\u00e9libataires, adolescents en rupture avec leur famille, petits d\u00e9linquants&#8230; &#8211; et sur la communaut\u00e9 queer, \u00e0 laquelle elle-m\u00eame appartient. Donna Gottschalk montre ceux auxquels on s&#8217;int\u00e9resse peu, ceux qui vivent dans une certaine fragilit\u00e9 \u00e9conomique et affective, ceux qui subissent homophobie et rejet social.<\/p>\n<p> L&#8217;ouvrage tissera un dialogue entre les images de Donna Gottschalk et les textes d&#8217;H\u00e9l\u00e8ne Giannecchini, pour raconter cette Am\u00e9rique des marges et donner voix aux vies ignor\u00e9es.<br \/>\n Il sera compl\u00e9t\u00e9 d&#8217;un long entretien entre les deux femmes et d&#8217;un riche appareil critique, comprenant des documents d&#8217;archives in\u00e9dits ainsi que deux essais, sign\u00e9s par Carla Williams, photographe et historienne de l&#8217;art am\u00e9ricaine, et par Julie H\u00e9raut, co-commissaire de l&#8217;exposition qui se tiendra au BAL \u00e0 l&#8217;\u00e9t\u00e9 2025.<\/p>\n","protected":false},"excerpt":{"rendered":"<p>Cet ouvrage, premi\u00e8re monographie consacr\u00e9e \u00e0 l&#8217;oeuvre photographique de l&#8217;artiste am\u00e9ricaine Donna Gottschalk, propose une immersion dans son travail gr\u00e2ce aux recherches in\u00e9dites men\u00e9es par l&#8217;auteure et th\u00e9oricienne H\u00e9l\u00e8ne Giannecchini, compl\u00e9t\u00e9es par de nombreux entretiens avec la photographe. L&#8217;oeuvre de Donna Gottschalk, quasiment inconnue en France, brosse un portrait social et politique de l&#8217;Am\u00e9rique invisible, [&hellip;]<\/p>\n","protected":false},"featured_media":48994,"template":"","meta":[],"product_cat":[2948,2958],"product_tag":[],"acf":[],"yoast_head":"<!-- This site is optimized with the Yoast SEO plugin v20.11 - https:\/\/yoast.com\/wordpress\/plugins\/seo\/ -->\n<title>Nous autres - Librairie 7L<\/title>\n<meta name=\"robots\" content=\"index, follow, max-snippet:-1, max-image-preview:large, max-video-preview:-1\" \/>\n<link rel=\"canonical\" href=\"https:\/\/librairie7l.com\/en\/produit\/nous-autres-2\/\" \/>\n<meta property=\"og:locale\" content=\"en_US\" \/>\n<meta property=\"og:type\" content=\"article\" \/>\n<meta property=\"og:title\" content=\"Nous autres - Librairie 7L\" \/>\n<meta property=\"og:description\" content=\"Cet ouvrage, premi\u00e8re monographie consacr\u00e9e \u00e0 l&#8217;oeuvre photographique de l&#8217;artiste am\u00e9ricaine Donna Gottschalk, propose une immersion dans son travail gr\u00e2ce aux recherches in\u00e9dites men\u00e9es par l&#8217;auteure et th\u00e9oricienne H\u00e9l\u00e8ne Giannecchini, compl\u00e9t\u00e9es par de nombreux entretiens avec la photographe. L&#8217;oeuvre de Donna Gottschalk, quasiment inconnue en France, brosse un portrait social et politique de l&#8217;Am\u00e9rique invisible, [&hellip;]\" \/>\n<meta property=\"og:url\" content=\"https:\/\/librairie7l.com\/en\/produit\/nous-autres-2\/\" \/>\n<meta property=\"og:site_name\" content=\"Librairie 7L\" \/>\n<meta property=\"article:modified_time\" content=\"2026-04-14T15:06:59+00:00\" \/>\n<meta property=\"og:image\" content=\"https:\/\/librairie7l.com\/wp-content\/uploads\/2025\/02\/9782365114363_1_75.jpg\" \/>\n\t<meta property=\"og:image:width\" content=\"600\" \/>\n\t<meta property=\"og:image:height\" content=\"744\" \/>\n\t<meta property=\"og:image:type\" content=\"image\/jpeg\" \/>\n<meta name=\"twitter:card\" content=\"summary_large_image\" \/>\n<meta name=\"twitter:label1\" content=\"Est. reading time\" \/>\n\t<meta name=\"twitter:data1\" content=\"1 minute\" \/>\n<script type=\"application\/ld+json\" class=\"yoast-schema-graph\">{\"@context\":\"https:\/\/schema.org\",\"@graph\":[{\"@type\":\"WebPage\",\"@id\":\"https:\/\/librairie7l.com\/en\/produit\/nous-autres-2\/\",\"url\":\"https:\/\/librairie7l.com\/en\/produit\/nous-autres-2\/\",\"name\":\"Nous autres - Librairie 7L\",\"isPartOf\":{\"@id\":\"https:\/\/librairie7l.com\/en\/#website\"},\"datePublished\":\"2025-06-25T07:18:22+00:00\",\"dateModified\":\"2026-04-14T15:06:59+00:00\",\"breadcrumb\":{\"@id\":\"https:\/\/librairie7l.com\/en\/produit\/nous-autres-2\/#breadcrumb\"},\"inLanguage\":\"en-US\",\"potentialAction\":[{\"@type\":\"ReadAction\",\"target\":[\"https:\/\/librairie7l.com\/en\/produit\/nous-autres-2\/\"]}]},{\"@type\":\"BreadcrumbList\",\"@id\":\"https:\/\/librairie7l.com\/en\/produit\/nous-autres-2\/#breadcrumb\",\"itemListElement\":[{\"@type\":\"ListItem\",\"position\":1,\"name\":\"Accueil\",\"item\":\"https:\/\/librairie7l.com\/en\/\"},{\"@type\":\"ListItem\",\"position\":2,\"name\":\"Shop\",\"item\":\"https:\/\/librairie7l.com\/en\/shop\/\"},{\"@type\":\"ListItem\",\"position\":3,\"name\":\"NOUS AUTRES\"}]},{\"@type\":\"WebSite\",\"@id\":\"https:\/\/librairie7l.com\/en\/#website\",\"url\":\"https:\/\/librairie7l.com\/en\/\",\"name\":\"Librairie 7L\",\"description\":\"Librairie fond\u00e9e en 1999 par Karl Lagerfeld \u00e0 Paris\",\"publisher\":{\"@id\":\"https:\/\/librairie7l.com\/en\/#organization\"},\"potentialAction\":[{\"@type\":\"SearchAction\",\"target\":{\"@type\":\"EntryPoint\",\"urlTemplate\":\"https:\/\/librairie7l.com\/en\/?s={search_term_string}\"},\"query-input\":\"required name=search_term_string\"}],\"inLanguage\":\"en-US\"},{\"@type\":\"Organization\",\"@id\":\"https:\/\/librairie7l.com\/en\/#organization\",\"name\":\"Librairie 7L\",\"url\":\"https:\/\/librairie7l.com\/en\/\",\"logo\":{\"@type\":\"ImageObject\",\"inLanguage\":\"en-US\",\"@id\":\"https:\/\/librairie7l.com\/en\/#\/schema\/logo\/image\/\",\"url\":\"https:\/\/librairie7l.com\/wp-content\/uploads\/2022\/08\/logo-1.png\",\"contentUrl\":\"https:\/\/librairie7l.com\/wp-content\/uploads\/2022\/08\/logo-1.png\",\"width\":227,\"height\":301,\"caption\":\"Librairie 7L\"},\"image\":{\"@id\":\"https:\/\/librairie7l.com\/en\/#\/schema\/logo\/image\/\"}}]}<\/script>\n<!-- \/ Yoast SEO plugin. -->","yoast_head_json":{"title":"Nous autres - Librairie 7L","robots":{"index":"index","follow":"follow","max-snippet":"max-snippet:-1","max-image-preview":"max-image-preview:large","max-video-preview":"max-video-preview:-1"},"canonical":"https:\/\/librairie7l.com\/en\/produit\/nous-autres-2\/","og_locale":"en_US","og_type":"article","og_title":"Nous autres - Librairie 7L","og_description":"Cet ouvrage, premi\u00e8re monographie consacr\u00e9e \u00e0 l&#8217;oeuvre photographique de l&#8217;artiste am\u00e9ricaine Donna Gottschalk, propose une immersion dans son travail gr\u00e2ce aux recherches in\u00e9dites men\u00e9es par l&#8217;auteure et th\u00e9oricienne H\u00e9l\u00e8ne Giannecchini, compl\u00e9t\u00e9es par de nombreux entretiens avec la photographe. L&#8217;oeuvre de Donna Gottschalk, quasiment inconnue en France, brosse un portrait social et politique de l&#8217;Am\u00e9rique invisible, [&hellip;]","og_url":"https:\/\/librairie7l.com\/en\/produit\/nous-autres-2\/","og_site_name":"Librairie 7L","article_modified_time":"2026-04-14T15:06:59+00:00","og_image":[{"width":600,"height":744,"url":"https:\/\/librairie7l.com\/wp-content\/uploads\/2025\/02\/9782365114363_1_75.jpg","type":"image\/jpeg"}],"twitter_card":"summary_large_image","twitter_misc":{"Est. reading time":"1 minute"},"schema":{"@context":"https:\/\/schema.org","@graph":[{"@type":"WebPage","@id":"https:\/\/librairie7l.com\/en\/produit\/nous-autres-2\/","url":"https:\/\/librairie7l.com\/en\/produit\/nous-autres-2\/","name":"Nous autres - Librairie 7L","isPartOf":{"@id":"https:\/\/librairie7l.com\/en\/#website"},"datePublished":"2025-06-25T07:18:22+00:00","dateModified":"2026-04-14T15:06:59+00:00","breadcrumb":{"@id":"https:\/\/librairie7l.com\/en\/produit\/nous-autres-2\/#breadcrumb"},"inLanguage":"en-US","potentialAction":[{"@type":"ReadAction","target":["https:\/\/librairie7l.com\/en\/produit\/nous-autres-2\/"]}]},{"@type":"BreadcrumbList","@id":"https:\/\/librairie7l.com\/en\/produit\/nous-autres-2\/#breadcrumb","itemListElement":[{"@type":"ListItem","position":1,"name":"Accueil","item":"https:\/\/librairie7l.com\/en\/"},{"@type":"ListItem","position":2,"name":"Shop","item":"https:\/\/librairie7l.com\/en\/shop\/"},{"@type":"ListItem","position":3,"name":"NOUS AUTRES"}]},{"@type":"WebSite","@id":"https:\/\/librairie7l.com\/en\/#website","url":"https:\/\/librairie7l.com\/en\/","name":"Librairie 7L","description":"Librairie fond\u00e9e en 1999 par Karl Lagerfeld \u00e0 Paris","publisher":{"@id":"https:\/\/librairie7l.com\/en\/#organization"},"potentialAction":[{"@type":"SearchAction","target":{"@type":"EntryPoint","urlTemplate":"https:\/\/librairie7l.com\/en\/?s={search_term_string}"},"query-input":"required name=search_term_string"}],"inLanguage":"en-US"},{"@type":"Organization","@id":"https:\/\/librairie7l.com\/en\/#organization","name":"Librairie 7L","url":"https:\/\/librairie7l.com\/en\/","logo":{"@type":"ImageObject","inLanguage":"en-US","@id":"https:\/\/librairie7l.com\/en\/#\/schema\/logo\/image\/","url":"https:\/\/librairie7l.com\/wp-content\/uploads\/2022\/08\/logo-1.png","contentUrl":"https:\/\/librairie7l.com\/wp-content\/uploads\/2022\/08\/logo-1.png","width":227,"height":301,"caption":"Librairie 7L"},"image":{"@id":"https:\/\/librairie7l.com\/en\/#\/schema\/logo\/image\/"}}]}},"_links":{"self":[{"href":"https:\/\/librairie7l.com\/en\/wp-json\/wp\/v2\/product\/48996"}],"collection":[{"href":"https:\/\/librairie7l.com\/en\/wp-json\/wp\/v2\/product"}],"about":[{"href":"https:\/\/librairie7l.com\/en\/wp-json\/wp\/v2\/types\/product"}],"wp:featuredmedia":[{"embeddable":true,"href":"https:\/\/librairie7l.com\/en\/wp-json\/wp\/v2\/media\/48994"}],"wp:attachment":[{"href":"https:\/\/librairie7l.com\/en\/wp-json\/wp\/v2\/media?parent=48996"}],"wp:term":[{"taxonomy":"product_cat","embeddable":true,"href":"https:\/\/librairie7l.com\/en\/wp-json\/wp\/v2\/product_cat?post=48996"},{"taxonomy":"product_tag","embeddable":true,"href":"https:\/\/librairie7l.com\/en\/wp-json\/wp\/v2\/product_tag?post=48996"}],"curies":[{"name":"wp","href":"https:\/\/api.w.org\/{rel}","templated":true}]}}