{"id":49004,"date":"2025-06-25T10:16:05","date_gmt":"2025-06-25T08:16:05","guid":{"rendered":"https:\/\/librairie7l.com\/?post_type=product&#038;p=49004"},"modified":"2026-04-05T12:36:42","modified_gmt":"2026-04-05T10:36:42","slug":"green-building-envelopes-the-latest-in-eco-friendly-architecture-2","status":"publish","type":"product","link":"https:\/\/librairie7l.com\/en\/produit\/green-building-envelopes-the-latest-in-eco-friendly-architecture-2\/","title":{"rendered":"GREEN BUILDING ENVELOPES : THE LATEST IN ECO-FRIENDLY ARCHITECTURE"},"content":{"rendered":"<p>Le changement climatique est l\u00e0 depuis longtemps et provoque dans le monde entier un changement de mentalit\u00e9 dans le secteur du b\u00e2timent avec la conception des constructions. Les villes en particulier doivent devenir plus &#8220;&#8221;vertes&#8221;&#8221; afin d&#8217;am\u00e9liorer la qualit\u00e9 de vie. La strat\u00e9gie certainement la plus passionnante et aussi la plus visible est la v\u00e9g\u00e9talisation des toits, des fa\u00e7ades et des cours int\u00e9rieures.<br \/>\nCe volume pr\u00e9sente des concepts et des projets convaincants et prometteurs du monde entier, qui explorent le potentiel d&#8217;une enveloppe de b\u00e2timent plant\u00e9e. Outre leur importance dans la gestion des fortes pluies, ils permettent notamment de r\u00e9duire les \u00e9missions de CO2, de fixer les particules fines, d&#8217;att\u00e9nuer les nuisances sonores, d&#8217;absorber les rayons UV et d&#8217;optimiser l&#8217;efficacit\u00e9 \u00e9nerg\u00e9tique tout en am\u00e9liorant durablement le microclimat. On montrera en particulier l&#8217;utilisation vari\u00e9e des mat\u00e9riaux organiques, \u00e9galement en combinaison avec des innovations technologiques de construction, et leur fonction en tant qu&#8217;\u00e9l\u00e9ments de planification et facteurs de conception \u00e0 part enti\u00e8re.<\/p>\n","protected":false},"excerpt":{"rendered":"<p>Le changement climatique est l\u00e0 depuis longtemps et provoque dans le monde entier un changement de mentalit\u00e9 dans le secteur du b\u00e2timent avec la conception des constructions. Les villes en particulier doivent devenir plus &#8220;&#8221;vertes&#8221;&#8221; afin d&#8217;am\u00e9liorer la qualit\u00e9 de vie. La strat\u00e9gie certainement la plus passionnante et aussi la plus visible est la v\u00e9g\u00e9talisation [&hellip;]<\/p>\n","protected":false},"featured_media":49002,"template":"","meta":[],"product_cat":[2948,2950],"product_tag":[],"acf":[],"yoast_head":"<!-- This site is optimized with the Yoast SEO plugin v20.11 - https:\/\/yoast.com\/wordpress\/plugins\/seo\/ -->\n<title>Green Building Envelopes : The Latest in Eco-Friendly Architecture - Librairie 7L<\/title>\n<meta name=\"robots\" content=\"index, follow, max-snippet:-1, max-image-preview:large, max-video-preview:-1\" \/>\n<link rel=\"canonical\" href=\"https:\/\/librairie7l.com\/en\/produit\/green-building-envelopes-the-latest-in-eco-friendly-architecture-2\/\" \/>\n<meta property=\"og:locale\" content=\"en_US\" \/>\n<meta property=\"og:type\" content=\"article\" \/>\n<meta property=\"og:title\" content=\"Green Building Envelopes : The Latest in Eco-Friendly Architecture - Librairie 7L\" \/>\n<meta property=\"og:description\" content=\"Le changement climatique est l\u00e0 depuis longtemps et provoque dans le monde entier un changement de mentalit\u00e9 dans le secteur du b\u00e2timent avec la conception des constructions. Les villes en particulier doivent devenir plus &#8220;&#8221;vertes&#8221;&#8221; afin d&#8217;am\u00e9liorer la qualit\u00e9 de vie. La strat\u00e9gie certainement la plus passionnante et aussi la plus visible est la v\u00e9g\u00e9talisation [&hellip;]\" \/>\n<meta property=\"og:url\" content=\"https:\/\/librairie7l.com\/en\/produit\/green-building-envelopes-the-latest-in-eco-friendly-architecture-2\/\" \/>\n<meta property=\"og:site_name\" content=\"Librairie 7L\" \/>\n<meta property=\"article:modified_time\" content=\"2026-04-05T10:36:42+00:00\" \/>\n<meta property=\"og:image\" content=\"https:\/\/librairie7l.com\/wp-content\/uploads\/2024\/01\/9783037682982_1_75.jpg\" \/>\n\t<meta property=\"og:image:width\" content=\"600\" \/>\n\t<meta property=\"og:image:height\" content=\"699\" \/>\n\t<meta property=\"og:image:type\" content=\"image\/jpeg\" \/>\n<meta name=\"twitter:card\" content=\"summary_large_image\" \/>\n<meta name=\"twitter:label1\" content=\"Est. reading time\" \/>\n\t<meta name=\"twitter:data1\" content=\"1 minute\" \/>\n<script type=\"application\/ld+json\" class=\"yoast-schema-graph\">{\"@context\":\"https:\/\/schema.org\",\"@graph\":[{\"@type\":\"WebPage\",\"@id\":\"https:\/\/librairie7l.com\/en\/produit\/green-building-envelopes-the-latest-in-eco-friendly-architecture-2\/\",\"url\":\"https:\/\/librairie7l.com\/en\/produit\/green-building-envelopes-the-latest-in-eco-friendly-architecture-2\/\",\"name\":\"Green Building Envelopes : The Latest in Eco-Friendly Architecture - Librairie 7L\",\"isPartOf\":{\"@id\":\"https:\/\/librairie7l.com\/en\/#website\"},\"datePublished\":\"2025-06-25T08:16:05+00:00\",\"dateModified\":\"2026-04-05T10:36:42+00:00\",\"breadcrumb\":{\"@id\":\"https:\/\/librairie7l.com\/en\/produit\/green-building-envelopes-the-latest-in-eco-friendly-architecture-2\/#breadcrumb\"},\"inLanguage\":\"en-US\",\"potentialAction\":[{\"@type\":\"ReadAction\",\"target\":[\"https:\/\/librairie7l.com\/en\/produit\/green-building-envelopes-the-latest-in-eco-friendly-architecture-2\/\"]}]},{\"@type\":\"BreadcrumbList\",\"@id\":\"https:\/\/librairie7l.com\/en\/produit\/green-building-envelopes-the-latest-in-eco-friendly-architecture-2\/#breadcrumb\",\"itemListElement\":[{\"@type\":\"ListItem\",\"position\":1,\"name\":\"Accueil\",\"item\":\"https:\/\/librairie7l.com\/en\/\"},{\"@type\":\"ListItem\",\"position\":2,\"name\":\"Shop\",\"item\":\"https:\/\/librairie7l.com\/en\/shop\/\"},{\"@type\":\"ListItem\",\"position\":3,\"name\":\"GREEN BUILDING ENVELOPES : THE LATEST IN ECO-FRIENDLY ARCHITECTURE\"}]},{\"@type\":\"WebSite\",\"@id\":\"https:\/\/librairie7l.com\/en\/#website\",\"url\":\"https:\/\/librairie7l.com\/en\/\",\"name\":\"Librairie 7L\",\"description\":\"Librairie fond\u00e9e en 1999 par Karl Lagerfeld \u00e0 Paris\",\"publisher\":{\"@id\":\"https:\/\/librairie7l.com\/en\/#organization\"},\"potentialAction\":[{\"@type\":\"SearchAction\",\"target\":{\"@type\":\"EntryPoint\",\"urlTemplate\":\"https:\/\/librairie7l.com\/en\/?s={search_term_string}\"},\"query-input\":\"required name=search_term_string\"}],\"inLanguage\":\"en-US\"},{\"@type\":\"Organization\",\"@id\":\"https:\/\/librairie7l.com\/en\/#organization\",\"name\":\"Librairie 7L\",\"url\":\"https:\/\/librairie7l.com\/en\/\",\"logo\":{\"@type\":\"ImageObject\",\"inLanguage\":\"en-US\",\"@id\":\"https:\/\/librairie7l.com\/en\/#\/schema\/logo\/image\/\",\"url\":\"https:\/\/librairie7l.com\/wp-content\/uploads\/2022\/08\/logo-1.png\",\"contentUrl\":\"https:\/\/librairie7l.com\/wp-content\/uploads\/2022\/08\/logo-1.png\",\"width\":227,\"height\":301,\"caption\":\"Librairie 7L\"},\"image\":{\"@id\":\"https:\/\/librairie7l.com\/en\/#\/schema\/logo\/image\/\"}}]}<\/script>\n<!-- \/ Yoast SEO plugin. -->","yoast_head_json":{"title":"Green Building Envelopes : The Latest in Eco-Friendly Architecture - Librairie 7L","robots":{"index":"index","follow":"follow","max-snippet":"max-snippet:-1","max-image-preview":"max-image-preview:large","max-video-preview":"max-video-preview:-1"},"canonical":"https:\/\/librairie7l.com\/en\/produit\/green-building-envelopes-the-latest-in-eco-friendly-architecture-2\/","og_locale":"en_US","og_type":"article","og_title":"Green Building Envelopes : The Latest in Eco-Friendly Architecture - Librairie 7L","og_description":"Le changement climatique est l\u00e0 depuis longtemps et provoque dans le monde entier un changement de mentalit\u00e9 dans le secteur du b\u00e2timent avec la conception des constructions. Les villes en particulier doivent devenir plus &#8220;&#8221;vertes&#8221;&#8221; afin d&#8217;am\u00e9liorer la qualit\u00e9 de vie. La strat\u00e9gie certainement la plus passionnante et aussi la plus visible est la v\u00e9g\u00e9talisation [&hellip;]","og_url":"https:\/\/librairie7l.com\/en\/produit\/green-building-envelopes-the-latest-in-eco-friendly-architecture-2\/","og_site_name":"Librairie 7L","article_modified_time":"2026-04-05T10:36:42+00:00","og_image":[{"width":600,"height":699,"url":"https:\/\/librairie7l.com\/wp-content\/uploads\/2024\/01\/9783037682982_1_75.jpg","type":"image\/jpeg"}],"twitter_card":"summary_large_image","twitter_misc":{"Est. reading time":"1 minute"},"schema":{"@context":"https:\/\/schema.org","@graph":[{"@type":"WebPage","@id":"https:\/\/librairie7l.com\/en\/produit\/green-building-envelopes-the-latest-in-eco-friendly-architecture-2\/","url":"https:\/\/librairie7l.com\/en\/produit\/green-building-envelopes-the-latest-in-eco-friendly-architecture-2\/","name":"Green Building Envelopes : The Latest in Eco-Friendly Architecture - Librairie 7L","isPartOf":{"@id":"https:\/\/librairie7l.com\/en\/#website"},"datePublished":"2025-06-25T08:16:05+00:00","dateModified":"2026-04-05T10:36:42+00:00","breadcrumb":{"@id":"https:\/\/librairie7l.com\/en\/produit\/green-building-envelopes-the-latest-in-eco-friendly-architecture-2\/#breadcrumb"},"inLanguage":"en-US","potentialAction":[{"@type":"ReadAction","target":["https:\/\/librairie7l.com\/en\/produit\/green-building-envelopes-the-latest-in-eco-friendly-architecture-2\/"]}]},{"@type":"BreadcrumbList","@id":"https:\/\/librairie7l.com\/en\/produit\/green-building-envelopes-the-latest-in-eco-friendly-architecture-2\/#breadcrumb","itemListElement":[{"@type":"ListItem","position":1,"name":"Accueil","item":"https:\/\/librairie7l.com\/en\/"},{"@type":"ListItem","position":2,"name":"Shop","item":"https:\/\/librairie7l.com\/en\/shop\/"},{"@type":"ListItem","position":3,"name":"GREEN BUILDING ENVELOPES : THE LATEST IN ECO-FRIENDLY ARCHITECTURE"}]},{"@type":"WebSite","@id":"https:\/\/librairie7l.com\/en\/#website","url":"https:\/\/librairie7l.com\/en\/","name":"Librairie 7L","description":"Librairie fond\u00e9e en 1999 par Karl Lagerfeld \u00e0 Paris","publisher":{"@id":"https:\/\/librairie7l.com\/en\/#organization"},"potentialAction":[{"@type":"SearchAction","target":{"@type":"EntryPoint","urlTemplate":"https:\/\/librairie7l.com\/en\/?s={search_term_string}"},"query-input":"required name=search_term_string"}],"inLanguage":"en-US"},{"@type":"Organization","@id":"https:\/\/librairie7l.com\/en\/#organization","name":"Librairie 7L","url":"https:\/\/librairie7l.com\/en\/","logo":{"@type":"ImageObject","inLanguage":"en-US","@id":"https:\/\/librairie7l.com\/en\/#\/schema\/logo\/image\/","url":"https:\/\/librairie7l.com\/wp-content\/uploads\/2022\/08\/logo-1.png","contentUrl":"https:\/\/librairie7l.com\/wp-content\/uploads\/2022\/08\/logo-1.png","width":227,"height":301,"caption":"Librairie 7L"},"image":{"@id":"https:\/\/librairie7l.com\/en\/#\/schema\/logo\/image\/"}}]}},"_links":{"self":[{"href":"https:\/\/librairie7l.com\/en\/wp-json\/wp\/v2\/product\/49004"}],"collection":[{"href":"https:\/\/librairie7l.com\/en\/wp-json\/wp\/v2\/product"}],"about":[{"href":"https:\/\/librairie7l.com\/en\/wp-json\/wp\/v2\/types\/product"}],"wp:featuredmedia":[{"embeddable":true,"href":"https:\/\/librairie7l.com\/en\/wp-json\/wp\/v2\/media\/49002"}],"wp:attachment":[{"href":"https:\/\/librairie7l.com\/en\/wp-json\/wp\/v2\/media?parent=49004"}],"wp:term":[{"taxonomy":"product_cat","embeddable":true,"href":"https:\/\/librairie7l.com\/en\/wp-json\/wp\/v2\/product_cat?post=49004"},{"taxonomy":"product_tag","embeddable":true,"href":"https:\/\/librairie7l.com\/en\/wp-json\/wp\/v2\/product_tag?post=49004"}],"curies":[{"name":"wp","href":"https:\/\/api.w.org\/{rel}","templated":true}]}}