{"id":49013,"date":"2025-06-26T09:17:38","date_gmt":"2025-06-26T07:17:38","guid":{"rendered":"https:\/\/librairie7l.com\/?post_type=product&#038;p=49013"},"modified":"2026-04-15T00:30:56","modified_gmt":"2026-04-14T22:30:56","slug":"jean-gaumy-et-la-mer-2","status":"publish","type":"product","link":"https:\/\/librairie7l.com\/en\/produit\/jean-gaumy-et-la-mer-2\/","title":{"rendered":"JEAN GAUMY ET LA MER"},"content":{"rendered":"<p>Jean Gaumy et la mer met en lumi\u00e8re le regard de Jean Gaumy sur le monde de la mer.<\/p>\n<p>Gr\u00e2ce \u00e0 plus de 140 photographies issues de la collection de la M\u00e9diath\u00e8que du patrimoine et de la photographie, cette monographie d\u00e9voile comment cette figure majeure de la photographie contemporaine saisit avec une intensit\u00e9 rare des th\u00e9matiques maritimes aussi diverses que la p\u00eache, la pleine mer, le traumatisme des mar\u00e9es noires, le huis-clos des sous-marins ou encore l&#8217;exploration des p\u00f4les.<\/p>\n<p>De la Normandie au Groenland, en passant par l&#8217;Andalousie et Long Island, du reportage documentaire \u00e0 une po\u00e9sie plus contemplative ou \u00e0 la recherche d&#8217;une forme de d\u00e9r\u00e9alisation visant \u00e0 l&#8217;abstraction, le \u00abstyle Gaumy\u00bb se d\u00e9voile \u00e0 travers des photographies embl\u00e9matiques mais aussi d&#8217;autres plus confidentielles et in\u00e9dite.<\/p>\n","protected":false},"excerpt":{"rendered":"<p>Jean Gaumy et la mer met en lumi\u00e8re le regard de Jean Gaumy sur le monde de la mer. Gr\u00e2ce \u00e0 plus de 140 photographies issues de la collection de la M\u00e9diath\u00e8que du patrimoine et de la photographie, cette monographie d\u00e9voile comment cette figure majeure de la photographie contemporaine saisit avec une intensit\u00e9 rare des [&hellip;]<\/p>\n","protected":false},"featured_media":49011,"template":"","meta":[],"product_cat":[2948,2958],"product_tag":[],"acf":[],"yoast_head":"<!-- This site is optimized with the Yoast SEO plugin v20.11 - https:\/\/yoast.com\/wordpress\/plugins\/seo\/ -->\n<title>Jean Gaumy et la mer - Librairie 7L<\/title>\n<meta name=\"robots\" content=\"index, follow, max-snippet:-1, max-image-preview:large, max-video-preview:-1\" \/>\n<link rel=\"canonical\" href=\"https:\/\/librairie7l.com\/en\/produit\/jean-gaumy-et-la-mer-2\/\" \/>\n<meta property=\"og:locale\" content=\"en_US\" \/>\n<meta property=\"og:type\" content=\"article\" \/>\n<meta property=\"og:title\" content=\"Jean Gaumy et la mer - Librairie 7L\" \/>\n<meta property=\"og:description\" content=\"Jean Gaumy et la mer met en lumi\u00e8re le regard de Jean Gaumy sur le monde de la mer. Gr\u00e2ce \u00e0 plus de 140 photographies issues de la collection de la M\u00e9diath\u00e8que du patrimoine et de la photographie, cette monographie d\u00e9voile comment cette figure majeure de la photographie contemporaine saisit avec une intensit\u00e9 rare des [&hellip;]\" \/>\n<meta property=\"og:url\" content=\"https:\/\/librairie7l.com\/en\/produit\/jean-gaumy-et-la-mer-2\/\" \/>\n<meta property=\"og:site_name\" content=\"Librairie 7L\" \/>\n<meta property=\"article:modified_time\" content=\"2026-04-14T22:30:56+00:00\" \/>\n<meta property=\"og:image\" content=\"https:\/\/librairie7l.com\/wp-content\/uploads\/2025\/02\/9782494767317_1_75.jpg\" \/>\n\t<meta property=\"og:image:width\" content=\"600\" \/>\n\t<meta property=\"og:image:height\" content=\"745\" \/>\n\t<meta property=\"og:image:type\" content=\"image\/jpeg\" \/>\n<meta name=\"twitter:card\" content=\"summary_large_image\" \/>\n<meta name=\"twitter:label1\" content=\"Est. reading time\" \/>\n\t<meta name=\"twitter:data1\" content=\"1 minute\" \/>\n<script type=\"application\/ld+json\" class=\"yoast-schema-graph\">{\"@context\":\"https:\/\/schema.org\",\"@graph\":[{\"@type\":\"WebPage\",\"@id\":\"https:\/\/librairie7l.com\/en\/produit\/jean-gaumy-et-la-mer-2\/\",\"url\":\"https:\/\/librairie7l.com\/en\/produit\/jean-gaumy-et-la-mer-2\/\",\"name\":\"Jean Gaumy et la mer - Librairie 7L\",\"isPartOf\":{\"@id\":\"https:\/\/librairie7l.com\/en\/#website\"},\"datePublished\":\"2025-06-26T07:17:38+00:00\",\"dateModified\":\"2026-04-14T22:30:56+00:00\",\"breadcrumb\":{\"@id\":\"https:\/\/librairie7l.com\/en\/produit\/jean-gaumy-et-la-mer-2\/#breadcrumb\"},\"inLanguage\":\"en-US\",\"potentialAction\":[{\"@type\":\"ReadAction\",\"target\":[\"https:\/\/librairie7l.com\/en\/produit\/jean-gaumy-et-la-mer-2\/\"]}]},{\"@type\":\"BreadcrumbList\",\"@id\":\"https:\/\/librairie7l.com\/en\/produit\/jean-gaumy-et-la-mer-2\/#breadcrumb\",\"itemListElement\":[{\"@type\":\"ListItem\",\"position\":1,\"name\":\"Accueil\",\"item\":\"https:\/\/librairie7l.com\/en\/\"},{\"@type\":\"ListItem\",\"position\":2,\"name\":\"Shop\",\"item\":\"https:\/\/librairie7l.com\/en\/shop\/\"},{\"@type\":\"ListItem\",\"position\":3,\"name\":\"JEAN GAUMY ET LA MER\"}]},{\"@type\":\"WebSite\",\"@id\":\"https:\/\/librairie7l.com\/en\/#website\",\"url\":\"https:\/\/librairie7l.com\/en\/\",\"name\":\"Librairie 7L\",\"description\":\"Librairie fond\u00e9e en 1999 par Karl Lagerfeld \u00e0 Paris\",\"publisher\":{\"@id\":\"https:\/\/librairie7l.com\/en\/#organization\"},\"potentialAction\":[{\"@type\":\"SearchAction\",\"target\":{\"@type\":\"EntryPoint\",\"urlTemplate\":\"https:\/\/librairie7l.com\/en\/?s={search_term_string}\"},\"query-input\":\"required name=search_term_string\"}],\"inLanguage\":\"en-US\"},{\"@type\":\"Organization\",\"@id\":\"https:\/\/librairie7l.com\/en\/#organization\",\"name\":\"Librairie 7L\",\"url\":\"https:\/\/librairie7l.com\/en\/\",\"logo\":{\"@type\":\"ImageObject\",\"inLanguage\":\"en-US\",\"@id\":\"https:\/\/librairie7l.com\/en\/#\/schema\/logo\/image\/\",\"url\":\"https:\/\/librairie7l.com\/wp-content\/uploads\/2022\/08\/logo-1.png\",\"contentUrl\":\"https:\/\/librairie7l.com\/wp-content\/uploads\/2022\/08\/logo-1.png\",\"width\":227,\"height\":301,\"caption\":\"Librairie 7L\"},\"image\":{\"@id\":\"https:\/\/librairie7l.com\/en\/#\/schema\/logo\/image\/\"}}]}<\/script>\n<!-- \/ Yoast SEO plugin. -->","yoast_head_json":{"title":"Jean Gaumy et la mer - Librairie 7L","robots":{"index":"index","follow":"follow","max-snippet":"max-snippet:-1","max-image-preview":"max-image-preview:large","max-video-preview":"max-video-preview:-1"},"canonical":"https:\/\/librairie7l.com\/en\/produit\/jean-gaumy-et-la-mer-2\/","og_locale":"en_US","og_type":"article","og_title":"Jean Gaumy et la mer - Librairie 7L","og_description":"Jean Gaumy et la mer met en lumi\u00e8re le regard de Jean Gaumy sur le monde de la mer. Gr\u00e2ce \u00e0 plus de 140 photographies issues de la collection de la M\u00e9diath\u00e8que du patrimoine et de la photographie, cette monographie d\u00e9voile comment cette figure majeure de la photographie contemporaine saisit avec une intensit\u00e9 rare des [&hellip;]","og_url":"https:\/\/librairie7l.com\/en\/produit\/jean-gaumy-et-la-mer-2\/","og_site_name":"Librairie 7L","article_modified_time":"2026-04-14T22:30:56+00:00","og_image":[{"width":600,"height":745,"url":"https:\/\/librairie7l.com\/wp-content\/uploads\/2025\/02\/9782494767317_1_75.jpg","type":"image\/jpeg"}],"twitter_card":"summary_large_image","twitter_misc":{"Est. reading time":"1 minute"},"schema":{"@context":"https:\/\/schema.org","@graph":[{"@type":"WebPage","@id":"https:\/\/librairie7l.com\/en\/produit\/jean-gaumy-et-la-mer-2\/","url":"https:\/\/librairie7l.com\/en\/produit\/jean-gaumy-et-la-mer-2\/","name":"Jean Gaumy et la mer - Librairie 7L","isPartOf":{"@id":"https:\/\/librairie7l.com\/en\/#website"},"datePublished":"2025-06-26T07:17:38+00:00","dateModified":"2026-04-14T22:30:56+00:00","breadcrumb":{"@id":"https:\/\/librairie7l.com\/en\/produit\/jean-gaumy-et-la-mer-2\/#breadcrumb"},"inLanguage":"en-US","potentialAction":[{"@type":"ReadAction","target":["https:\/\/librairie7l.com\/en\/produit\/jean-gaumy-et-la-mer-2\/"]}]},{"@type":"BreadcrumbList","@id":"https:\/\/librairie7l.com\/en\/produit\/jean-gaumy-et-la-mer-2\/#breadcrumb","itemListElement":[{"@type":"ListItem","position":1,"name":"Accueil","item":"https:\/\/librairie7l.com\/en\/"},{"@type":"ListItem","position":2,"name":"Shop","item":"https:\/\/librairie7l.com\/en\/shop\/"},{"@type":"ListItem","position":3,"name":"JEAN GAUMY ET LA MER"}]},{"@type":"WebSite","@id":"https:\/\/librairie7l.com\/en\/#website","url":"https:\/\/librairie7l.com\/en\/","name":"Librairie 7L","description":"Librairie fond\u00e9e en 1999 par Karl Lagerfeld \u00e0 Paris","publisher":{"@id":"https:\/\/librairie7l.com\/en\/#organization"},"potentialAction":[{"@type":"SearchAction","target":{"@type":"EntryPoint","urlTemplate":"https:\/\/librairie7l.com\/en\/?s={search_term_string}"},"query-input":"required name=search_term_string"}],"inLanguage":"en-US"},{"@type":"Organization","@id":"https:\/\/librairie7l.com\/en\/#organization","name":"Librairie 7L","url":"https:\/\/librairie7l.com\/en\/","logo":{"@type":"ImageObject","inLanguage":"en-US","@id":"https:\/\/librairie7l.com\/en\/#\/schema\/logo\/image\/","url":"https:\/\/librairie7l.com\/wp-content\/uploads\/2022\/08\/logo-1.png","contentUrl":"https:\/\/librairie7l.com\/wp-content\/uploads\/2022\/08\/logo-1.png","width":227,"height":301,"caption":"Librairie 7L"},"image":{"@id":"https:\/\/librairie7l.com\/en\/#\/schema\/logo\/image\/"}}]}},"_links":{"self":[{"href":"https:\/\/librairie7l.com\/en\/wp-json\/wp\/v2\/product\/49013"}],"collection":[{"href":"https:\/\/librairie7l.com\/en\/wp-json\/wp\/v2\/product"}],"about":[{"href":"https:\/\/librairie7l.com\/en\/wp-json\/wp\/v2\/types\/product"}],"wp:featuredmedia":[{"embeddable":true,"href":"https:\/\/librairie7l.com\/en\/wp-json\/wp\/v2\/media\/49011"}],"wp:attachment":[{"href":"https:\/\/librairie7l.com\/en\/wp-json\/wp\/v2\/media?parent=49013"}],"wp:term":[{"taxonomy":"product_cat","embeddable":true,"href":"https:\/\/librairie7l.com\/en\/wp-json\/wp\/v2\/product_cat?post=49013"},{"taxonomy":"product_tag","embeddable":true,"href":"https:\/\/librairie7l.com\/en\/wp-json\/wp\/v2\/product_tag?post=49013"}],"curies":[{"name":"wp","href":"https:\/\/api.w.org\/{rel}","templated":true}]}}