{"id":49017,"date":"2025-06-26T09:17:41","date_gmt":"2025-06-26T07:17:41","guid":{"rendered":"https:\/\/librairie7l.com\/?post_type=product&#038;p=49017"},"modified":"2026-04-09T15:03:45","modified_gmt":"2026-04-09T13:03:45","slug":"beyond-adornment-jewelry-and-identity-in-art-2","status":"publish","type":"product","link":"https:\/\/librairie7l.com\/en\/produit\/beyond-adornment-jewelry-and-identity-in-art-2\/","title":{"rendered":"BEYOND ADORNMENT : JEWELRY AND IDENTITY IN ART"},"content":{"rendered":"<p>Indispensable aux amateurs de bijoux, cet ouvrage captivant met en lumi\u00e8re la fa\u00e7on dont les bijoux ont \u00e9t\u00e9 utilis\u00e9s pour cr\u00e9er et exprimer l&#8217;identit\u00e9. Pourquoi porte-t-on des bijoux ? Quelle signification rev\u00eat-il pour celui qui le porte ? Et qu&#8217;est-ce que le porteur esp\u00e8re qu&#8217;il transmettra \u00e0 ceux qu&#8217;il rencontre &#8211; ou \u00e0 quelqu&#8217;un qui verrait son image des d\u00e9cennies, voire des si\u00e8cles plus tard ? Les repr\u00e9sentations artistiques de la figure humaine &#8211; portraits, sculptures et autres supports &#8211; dans une s\u00e9rie d&#8217;images all\u00e9goriques, historiques et religieuses mettent souvent en valeur des bijoux. Les ornements repr\u00e9sent\u00e9s dans ces cr\u00e9ations offrent une abondance d&#8217;informations qui nous permettent non seulement de mieux comprendre le sujet, mais aussi d&#8217;avoir un aper\u00e7u de l&#8217;imagination de l&#8217;ar- tiste. Les bijoux nous permettent de mieux appr\u00e9cier les oeuvres d&#8217;art parce qu&#8217;ils sont visuellement attrayants, sensuels et charg\u00e9s d&#8217;un \u00e9ventail d&#8217;associations et de significations symboliques. Rassemblant des objets d&#8217;art spectaculaires et significatifs repr\u00e9sentant des personnages portant de somptueux ornements personnels qui d\u00e9finissent leur identit\u00e9 dans les milieux sp\u00e9cifiques o\u00f9 ils ont v\u00e9cu, ce volume richement illustr\u00e9 et accessible repr\u00e9sente une nouvelle approche interdisciplinaire de la mani\u00e8re dont les bijoux peuvent \u00eatre \u00e9tudi\u00e9s et compris.<\/p>\n","protected":false},"excerpt":{"rendered":"<p>Indispensable aux amateurs de bijoux, cet ouvrage captivant met en lumi\u00e8re la fa\u00e7on dont les bijoux ont \u00e9t\u00e9 utilis\u00e9s pour cr\u00e9er et exprimer l&#8217;identit\u00e9. Pourquoi porte-t-on des bijoux ? Quelle signification rev\u00eat-il pour celui qui le porte ? Et qu&#8217;est-ce que le porteur esp\u00e8re qu&#8217;il transmettra \u00e0 ceux qu&#8217;il rencontre &#8211; ou \u00e0 quelqu&#8217;un qui [&hellip;]<\/p>\n","protected":false},"featured_media":49015,"template":"","meta":[],"product_cat":[2948,2957],"product_tag":[],"acf":[],"yoast_head":"<!-- This site is optimized with the Yoast SEO plugin v20.11 - https:\/\/yoast.com\/wordpress\/plugins\/seo\/ -->\n<title>Beyond adornment : Jewelry and identity in art - Librairie 7L<\/title>\n<meta name=\"robots\" content=\"index, follow, max-snippet:-1, max-image-preview:large, max-video-preview:-1\" \/>\n<link rel=\"canonical\" href=\"https:\/\/librairie7l.com\/en\/produit\/beyond-adornment-jewelry-and-identity-in-art-2\/\" \/>\n<meta property=\"og:locale\" content=\"en_US\" \/>\n<meta property=\"og:type\" content=\"article\" \/>\n<meta property=\"og:title\" content=\"Beyond adornment : Jewelry and identity in art - Librairie 7L\" \/>\n<meta property=\"og:description\" content=\"Indispensable aux amateurs de bijoux, cet ouvrage captivant met en lumi\u00e8re la fa\u00e7on dont les bijoux ont \u00e9t\u00e9 utilis\u00e9s pour cr\u00e9er et exprimer l&#8217;identit\u00e9. Pourquoi porte-t-on des bijoux ? Quelle signification rev\u00eat-il pour celui qui le porte ? Et qu&#8217;est-ce que le porteur esp\u00e8re qu&#8217;il transmettra \u00e0 ceux qu&#8217;il rencontre &#8211; ou \u00e0 quelqu&#8217;un qui [&hellip;]\" \/>\n<meta property=\"og:url\" content=\"https:\/\/librairie7l.com\/en\/produit\/beyond-adornment-jewelry-and-identity-in-art-2\/\" \/>\n<meta property=\"og:site_name\" content=\"Librairie 7L\" \/>\n<meta property=\"article:modified_time\" content=\"2026-04-09T13:03:45+00:00\" \/>\n<meta property=\"og:image\" content=\"https:\/\/librairie7l.com\/wp-content\/uploads\/2025\/02\/9781606069622_1_75.jpg\" \/>\n\t<meta property=\"og:image:width\" content=\"600\" \/>\n\t<meta property=\"og:image:height\" content=\"671\" \/>\n\t<meta property=\"og:image:type\" content=\"image\/jpeg\" \/>\n<meta name=\"twitter:card\" content=\"summary_large_image\" \/>\n<meta name=\"twitter:label1\" content=\"Est. reading time\" \/>\n\t<meta name=\"twitter:data1\" content=\"1 minute\" \/>\n<script type=\"application\/ld+json\" class=\"yoast-schema-graph\">{\"@context\":\"https:\/\/schema.org\",\"@graph\":[{\"@type\":\"WebPage\",\"@id\":\"https:\/\/librairie7l.com\/en\/produit\/beyond-adornment-jewelry-and-identity-in-art-2\/\",\"url\":\"https:\/\/librairie7l.com\/en\/produit\/beyond-adornment-jewelry-and-identity-in-art-2\/\",\"name\":\"Beyond adornment : Jewelry and identity in art - Librairie 7L\",\"isPartOf\":{\"@id\":\"https:\/\/librairie7l.com\/en\/#website\"},\"datePublished\":\"2025-06-26T07:17:41+00:00\",\"dateModified\":\"2026-04-09T13:03:45+00:00\",\"breadcrumb\":{\"@id\":\"https:\/\/librairie7l.com\/en\/produit\/beyond-adornment-jewelry-and-identity-in-art-2\/#breadcrumb\"},\"inLanguage\":\"en-US\",\"potentialAction\":[{\"@type\":\"ReadAction\",\"target\":[\"https:\/\/librairie7l.com\/en\/produit\/beyond-adornment-jewelry-and-identity-in-art-2\/\"]}]},{\"@type\":\"BreadcrumbList\",\"@id\":\"https:\/\/librairie7l.com\/en\/produit\/beyond-adornment-jewelry-and-identity-in-art-2\/#breadcrumb\",\"itemListElement\":[{\"@type\":\"ListItem\",\"position\":1,\"name\":\"Accueil\",\"item\":\"https:\/\/librairie7l.com\/en\/\"},{\"@type\":\"ListItem\",\"position\":2,\"name\":\"Shop\",\"item\":\"https:\/\/librairie7l.com\/en\/shop\/\"},{\"@type\":\"ListItem\",\"position\":3,\"name\":\"BEYOND ADORNMENT : JEWELRY AND IDENTITY IN ART\"}]},{\"@type\":\"WebSite\",\"@id\":\"https:\/\/librairie7l.com\/en\/#website\",\"url\":\"https:\/\/librairie7l.com\/en\/\",\"name\":\"Librairie 7L\",\"description\":\"Librairie fond\u00e9e en 1999 par Karl Lagerfeld \u00e0 Paris\",\"publisher\":{\"@id\":\"https:\/\/librairie7l.com\/en\/#organization\"},\"potentialAction\":[{\"@type\":\"SearchAction\",\"target\":{\"@type\":\"EntryPoint\",\"urlTemplate\":\"https:\/\/librairie7l.com\/en\/?s={search_term_string}\"},\"query-input\":\"required name=search_term_string\"}],\"inLanguage\":\"en-US\"},{\"@type\":\"Organization\",\"@id\":\"https:\/\/librairie7l.com\/en\/#organization\",\"name\":\"Librairie 7L\",\"url\":\"https:\/\/librairie7l.com\/en\/\",\"logo\":{\"@type\":\"ImageObject\",\"inLanguage\":\"en-US\",\"@id\":\"https:\/\/librairie7l.com\/en\/#\/schema\/logo\/image\/\",\"url\":\"https:\/\/librairie7l.com\/wp-content\/uploads\/2022\/08\/logo-1.png\",\"contentUrl\":\"https:\/\/librairie7l.com\/wp-content\/uploads\/2022\/08\/logo-1.png\",\"width\":227,\"height\":301,\"caption\":\"Librairie 7L\"},\"image\":{\"@id\":\"https:\/\/librairie7l.com\/en\/#\/schema\/logo\/image\/\"}}]}<\/script>\n<!-- \/ Yoast SEO plugin. -->","yoast_head_json":{"title":"Beyond adornment : Jewelry and identity in art - Librairie 7L","robots":{"index":"index","follow":"follow","max-snippet":"max-snippet:-1","max-image-preview":"max-image-preview:large","max-video-preview":"max-video-preview:-1"},"canonical":"https:\/\/librairie7l.com\/en\/produit\/beyond-adornment-jewelry-and-identity-in-art-2\/","og_locale":"en_US","og_type":"article","og_title":"Beyond adornment : Jewelry and identity in art - Librairie 7L","og_description":"Indispensable aux amateurs de bijoux, cet ouvrage captivant met en lumi\u00e8re la fa\u00e7on dont les bijoux ont \u00e9t\u00e9 utilis\u00e9s pour cr\u00e9er et exprimer l&#8217;identit\u00e9. Pourquoi porte-t-on des bijoux ? Quelle signification rev\u00eat-il pour celui qui le porte ? Et qu&#8217;est-ce que le porteur esp\u00e8re qu&#8217;il transmettra \u00e0 ceux qu&#8217;il rencontre &#8211; ou \u00e0 quelqu&#8217;un qui [&hellip;]","og_url":"https:\/\/librairie7l.com\/en\/produit\/beyond-adornment-jewelry-and-identity-in-art-2\/","og_site_name":"Librairie 7L","article_modified_time":"2026-04-09T13:03:45+00:00","og_image":[{"width":600,"height":671,"url":"https:\/\/librairie7l.com\/wp-content\/uploads\/2025\/02\/9781606069622_1_75.jpg","type":"image\/jpeg"}],"twitter_card":"summary_large_image","twitter_misc":{"Est. reading time":"1 minute"},"schema":{"@context":"https:\/\/schema.org","@graph":[{"@type":"WebPage","@id":"https:\/\/librairie7l.com\/en\/produit\/beyond-adornment-jewelry-and-identity-in-art-2\/","url":"https:\/\/librairie7l.com\/en\/produit\/beyond-adornment-jewelry-and-identity-in-art-2\/","name":"Beyond adornment : Jewelry and identity in art - Librairie 7L","isPartOf":{"@id":"https:\/\/librairie7l.com\/en\/#website"},"datePublished":"2025-06-26T07:17:41+00:00","dateModified":"2026-04-09T13:03:45+00:00","breadcrumb":{"@id":"https:\/\/librairie7l.com\/en\/produit\/beyond-adornment-jewelry-and-identity-in-art-2\/#breadcrumb"},"inLanguage":"en-US","potentialAction":[{"@type":"ReadAction","target":["https:\/\/librairie7l.com\/en\/produit\/beyond-adornment-jewelry-and-identity-in-art-2\/"]}]},{"@type":"BreadcrumbList","@id":"https:\/\/librairie7l.com\/en\/produit\/beyond-adornment-jewelry-and-identity-in-art-2\/#breadcrumb","itemListElement":[{"@type":"ListItem","position":1,"name":"Accueil","item":"https:\/\/librairie7l.com\/en\/"},{"@type":"ListItem","position":2,"name":"Shop","item":"https:\/\/librairie7l.com\/en\/shop\/"},{"@type":"ListItem","position":3,"name":"BEYOND ADORNMENT : JEWELRY AND IDENTITY IN ART"}]},{"@type":"WebSite","@id":"https:\/\/librairie7l.com\/en\/#website","url":"https:\/\/librairie7l.com\/en\/","name":"Librairie 7L","description":"Librairie fond\u00e9e en 1999 par Karl Lagerfeld \u00e0 Paris","publisher":{"@id":"https:\/\/librairie7l.com\/en\/#organization"},"potentialAction":[{"@type":"SearchAction","target":{"@type":"EntryPoint","urlTemplate":"https:\/\/librairie7l.com\/en\/?s={search_term_string}"},"query-input":"required name=search_term_string"}],"inLanguage":"en-US"},{"@type":"Organization","@id":"https:\/\/librairie7l.com\/en\/#organization","name":"Librairie 7L","url":"https:\/\/librairie7l.com\/en\/","logo":{"@type":"ImageObject","inLanguage":"en-US","@id":"https:\/\/librairie7l.com\/en\/#\/schema\/logo\/image\/","url":"https:\/\/librairie7l.com\/wp-content\/uploads\/2022\/08\/logo-1.png","contentUrl":"https:\/\/librairie7l.com\/wp-content\/uploads\/2022\/08\/logo-1.png","width":227,"height":301,"caption":"Librairie 7L"},"image":{"@id":"https:\/\/librairie7l.com\/en\/#\/schema\/logo\/image\/"}}]}},"_links":{"self":[{"href":"https:\/\/librairie7l.com\/en\/wp-json\/wp\/v2\/product\/49017"}],"collection":[{"href":"https:\/\/librairie7l.com\/en\/wp-json\/wp\/v2\/product"}],"about":[{"href":"https:\/\/librairie7l.com\/en\/wp-json\/wp\/v2\/types\/product"}],"wp:featuredmedia":[{"embeddable":true,"href":"https:\/\/librairie7l.com\/en\/wp-json\/wp\/v2\/media\/49015"}],"wp:attachment":[{"href":"https:\/\/librairie7l.com\/en\/wp-json\/wp\/v2\/media?parent=49017"}],"wp:term":[{"taxonomy":"product_cat","embeddable":true,"href":"https:\/\/librairie7l.com\/en\/wp-json\/wp\/v2\/product_cat?post=49017"},{"taxonomy":"product_tag","embeddable":true,"href":"https:\/\/librairie7l.com\/en\/wp-json\/wp\/v2\/product_tag?post=49017"}],"curies":[{"name":"wp","href":"https:\/\/api.w.org\/{rel}","templated":true}]}}