{"id":49061,"date":"2025-06-27T09:17:44","date_gmt":"2025-06-27T07:17:44","guid":{"rendered":"https:\/\/librairie7l.com\/?post_type=product&#038;p=49061"},"modified":"2026-04-15T02:34:23","modified_gmt":"2026-04-15T00:34:23","slug":"latin-american-artists-from-1785-to-now-2","status":"publish","type":"product","link":"https:\/\/librairie7l.com\/en\/produit\/latin-american-artists-from-1785-to-now-2\/","title":{"rendered":"LATIN AMERICAN ARTISTS : FROM 1785 TO NOW"},"content":{"rendered":"<p>The essential survey showcasing the work of more than 300 modern and contemporary artists born or based in Latin America.<\/p>\n<p>Latin American artists have gained increasing international prominence as the art world awakens to the area&#8217;s extraordinary art scenes and histories. In an accessible A-Z format, this volume introduces key artworks by 308 artists who together demonstrate the variety and vitality of artwork being made. Focusing on those born, or who have lived, in the 20 Spanish and Portuguese-speaking regions of Latin America, and featuring historic and living artists &#8211; both those celebrated internationally and names less-known outside their native countries &#8211; this book has been created in close collaboration with an expert panel of 68 advisors and writers.<\/p>\n<p>Artists featured include: Allora and Calzadilla, Manuel Alvarez Bravo, Francis Al\u00ffs, Olga de Amaral, Fernando Botero, Leonora Carrington, Lygia Clark, Carlos Cruz-Diez, Leonor Fini, Gego, Felix Gonzalez-Torres, Carmen Herrera, Graciela Iturbide, Alfredo Jaar, Frida Kahlo, Guillermo Kuitca, Wifredo Lam, Teresa Margolles, Marisol, Cildo Meireles, Ana Mendieta, Beatriz Milhazes, Ernesto Neto, H\u00e9lio Oiticica, Gabriel Orozco, Jos\u00e9 Clemente Orozco, Diego Rivera, Zilia S\u00e1nchez, David Alfaro Siqueiros, Cecilia Vicu\u00f1a, Adri\u00e1n Villar Rojas and Faith Wilding.<\/p>\n<p>The advisory panel includes: Deri Andrade, David Ayala-Alfonso, Fernanda Brenner, Estrellita B. Brodsky, Tatiana Cuevas, Anna Di Stasi, Andr\u00e9s Gustavo Duprat, Raphael Fonseca, Zanna Gilbert, Laura Hakel, Yina Jim\u00e9nez Suriel, Maya Jurac\u00e1n, Pablo L\u00e9on de la Barra, Miguel A. L\u00f3pez, Bernardo Mosqueira, Gerardo Mosquera, Rodrigo Moura, Laura Orozco, Taisa Palhares, Maylin P\u00e9rez, Catherine Petitgas, Patricia Phelps de Cisneros, Florencia Portocarrero, Ileana Ram\u00edrez Romero, Amy Rosenblum-Mart\u00edn, Emiliano Vald\u00e9s and Michael Wellen.<\/p>\n","protected":false},"excerpt":{"rendered":"<p>The essential survey showcasing the work of more than 300 modern and contemporary artists born or based in Latin America. Latin American artists have gained increasing international prominence as the art world awakens to the area&#8217;s extraordinary art scenes and histories. In an accessible A-Z format, this volume introduces key artworks by 308 artists who [&hellip;]<\/p>\n","protected":false},"featured_media":49059,"template":"","meta":[],"product_cat":[2948,2953],"product_tag":[],"acf":[],"yoast_head":"<!-- This site is optimized with the Yoast SEO plugin v20.11 - https:\/\/yoast.com\/wordpress\/plugins\/seo\/ -->\n<title>Latin american artists : from 1785 to now - Librairie 7L<\/title>\n<meta name=\"robots\" content=\"index, follow, max-snippet:-1, max-image-preview:large, max-video-preview:-1\" \/>\n<link rel=\"canonical\" href=\"https:\/\/librairie7l.com\/en\/produit\/latin-american-artists-from-1785-to-now-2\/\" \/>\n<meta property=\"og:locale\" content=\"en_US\" \/>\n<meta property=\"og:type\" content=\"article\" \/>\n<meta property=\"og:title\" content=\"Latin american artists : from 1785 to now - Librairie 7L\" \/>\n<meta property=\"og:description\" content=\"The essential survey showcasing the work of more than 300 modern and contemporary artists born or based in Latin America. Latin American artists have gained increasing international prominence as the art world awakens to the area&#8217;s extraordinary art scenes and histories. In an accessible A-Z format, this volume introduces key artworks by 308 artists who [&hellip;]\" \/>\n<meta property=\"og:url\" content=\"https:\/\/librairie7l.com\/en\/produit\/latin-american-artists-from-1785-to-now-2\/\" \/>\n<meta property=\"og:site_name\" content=\"Librairie 7L\" \/>\n<meta property=\"article:modified_time\" content=\"2026-04-15T00:34:23+00:00\" \/>\n<meta property=\"og:image\" content=\"https:\/\/librairie7l.com\/wp-content\/uploads\/2023\/05\/9781838666606_1_75.jpg\" \/>\n\t<meta property=\"og:image:width\" content=\"600\" \/>\n\t<meta property=\"og:image:height\" content=\"680\" \/>\n\t<meta property=\"og:image:type\" content=\"image\/jpeg\" \/>\n<meta name=\"twitter:card\" content=\"summary_large_image\" \/>\n<meta name=\"twitter:label1\" content=\"Est. reading time\" \/>\n\t<meta name=\"twitter:data1\" content=\"1 minute\" \/>\n<script type=\"application\/ld+json\" class=\"yoast-schema-graph\">{\"@context\":\"https:\/\/schema.org\",\"@graph\":[{\"@type\":\"WebPage\",\"@id\":\"https:\/\/librairie7l.com\/en\/produit\/latin-american-artists-from-1785-to-now-2\/\",\"url\":\"https:\/\/librairie7l.com\/en\/produit\/latin-american-artists-from-1785-to-now-2\/\",\"name\":\"Latin american artists : from 1785 to now - Librairie 7L\",\"isPartOf\":{\"@id\":\"https:\/\/librairie7l.com\/en\/#website\"},\"datePublished\":\"2025-06-27T07:17:44+00:00\",\"dateModified\":\"2026-04-15T00:34:23+00:00\",\"breadcrumb\":{\"@id\":\"https:\/\/librairie7l.com\/en\/produit\/latin-american-artists-from-1785-to-now-2\/#breadcrumb\"},\"inLanguage\":\"en-US\",\"potentialAction\":[{\"@type\":\"ReadAction\",\"target\":[\"https:\/\/librairie7l.com\/en\/produit\/latin-american-artists-from-1785-to-now-2\/\"]}]},{\"@type\":\"BreadcrumbList\",\"@id\":\"https:\/\/librairie7l.com\/en\/produit\/latin-american-artists-from-1785-to-now-2\/#breadcrumb\",\"itemListElement\":[{\"@type\":\"ListItem\",\"position\":1,\"name\":\"Accueil\",\"item\":\"https:\/\/librairie7l.com\/en\/\"},{\"@type\":\"ListItem\",\"position\":2,\"name\":\"Shop\",\"item\":\"https:\/\/librairie7l.com\/en\/shop\/\"},{\"@type\":\"ListItem\",\"position\":3,\"name\":\"LATIN AMERICAN ARTISTS : FROM 1785 TO NOW\"}]},{\"@type\":\"WebSite\",\"@id\":\"https:\/\/librairie7l.com\/en\/#website\",\"url\":\"https:\/\/librairie7l.com\/en\/\",\"name\":\"Librairie 7L\",\"description\":\"Librairie fond\u00e9e en 1999 par Karl Lagerfeld \u00e0 Paris\",\"publisher\":{\"@id\":\"https:\/\/librairie7l.com\/en\/#organization\"},\"potentialAction\":[{\"@type\":\"SearchAction\",\"target\":{\"@type\":\"EntryPoint\",\"urlTemplate\":\"https:\/\/librairie7l.com\/en\/?s={search_term_string}\"},\"query-input\":\"required name=search_term_string\"}],\"inLanguage\":\"en-US\"},{\"@type\":\"Organization\",\"@id\":\"https:\/\/librairie7l.com\/en\/#organization\",\"name\":\"Librairie 7L\",\"url\":\"https:\/\/librairie7l.com\/en\/\",\"logo\":{\"@type\":\"ImageObject\",\"inLanguage\":\"en-US\",\"@id\":\"https:\/\/librairie7l.com\/en\/#\/schema\/logo\/image\/\",\"url\":\"https:\/\/librairie7l.com\/wp-content\/uploads\/2022\/08\/logo-1.png\",\"contentUrl\":\"https:\/\/librairie7l.com\/wp-content\/uploads\/2022\/08\/logo-1.png\",\"width\":227,\"height\":301,\"caption\":\"Librairie 7L\"},\"image\":{\"@id\":\"https:\/\/librairie7l.com\/en\/#\/schema\/logo\/image\/\"}}]}<\/script>\n<!-- \/ Yoast SEO plugin. -->","yoast_head_json":{"title":"Latin american artists : from 1785 to now - Librairie 7L","robots":{"index":"index","follow":"follow","max-snippet":"max-snippet:-1","max-image-preview":"max-image-preview:large","max-video-preview":"max-video-preview:-1"},"canonical":"https:\/\/librairie7l.com\/en\/produit\/latin-american-artists-from-1785-to-now-2\/","og_locale":"en_US","og_type":"article","og_title":"Latin american artists : from 1785 to now - Librairie 7L","og_description":"The essential survey showcasing the work of more than 300 modern and contemporary artists born or based in Latin America. Latin American artists have gained increasing international prominence as the art world awakens to the area&#8217;s extraordinary art scenes and histories. In an accessible A-Z format, this volume introduces key artworks by 308 artists who [&hellip;]","og_url":"https:\/\/librairie7l.com\/en\/produit\/latin-american-artists-from-1785-to-now-2\/","og_site_name":"Librairie 7L","article_modified_time":"2026-04-15T00:34:23+00:00","og_image":[{"width":600,"height":680,"url":"https:\/\/librairie7l.com\/wp-content\/uploads\/2023\/05\/9781838666606_1_75.jpg","type":"image\/jpeg"}],"twitter_card":"summary_large_image","twitter_misc":{"Est. reading time":"1 minute"},"schema":{"@context":"https:\/\/schema.org","@graph":[{"@type":"WebPage","@id":"https:\/\/librairie7l.com\/en\/produit\/latin-american-artists-from-1785-to-now-2\/","url":"https:\/\/librairie7l.com\/en\/produit\/latin-american-artists-from-1785-to-now-2\/","name":"Latin american artists : from 1785 to now - Librairie 7L","isPartOf":{"@id":"https:\/\/librairie7l.com\/en\/#website"},"datePublished":"2025-06-27T07:17:44+00:00","dateModified":"2026-04-15T00:34:23+00:00","breadcrumb":{"@id":"https:\/\/librairie7l.com\/en\/produit\/latin-american-artists-from-1785-to-now-2\/#breadcrumb"},"inLanguage":"en-US","potentialAction":[{"@type":"ReadAction","target":["https:\/\/librairie7l.com\/en\/produit\/latin-american-artists-from-1785-to-now-2\/"]}]},{"@type":"BreadcrumbList","@id":"https:\/\/librairie7l.com\/en\/produit\/latin-american-artists-from-1785-to-now-2\/#breadcrumb","itemListElement":[{"@type":"ListItem","position":1,"name":"Accueil","item":"https:\/\/librairie7l.com\/en\/"},{"@type":"ListItem","position":2,"name":"Shop","item":"https:\/\/librairie7l.com\/en\/shop\/"},{"@type":"ListItem","position":3,"name":"LATIN AMERICAN ARTISTS : FROM 1785 TO NOW"}]},{"@type":"WebSite","@id":"https:\/\/librairie7l.com\/en\/#website","url":"https:\/\/librairie7l.com\/en\/","name":"Librairie 7L","description":"Librairie fond\u00e9e en 1999 par Karl Lagerfeld \u00e0 Paris","publisher":{"@id":"https:\/\/librairie7l.com\/en\/#organization"},"potentialAction":[{"@type":"SearchAction","target":{"@type":"EntryPoint","urlTemplate":"https:\/\/librairie7l.com\/en\/?s={search_term_string}"},"query-input":"required name=search_term_string"}],"inLanguage":"en-US"},{"@type":"Organization","@id":"https:\/\/librairie7l.com\/en\/#organization","name":"Librairie 7L","url":"https:\/\/librairie7l.com\/en\/","logo":{"@type":"ImageObject","inLanguage":"en-US","@id":"https:\/\/librairie7l.com\/en\/#\/schema\/logo\/image\/","url":"https:\/\/librairie7l.com\/wp-content\/uploads\/2022\/08\/logo-1.png","contentUrl":"https:\/\/librairie7l.com\/wp-content\/uploads\/2022\/08\/logo-1.png","width":227,"height":301,"caption":"Librairie 7L"},"image":{"@id":"https:\/\/librairie7l.com\/en\/#\/schema\/logo\/image\/"}}]}},"_links":{"self":[{"href":"https:\/\/librairie7l.com\/en\/wp-json\/wp\/v2\/product\/49061"}],"collection":[{"href":"https:\/\/librairie7l.com\/en\/wp-json\/wp\/v2\/product"}],"about":[{"href":"https:\/\/librairie7l.com\/en\/wp-json\/wp\/v2\/types\/product"}],"wp:featuredmedia":[{"embeddable":true,"href":"https:\/\/librairie7l.com\/en\/wp-json\/wp\/v2\/media\/49059"}],"wp:attachment":[{"href":"https:\/\/librairie7l.com\/en\/wp-json\/wp\/v2\/media?parent=49061"}],"wp:term":[{"taxonomy":"product_cat","embeddable":true,"href":"https:\/\/librairie7l.com\/en\/wp-json\/wp\/v2\/product_cat?post=49061"},{"taxonomy":"product_tag","embeddable":true,"href":"https:\/\/librairie7l.com\/en\/wp-json\/wp\/v2\/product_tag?post=49061"}],"curies":[{"name":"wp","href":"https:\/\/api.w.org\/{rel}","templated":true}]}}