{"id":49069,"date":"2025-06-27T09:17:50","date_gmt":"2025-06-27T07:17:50","guid":{"rendered":"https:\/\/librairie7l.com\/?post_type=product&#038;p=49069"},"modified":"2026-04-14T22:04:37","modified_gmt":"2026-04-14T20:04:37","slug":"le-monde-de-louis-stettner-2","status":"publish","type":"product","link":"https:\/\/librairie7l.com\/en\/produit\/le-monde-de-louis-stettner-2\/","title":{"rendered":"LE MONDE DE LOUIS STETTNER"},"content":{"rendered":"<p>N\u00e9 en 1922 \u00e0 Brooklyn, fils d&#8217;immigrants juifs originaires d&#8217;Autriche-Hongrie, Louis Stettner est l&#8217;auteur d&#8217;une oeuvre photographique prolifique r\u00e9alis\u00e9e des deux c\u00f4t\u00e9s de l&#8217;Atlantique. Proche de la Photo League de New York, il fait le pont entre la street photographie am\u00e9ricaine et la photographie humaniste fran\u00e7aise d&#8217;apr\u00e8s-guerre, il s&#8217;est passionn\u00e9, tout au long de sa vie, pour les luttes sociales et politiques.<br \/>\nSon oeuvre, qui d\u00e9passe largement le cadre de la photographie, a contribu\u00e9 \u00e0 le rendre inclassable, touchant \u00e0 tous les m\u00e9diums : \u00e9crits critiques, po\u00e8mes, collages, sculpture, peinture, films ou encore enregistrements&#8230; Premier ouvrage de r\u00e9f\u00e9rence sur la vie et l&#8217;oeuvre de Louis Stettner, le livre explore les archives laiss\u00e9es par le photographe dans sa maison-atelier de Saint-Ouen. Il accompagne une exposition \u00e9v\u00e9nement lors des Rencontres de la photographie d&#8217;Arles 2025.<\/p>\n","protected":false},"excerpt":{"rendered":"<p>N\u00e9 en 1922 \u00e0 Brooklyn, fils d&#8217;immigrants juifs originaires d&#8217;Autriche-Hongrie, Louis Stettner est l&#8217;auteur d&#8217;une oeuvre photographique prolifique r\u00e9alis\u00e9e des deux c\u00f4t\u00e9s de l&#8217;Atlantique. Proche de la Photo League de New York, il fait le pont entre la street photographie am\u00e9ricaine et la photographie humaniste fran\u00e7aise d&#8217;apr\u00e8s-guerre, il s&#8217;est passionn\u00e9, tout au long de sa [&hellip;]<\/p>\n","protected":false},"featured_media":49067,"template":"","meta":[],"product_cat":[2948,2958],"product_tag":[],"acf":[],"yoast_head":"<!-- This site is optimized with the Yoast SEO plugin v20.11 - https:\/\/yoast.com\/wordpress\/plugins\/seo\/ -->\n<title>Le Monde de Louis Stettner - Librairie 7L<\/title>\n<meta name=\"robots\" content=\"index, follow, max-snippet:-1, max-image-preview:large, max-video-preview:-1\" \/>\n<link rel=\"canonical\" href=\"https:\/\/librairie7l.com\/en\/produit\/le-monde-de-louis-stettner-2\/\" \/>\n<meta property=\"og:locale\" content=\"en_US\" \/>\n<meta property=\"og:type\" content=\"article\" \/>\n<meta property=\"og:title\" content=\"Le Monde de Louis Stettner - Librairie 7L\" \/>\n<meta property=\"og:description\" content=\"N\u00e9 en 1922 \u00e0 Brooklyn, fils d&#8217;immigrants juifs originaires d&#8217;Autriche-Hongrie, Louis Stettner est l&#8217;auteur d&#8217;une oeuvre photographique prolifique r\u00e9alis\u00e9e des deux c\u00f4t\u00e9s de l&#8217;Atlantique. Proche de la Photo League de New York, il fait le pont entre la street photographie am\u00e9ricaine et la photographie humaniste fran\u00e7aise d&#8217;apr\u00e8s-guerre, il s&#8217;est passionn\u00e9, tout au long de sa [&hellip;]\" \/>\n<meta property=\"og:url\" content=\"https:\/\/librairie7l.com\/en\/produit\/le-monde-de-louis-stettner-2\/\" \/>\n<meta property=\"og:site_name\" content=\"Librairie 7L\" \/>\n<meta property=\"article:modified_time\" content=\"2026-04-14T20:04:37+00:00\" \/>\n<meta property=\"og:image\" content=\"https:\/\/librairie7l.com\/wp-content\/uploads\/2025\/02\/9791040121619_1_75.jpg\" \/>\n\t<meta property=\"og:image:width\" content=\"400\" \/>\n\t<meta property=\"og:image:height\" content=\"451\" \/>\n\t<meta property=\"og:image:type\" content=\"image\/jpeg\" \/>\n<meta name=\"twitter:card\" content=\"summary_large_image\" \/>\n<meta name=\"twitter:label1\" content=\"Est. reading time\" \/>\n\t<meta name=\"twitter:data1\" content=\"1 minute\" \/>\n<script type=\"application\/ld+json\" class=\"yoast-schema-graph\">{\"@context\":\"https:\/\/schema.org\",\"@graph\":[{\"@type\":\"WebPage\",\"@id\":\"https:\/\/librairie7l.com\/en\/produit\/le-monde-de-louis-stettner-2\/\",\"url\":\"https:\/\/librairie7l.com\/en\/produit\/le-monde-de-louis-stettner-2\/\",\"name\":\"Le Monde de Louis Stettner - Librairie 7L\",\"isPartOf\":{\"@id\":\"https:\/\/librairie7l.com\/en\/#website\"},\"datePublished\":\"2025-06-27T07:17:50+00:00\",\"dateModified\":\"2026-04-14T20:04:37+00:00\",\"breadcrumb\":{\"@id\":\"https:\/\/librairie7l.com\/en\/produit\/le-monde-de-louis-stettner-2\/#breadcrumb\"},\"inLanguage\":\"en-US\",\"potentialAction\":[{\"@type\":\"ReadAction\",\"target\":[\"https:\/\/librairie7l.com\/en\/produit\/le-monde-de-louis-stettner-2\/\"]}]},{\"@type\":\"BreadcrumbList\",\"@id\":\"https:\/\/librairie7l.com\/en\/produit\/le-monde-de-louis-stettner-2\/#breadcrumb\",\"itemListElement\":[{\"@type\":\"ListItem\",\"position\":1,\"name\":\"Accueil\",\"item\":\"https:\/\/librairie7l.com\/en\/\"},{\"@type\":\"ListItem\",\"position\":2,\"name\":\"Shop\",\"item\":\"https:\/\/librairie7l.com\/en\/shop\/\"},{\"@type\":\"ListItem\",\"position\":3,\"name\":\"LE MONDE DE LOUIS STETTNER\"}]},{\"@type\":\"WebSite\",\"@id\":\"https:\/\/librairie7l.com\/en\/#website\",\"url\":\"https:\/\/librairie7l.com\/en\/\",\"name\":\"Librairie 7L\",\"description\":\"Librairie fond\u00e9e en 1999 par Karl Lagerfeld \u00e0 Paris\",\"publisher\":{\"@id\":\"https:\/\/librairie7l.com\/en\/#organization\"},\"potentialAction\":[{\"@type\":\"SearchAction\",\"target\":{\"@type\":\"EntryPoint\",\"urlTemplate\":\"https:\/\/librairie7l.com\/en\/?s={search_term_string}\"},\"query-input\":\"required name=search_term_string\"}],\"inLanguage\":\"en-US\"},{\"@type\":\"Organization\",\"@id\":\"https:\/\/librairie7l.com\/en\/#organization\",\"name\":\"Librairie 7L\",\"url\":\"https:\/\/librairie7l.com\/en\/\",\"logo\":{\"@type\":\"ImageObject\",\"inLanguage\":\"en-US\",\"@id\":\"https:\/\/librairie7l.com\/en\/#\/schema\/logo\/image\/\",\"url\":\"https:\/\/librairie7l.com\/wp-content\/uploads\/2022\/08\/logo-1.png\",\"contentUrl\":\"https:\/\/librairie7l.com\/wp-content\/uploads\/2022\/08\/logo-1.png\",\"width\":227,\"height\":301,\"caption\":\"Librairie 7L\"},\"image\":{\"@id\":\"https:\/\/librairie7l.com\/en\/#\/schema\/logo\/image\/\"}}]}<\/script>\n<!-- \/ Yoast SEO plugin. -->","yoast_head_json":{"title":"Le Monde de Louis Stettner - Librairie 7L","robots":{"index":"index","follow":"follow","max-snippet":"max-snippet:-1","max-image-preview":"max-image-preview:large","max-video-preview":"max-video-preview:-1"},"canonical":"https:\/\/librairie7l.com\/en\/produit\/le-monde-de-louis-stettner-2\/","og_locale":"en_US","og_type":"article","og_title":"Le Monde de Louis Stettner - Librairie 7L","og_description":"N\u00e9 en 1922 \u00e0 Brooklyn, fils d&#8217;immigrants juifs originaires d&#8217;Autriche-Hongrie, Louis Stettner est l&#8217;auteur d&#8217;une oeuvre photographique prolifique r\u00e9alis\u00e9e des deux c\u00f4t\u00e9s de l&#8217;Atlantique. Proche de la Photo League de New York, il fait le pont entre la street photographie am\u00e9ricaine et la photographie humaniste fran\u00e7aise d&#8217;apr\u00e8s-guerre, il s&#8217;est passionn\u00e9, tout au long de sa [&hellip;]","og_url":"https:\/\/librairie7l.com\/en\/produit\/le-monde-de-louis-stettner-2\/","og_site_name":"Librairie 7L","article_modified_time":"2026-04-14T20:04:37+00:00","og_image":[{"width":400,"height":451,"url":"https:\/\/librairie7l.com\/wp-content\/uploads\/2025\/02\/9791040121619_1_75.jpg","type":"image\/jpeg"}],"twitter_card":"summary_large_image","twitter_misc":{"Est. reading time":"1 minute"},"schema":{"@context":"https:\/\/schema.org","@graph":[{"@type":"WebPage","@id":"https:\/\/librairie7l.com\/en\/produit\/le-monde-de-louis-stettner-2\/","url":"https:\/\/librairie7l.com\/en\/produit\/le-monde-de-louis-stettner-2\/","name":"Le Monde de Louis Stettner - Librairie 7L","isPartOf":{"@id":"https:\/\/librairie7l.com\/en\/#website"},"datePublished":"2025-06-27T07:17:50+00:00","dateModified":"2026-04-14T20:04:37+00:00","breadcrumb":{"@id":"https:\/\/librairie7l.com\/en\/produit\/le-monde-de-louis-stettner-2\/#breadcrumb"},"inLanguage":"en-US","potentialAction":[{"@type":"ReadAction","target":["https:\/\/librairie7l.com\/en\/produit\/le-monde-de-louis-stettner-2\/"]}]},{"@type":"BreadcrumbList","@id":"https:\/\/librairie7l.com\/en\/produit\/le-monde-de-louis-stettner-2\/#breadcrumb","itemListElement":[{"@type":"ListItem","position":1,"name":"Accueil","item":"https:\/\/librairie7l.com\/en\/"},{"@type":"ListItem","position":2,"name":"Shop","item":"https:\/\/librairie7l.com\/en\/shop\/"},{"@type":"ListItem","position":3,"name":"LE MONDE DE LOUIS STETTNER"}]},{"@type":"WebSite","@id":"https:\/\/librairie7l.com\/en\/#website","url":"https:\/\/librairie7l.com\/en\/","name":"Librairie 7L","description":"Librairie fond\u00e9e en 1999 par Karl Lagerfeld \u00e0 Paris","publisher":{"@id":"https:\/\/librairie7l.com\/en\/#organization"},"potentialAction":[{"@type":"SearchAction","target":{"@type":"EntryPoint","urlTemplate":"https:\/\/librairie7l.com\/en\/?s={search_term_string}"},"query-input":"required name=search_term_string"}],"inLanguage":"en-US"},{"@type":"Organization","@id":"https:\/\/librairie7l.com\/en\/#organization","name":"Librairie 7L","url":"https:\/\/librairie7l.com\/en\/","logo":{"@type":"ImageObject","inLanguage":"en-US","@id":"https:\/\/librairie7l.com\/en\/#\/schema\/logo\/image\/","url":"https:\/\/librairie7l.com\/wp-content\/uploads\/2022\/08\/logo-1.png","contentUrl":"https:\/\/librairie7l.com\/wp-content\/uploads\/2022\/08\/logo-1.png","width":227,"height":301,"caption":"Librairie 7L"},"image":{"@id":"https:\/\/librairie7l.com\/en\/#\/schema\/logo\/image\/"}}]}},"_links":{"self":[{"href":"https:\/\/librairie7l.com\/en\/wp-json\/wp\/v2\/product\/49069"}],"collection":[{"href":"https:\/\/librairie7l.com\/en\/wp-json\/wp\/v2\/product"}],"about":[{"href":"https:\/\/librairie7l.com\/en\/wp-json\/wp\/v2\/types\/product"}],"wp:featuredmedia":[{"embeddable":true,"href":"https:\/\/librairie7l.com\/en\/wp-json\/wp\/v2\/media\/49067"}],"wp:attachment":[{"href":"https:\/\/librairie7l.com\/en\/wp-json\/wp\/v2\/media?parent=49069"}],"wp:term":[{"taxonomy":"product_cat","embeddable":true,"href":"https:\/\/librairie7l.com\/en\/wp-json\/wp\/v2\/product_cat?post=49069"},{"taxonomy":"product_tag","embeddable":true,"href":"https:\/\/librairie7l.com\/en\/wp-json\/wp\/v2\/product_tag?post=49069"}],"curies":[{"name":"wp","href":"https:\/\/api.w.org\/{rel}","templated":true}]}}