{"id":49081,"date":"2025-06-28T09:17:37","date_gmt":"2025-06-28T07:17:37","guid":{"rendered":"https:\/\/librairie7l.com\/?post_type=product&#038;p=49081"},"modified":"2026-04-18T05:44:52","modified_gmt":"2026-04-18T03:44:52","slug":"galerie-catherine-issert-1975-2025-2","status":"publish","type":"product","link":"https:\/\/librairie7l.com\/en\/produit\/galerie-catherine-issert-1975-2025-2\/","title":{"rendered":"GALERIE CATHERINE ISSERT : 1975-2025"},"content":{"rendered":"<p>Apr\u00e8s avoir travaill\u00e9 chez Jean Fournier et \u00e0 la Fondation Maeght au d\u00e9but des ann\u00e9es 1970, Catherine Issert ouvre son propre espace dans son village natal du sud de la France, \u00e0 Saint-Paul-de-Vence, lieu marqu\u00e9 par les visites fr\u00e9quentes des artistes de la modernit\u00e9 (Picasso, Fernand L\u00e9ger..) et la proximit\u00e9 de foyers de l&#8217;avant-garde (Bernar Venet, Yves Klein, Ben..). Catherine Issert y d\u00e9fend une audace plastique qui font d\u00b4elle une pionni\u00e8re et un t\u00e9moin pr\u00e9cieux des bouleversements de l&#8217;histoire de l&#8217;art au XXe si\u00e8cle, par son soutien aux artistes de l&#8217;art conceptuel (J. Armleder), du Land art (P. Hutchinson), de la figuration libre (J.-C. Blais) ou encore de l&#8217;Arte Povera (P. P. Calzolari). Cet ouvrage partage l&#8217;insolence, l&#8217;humour et l&#8217;intelligence qui marquent cette galerie autant que les propositions qu&#8217;elle a port\u00e9es, petite et grande histoire m\u00eal\u00e9es, gr\u00e2ce aux tr\u00e8s nombreuses reproductions de photographies des vernissages, des stands de foire, des expositions hors-les-murs ou encore des oeuvres qui constituent la m\u00e9moire de la galerie. Ce flux visuel permet au lecteur de d\u00e9ambuler dans l&#8217;espace de la galerie et dans son histoire en suivant la chronologie de plus de 450 expositions pr\u00e9sent\u00e9es au public durant 50 ans. De nombreux textes ponctuent cet album photos. Du r\u00e9cit de Catherine Issert racontant la vie de la galerie \u00e0 la pr\u00e9face de Jean de Loisy revenant sur sa perception du r\u00f4le de la galerie au cours de ces 50 derni\u00e8res ann\u00e9es, en passant par les regards des proches amis de Catherine Issert, ces textes sont le reflet de la diversit\u00e9 des activit\u00e9s de la galerie et de sa long\u00e9vit\u00e9. Trois cartons d&#8217;invitation d&#8217;expositions historiques (Armleder, Blais et Traquandi), reproduits au format original, seront intercal\u00e9s comme autant de souvenirs \u00ab vintage \u00bb dans chaque ouvrage. Un objet pluriel \u00e0 lire, regarder et toucher. <\/p>\n","protected":false},"excerpt":{"rendered":"<p>Apr\u00e8s avoir travaill\u00e9 chez Jean Fournier et \u00e0 la Fondation Maeght au d\u00e9but des ann\u00e9es 1970, Catherine Issert ouvre son propre espace dans son village natal du sud de la France, \u00e0 Saint-Paul-de-Vence, lieu marqu\u00e9 par les visites fr\u00e9quentes des artistes de la modernit\u00e9 (Picasso, Fernand L\u00e9ger..) et la proximit\u00e9 de foyers de l&#8217;avant-garde (Bernar [&hellip;]<\/p>\n","protected":false},"featured_media":49079,"template":"","meta":[],"product_cat":[2948,2953],"product_tag":[],"acf":[],"yoast_head":"<!-- This site is optimized with the Yoast SEO plugin v20.11 - https:\/\/yoast.com\/wordpress\/plugins\/seo\/ -->\n<title>Galerie Catherine Issert : 1975-2025 - Librairie 7L<\/title>\n<meta name=\"robots\" content=\"index, follow, max-snippet:-1, max-image-preview:large, max-video-preview:-1\" \/>\n<link rel=\"canonical\" href=\"https:\/\/librairie7l.com\/en\/produit\/galerie-catherine-issert-1975-2025-2\/\" \/>\n<meta property=\"og:locale\" content=\"en_US\" \/>\n<meta property=\"og:type\" content=\"article\" \/>\n<meta property=\"og:title\" content=\"Galerie Catherine Issert : 1975-2025 - Librairie 7L\" \/>\n<meta property=\"og:description\" content=\"Apr\u00e8s avoir travaill\u00e9 chez Jean Fournier et \u00e0 la Fondation Maeght au d\u00e9but des ann\u00e9es 1970, Catherine Issert ouvre son propre espace dans son village natal du sud de la France, \u00e0 Saint-Paul-de-Vence, lieu marqu\u00e9 par les visites fr\u00e9quentes des artistes de la modernit\u00e9 (Picasso, Fernand L\u00e9ger..) et la proximit\u00e9 de foyers de l&#8217;avant-garde (Bernar [&hellip;]\" \/>\n<meta property=\"og:url\" content=\"https:\/\/librairie7l.com\/en\/produit\/galerie-catherine-issert-1975-2025-2\/\" \/>\n<meta property=\"og:site_name\" content=\"Librairie 7L\" \/>\n<meta property=\"article:modified_time\" content=\"2026-04-18T03:44:52+00:00\" \/>\n<meta property=\"og:image\" content=\"https:\/\/librairie7l.com\/wp-content\/uploads\/2024\/12\/9782363063717_1_75.jpg\" \/>\n\t<meta property=\"og:image:width\" content=\"600\" \/>\n\t<meta property=\"og:image:height\" content=\"842\" \/>\n\t<meta property=\"og:image:type\" content=\"image\/jpeg\" \/>\n<meta name=\"twitter:card\" content=\"summary_large_image\" \/>\n<meta name=\"twitter:label1\" content=\"Est. reading time\" \/>\n\t<meta name=\"twitter:data1\" content=\"2 minutes\" \/>\n<script type=\"application\/ld+json\" class=\"yoast-schema-graph\">{\"@context\":\"https:\/\/schema.org\",\"@graph\":[{\"@type\":\"WebPage\",\"@id\":\"https:\/\/librairie7l.com\/en\/produit\/galerie-catherine-issert-1975-2025-2\/\",\"url\":\"https:\/\/librairie7l.com\/en\/produit\/galerie-catherine-issert-1975-2025-2\/\",\"name\":\"Galerie Catherine Issert : 1975-2025 - Librairie 7L\",\"isPartOf\":{\"@id\":\"https:\/\/librairie7l.com\/en\/#website\"},\"datePublished\":\"2025-06-28T07:17:37+00:00\",\"dateModified\":\"2026-04-18T03:44:52+00:00\",\"breadcrumb\":{\"@id\":\"https:\/\/librairie7l.com\/en\/produit\/galerie-catherine-issert-1975-2025-2\/#breadcrumb\"},\"inLanguage\":\"en-US\",\"potentialAction\":[{\"@type\":\"ReadAction\",\"target\":[\"https:\/\/librairie7l.com\/en\/produit\/galerie-catherine-issert-1975-2025-2\/\"]}]},{\"@type\":\"BreadcrumbList\",\"@id\":\"https:\/\/librairie7l.com\/en\/produit\/galerie-catherine-issert-1975-2025-2\/#breadcrumb\",\"itemListElement\":[{\"@type\":\"ListItem\",\"position\":1,\"name\":\"Accueil\",\"item\":\"https:\/\/librairie7l.com\/en\/\"},{\"@type\":\"ListItem\",\"position\":2,\"name\":\"Shop\",\"item\":\"https:\/\/librairie7l.com\/en\/shop\/\"},{\"@type\":\"ListItem\",\"position\":3,\"name\":\"GALERIE CATHERINE ISSERT : 1975-2025\"}]},{\"@type\":\"WebSite\",\"@id\":\"https:\/\/librairie7l.com\/en\/#website\",\"url\":\"https:\/\/librairie7l.com\/en\/\",\"name\":\"Librairie 7L\",\"description\":\"Librairie fond\u00e9e en 1999 par Karl Lagerfeld \u00e0 Paris\",\"publisher\":{\"@id\":\"https:\/\/librairie7l.com\/en\/#organization\"},\"potentialAction\":[{\"@type\":\"SearchAction\",\"target\":{\"@type\":\"EntryPoint\",\"urlTemplate\":\"https:\/\/librairie7l.com\/en\/?s={search_term_string}\"},\"query-input\":\"required name=search_term_string\"}],\"inLanguage\":\"en-US\"},{\"@type\":\"Organization\",\"@id\":\"https:\/\/librairie7l.com\/en\/#organization\",\"name\":\"Librairie 7L\",\"url\":\"https:\/\/librairie7l.com\/en\/\",\"logo\":{\"@type\":\"ImageObject\",\"inLanguage\":\"en-US\",\"@id\":\"https:\/\/librairie7l.com\/en\/#\/schema\/logo\/image\/\",\"url\":\"https:\/\/librairie7l.com\/wp-content\/uploads\/2022\/08\/logo-1.png\",\"contentUrl\":\"https:\/\/librairie7l.com\/wp-content\/uploads\/2022\/08\/logo-1.png\",\"width\":227,\"height\":301,\"caption\":\"Librairie 7L\"},\"image\":{\"@id\":\"https:\/\/librairie7l.com\/en\/#\/schema\/logo\/image\/\"}}]}<\/script>\n<!-- \/ Yoast SEO plugin. -->","yoast_head_json":{"title":"Galerie Catherine Issert : 1975-2025 - Librairie 7L","robots":{"index":"index","follow":"follow","max-snippet":"max-snippet:-1","max-image-preview":"max-image-preview:large","max-video-preview":"max-video-preview:-1"},"canonical":"https:\/\/librairie7l.com\/en\/produit\/galerie-catherine-issert-1975-2025-2\/","og_locale":"en_US","og_type":"article","og_title":"Galerie Catherine Issert : 1975-2025 - Librairie 7L","og_description":"Apr\u00e8s avoir travaill\u00e9 chez Jean Fournier et \u00e0 la Fondation Maeght au d\u00e9but des ann\u00e9es 1970, Catherine Issert ouvre son propre espace dans son village natal du sud de la France, \u00e0 Saint-Paul-de-Vence, lieu marqu\u00e9 par les visites fr\u00e9quentes des artistes de la modernit\u00e9 (Picasso, Fernand L\u00e9ger..) et la proximit\u00e9 de foyers de l&#8217;avant-garde (Bernar [&hellip;]","og_url":"https:\/\/librairie7l.com\/en\/produit\/galerie-catherine-issert-1975-2025-2\/","og_site_name":"Librairie 7L","article_modified_time":"2026-04-18T03:44:52+00:00","og_image":[{"width":600,"height":842,"url":"https:\/\/librairie7l.com\/wp-content\/uploads\/2024\/12\/9782363063717_1_75.jpg","type":"image\/jpeg"}],"twitter_card":"summary_large_image","twitter_misc":{"Est. reading time":"2 minutes"},"schema":{"@context":"https:\/\/schema.org","@graph":[{"@type":"WebPage","@id":"https:\/\/librairie7l.com\/en\/produit\/galerie-catherine-issert-1975-2025-2\/","url":"https:\/\/librairie7l.com\/en\/produit\/galerie-catherine-issert-1975-2025-2\/","name":"Galerie Catherine Issert : 1975-2025 - Librairie 7L","isPartOf":{"@id":"https:\/\/librairie7l.com\/en\/#website"},"datePublished":"2025-06-28T07:17:37+00:00","dateModified":"2026-04-18T03:44:52+00:00","breadcrumb":{"@id":"https:\/\/librairie7l.com\/en\/produit\/galerie-catherine-issert-1975-2025-2\/#breadcrumb"},"inLanguage":"en-US","potentialAction":[{"@type":"ReadAction","target":["https:\/\/librairie7l.com\/en\/produit\/galerie-catherine-issert-1975-2025-2\/"]}]},{"@type":"BreadcrumbList","@id":"https:\/\/librairie7l.com\/en\/produit\/galerie-catherine-issert-1975-2025-2\/#breadcrumb","itemListElement":[{"@type":"ListItem","position":1,"name":"Accueil","item":"https:\/\/librairie7l.com\/en\/"},{"@type":"ListItem","position":2,"name":"Shop","item":"https:\/\/librairie7l.com\/en\/shop\/"},{"@type":"ListItem","position":3,"name":"GALERIE CATHERINE ISSERT : 1975-2025"}]},{"@type":"WebSite","@id":"https:\/\/librairie7l.com\/en\/#website","url":"https:\/\/librairie7l.com\/en\/","name":"Librairie 7L","description":"Librairie fond\u00e9e en 1999 par Karl Lagerfeld \u00e0 Paris","publisher":{"@id":"https:\/\/librairie7l.com\/en\/#organization"},"potentialAction":[{"@type":"SearchAction","target":{"@type":"EntryPoint","urlTemplate":"https:\/\/librairie7l.com\/en\/?s={search_term_string}"},"query-input":"required name=search_term_string"}],"inLanguage":"en-US"},{"@type":"Organization","@id":"https:\/\/librairie7l.com\/en\/#organization","name":"Librairie 7L","url":"https:\/\/librairie7l.com\/en\/","logo":{"@type":"ImageObject","inLanguage":"en-US","@id":"https:\/\/librairie7l.com\/en\/#\/schema\/logo\/image\/","url":"https:\/\/librairie7l.com\/wp-content\/uploads\/2022\/08\/logo-1.png","contentUrl":"https:\/\/librairie7l.com\/wp-content\/uploads\/2022\/08\/logo-1.png","width":227,"height":301,"caption":"Librairie 7L"},"image":{"@id":"https:\/\/librairie7l.com\/en\/#\/schema\/logo\/image\/"}}]}},"_links":{"self":[{"href":"https:\/\/librairie7l.com\/en\/wp-json\/wp\/v2\/product\/49081"}],"collection":[{"href":"https:\/\/librairie7l.com\/en\/wp-json\/wp\/v2\/product"}],"about":[{"href":"https:\/\/librairie7l.com\/en\/wp-json\/wp\/v2\/types\/product"}],"wp:featuredmedia":[{"embeddable":true,"href":"https:\/\/librairie7l.com\/en\/wp-json\/wp\/v2\/media\/49079"}],"wp:attachment":[{"href":"https:\/\/librairie7l.com\/en\/wp-json\/wp\/v2\/media?parent=49081"}],"wp:term":[{"taxonomy":"product_cat","embeddable":true,"href":"https:\/\/librairie7l.com\/en\/wp-json\/wp\/v2\/product_cat?post=49081"},{"taxonomy":"product_tag","embeddable":true,"href":"https:\/\/librairie7l.com\/en\/wp-json\/wp\/v2\/product_tag?post=49081"}],"curies":[{"name":"wp","href":"https:\/\/api.w.org\/{rel}","templated":true}]}}