{"id":49095,"date":"2025-06-30T23:41:48","date_gmt":"2025-06-30T21:41:48","guid":{"rendered":"https:\/\/librairie7l.com\/?post_type=product&#038;p=49095"},"modified":"2026-04-06T20:59:20","modified_gmt":"2026-04-06T18:59:20","slug":"rubens-2","status":"publish","type":"product","link":"https:\/\/librairie7l.com\/en\/produit\/rubens-2\/","title":{"rendered":"RUBENS"},"content":{"rendered":"<p>Le catalogue des oeuvres de Pierre Paul Rubens (1577-1640), chantre du baroque dans sa th\u00e9\u00e2tralit\u00e9, son mouvement et sa sensualit\u00e9, compte plus de 1000 r\u00e9f\u00e9rences. Cette monographie r\u00e9sum\u00e9e pr\u00e9sente les oeuvres les plus importantes qui ont jalonn\u00e9 un parcours artistique \u00e9tonnamment prolifique, afin d&#8217;explorer les inspirations et innovations de Rubens, ainsi que son incroyable influence sur les arts visuels et l&#8217;histoire de l&#8217;art. Cet ouvrage richement illustr\u00e9 parcourt les portraits, paysages et toiles historiques de Rubens, ainsi que ses fameux nus bien en chair. Il se penche sur l&#8217;\u00e9blouissante technique de l&#8217;artiste et son habilet\u00e9 \u00e0 traduire un r\u00e9cit sous forme de sc\u00e8nes puissantes et \u00e9loquentes, aussi bien pour un \u00e9pisode mythologique \u00e9rotique qu&#8217;une sage histoire biblique. Ce talent artistique remarquable est replac\u00e9 \u00e0 la fois dans la longue lign\u00e9e d&#8217;artistes inspir\u00e9s par Rubens, de Van Dyck \u00e0 Velazquez et au-del\u00e0, et dans le contexte de sa vie d&#8217;\u00e9rudit, de diplomate et de chevalier.<\/p>\n","protected":false},"excerpt":{"rendered":"<p>Le catalogue des oeuvres de Pierre Paul Rubens (1577-1640), chantre du baroque dans sa th\u00e9\u00e2tralit\u00e9, son mouvement et sa sensualit\u00e9, compte plus de 1000 r\u00e9f\u00e9rences. Cette monographie r\u00e9sum\u00e9e pr\u00e9sente les oeuvres les plus importantes qui ont jalonn\u00e9 un parcours artistique \u00e9tonnamment prolifique, afin d&#8217;explorer les inspirations et innovations de Rubens, ainsi que son incroyable influence [&hellip;]<\/p>\n","protected":false},"featured_media":49093,"template":"","meta":[],"product_cat":[7364,2948],"product_tag":[],"acf":[],"yoast_head":"<!-- This site is optimized with the Yoast SEO plugin v20.11 - https:\/\/yoast.com\/wordpress\/plugins\/seo\/ -->\n<title>Rubens - Librairie 7L<\/title>\n<meta name=\"robots\" content=\"index, follow, max-snippet:-1, max-image-preview:large, max-video-preview:-1\" \/>\n<link rel=\"canonical\" href=\"https:\/\/librairie7l.com\/en\/produit\/rubens-2\/\" \/>\n<meta property=\"og:locale\" content=\"en_US\" \/>\n<meta property=\"og:type\" content=\"article\" \/>\n<meta property=\"og:title\" content=\"Rubens - Librairie 7L\" \/>\n<meta property=\"og:description\" content=\"Le catalogue des oeuvres de Pierre Paul Rubens (1577-1640), chantre du baroque dans sa th\u00e9\u00e2tralit\u00e9, son mouvement et sa sensualit\u00e9, compte plus de 1000 r\u00e9f\u00e9rences. Cette monographie r\u00e9sum\u00e9e pr\u00e9sente les oeuvres les plus importantes qui ont jalonn\u00e9 un parcours artistique \u00e9tonnamment prolifique, afin d&#8217;explorer les inspirations et innovations de Rubens, ainsi que son incroyable influence [&hellip;]\" \/>\n<meta property=\"og:url\" content=\"https:\/\/librairie7l.com\/en\/produit\/rubens-2\/\" \/>\n<meta property=\"og:site_name\" content=\"Librairie 7L\" \/>\n<meta property=\"article:modified_time\" content=\"2026-04-06T18:59:20+00:00\" \/>\n<meta property=\"og:image\" content=\"https:\/\/librairie7l.com\/wp-content\/uploads\/2017\/08\/9783836545105_1_75.jpg\" \/>\n\t<meta property=\"og:image:width\" content=\"400\" \/>\n\t<meta property=\"og:image:height\" content=\"483\" \/>\n\t<meta property=\"og:image:type\" content=\"image\/jpeg\" \/>\n<meta name=\"twitter:card\" content=\"summary_large_image\" \/>\n<meta name=\"twitter:label1\" content=\"Est. reading time\" \/>\n\t<meta name=\"twitter:data1\" content=\"1 minute\" \/>\n<script type=\"application\/ld+json\" class=\"yoast-schema-graph\">{\"@context\":\"https:\/\/schema.org\",\"@graph\":[{\"@type\":\"WebPage\",\"@id\":\"https:\/\/librairie7l.com\/en\/produit\/rubens-2\/\",\"url\":\"https:\/\/librairie7l.com\/en\/produit\/rubens-2\/\",\"name\":\"Rubens - Librairie 7L\",\"isPartOf\":{\"@id\":\"https:\/\/librairie7l.com\/en\/#website\"},\"datePublished\":\"2025-06-30T21:41:48+00:00\",\"dateModified\":\"2026-04-06T18:59:20+00:00\",\"breadcrumb\":{\"@id\":\"https:\/\/librairie7l.com\/en\/produit\/rubens-2\/#breadcrumb\"},\"inLanguage\":\"en-US\",\"potentialAction\":[{\"@type\":\"ReadAction\",\"target\":[\"https:\/\/librairie7l.com\/en\/produit\/rubens-2\/\"]}]},{\"@type\":\"BreadcrumbList\",\"@id\":\"https:\/\/librairie7l.com\/en\/produit\/rubens-2\/#breadcrumb\",\"itemListElement\":[{\"@type\":\"ListItem\",\"position\":1,\"name\":\"Accueil\",\"item\":\"https:\/\/librairie7l.com\/en\/\"},{\"@type\":\"ListItem\",\"position\":2,\"name\":\"Shop\",\"item\":\"https:\/\/librairie7l.com\/en\/shop\/\"},{\"@type\":\"ListItem\",\"position\":3,\"name\":\"RUBENS\"}]},{\"@type\":\"WebSite\",\"@id\":\"https:\/\/librairie7l.com\/en\/#website\",\"url\":\"https:\/\/librairie7l.com\/en\/\",\"name\":\"Librairie 7L\",\"description\":\"Librairie fond\u00e9e en 1999 par Karl Lagerfeld \u00e0 Paris\",\"publisher\":{\"@id\":\"https:\/\/librairie7l.com\/en\/#organization\"},\"potentialAction\":[{\"@type\":\"SearchAction\",\"target\":{\"@type\":\"EntryPoint\",\"urlTemplate\":\"https:\/\/librairie7l.com\/en\/?s={search_term_string}\"},\"query-input\":\"required name=search_term_string\"}],\"inLanguage\":\"en-US\"},{\"@type\":\"Organization\",\"@id\":\"https:\/\/librairie7l.com\/en\/#organization\",\"name\":\"Librairie 7L\",\"url\":\"https:\/\/librairie7l.com\/en\/\",\"logo\":{\"@type\":\"ImageObject\",\"inLanguage\":\"en-US\",\"@id\":\"https:\/\/librairie7l.com\/en\/#\/schema\/logo\/image\/\",\"url\":\"https:\/\/librairie7l.com\/wp-content\/uploads\/2022\/08\/logo-1.png\",\"contentUrl\":\"https:\/\/librairie7l.com\/wp-content\/uploads\/2022\/08\/logo-1.png\",\"width\":227,\"height\":301,\"caption\":\"Librairie 7L\"},\"image\":{\"@id\":\"https:\/\/librairie7l.com\/en\/#\/schema\/logo\/image\/\"}}]}<\/script>\n<!-- \/ Yoast SEO plugin. -->","yoast_head_json":{"title":"Rubens - Librairie 7L","robots":{"index":"index","follow":"follow","max-snippet":"max-snippet:-1","max-image-preview":"max-image-preview:large","max-video-preview":"max-video-preview:-1"},"canonical":"https:\/\/librairie7l.com\/en\/produit\/rubens-2\/","og_locale":"en_US","og_type":"article","og_title":"Rubens - Librairie 7L","og_description":"Le catalogue des oeuvres de Pierre Paul Rubens (1577-1640), chantre du baroque dans sa th\u00e9\u00e2tralit\u00e9, son mouvement et sa sensualit\u00e9, compte plus de 1000 r\u00e9f\u00e9rences. Cette monographie r\u00e9sum\u00e9e pr\u00e9sente les oeuvres les plus importantes qui ont jalonn\u00e9 un parcours artistique \u00e9tonnamment prolifique, afin d&#8217;explorer les inspirations et innovations de Rubens, ainsi que son incroyable influence [&hellip;]","og_url":"https:\/\/librairie7l.com\/en\/produit\/rubens-2\/","og_site_name":"Librairie 7L","article_modified_time":"2026-04-06T18:59:20+00:00","og_image":[{"width":400,"height":483,"url":"https:\/\/librairie7l.com\/wp-content\/uploads\/2017\/08\/9783836545105_1_75.jpg","type":"image\/jpeg"}],"twitter_card":"summary_large_image","twitter_misc":{"Est. reading time":"1 minute"},"schema":{"@context":"https:\/\/schema.org","@graph":[{"@type":"WebPage","@id":"https:\/\/librairie7l.com\/en\/produit\/rubens-2\/","url":"https:\/\/librairie7l.com\/en\/produit\/rubens-2\/","name":"Rubens - Librairie 7L","isPartOf":{"@id":"https:\/\/librairie7l.com\/en\/#website"},"datePublished":"2025-06-30T21:41:48+00:00","dateModified":"2026-04-06T18:59:20+00:00","breadcrumb":{"@id":"https:\/\/librairie7l.com\/en\/produit\/rubens-2\/#breadcrumb"},"inLanguage":"en-US","potentialAction":[{"@type":"ReadAction","target":["https:\/\/librairie7l.com\/en\/produit\/rubens-2\/"]}]},{"@type":"BreadcrumbList","@id":"https:\/\/librairie7l.com\/en\/produit\/rubens-2\/#breadcrumb","itemListElement":[{"@type":"ListItem","position":1,"name":"Accueil","item":"https:\/\/librairie7l.com\/en\/"},{"@type":"ListItem","position":2,"name":"Shop","item":"https:\/\/librairie7l.com\/en\/shop\/"},{"@type":"ListItem","position":3,"name":"RUBENS"}]},{"@type":"WebSite","@id":"https:\/\/librairie7l.com\/en\/#website","url":"https:\/\/librairie7l.com\/en\/","name":"Librairie 7L","description":"Librairie fond\u00e9e en 1999 par Karl Lagerfeld \u00e0 Paris","publisher":{"@id":"https:\/\/librairie7l.com\/en\/#organization"},"potentialAction":[{"@type":"SearchAction","target":{"@type":"EntryPoint","urlTemplate":"https:\/\/librairie7l.com\/en\/?s={search_term_string}"},"query-input":"required name=search_term_string"}],"inLanguage":"en-US"},{"@type":"Organization","@id":"https:\/\/librairie7l.com\/en\/#organization","name":"Librairie 7L","url":"https:\/\/librairie7l.com\/en\/","logo":{"@type":"ImageObject","inLanguage":"en-US","@id":"https:\/\/librairie7l.com\/en\/#\/schema\/logo\/image\/","url":"https:\/\/librairie7l.com\/wp-content\/uploads\/2022\/08\/logo-1.png","contentUrl":"https:\/\/librairie7l.com\/wp-content\/uploads\/2022\/08\/logo-1.png","width":227,"height":301,"caption":"Librairie 7L"},"image":{"@id":"https:\/\/librairie7l.com\/en\/#\/schema\/logo\/image\/"}}]}},"_links":{"self":[{"href":"https:\/\/librairie7l.com\/en\/wp-json\/wp\/v2\/product\/49095"}],"collection":[{"href":"https:\/\/librairie7l.com\/en\/wp-json\/wp\/v2\/product"}],"about":[{"href":"https:\/\/librairie7l.com\/en\/wp-json\/wp\/v2\/types\/product"}],"wp:featuredmedia":[{"embeddable":true,"href":"https:\/\/librairie7l.com\/en\/wp-json\/wp\/v2\/media\/49093"}],"wp:attachment":[{"href":"https:\/\/librairie7l.com\/en\/wp-json\/wp\/v2\/media?parent=49095"}],"wp:term":[{"taxonomy":"product_cat","embeddable":true,"href":"https:\/\/librairie7l.com\/en\/wp-json\/wp\/v2\/product_cat?post=49095"},{"taxonomy":"product_tag","embeddable":true,"href":"https:\/\/librairie7l.com\/en\/wp-json\/wp\/v2\/product_tag?post=49095"}],"curies":[{"name":"wp","href":"https:\/\/api.w.org\/{rel}","templated":true}]}}