{"id":49124,"date":"2025-07-01T21:06:49","date_gmt":"2025-07-01T19:06:49","guid":{"rendered":"https:\/\/librairie7l.com\/?post_type=product&#038;p=49124"},"modified":"2026-04-07T07:26:23","modified_gmt":"2026-04-07T05:26:23","slug":"mallorca-living-2","status":"publish","type":"product","link":"https:\/\/librairie7l.com\/en\/produit\/mallorca-living-2\/","title":{"rendered":"MALLORCA LIVING"},"content":{"rendered":"<p>Nich\u00e9e dans les eaux azur\u00e9es de la M\u00e9diterran\u00e9e, Majorque est un symbole d&#8217;\u00e9l\u00e9gance, de tranquillit\u00e9 et de beaut\u00e9 naturelle. Ses c\u00f4tes baign\u00e9es de soleil rec\u00e8lent un tr\u00e9sor de merveilles architecturales, chaque maison t\u00e9moignant de la riche histoire de l&#8217;\u00eele, de sa culture vibrante et de son attrait captivant.<br \/>\n&#8220;Mallorca Living&#8221; vous invite \u00e0 un voyage enchanteur \u00e0 travers le paysage r\u00e9sidentiel vari\u00e9 de l&#8217;\u00eele, o\u00f9 le charme traditionnel rencontre le luxe contemporain en parfaite harmonie. Des pittoresques cottages en pierre nich\u00e9s dans des villages endormis aux somptueuses villas de bord de mer offrant une vue panoramique sur le littoral \u00e9tincelant, chaque demeure raconte une histoire unique, celle de ses habitants et de leur lien profond avec ce paradis idyllique.<br \/>\nEntrez dans les pages de ce livre et plongez dans le monde enchanteur de l&#8217;architecture majorquine. \u00c9merveillez-vous devant les portes en bois sculpt\u00e9es de fa\u00e7on complexe et orn\u00e9es de symboles anciens, qui vous invitent \u00e0 entrer dans un royaume o\u00f9 le temps s&#8217;est arr\u00eat\u00e9. Promenez-vous dans des cours ensoleill\u00e9es, orn\u00e9es d&#8217;agrumes odorants, dont le doux parfum se m\u00eale \u00e0 la brise sal\u00e9e de la mer.<br \/>\nD\u00e9couvrez l&#8217;\u00e9l\u00e9gance rustique des fincas, des fermes centenaires restaur\u00e9es avec amour pour retrouver leur splendeur d&#8217;antan, o\u00f9 les murs de pierre us\u00e9s par les intemp\u00e9ries constituent une toile de fond intemporelle pour le confort moderne. Perdez-vous dans les rues labyrinthiques de Palma, o\u00f9 les demeures historiques chuchotent les secrets d&#8217;\u00e9poques r\u00e9volues, leurs fa\u00e7ades grandioses \u00e9tant orn\u00e9es de balcons d\u00e9coratifs et de grilles en fer forg\u00e9.<\/p>\n","protected":false},"excerpt":{"rendered":"<p>Nich\u00e9e dans les eaux azur\u00e9es de la M\u00e9diterran\u00e9e, Majorque est un symbole d&#8217;\u00e9l\u00e9gance, de tranquillit\u00e9 et de beaut\u00e9 naturelle. Ses c\u00f4tes baign\u00e9es de soleil rec\u00e8lent un tr\u00e9sor de merveilles architecturales, chaque maison t\u00e9moignant de la riche histoire de l&#8217;\u00eele, de sa culture vibrante et de son attrait captivant. &#8220;Mallorca Living&#8221; vous invite \u00e0 un voyage [&hellip;]<\/p>\n","protected":false},"featured_media":49122,"template":"","meta":[],"product_cat":[7364,2948],"product_tag":[],"acf":[],"yoast_head":"<!-- This site is optimized with the Yoast SEO plugin v20.11 - https:\/\/yoast.com\/wordpress\/plugins\/seo\/ -->\n<title>Mallorca Living - Librairie 7L<\/title>\n<meta name=\"robots\" content=\"index, follow, max-snippet:-1, max-image-preview:large, max-video-preview:-1\" \/>\n<link rel=\"canonical\" href=\"https:\/\/librairie7l.com\/en\/produit\/mallorca-living-2\/\" \/>\n<meta property=\"og:locale\" content=\"en_US\" \/>\n<meta property=\"og:type\" content=\"article\" \/>\n<meta property=\"og:title\" content=\"Mallorca Living - Librairie 7L\" \/>\n<meta property=\"og:description\" content=\"Nich\u00e9e dans les eaux azur\u00e9es de la M\u00e9diterran\u00e9e, Majorque est un symbole d&#8217;\u00e9l\u00e9gance, de tranquillit\u00e9 et de beaut\u00e9 naturelle. Ses c\u00f4tes baign\u00e9es de soleil rec\u00e8lent un tr\u00e9sor de merveilles architecturales, chaque maison t\u00e9moignant de la riche histoire de l&#8217;\u00eele, de sa culture vibrante et de son attrait captivant. &#8220;Mallorca Living&#8221; vous invite \u00e0 un voyage [&hellip;]\" \/>\n<meta property=\"og:url\" content=\"https:\/\/librairie7l.com\/en\/produit\/mallorca-living-2\/\" \/>\n<meta property=\"og:site_name\" content=\"Librairie 7L\" \/>\n<meta property=\"article:modified_time\" content=\"2026-04-07T05:26:23+00:00\" \/>\n<meta property=\"og:image\" content=\"https:\/\/librairie7l.com\/wp-content\/uploads\/2024\/04\/9788499366166_1_75.jpg\" \/>\n\t<meta property=\"og:image:width\" content=\"600\" \/>\n\t<meta property=\"og:image:height\" content=\"701\" \/>\n\t<meta property=\"og:image:type\" content=\"image\/jpeg\" \/>\n<meta name=\"twitter:card\" content=\"summary_large_image\" \/>\n<meta name=\"twitter:label1\" content=\"Est. reading time\" \/>\n\t<meta name=\"twitter:data1\" content=\"1 minute\" \/>\n<script type=\"application\/ld+json\" class=\"yoast-schema-graph\">{\"@context\":\"https:\/\/schema.org\",\"@graph\":[{\"@type\":\"WebPage\",\"@id\":\"https:\/\/librairie7l.com\/en\/produit\/mallorca-living-2\/\",\"url\":\"https:\/\/librairie7l.com\/en\/produit\/mallorca-living-2\/\",\"name\":\"Mallorca Living - Librairie 7L\",\"isPartOf\":{\"@id\":\"https:\/\/librairie7l.com\/en\/#website\"},\"datePublished\":\"2025-07-01T19:06:49+00:00\",\"dateModified\":\"2026-04-07T05:26:23+00:00\",\"breadcrumb\":{\"@id\":\"https:\/\/librairie7l.com\/en\/produit\/mallorca-living-2\/#breadcrumb\"},\"inLanguage\":\"en-US\",\"potentialAction\":[{\"@type\":\"ReadAction\",\"target\":[\"https:\/\/librairie7l.com\/en\/produit\/mallorca-living-2\/\"]}]},{\"@type\":\"BreadcrumbList\",\"@id\":\"https:\/\/librairie7l.com\/en\/produit\/mallorca-living-2\/#breadcrumb\",\"itemListElement\":[{\"@type\":\"ListItem\",\"position\":1,\"name\":\"Accueil\",\"item\":\"https:\/\/librairie7l.com\/en\/\"},{\"@type\":\"ListItem\",\"position\":2,\"name\":\"Shop\",\"item\":\"https:\/\/librairie7l.com\/en\/shop\/\"},{\"@type\":\"ListItem\",\"position\":3,\"name\":\"MALLORCA LIVING\"}]},{\"@type\":\"WebSite\",\"@id\":\"https:\/\/librairie7l.com\/en\/#website\",\"url\":\"https:\/\/librairie7l.com\/en\/\",\"name\":\"Librairie 7L\",\"description\":\"Librairie fond\u00e9e en 1999 par Karl Lagerfeld \u00e0 Paris\",\"publisher\":{\"@id\":\"https:\/\/librairie7l.com\/en\/#organization\"},\"potentialAction\":[{\"@type\":\"SearchAction\",\"target\":{\"@type\":\"EntryPoint\",\"urlTemplate\":\"https:\/\/librairie7l.com\/en\/?s={search_term_string}\"},\"query-input\":\"required name=search_term_string\"}],\"inLanguage\":\"en-US\"},{\"@type\":\"Organization\",\"@id\":\"https:\/\/librairie7l.com\/en\/#organization\",\"name\":\"Librairie 7L\",\"url\":\"https:\/\/librairie7l.com\/en\/\",\"logo\":{\"@type\":\"ImageObject\",\"inLanguage\":\"en-US\",\"@id\":\"https:\/\/librairie7l.com\/en\/#\/schema\/logo\/image\/\",\"url\":\"https:\/\/librairie7l.com\/wp-content\/uploads\/2022\/08\/logo-1.png\",\"contentUrl\":\"https:\/\/librairie7l.com\/wp-content\/uploads\/2022\/08\/logo-1.png\",\"width\":227,\"height\":301,\"caption\":\"Librairie 7L\"},\"image\":{\"@id\":\"https:\/\/librairie7l.com\/en\/#\/schema\/logo\/image\/\"}}]}<\/script>\n<!-- \/ Yoast SEO plugin. -->","yoast_head_json":{"title":"Mallorca Living - Librairie 7L","robots":{"index":"index","follow":"follow","max-snippet":"max-snippet:-1","max-image-preview":"max-image-preview:large","max-video-preview":"max-video-preview:-1"},"canonical":"https:\/\/librairie7l.com\/en\/produit\/mallorca-living-2\/","og_locale":"en_US","og_type":"article","og_title":"Mallorca Living - Librairie 7L","og_description":"Nich\u00e9e dans les eaux azur\u00e9es de la M\u00e9diterran\u00e9e, Majorque est un symbole d&#8217;\u00e9l\u00e9gance, de tranquillit\u00e9 et de beaut\u00e9 naturelle. Ses c\u00f4tes baign\u00e9es de soleil rec\u00e8lent un tr\u00e9sor de merveilles architecturales, chaque maison t\u00e9moignant de la riche histoire de l&#8217;\u00eele, de sa culture vibrante et de son attrait captivant. &#8220;Mallorca Living&#8221; vous invite \u00e0 un voyage [&hellip;]","og_url":"https:\/\/librairie7l.com\/en\/produit\/mallorca-living-2\/","og_site_name":"Librairie 7L","article_modified_time":"2026-04-07T05:26:23+00:00","og_image":[{"width":600,"height":701,"url":"https:\/\/librairie7l.com\/wp-content\/uploads\/2024\/04\/9788499366166_1_75.jpg","type":"image\/jpeg"}],"twitter_card":"summary_large_image","twitter_misc":{"Est. reading time":"1 minute"},"schema":{"@context":"https:\/\/schema.org","@graph":[{"@type":"WebPage","@id":"https:\/\/librairie7l.com\/en\/produit\/mallorca-living-2\/","url":"https:\/\/librairie7l.com\/en\/produit\/mallorca-living-2\/","name":"Mallorca Living - Librairie 7L","isPartOf":{"@id":"https:\/\/librairie7l.com\/en\/#website"},"datePublished":"2025-07-01T19:06:49+00:00","dateModified":"2026-04-07T05:26:23+00:00","breadcrumb":{"@id":"https:\/\/librairie7l.com\/en\/produit\/mallorca-living-2\/#breadcrumb"},"inLanguage":"en-US","potentialAction":[{"@type":"ReadAction","target":["https:\/\/librairie7l.com\/en\/produit\/mallorca-living-2\/"]}]},{"@type":"BreadcrumbList","@id":"https:\/\/librairie7l.com\/en\/produit\/mallorca-living-2\/#breadcrumb","itemListElement":[{"@type":"ListItem","position":1,"name":"Accueil","item":"https:\/\/librairie7l.com\/en\/"},{"@type":"ListItem","position":2,"name":"Shop","item":"https:\/\/librairie7l.com\/en\/shop\/"},{"@type":"ListItem","position":3,"name":"MALLORCA LIVING"}]},{"@type":"WebSite","@id":"https:\/\/librairie7l.com\/en\/#website","url":"https:\/\/librairie7l.com\/en\/","name":"Librairie 7L","description":"Librairie fond\u00e9e en 1999 par Karl Lagerfeld \u00e0 Paris","publisher":{"@id":"https:\/\/librairie7l.com\/en\/#organization"},"potentialAction":[{"@type":"SearchAction","target":{"@type":"EntryPoint","urlTemplate":"https:\/\/librairie7l.com\/en\/?s={search_term_string}"},"query-input":"required name=search_term_string"}],"inLanguage":"en-US"},{"@type":"Organization","@id":"https:\/\/librairie7l.com\/en\/#organization","name":"Librairie 7L","url":"https:\/\/librairie7l.com\/en\/","logo":{"@type":"ImageObject","inLanguage":"en-US","@id":"https:\/\/librairie7l.com\/en\/#\/schema\/logo\/image\/","url":"https:\/\/librairie7l.com\/wp-content\/uploads\/2022\/08\/logo-1.png","contentUrl":"https:\/\/librairie7l.com\/wp-content\/uploads\/2022\/08\/logo-1.png","width":227,"height":301,"caption":"Librairie 7L"},"image":{"@id":"https:\/\/librairie7l.com\/en\/#\/schema\/logo\/image\/"}}]}},"_links":{"self":[{"href":"https:\/\/librairie7l.com\/en\/wp-json\/wp\/v2\/product\/49124"}],"collection":[{"href":"https:\/\/librairie7l.com\/en\/wp-json\/wp\/v2\/product"}],"about":[{"href":"https:\/\/librairie7l.com\/en\/wp-json\/wp\/v2\/types\/product"}],"wp:featuredmedia":[{"embeddable":true,"href":"https:\/\/librairie7l.com\/en\/wp-json\/wp\/v2\/media\/49122"}],"wp:attachment":[{"href":"https:\/\/librairie7l.com\/en\/wp-json\/wp\/v2\/media?parent=49124"}],"wp:term":[{"taxonomy":"product_cat","embeddable":true,"href":"https:\/\/librairie7l.com\/en\/wp-json\/wp\/v2\/product_cat?post=49124"},{"taxonomy":"product_tag","embeddable":true,"href":"https:\/\/librairie7l.com\/en\/wp-json\/wp\/v2\/product_tag?post=49124"}],"curies":[{"name":"wp","href":"https:\/\/api.w.org\/{rel}","templated":true}]}}