{"id":49140,"date":"2025-07-02T18:45:48","date_gmt":"2025-07-02T16:45:48","guid":{"rendered":"https:\/\/librairie7l.com\/?post_type=product&#038;p=49140"},"modified":"2026-04-07T05:34:08","modified_gmt":"2026-04-07T03:34:08","slug":"gericault-volume-1-folies-guerrieres-demences-coloniales-2","status":"publish","type":"product","link":"https:\/\/librairie7l.com\/en\/produit\/gericault-volume-1-folies-guerrieres-demences-coloniales-2\/","title":{"rendered":"G\u00c9RICAULT &#8211; VOLUME 1 FOLIES GUERRI\u00c8RES, D\u00c9MENCES COLONIALES"},"content":{"rendered":"<p>Ouvrage r\u00e9dig\u00e9 par Bruno Chenique, docteur en histoire de l&#8217;art, sur la vie artistique de Th\u00e9odore G\u00e9ricault (1791-1824), laquelle s&#8217;appuie sur une analyse politique de la soci\u00e9t\u00e9 au service de la fraternit\u00e9 des peuples.<br \/>\nCet ouvrage nous permet de d\u00e9couvrir, \u00e0 travers les analyses de Bruno Chenique, comment toute la vie artistique de Th\u00e9odore G\u00e9ricault (1791-1824) repose sur une analyse politique originale de la vie quotidienne de ses concitoyens comme des grands \u00e9quilibres europ\u00e9ens et mondiaux : les guerres fratricides de Napol\u00e9on et ses d\u00e9faites (Campagne d&#8217;\u00c9gypte, exp\u00e9dition de Saint-Domingue, Waterloo), la Traite des Noirs, le colonialisme et ses cons\u00e9quences (illustr\u00e9es par le Radeau de la M\u00e9duse), les r\u00e9volutions europ\u00e9ennes et sud-am\u00e9ricaines, les m\u00e9faits de la r\u00e9volution industrielle \u00e0 Londres. Autrement dit les souffrances du peuple, la folie du monde. En cela G\u00e9ricault est le parfait repr\u00e9sentant du Romantisme politique. N\u00e9 pendant la R\u00e9volution, il est un acteur essentiel de cette nouvelle g\u00e9n\u00e9ration, \u00e9voluant dans une famille royaliste et r\u00e9publicaine (son oncle a vot\u00e9 la mort de Louis XVI), qui d\u00e9cida de faire de son art un engagement esth\u00e9tique et politique au service de la fraternit\u00e9 des peuples. Gr\u00e2ce aux \u00e0 Bruno Chenique, on d\u00e9couvre la vision proph\u00e9tique de G\u00e9ricault sur la soci\u00e9t\u00e9, le racisme et le colonialisme, anticipant de deux si\u00e8cles les combats actuels. Ces luttes trouvent aujourd&#8217;hui tout leur \u00e9cho au sein des d\u00e9bats qui animent notre soci\u00e9t\u00e9.<\/p>\n","protected":false},"excerpt":{"rendered":"<p>Ouvrage r\u00e9dig\u00e9 par Bruno Chenique, docteur en histoire de l&#8217;art, sur la vie artistique de Th\u00e9odore G\u00e9ricault (1791-1824), laquelle s&#8217;appuie sur une analyse politique de la soci\u00e9t\u00e9 au service de la fraternit\u00e9 des peuples. Cet ouvrage nous permet de d\u00e9couvrir, \u00e0 travers les analyses de Bruno Chenique, comment toute la vie artistique de Th\u00e9odore G\u00e9ricault [&hellip;]<\/p>\n","protected":false},"featured_media":49138,"template":"","meta":[],"product_cat":[7364,2948],"product_tag":[],"acf":[],"yoast_head":"<!-- This site is optimized with the Yoast SEO plugin v20.11 - https:\/\/yoast.com\/wordpress\/plugins\/seo\/ -->\n<title>G\u00e9ricault - Volume 1 Folies guerri\u00e8res, d\u00e9mences coloniales - Librairie 7L<\/title>\n<meta name=\"robots\" content=\"index, follow, max-snippet:-1, max-image-preview:large, max-video-preview:-1\" \/>\n<link rel=\"canonical\" href=\"https:\/\/librairie7l.com\/en\/produit\/gericault-volume-1-folies-guerrieres-demences-coloniales-2\/\" \/>\n<meta property=\"og:locale\" content=\"en_US\" \/>\n<meta property=\"og:type\" content=\"article\" \/>\n<meta property=\"og:title\" content=\"G\u00e9ricault - Volume 1 Folies guerri\u00e8res, d\u00e9mences coloniales - Librairie 7L\" \/>\n<meta property=\"og:description\" content=\"Ouvrage r\u00e9dig\u00e9 par Bruno Chenique, docteur en histoire de l&#8217;art, sur la vie artistique de Th\u00e9odore G\u00e9ricault (1791-1824), laquelle s&#8217;appuie sur une analyse politique de la soci\u00e9t\u00e9 au service de la fraternit\u00e9 des peuples. Cet ouvrage nous permet de d\u00e9couvrir, \u00e0 travers les analyses de Bruno Chenique, comment toute la vie artistique de Th\u00e9odore G\u00e9ricault [&hellip;]\" \/>\n<meta property=\"og:url\" content=\"https:\/\/librairie7l.com\/en\/produit\/gericault-volume-1-folies-guerrieres-demences-coloniales-2\/\" \/>\n<meta property=\"og:site_name\" content=\"Librairie 7L\" \/>\n<meta property=\"article:modified_time\" content=\"2026-04-07T03:34:08+00:00\" \/>\n<meta property=\"og:image\" content=\"https:\/\/librairie7l.com\/wp-content\/uploads\/2023\/12\/9788412674651_1_75.jpg\" \/>\n\t<meta property=\"og:image:width\" content=\"400\" \/>\n\t<meta property=\"og:image:height\" content=\"491\" \/>\n\t<meta property=\"og:image:type\" content=\"image\/jpeg\" \/>\n<meta name=\"twitter:card\" content=\"summary_large_image\" \/>\n<meta name=\"twitter:label1\" content=\"Est. reading time\" \/>\n\t<meta name=\"twitter:data1\" content=\"1 minute\" \/>\n<script type=\"application\/ld+json\" class=\"yoast-schema-graph\">{\"@context\":\"https:\/\/schema.org\",\"@graph\":[{\"@type\":\"WebPage\",\"@id\":\"https:\/\/librairie7l.com\/en\/produit\/gericault-volume-1-folies-guerrieres-demences-coloniales-2\/\",\"url\":\"https:\/\/librairie7l.com\/en\/produit\/gericault-volume-1-folies-guerrieres-demences-coloniales-2\/\",\"name\":\"G\u00e9ricault - Volume 1 Folies guerri\u00e8res, d\u00e9mences coloniales - Librairie 7L\",\"isPartOf\":{\"@id\":\"https:\/\/librairie7l.com\/en\/#website\"},\"datePublished\":\"2025-07-02T16:45:48+00:00\",\"dateModified\":\"2026-04-07T03:34:08+00:00\",\"breadcrumb\":{\"@id\":\"https:\/\/librairie7l.com\/en\/produit\/gericault-volume-1-folies-guerrieres-demences-coloniales-2\/#breadcrumb\"},\"inLanguage\":\"en-US\",\"potentialAction\":[{\"@type\":\"ReadAction\",\"target\":[\"https:\/\/librairie7l.com\/en\/produit\/gericault-volume-1-folies-guerrieres-demences-coloniales-2\/\"]}]},{\"@type\":\"BreadcrumbList\",\"@id\":\"https:\/\/librairie7l.com\/en\/produit\/gericault-volume-1-folies-guerrieres-demences-coloniales-2\/#breadcrumb\",\"itemListElement\":[{\"@type\":\"ListItem\",\"position\":1,\"name\":\"Accueil\",\"item\":\"https:\/\/librairie7l.com\/en\/\"},{\"@type\":\"ListItem\",\"position\":2,\"name\":\"Shop\",\"item\":\"https:\/\/librairie7l.com\/en\/shop\/\"},{\"@type\":\"ListItem\",\"position\":3,\"name\":\"G\u00c9RICAULT &#8211; VOLUME 1 FOLIES GUERRI\u00c8RES, D\u00c9MENCES COLONIALES\"}]},{\"@type\":\"WebSite\",\"@id\":\"https:\/\/librairie7l.com\/en\/#website\",\"url\":\"https:\/\/librairie7l.com\/en\/\",\"name\":\"Librairie 7L\",\"description\":\"Librairie fond\u00e9e en 1999 par Karl Lagerfeld \u00e0 Paris\",\"publisher\":{\"@id\":\"https:\/\/librairie7l.com\/en\/#organization\"},\"potentialAction\":[{\"@type\":\"SearchAction\",\"target\":{\"@type\":\"EntryPoint\",\"urlTemplate\":\"https:\/\/librairie7l.com\/en\/?s={search_term_string}\"},\"query-input\":\"required name=search_term_string\"}],\"inLanguage\":\"en-US\"},{\"@type\":\"Organization\",\"@id\":\"https:\/\/librairie7l.com\/en\/#organization\",\"name\":\"Librairie 7L\",\"url\":\"https:\/\/librairie7l.com\/en\/\",\"logo\":{\"@type\":\"ImageObject\",\"inLanguage\":\"en-US\",\"@id\":\"https:\/\/librairie7l.com\/en\/#\/schema\/logo\/image\/\",\"url\":\"https:\/\/librairie7l.com\/wp-content\/uploads\/2022\/08\/logo-1.png\",\"contentUrl\":\"https:\/\/librairie7l.com\/wp-content\/uploads\/2022\/08\/logo-1.png\",\"width\":227,\"height\":301,\"caption\":\"Librairie 7L\"},\"image\":{\"@id\":\"https:\/\/librairie7l.com\/en\/#\/schema\/logo\/image\/\"}}]}<\/script>\n<!-- \/ Yoast SEO plugin. -->","yoast_head_json":{"title":"G\u00e9ricault - Volume 1 Folies guerri\u00e8res, d\u00e9mences coloniales - Librairie 7L","robots":{"index":"index","follow":"follow","max-snippet":"max-snippet:-1","max-image-preview":"max-image-preview:large","max-video-preview":"max-video-preview:-1"},"canonical":"https:\/\/librairie7l.com\/en\/produit\/gericault-volume-1-folies-guerrieres-demences-coloniales-2\/","og_locale":"en_US","og_type":"article","og_title":"G\u00e9ricault - Volume 1 Folies guerri\u00e8res, d\u00e9mences coloniales - Librairie 7L","og_description":"Ouvrage r\u00e9dig\u00e9 par Bruno Chenique, docteur en histoire de l&#8217;art, sur la vie artistique de Th\u00e9odore G\u00e9ricault (1791-1824), laquelle s&#8217;appuie sur une analyse politique de la soci\u00e9t\u00e9 au service de la fraternit\u00e9 des peuples. Cet ouvrage nous permet de d\u00e9couvrir, \u00e0 travers les analyses de Bruno Chenique, comment toute la vie artistique de Th\u00e9odore G\u00e9ricault [&hellip;]","og_url":"https:\/\/librairie7l.com\/en\/produit\/gericault-volume-1-folies-guerrieres-demences-coloniales-2\/","og_site_name":"Librairie 7L","article_modified_time":"2026-04-07T03:34:08+00:00","og_image":[{"width":400,"height":491,"url":"https:\/\/librairie7l.com\/wp-content\/uploads\/2023\/12\/9788412674651_1_75.jpg","type":"image\/jpeg"}],"twitter_card":"summary_large_image","twitter_misc":{"Est. reading time":"1 minute"},"schema":{"@context":"https:\/\/schema.org","@graph":[{"@type":"WebPage","@id":"https:\/\/librairie7l.com\/en\/produit\/gericault-volume-1-folies-guerrieres-demences-coloniales-2\/","url":"https:\/\/librairie7l.com\/en\/produit\/gericault-volume-1-folies-guerrieres-demences-coloniales-2\/","name":"G\u00e9ricault - Volume 1 Folies guerri\u00e8res, d\u00e9mences coloniales - Librairie 7L","isPartOf":{"@id":"https:\/\/librairie7l.com\/en\/#website"},"datePublished":"2025-07-02T16:45:48+00:00","dateModified":"2026-04-07T03:34:08+00:00","breadcrumb":{"@id":"https:\/\/librairie7l.com\/en\/produit\/gericault-volume-1-folies-guerrieres-demences-coloniales-2\/#breadcrumb"},"inLanguage":"en-US","potentialAction":[{"@type":"ReadAction","target":["https:\/\/librairie7l.com\/en\/produit\/gericault-volume-1-folies-guerrieres-demences-coloniales-2\/"]}]},{"@type":"BreadcrumbList","@id":"https:\/\/librairie7l.com\/en\/produit\/gericault-volume-1-folies-guerrieres-demences-coloniales-2\/#breadcrumb","itemListElement":[{"@type":"ListItem","position":1,"name":"Accueil","item":"https:\/\/librairie7l.com\/en\/"},{"@type":"ListItem","position":2,"name":"Shop","item":"https:\/\/librairie7l.com\/en\/shop\/"},{"@type":"ListItem","position":3,"name":"G\u00c9RICAULT &#8211; VOLUME 1 FOLIES GUERRI\u00c8RES, D\u00c9MENCES COLONIALES"}]},{"@type":"WebSite","@id":"https:\/\/librairie7l.com\/en\/#website","url":"https:\/\/librairie7l.com\/en\/","name":"Librairie 7L","description":"Librairie fond\u00e9e en 1999 par Karl Lagerfeld \u00e0 Paris","publisher":{"@id":"https:\/\/librairie7l.com\/en\/#organization"},"potentialAction":[{"@type":"SearchAction","target":{"@type":"EntryPoint","urlTemplate":"https:\/\/librairie7l.com\/en\/?s={search_term_string}"},"query-input":"required name=search_term_string"}],"inLanguage":"en-US"},{"@type":"Organization","@id":"https:\/\/librairie7l.com\/en\/#organization","name":"Librairie 7L","url":"https:\/\/librairie7l.com\/en\/","logo":{"@type":"ImageObject","inLanguage":"en-US","@id":"https:\/\/librairie7l.com\/en\/#\/schema\/logo\/image\/","url":"https:\/\/librairie7l.com\/wp-content\/uploads\/2022\/08\/logo-1.png","contentUrl":"https:\/\/librairie7l.com\/wp-content\/uploads\/2022\/08\/logo-1.png","width":227,"height":301,"caption":"Librairie 7L"},"image":{"@id":"https:\/\/librairie7l.com\/en\/#\/schema\/logo\/image\/"}}]}},"_links":{"self":[{"href":"https:\/\/librairie7l.com\/en\/wp-json\/wp\/v2\/product\/49140"}],"collection":[{"href":"https:\/\/librairie7l.com\/en\/wp-json\/wp\/v2\/product"}],"about":[{"href":"https:\/\/librairie7l.com\/en\/wp-json\/wp\/v2\/types\/product"}],"wp:featuredmedia":[{"embeddable":true,"href":"https:\/\/librairie7l.com\/en\/wp-json\/wp\/v2\/media\/49138"}],"wp:attachment":[{"href":"https:\/\/librairie7l.com\/en\/wp-json\/wp\/v2\/media?parent=49140"}],"wp:term":[{"taxonomy":"product_cat","embeddable":true,"href":"https:\/\/librairie7l.com\/en\/wp-json\/wp\/v2\/product_cat?post=49140"},{"taxonomy":"product_tag","embeddable":true,"href":"https:\/\/librairie7l.com\/en\/wp-json\/wp\/v2\/product_tag?post=49140"}],"curies":[{"name":"wp","href":"https:\/\/api.w.org\/{rel}","templated":true}]}}