{"id":49154,"date":"2025-07-03T09:17:48","date_gmt":"2025-07-03T07:17:48","guid":{"rendered":"https:\/\/librairie7l.com\/?post_type=product&#038;p=49154"},"modified":"2026-04-06T19:32:45","modified_gmt":"2026-04-06T17:32:45","slug":"sorcieres-fantasmes-savoirs-liberte-2","status":"publish","type":"product","link":"https:\/\/librairie7l.com\/en\/produit\/sorcieres-fantasmes-savoirs-liberte-2\/","title":{"rendered":"SORCI\u00c8RES ! FANTASMES, SAVOIRS, LIBERT\u00c9"},"content":{"rendered":"<p>L&#8217;ann\u00e9e 2025 est une grande ann\u00e9e pour le mus\u00e9e de Pont-Aven qui f\u00eate ses 40 ann\u00e9es d&#8217;existence. Pour c\u00e9l\u00e9brer cet anniversaire, deux expositions ambitieuses sont pr\u00e9sent\u00e9es au mus\u00e9e cette ann\u00e9e : l&#8217;artiste contemporaine Corinne Vionnet dont c&#8217;est la premi\u00e8re exposition monographique, de f\u00e9vrier \u00e0 mai ; et l&#8217;exposition d&#8217;\u00e9t\u00e9 en partenariat avec le mus\u00e9e d&#8217;Orsay qui met \u00e0 l&#8217;honneur la figure de la sorci\u00e8re au XIXe si\u00e8cle.<br \/>\nAu coeur de notre imaginaire collectif, les sorci\u00e8res ont longtemps incarn\u00e9 l&#8217;all\u00e9gorie de la vieillesse, de la mort, du vice et du mal. Elles sont associ\u00e9es au surnaturel, \u00e0 la nature, \u00e0 ce qui fait peur et que l&#8217;on ne ma\u00eetrise pas. Mais 1862 marque une rupture avec la publication de La Sorci\u00e8re de l&#8217;historien Jules Michelet : la sorci\u00e8re devient alors \u00e0 la fois un embl\u00e8me de r\u00e9volte, de connaissance et d&#8217;harmonie avec les \u00e9l\u00e9ments naturels, posant les bases de l&#8217;\u00e9co-f\u00e9minisme. R\u00e9enchant\u00e9e, elle devient le symbole de la lutte des opprim\u00e9s contre l&#8217;arbitraire. Ambivalente, la sorci\u00e8re cristallise les fantasmes masculins sous forme d&#8217;ic\u00f4ne \u00e9rotis\u00e9e dot\u00e9e d&#8217;une \u00e9ternelle jeunesse s&#8217;opposant ainsi \u00e0 la vieille femme laide des contes et illustrations. Pour des artistes majoritairement masculins, la sorci\u00e8re \u00e9voque l&#8217;autre et l&#8217;inconnu, avec sa part d&#8217;attraction et de menace. Dans une soci\u00e9t\u00e9 patriarcale o\u00f9 la femme est consid\u00e9r\u00e9e comme mineure, la sorci\u00e8re personnifie la femme forte, qui menace l&#8217;ordre \u00e9tabli et deviendra un mod\u00e8le et un symbole pour les f\u00e9ministes au cours du si\u00e8cle suivant. Elle incarne la r\u00e9sistance face aux pouvoirs dominants.<br \/>\nL&#8217;exposition fait dialoguer les arts au sein d&#8217;un parcours qui fait la part belle aux arts graphiques, \u00e0 la peinture, \u00e0 la sculpture, aux objets d&#8217;art, \u00e0 la photographie, au cin\u00e9ma ainsi qu&#8217;\u00e0 la musique, la danse et la litt\u00e9rature.<\/p>\n","protected":false},"excerpt":{"rendered":"<p>L&#8217;ann\u00e9e 2025 est une grande ann\u00e9e pour le mus\u00e9e de Pont-Aven qui f\u00eate ses 40 ann\u00e9es d&#8217;existence. Pour c\u00e9l\u00e9brer cet anniversaire, deux expositions ambitieuses sont pr\u00e9sent\u00e9es au mus\u00e9e cette ann\u00e9e : l&#8217;artiste contemporaine Corinne Vionnet dont c&#8217;est la premi\u00e8re exposition monographique, de f\u00e9vrier \u00e0 mai ; et l&#8217;exposition d&#8217;\u00e9t\u00e9 en partenariat avec le mus\u00e9e d&#8217;Orsay [&hellip;]<\/p>\n","protected":false},"featured_media":49152,"template":"","meta":[],"product_cat":[2948,2953],"product_tag":[],"acf":[],"yoast_head":"<!-- This site is optimized with the Yoast SEO plugin v20.11 - https:\/\/yoast.com\/wordpress\/plugins\/seo\/ -->\n<title>Sorci\u00e8res ! Fantasmes, savoirs, libert\u00e9 - Librairie 7L<\/title>\n<meta name=\"robots\" content=\"index, follow, max-snippet:-1, max-image-preview:large, max-video-preview:-1\" \/>\n<link rel=\"canonical\" href=\"https:\/\/librairie7l.com\/en\/produit\/sorcieres-fantasmes-savoirs-liberte-2\/\" \/>\n<meta property=\"og:locale\" content=\"en_US\" \/>\n<meta property=\"og:type\" content=\"article\" \/>\n<meta property=\"og:title\" content=\"Sorci\u00e8res ! Fantasmes, savoirs, libert\u00e9 - Librairie 7L\" \/>\n<meta property=\"og:description\" content=\"L&#8217;ann\u00e9e 2025 est une grande ann\u00e9e pour le mus\u00e9e de Pont-Aven qui f\u00eate ses 40 ann\u00e9es d&#8217;existence. Pour c\u00e9l\u00e9brer cet anniversaire, deux expositions ambitieuses sont pr\u00e9sent\u00e9es au mus\u00e9e cette ann\u00e9e : l&#8217;artiste contemporaine Corinne Vionnet dont c&#8217;est la premi\u00e8re exposition monographique, de f\u00e9vrier \u00e0 mai ; et l&#8217;exposition d&#8217;\u00e9t\u00e9 en partenariat avec le mus\u00e9e d&#8217;Orsay [&hellip;]\" \/>\n<meta property=\"og:url\" content=\"https:\/\/librairie7l.com\/en\/produit\/sorcieres-fantasmes-savoirs-liberte-2\/\" \/>\n<meta property=\"og:site_name\" content=\"Librairie 7L\" \/>\n<meta property=\"article:modified_time\" content=\"2026-04-06T17:32:45+00:00\" \/>\n<meta property=\"og:image\" content=\"https:\/\/librairie7l.com\/wp-content\/uploads\/2025\/03\/9782878443998_1_75.jpg\" \/>\n\t<meta property=\"og:image:width\" content=\"600\" \/>\n\t<meta property=\"og:image:height\" content=\"756\" \/>\n\t<meta property=\"og:image:type\" content=\"image\/jpeg\" \/>\n<meta name=\"twitter:card\" content=\"summary_large_image\" \/>\n<meta name=\"twitter:label1\" content=\"Est. reading time\" \/>\n\t<meta name=\"twitter:data1\" content=\"2 minutes\" \/>\n<script type=\"application\/ld+json\" class=\"yoast-schema-graph\">{\"@context\":\"https:\/\/schema.org\",\"@graph\":[{\"@type\":\"WebPage\",\"@id\":\"https:\/\/librairie7l.com\/en\/produit\/sorcieres-fantasmes-savoirs-liberte-2\/\",\"url\":\"https:\/\/librairie7l.com\/en\/produit\/sorcieres-fantasmes-savoirs-liberte-2\/\",\"name\":\"Sorci\u00e8res ! Fantasmes, savoirs, libert\u00e9 - Librairie 7L\",\"isPartOf\":{\"@id\":\"https:\/\/librairie7l.com\/en\/#website\"},\"datePublished\":\"2025-07-03T07:17:48+00:00\",\"dateModified\":\"2026-04-06T17:32:45+00:00\",\"breadcrumb\":{\"@id\":\"https:\/\/librairie7l.com\/en\/produit\/sorcieres-fantasmes-savoirs-liberte-2\/#breadcrumb\"},\"inLanguage\":\"en-US\",\"potentialAction\":[{\"@type\":\"ReadAction\",\"target\":[\"https:\/\/librairie7l.com\/en\/produit\/sorcieres-fantasmes-savoirs-liberte-2\/\"]}]},{\"@type\":\"BreadcrumbList\",\"@id\":\"https:\/\/librairie7l.com\/en\/produit\/sorcieres-fantasmes-savoirs-liberte-2\/#breadcrumb\",\"itemListElement\":[{\"@type\":\"ListItem\",\"position\":1,\"name\":\"Accueil\",\"item\":\"https:\/\/librairie7l.com\/en\/\"},{\"@type\":\"ListItem\",\"position\":2,\"name\":\"Shop\",\"item\":\"https:\/\/librairie7l.com\/en\/shop\/\"},{\"@type\":\"ListItem\",\"position\":3,\"name\":\"SORCI\u00c8RES ! FANTASMES, SAVOIRS, LIBERT\u00c9\"}]},{\"@type\":\"WebSite\",\"@id\":\"https:\/\/librairie7l.com\/en\/#website\",\"url\":\"https:\/\/librairie7l.com\/en\/\",\"name\":\"Librairie 7L\",\"description\":\"Librairie fond\u00e9e en 1999 par Karl Lagerfeld \u00e0 Paris\",\"publisher\":{\"@id\":\"https:\/\/librairie7l.com\/en\/#organization\"},\"potentialAction\":[{\"@type\":\"SearchAction\",\"target\":{\"@type\":\"EntryPoint\",\"urlTemplate\":\"https:\/\/librairie7l.com\/en\/?s={search_term_string}\"},\"query-input\":\"required name=search_term_string\"}],\"inLanguage\":\"en-US\"},{\"@type\":\"Organization\",\"@id\":\"https:\/\/librairie7l.com\/en\/#organization\",\"name\":\"Librairie 7L\",\"url\":\"https:\/\/librairie7l.com\/en\/\",\"logo\":{\"@type\":\"ImageObject\",\"inLanguage\":\"en-US\",\"@id\":\"https:\/\/librairie7l.com\/en\/#\/schema\/logo\/image\/\",\"url\":\"https:\/\/librairie7l.com\/wp-content\/uploads\/2022\/08\/logo-1.png\",\"contentUrl\":\"https:\/\/librairie7l.com\/wp-content\/uploads\/2022\/08\/logo-1.png\",\"width\":227,\"height\":301,\"caption\":\"Librairie 7L\"},\"image\":{\"@id\":\"https:\/\/librairie7l.com\/en\/#\/schema\/logo\/image\/\"}}]}<\/script>\n<!-- \/ Yoast SEO plugin. -->","yoast_head_json":{"title":"Sorci\u00e8res ! Fantasmes, savoirs, libert\u00e9 - Librairie 7L","robots":{"index":"index","follow":"follow","max-snippet":"max-snippet:-1","max-image-preview":"max-image-preview:large","max-video-preview":"max-video-preview:-1"},"canonical":"https:\/\/librairie7l.com\/en\/produit\/sorcieres-fantasmes-savoirs-liberte-2\/","og_locale":"en_US","og_type":"article","og_title":"Sorci\u00e8res ! Fantasmes, savoirs, libert\u00e9 - Librairie 7L","og_description":"L&#8217;ann\u00e9e 2025 est une grande ann\u00e9e pour le mus\u00e9e de Pont-Aven qui f\u00eate ses 40 ann\u00e9es d&#8217;existence. Pour c\u00e9l\u00e9brer cet anniversaire, deux expositions ambitieuses sont pr\u00e9sent\u00e9es au mus\u00e9e cette ann\u00e9e : l&#8217;artiste contemporaine Corinne Vionnet dont c&#8217;est la premi\u00e8re exposition monographique, de f\u00e9vrier \u00e0 mai ; et l&#8217;exposition d&#8217;\u00e9t\u00e9 en partenariat avec le mus\u00e9e d&#8217;Orsay [&hellip;]","og_url":"https:\/\/librairie7l.com\/en\/produit\/sorcieres-fantasmes-savoirs-liberte-2\/","og_site_name":"Librairie 7L","article_modified_time":"2026-04-06T17:32:45+00:00","og_image":[{"width":600,"height":756,"url":"https:\/\/librairie7l.com\/wp-content\/uploads\/2025\/03\/9782878443998_1_75.jpg","type":"image\/jpeg"}],"twitter_card":"summary_large_image","twitter_misc":{"Est. reading time":"2 minutes"},"schema":{"@context":"https:\/\/schema.org","@graph":[{"@type":"WebPage","@id":"https:\/\/librairie7l.com\/en\/produit\/sorcieres-fantasmes-savoirs-liberte-2\/","url":"https:\/\/librairie7l.com\/en\/produit\/sorcieres-fantasmes-savoirs-liberte-2\/","name":"Sorci\u00e8res ! Fantasmes, savoirs, libert\u00e9 - Librairie 7L","isPartOf":{"@id":"https:\/\/librairie7l.com\/en\/#website"},"datePublished":"2025-07-03T07:17:48+00:00","dateModified":"2026-04-06T17:32:45+00:00","breadcrumb":{"@id":"https:\/\/librairie7l.com\/en\/produit\/sorcieres-fantasmes-savoirs-liberte-2\/#breadcrumb"},"inLanguage":"en-US","potentialAction":[{"@type":"ReadAction","target":["https:\/\/librairie7l.com\/en\/produit\/sorcieres-fantasmes-savoirs-liberte-2\/"]}]},{"@type":"BreadcrumbList","@id":"https:\/\/librairie7l.com\/en\/produit\/sorcieres-fantasmes-savoirs-liberte-2\/#breadcrumb","itemListElement":[{"@type":"ListItem","position":1,"name":"Accueil","item":"https:\/\/librairie7l.com\/en\/"},{"@type":"ListItem","position":2,"name":"Shop","item":"https:\/\/librairie7l.com\/en\/shop\/"},{"@type":"ListItem","position":3,"name":"SORCI\u00c8RES ! FANTASMES, SAVOIRS, LIBERT\u00c9"}]},{"@type":"WebSite","@id":"https:\/\/librairie7l.com\/en\/#website","url":"https:\/\/librairie7l.com\/en\/","name":"Librairie 7L","description":"Librairie fond\u00e9e en 1999 par Karl Lagerfeld \u00e0 Paris","publisher":{"@id":"https:\/\/librairie7l.com\/en\/#organization"},"potentialAction":[{"@type":"SearchAction","target":{"@type":"EntryPoint","urlTemplate":"https:\/\/librairie7l.com\/en\/?s={search_term_string}"},"query-input":"required name=search_term_string"}],"inLanguage":"en-US"},{"@type":"Organization","@id":"https:\/\/librairie7l.com\/en\/#organization","name":"Librairie 7L","url":"https:\/\/librairie7l.com\/en\/","logo":{"@type":"ImageObject","inLanguage":"en-US","@id":"https:\/\/librairie7l.com\/en\/#\/schema\/logo\/image\/","url":"https:\/\/librairie7l.com\/wp-content\/uploads\/2022\/08\/logo-1.png","contentUrl":"https:\/\/librairie7l.com\/wp-content\/uploads\/2022\/08\/logo-1.png","width":227,"height":301,"caption":"Librairie 7L"},"image":{"@id":"https:\/\/librairie7l.com\/en\/#\/schema\/logo\/image\/"}}]}},"_links":{"self":[{"href":"https:\/\/librairie7l.com\/en\/wp-json\/wp\/v2\/product\/49154"}],"collection":[{"href":"https:\/\/librairie7l.com\/en\/wp-json\/wp\/v2\/product"}],"about":[{"href":"https:\/\/librairie7l.com\/en\/wp-json\/wp\/v2\/types\/product"}],"wp:featuredmedia":[{"embeddable":true,"href":"https:\/\/librairie7l.com\/en\/wp-json\/wp\/v2\/media\/49152"}],"wp:attachment":[{"href":"https:\/\/librairie7l.com\/en\/wp-json\/wp\/v2\/media?parent=49154"}],"wp:term":[{"taxonomy":"product_cat","embeddable":true,"href":"https:\/\/librairie7l.com\/en\/wp-json\/wp\/v2\/product_cat?post=49154"},{"taxonomy":"product_tag","embeddable":true,"href":"https:\/\/librairie7l.com\/en\/wp-json\/wp\/v2\/product_tag?post=49154"}],"curies":[{"name":"wp","href":"https:\/\/api.w.org\/{rel}","templated":true}]}}