{"id":49200,"date":"2025-07-03T10:16:06","date_gmt":"2025-07-03T08:16:06","guid":{"rendered":"https:\/\/librairie7l.com\/?post_type=product&#038;p=49200"},"modified":"2026-04-04T04:27:17","modified_gmt":"2026-04-04T02:27:17","slug":"la-photographie-moderniste-bresilienne-1939-1964-2","status":"publish","type":"product","link":"https:\/\/librairie7l.com\/en\/produit\/la-photographie-moderniste-bresilienne-1939-1964-2\/","title":{"rendered":"LA PHOTOGRAPHIE MODERNISTE BR\u00c9SILIENNE 1939-1964"},"content":{"rendered":"<p>Dans les ann\u00e9es 1940, le Br\u00e9sil est en pleine transformation :<br \/>\nil se modernise, multiplie les \u00e9changes \u00e0 l&#8217;international, attire de nombreux \u00e9migrants europ\u00e9ens et fait r\u00eaver. T\u00e9moins de cette r\u00e9volution, les artistes du courant moderniste et, parmi eux, les photographes dont les images racontent l&#8217;entr\u00e9e du pays sur la sc\u00e8ne artistique cosmopolite.<br \/>\nDans le sillon qui voit na\u00eetre l&#8217;architecture d&#8217;Oscar Niemeyer, et sa vision de la cit\u00e9 moderne, le cin\u00e9ma Novo ou encore la Bossa Nova, cinq figures favorisent l&#8217;\u00e9closion d&#8217;une nouvelle photographie : Geraldo de Barros, German Lorca, Gertrudes Altschul, Jos\u00e9 Oiticica Filho et Thomaz Farkas. Se saisissant des potentiels politiques, sociaux et esth\u00e9tiques de la photographie, ils vont donner \u00e0 voir de nouveaux sujets : l&#8217;architecture moderniste et ses lignes souples, des motifs botaniques o\u00f9 contrastent ombres et lumi\u00e8res, des exp\u00e9rimentations inventives et des jeux de perspectives teint\u00e9s d&#8217;un go\u00fbt pour l&#8217;abstraction. Autre ph\u00e9nom\u00e8ne qui participe \u00e0 l&#8217;\u00e9mergence et au rayonnement d&#8217;une nouvelle photographie, les clubs amateurs de Foto Clubes Carioca de Rio de Janeiro et le Foto Clube Bandeirante de S\u00e3o Paulo, qui d\u00e9mocratisent l&#8217;usage du m\u00e9dium et nouent des contacts avec leurs homologues europ\u00e9ens et am\u00e9ricains. D&#8217;une incroyable diversit\u00e9 et originalit\u00e9, tant formelle qu&#8217;esth\u00e9tique, la photographie moderniste de ces pionniers stimule toute une g\u00e9n\u00e9ration et inscrit d\u00e9finitivement le Br\u00e9sil sur la sc\u00e8ne des avant-gardes.<br \/>\nLargement m\u00e9connue, la photographie moderniste br\u00e9silienne est ici pr\u00e9sent\u00e9e \u00e0 travers plus d&#8217;une vingtaine de personnalit\u00e9s, dont certaines oeuvres sont conserv\u00e9es dans de prestigieuses institutions internationales, comme le MoMA \u00e0 New York, la Tate Modern \u00e0 Londres ou encore le Photo Elys\u00e9e \u00e0 Lausanne. Des textes d&#8217;historiens du m\u00e9dium replaceront cette production dans le contexte social et visuel de l&#8217;\u00e9poque, et \u00e9voqueront les nombreux \u00e9changes entre institutions et photoclubs \u00e0 travers le monde.<\/p>\n","protected":false},"excerpt":{"rendered":"<p>Dans les ann\u00e9es 1940, le Br\u00e9sil est en pleine transformation : il se modernise, multiplie les \u00e9changes \u00e0 l&#8217;international, attire de nombreux \u00e9migrants europ\u00e9ens et fait r\u00eaver. T\u00e9moins de cette r\u00e9volution, les artistes du courant moderniste et, parmi eux, les photographes dont les images racontent l&#8217;entr\u00e9e du pays sur la sc\u00e8ne artistique cosmopolite. Dans le [&hellip;]<\/p>\n","protected":false},"featured_media":49198,"template":"","meta":[],"product_cat":[2948,2958],"product_tag":[],"acf":[],"yoast_head":"<!-- This site is optimized with the Yoast SEO plugin v20.11 - https:\/\/yoast.com\/wordpress\/plugins\/seo\/ -->\n<title>La photographie moderniste br\u00e9silienne 1939-1964 - Librairie 7L<\/title>\n<meta name=\"robots\" content=\"index, follow, max-snippet:-1, max-image-preview:large, max-video-preview:-1\" \/>\n<link rel=\"canonical\" href=\"https:\/\/librairie7l.com\/en\/produit\/la-photographie-moderniste-bresilienne-1939-1964-2\/\" \/>\n<meta property=\"og:locale\" content=\"en_US\" \/>\n<meta property=\"og:type\" content=\"article\" \/>\n<meta property=\"og:title\" content=\"La photographie moderniste br\u00e9silienne 1939-1964 - Librairie 7L\" \/>\n<meta property=\"og:description\" content=\"Dans les ann\u00e9es 1940, le Br\u00e9sil est en pleine transformation : il se modernise, multiplie les \u00e9changes \u00e0 l&#8217;international, attire de nombreux \u00e9migrants europ\u00e9ens et fait r\u00eaver. T\u00e9moins de cette r\u00e9volution, les artistes du courant moderniste et, parmi eux, les photographes dont les images racontent l&#8217;entr\u00e9e du pays sur la sc\u00e8ne artistique cosmopolite. Dans le [&hellip;]\" \/>\n<meta property=\"og:url\" content=\"https:\/\/librairie7l.com\/en\/produit\/la-photographie-moderniste-bresilienne-1939-1964-2\/\" \/>\n<meta property=\"og:site_name\" content=\"Librairie 7L\" \/>\n<meta property=\"article:modified_time\" content=\"2026-04-04T02:27:17+00:00\" \/>\n<meta property=\"og:image\" content=\"https:\/\/librairie7l.com\/wp-content\/uploads\/2025\/02\/9782365114387_1_75.jpg\" \/>\n\t<meta property=\"og:image:width\" content=\"600\" \/>\n\t<meta property=\"og:image:height\" content=\"731\" \/>\n\t<meta property=\"og:image:type\" content=\"image\/jpeg\" \/>\n<meta name=\"twitter:card\" content=\"summary_large_image\" \/>\n<meta name=\"twitter:label1\" content=\"Est. reading time\" \/>\n\t<meta name=\"twitter:data1\" content=\"2 minutes\" \/>\n<script type=\"application\/ld+json\" class=\"yoast-schema-graph\">{\"@context\":\"https:\/\/schema.org\",\"@graph\":[{\"@type\":\"WebPage\",\"@id\":\"https:\/\/librairie7l.com\/en\/produit\/la-photographie-moderniste-bresilienne-1939-1964-2\/\",\"url\":\"https:\/\/librairie7l.com\/en\/produit\/la-photographie-moderniste-bresilienne-1939-1964-2\/\",\"name\":\"La photographie moderniste br\u00e9silienne 1939-1964 - Librairie 7L\",\"isPartOf\":{\"@id\":\"https:\/\/librairie7l.com\/en\/#website\"},\"datePublished\":\"2025-07-03T08:16:06+00:00\",\"dateModified\":\"2026-04-04T02:27:17+00:00\",\"breadcrumb\":{\"@id\":\"https:\/\/librairie7l.com\/en\/produit\/la-photographie-moderniste-bresilienne-1939-1964-2\/#breadcrumb\"},\"inLanguage\":\"en-US\",\"potentialAction\":[{\"@type\":\"ReadAction\",\"target\":[\"https:\/\/librairie7l.com\/en\/produit\/la-photographie-moderniste-bresilienne-1939-1964-2\/\"]}]},{\"@type\":\"BreadcrumbList\",\"@id\":\"https:\/\/librairie7l.com\/en\/produit\/la-photographie-moderniste-bresilienne-1939-1964-2\/#breadcrumb\",\"itemListElement\":[{\"@type\":\"ListItem\",\"position\":1,\"name\":\"Accueil\",\"item\":\"https:\/\/librairie7l.com\/en\/\"},{\"@type\":\"ListItem\",\"position\":2,\"name\":\"Shop\",\"item\":\"https:\/\/librairie7l.com\/en\/shop\/\"},{\"@type\":\"ListItem\",\"position\":3,\"name\":\"LA PHOTOGRAPHIE MODERNISTE BR\u00c9SILIENNE 1939-1964\"}]},{\"@type\":\"WebSite\",\"@id\":\"https:\/\/librairie7l.com\/en\/#website\",\"url\":\"https:\/\/librairie7l.com\/en\/\",\"name\":\"Librairie 7L\",\"description\":\"Librairie fond\u00e9e en 1999 par Karl Lagerfeld \u00e0 Paris\",\"publisher\":{\"@id\":\"https:\/\/librairie7l.com\/en\/#organization\"},\"potentialAction\":[{\"@type\":\"SearchAction\",\"target\":{\"@type\":\"EntryPoint\",\"urlTemplate\":\"https:\/\/librairie7l.com\/en\/?s={search_term_string}\"},\"query-input\":\"required name=search_term_string\"}],\"inLanguage\":\"en-US\"},{\"@type\":\"Organization\",\"@id\":\"https:\/\/librairie7l.com\/en\/#organization\",\"name\":\"Librairie 7L\",\"url\":\"https:\/\/librairie7l.com\/en\/\",\"logo\":{\"@type\":\"ImageObject\",\"inLanguage\":\"en-US\",\"@id\":\"https:\/\/librairie7l.com\/en\/#\/schema\/logo\/image\/\",\"url\":\"https:\/\/librairie7l.com\/wp-content\/uploads\/2022\/08\/logo-1.png\",\"contentUrl\":\"https:\/\/librairie7l.com\/wp-content\/uploads\/2022\/08\/logo-1.png\",\"width\":227,\"height\":301,\"caption\":\"Librairie 7L\"},\"image\":{\"@id\":\"https:\/\/librairie7l.com\/en\/#\/schema\/logo\/image\/\"}}]}<\/script>\n<!-- \/ Yoast SEO plugin. -->","yoast_head_json":{"title":"La photographie moderniste br\u00e9silienne 1939-1964 - Librairie 7L","robots":{"index":"index","follow":"follow","max-snippet":"max-snippet:-1","max-image-preview":"max-image-preview:large","max-video-preview":"max-video-preview:-1"},"canonical":"https:\/\/librairie7l.com\/en\/produit\/la-photographie-moderniste-bresilienne-1939-1964-2\/","og_locale":"en_US","og_type":"article","og_title":"La photographie moderniste br\u00e9silienne 1939-1964 - Librairie 7L","og_description":"Dans les ann\u00e9es 1940, le Br\u00e9sil est en pleine transformation : il se modernise, multiplie les \u00e9changes \u00e0 l&#8217;international, attire de nombreux \u00e9migrants europ\u00e9ens et fait r\u00eaver. T\u00e9moins de cette r\u00e9volution, les artistes du courant moderniste et, parmi eux, les photographes dont les images racontent l&#8217;entr\u00e9e du pays sur la sc\u00e8ne artistique cosmopolite. Dans le [&hellip;]","og_url":"https:\/\/librairie7l.com\/en\/produit\/la-photographie-moderniste-bresilienne-1939-1964-2\/","og_site_name":"Librairie 7L","article_modified_time":"2026-04-04T02:27:17+00:00","og_image":[{"width":600,"height":731,"url":"https:\/\/librairie7l.com\/wp-content\/uploads\/2025\/02\/9782365114387_1_75.jpg","type":"image\/jpeg"}],"twitter_card":"summary_large_image","twitter_misc":{"Est. reading time":"2 minutes"},"schema":{"@context":"https:\/\/schema.org","@graph":[{"@type":"WebPage","@id":"https:\/\/librairie7l.com\/en\/produit\/la-photographie-moderniste-bresilienne-1939-1964-2\/","url":"https:\/\/librairie7l.com\/en\/produit\/la-photographie-moderniste-bresilienne-1939-1964-2\/","name":"La photographie moderniste br\u00e9silienne 1939-1964 - Librairie 7L","isPartOf":{"@id":"https:\/\/librairie7l.com\/en\/#website"},"datePublished":"2025-07-03T08:16:06+00:00","dateModified":"2026-04-04T02:27:17+00:00","breadcrumb":{"@id":"https:\/\/librairie7l.com\/en\/produit\/la-photographie-moderniste-bresilienne-1939-1964-2\/#breadcrumb"},"inLanguage":"en-US","potentialAction":[{"@type":"ReadAction","target":["https:\/\/librairie7l.com\/en\/produit\/la-photographie-moderniste-bresilienne-1939-1964-2\/"]}]},{"@type":"BreadcrumbList","@id":"https:\/\/librairie7l.com\/en\/produit\/la-photographie-moderniste-bresilienne-1939-1964-2\/#breadcrumb","itemListElement":[{"@type":"ListItem","position":1,"name":"Accueil","item":"https:\/\/librairie7l.com\/en\/"},{"@type":"ListItem","position":2,"name":"Shop","item":"https:\/\/librairie7l.com\/en\/shop\/"},{"@type":"ListItem","position":3,"name":"LA PHOTOGRAPHIE MODERNISTE BR\u00c9SILIENNE 1939-1964"}]},{"@type":"WebSite","@id":"https:\/\/librairie7l.com\/en\/#website","url":"https:\/\/librairie7l.com\/en\/","name":"Librairie 7L","description":"Librairie fond\u00e9e en 1999 par Karl Lagerfeld \u00e0 Paris","publisher":{"@id":"https:\/\/librairie7l.com\/en\/#organization"},"potentialAction":[{"@type":"SearchAction","target":{"@type":"EntryPoint","urlTemplate":"https:\/\/librairie7l.com\/en\/?s={search_term_string}"},"query-input":"required name=search_term_string"}],"inLanguage":"en-US"},{"@type":"Organization","@id":"https:\/\/librairie7l.com\/en\/#organization","name":"Librairie 7L","url":"https:\/\/librairie7l.com\/en\/","logo":{"@type":"ImageObject","inLanguage":"en-US","@id":"https:\/\/librairie7l.com\/en\/#\/schema\/logo\/image\/","url":"https:\/\/librairie7l.com\/wp-content\/uploads\/2022\/08\/logo-1.png","contentUrl":"https:\/\/librairie7l.com\/wp-content\/uploads\/2022\/08\/logo-1.png","width":227,"height":301,"caption":"Librairie 7L"},"image":{"@id":"https:\/\/librairie7l.com\/en\/#\/schema\/logo\/image\/"}}]}},"_links":{"self":[{"href":"https:\/\/librairie7l.com\/en\/wp-json\/wp\/v2\/product\/49200"}],"collection":[{"href":"https:\/\/librairie7l.com\/en\/wp-json\/wp\/v2\/product"}],"about":[{"href":"https:\/\/librairie7l.com\/en\/wp-json\/wp\/v2\/types\/product"}],"wp:featuredmedia":[{"embeddable":true,"href":"https:\/\/librairie7l.com\/en\/wp-json\/wp\/v2\/media\/49198"}],"wp:attachment":[{"href":"https:\/\/librairie7l.com\/en\/wp-json\/wp\/v2\/media?parent=49200"}],"wp:term":[{"taxonomy":"product_cat","embeddable":true,"href":"https:\/\/librairie7l.com\/en\/wp-json\/wp\/v2\/product_cat?post=49200"},{"taxonomy":"product_tag","embeddable":true,"href":"https:\/\/librairie7l.com\/en\/wp-json\/wp\/v2\/product_tag?post=49200"}],"curies":[{"name":"wp","href":"https:\/\/api.w.org\/{rel}","templated":true}]}}