{"id":49204,"date":"2025-07-03T10:16:09","date_gmt":"2025-07-03T08:16:09","guid":{"rendered":"https:\/\/librairie7l.com\/?post_type=product&#038;p=49204"},"modified":"2026-04-05T15:49:55","modified_gmt":"2026-04-05T13:49:55","slug":"bleu-profond-locean-revele-2","status":"publish","type":"product","link":"https:\/\/librairie7l.com\/en\/produit\/bleu-profond-locean-revele-2\/","title":{"rendered":"BLEU PROFOND : L&#8217;OC\u00c9AN R\u00c9V\u00c9L\u00c9"},"content":{"rendered":"<p>Depuis le XVIIIe si\u00e8cle, les profondeurs marines, jusqu&#8217;alors inaccessibles, ont commenc\u00e9 \u00e0 livrer leurs secrets. Gr\u00e2ce aux progr\u00e8s techniques et \u00e0 la soif de savoir, scientifiques et artistes ont su r\u00e9v\u00e9ler ce monde et transformer notre regard.<\/p>\n<p>Cet ouvrage r\u00e9unit les chefs-d&#8217;oeuvre de chercheurs et d&#8217;artistes qui fix\u00e8rent ces images saisissantes qui font d\u00e9sormais partie de notre imaginaire.<br \/>\nPr\u00e8s de deux cents oeuvres et documents dont de nombreux in\u00e9dits composent un voyage exceptionnel dans les ateliers et les laboratoires des explorateurs de ce nouveau monde.<\/p>\n","protected":false},"excerpt":{"rendered":"<p>Depuis le XVIIIe si\u00e8cle, les profondeurs marines, jusqu&#8217;alors inaccessibles, ont commenc\u00e9 \u00e0 livrer leurs secrets. Gr\u00e2ce aux progr\u00e8s techniques et \u00e0 la soif de savoir, scientifiques et artistes ont su r\u00e9v\u00e9ler ce monde et transformer notre regard. Cet ouvrage r\u00e9unit les chefs-d&#8217;oeuvre de chercheurs et d&#8217;artistes qui fix\u00e8rent ces images saisissantes qui font d\u00e9sormais partie [&hellip;]<\/p>\n","protected":false},"featured_media":49202,"template":"","meta":[],"product_cat":[2948,2950],"product_tag":[],"acf":[],"yoast_head":"<!-- This site is optimized with the Yoast SEO plugin v20.11 - https:\/\/yoast.com\/wordpress\/plugins\/seo\/ -->\n<title>Bleu profond : L&#039;oc\u00e9an r\u00e9v\u00e9l\u00e9 - Librairie 7L<\/title>\n<meta name=\"robots\" content=\"index, follow, max-snippet:-1, max-image-preview:large, max-video-preview:-1\" \/>\n<link rel=\"canonical\" href=\"https:\/\/librairie7l.com\/en\/produit\/bleu-profond-locean-revele-2\/\" \/>\n<meta property=\"og:locale\" content=\"en_US\" \/>\n<meta property=\"og:type\" content=\"article\" \/>\n<meta property=\"og:title\" content=\"Bleu profond : L&#039;oc\u00e9an r\u00e9v\u00e9l\u00e9 - Librairie 7L\" \/>\n<meta property=\"og:description\" content=\"Depuis le XVIIIe si\u00e8cle, les profondeurs marines, jusqu&#8217;alors inaccessibles, ont commenc\u00e9 \u00e0 livrer leurs secrets. Gr\u00e2ce aux progr\u00e8s techniques et \u00e0 la soif de savoir, scientifiques et artistes ont su r\u00e9v\u00e9ler ce monde et transformer notre regard. Cet ouvrage r\u00e9unit les chefs-d&#8217;oeuvre de chercheurs et d&#8217;artistes qui fix\u00e8rent ces images saisissantes qui font d\u00e9sormais partie [&hellip;]\" \/>\n<meta property=\"og:url\" content=\"https:\/\/librairie7l.com\/en\/produit\/bleu-profond-locean-revele-2\/\" \/>\n<meta property=\"og:site_name\" content=\"Librairie 7L\" \/>\n<meta property=\"article:modified_time\" content=\"2026-04-05T13:49:55+00:00\" \/>\n<meta property=\"og:image\" content=\"https:\/\/librairie7l.com\/wp-content\/uploads\/2025\/03\/9782382032213_1_75.jpg\" \/>\n\t<meta property=\"og:image:width\" content=\"600\" \/>\n\t<meta property=\"og:image:height\" content=\"702\" \/>\n\t<meta property=\"og:image:type\" content=\"image\/jpeg\" \/>\n<meta name=\"twitter:card\" content=\"summary_large_image\" \/>\n<script type=\"application\/ld+json\" class=\"yoast-schema-graph\">{\"@context\":\"https:\/\/schema.org\",\"@graph\":[{\"@type\":\"WebPage\",\"@id\":\"https:\/\/librairie7l.com\/en\/produit\/bleu-profond-locean-revele-2\/\",\"url\":\"https:\/\/librairie7l.com\/en\/produit\/bleu-profond-locean-revele-2\/\",\"name\":\"Bleu profond : L'oc\u00e9an r\u00e9v\u00e9l\u00e9 - Librairie 7L\",\"isPartOf\":{\"@id\":\"https:\/\/librairie7l.com\/en\/#website\"},\"datePublished\":\"2025-07-03T08:16:09+00:00\",\"dateModified\":\"2026-04-05T13:49:55+00:00\",\"breadcrumb\":{\"@id\":\"https:\/\/librairie7l.com\/en\/produit\/bleu-profond-locean-revele-2\/#breadcrumb\"},\"inLanguage\":\"en-US\",\"potentialAction\":[{\"@type\":\"ReadAction\",\"target\":[\"https:\/\/librairie7l.com\/en\/produit\/bleu-profond-locean-revele-2\/\"]}]},{\"@type\":\"BreadcrumbList\",\"@id\":\"https:\/\/librairie7l.com\/en\/produit\/bleu-profond-locean-revele-2\/#breadcrumb\",\"itemListElement\":[{\"@type\":\"ListItem\",\"position\":1,\"name\":\"Accueil\",\"item\":\"https:\/\/librairie7l.com\/en\/\"},{\"@type\":\"ListItem\",\"position\":2,\"name\":\"Shop\",\"item\":\"https:\/\/librairie7l.com\/en\/shop\/\"},{\"@type\":\"ListItem\",\"position\":3,\"name\":\"BLEU PROFOND : L&#8217;OC\u00c9AN R\u00c9V\u00c9L\u00c9\"}]},{\"@type\":\"WebSite\",\"@id\":\"https:\/\/librairie7l.com\/en\/#website\",\"url\":\"https:\/\/librairie7l.com\/en\/\",\"name\":\"Librairie 7L\",\"description\":\"Librairie fond\u00e9e en 1999 par Karl Lagerfeld \u00e0 Paris\",\"publisher\":{\"@id\":\"https:\/\/librairie7l.com\/en\/#organization\"},\"potentialAction\":[{\"@type\":\"SearchAction\",\"target\":{\"@type\":\"EntryPoint\",\"urlTemplate\":\"https:\/\/librairie7l.com\/en\/?s={search_term_string}\"},\"query-input\":\"required name=search_term_string\"}],\"inLanguage\":\"en-US\"},{\"@type\":\"Organization\",\"@id\":\"https:\/\/librairie7l.com\/en\/#organization\",\"name\":\"Librairie 7L\",\"url\":\"https:\/\/librairie7l.com\/en\/\",\"logo\":{\"@type\":\"ImageObject\",\"inLanguage\":\"en-US\",\"@id\":\"https:\/\/librairie7l.com\/en\/#\/schema\/logo\/image\/\",\"url\":\"https:\/\/librairie7l.com\/wp-content\/uploads\/2022\/08\/logo-1.png\",\"contentUrl\":\"https:\/\/librairie7l.com\/wp-content\/uploads\/2022\/08\/logo-1.png\",\"width\":227,\"height\":301,\"caption\":\"Librairie 7L\"},\"image\":{\"@id\":\"https:\/\/librairie7l.com\/en\/#\/schema\/logo\/image\/\"}}]}<\/script>\n<!-- \/ Yoast SEO plugin. -->","yoast_head_json":{"title":"Bleu profond : L'oc\u00e9an r\u00e9v\u00e9l\u00e9 - Librairie 7L","robots":{"index":"index","follow":"follow","max-snippet":"max-snippet:-1","max-image-preview":"max-image-preview:large","max-video-preview":"max-video-preview:-1"},"canonical":"https:\/\/librairie7l.com\/en\/produit\/bleu-profond-locean-revele-2\/","og_locale":"en_US","og_type":"article","og_title":"Bleu profond : L'oc\u00e9an r\u00e9v\u00e9l\u00e9 - Librairie 7L","og_description":"Depuis le XVIIIe si\u00e8cle, les profondeurs marines, jusqu&#8217;alors inaccessibles, ont commenc\u00e9 \u00e0 livrer leurs secrets. Gr\u00e2ce aux progr\u00e8s techniques et \u00e0 la soif de savoir, scientifiques et artistes ont su r\u00e9v\u00e9ler ce monde et transformer notre regard. Cet ouvrage r\u00e9unit les chefs-d&#8217;oeuvre de chercheurs et d&#8217;artistes qui fix\u00e8rent ces images saisissantes qui font d\u00e9sormais partie [&hellip;]","og_url":"https:\/\/librairie7l.com\/en\/produit\/bleu-profond-locean-revele-2\/","og_site_name":"Librairie 7L","article_modified_time":"2026-04-05T13:49:55+00:00","og_image":[{"width":600,"height":702,"url":"https:\/\/librairie7l.com\/wp-content\/uploads\/2025\/03\/9782382032213_1_75.jpg","type":"image\/jpeg"}],"twitter_card":"summary_large_image","schema":{"@context":"https:\/\/schema.org","@graph":[{"@type":"WebPage","@id":"https:\/\/librairie7l.com\/en\/produit\/bleu-profond-locean-revele-2\/","url":"https:\/\/librairie7l.com\/en\/produit\/bleu-profond-locean-revele-2\/","name":"Bleu profond : L'oc\u00e9an r\u00e9v\u00e9l\u00e9 - Librairie 7L","isPartOf":{"@id":"https:\/\/librairie7l.com\/en\/#website"},"datePublished":"2025-07-03T08:16:09+00:00","dateModified":"2026-04-05T13:49:55+00:00","breadcrumb":{"@id":"https:\/\/librairie7l.com\/en\/produit\/bleu-profond-locean-revele-2\/#breadcrumb"},"inLanguage":"en-US","potentialAction":[{"@type":"ReadAction","target":["https:\/\/librairie7l.com\/en\/produit\/bleu-profond-locean-revele-2\/"]}]},{"@type":"BreadcrumbList","@id":"https:\/\/librairie7l.com\/en\/produit\/bleu-profond-locean-revele-2\/#breadcrumb","itemListElement":[{"@type":"ListItem","position":1,"name":"Accueil","item":"https:\/\/librairie7l.com\/en\/"},{"@type":"ListItem","position":2,"name":"Shop","item":"https:\/\/librairie7l.com\/en\/shop\/"},{"@type":"ListItem","position":3,"name":"BLEU PROFOND : L&#8217;OC\u00c9AN R\u00c9V\u00c9L\u00c9"}]},{"@type":"WebSite","@id":"https:\/\/librairie7l.com\/en\/#website","url":"https:\/\/librairie7l.com\/en\/","name":"Librairie 7L","description":"Librairie fond\u00e9e en 1999 par Karl Lagerfeld \u00e0 Paris","publisher":{"@id":"https:\/\/librairie7l.com\/en\/#organization"},"potentialAction":[{"@type":"SearchAction","target":{"@type":"EntryPoint","urlTemplate":"https:\/\/librairie7l.com\/en\/?s={search_term_string}"},"query-input":"required name=search_term_string"}],"inLanguage":"en-US"},{"@type":"Organization","@id":"https:\/\/librairie7l.com\/en\/#organization","name":"Librairie 7L","url":"https:\/\/librairie7l.com\/en\/","logo":{"@type":"ImageObject","inLanguage":"en-US","@id":"https:\/\/librairie7l.com\/en\/#\/schema\/logo\/image\/","url":"https:\/\/librairie7l.com\/wp-content\/uploads\/2022\/08\/logo-1.png","contentUrl":"https:\/\/librairie7l.com\/wp-content\/uploads\/2022\/08\/logo-1.png","width":227,"height":301,"caption":"Librairie 7L"},"image":{"@id":"https:\/\/librairie7l.com\/en\/#\/schema\/logo\/image\/"}}]}},"_links":{"self":[{"href":"https:\/\/librairie7l.com\/en\/wp-json\/wp\/v2\/product\/49204"}],"collection":[{"href":"https:\/\/librairie7l.com\/en\/wp-json\/wp\/v2\/product"}],"about":[{"href":"https:\/\/librairie7l.com\/en\/wp-json\/wp\/v2\/types\/product"}],"wp:featuredmedia":[{"embeddable":true,"href":"https:\/\/librairie7l.com\/en\/wp-json\/wp\/v2\/media\/49202"}],"wp:attachment":[{"href":"https:\/\/librairie7l.com\/en\/wp-json\/wp\/v2\/media?parent=49204"}],"wp:term":[{"taxonomy":"product_cat","embeddable":true,"href":"https:\/\/librairie7l.com\/en\/wp-json\/wp\/v2\/product_cat?post=49204"},{"taxonomy":"product_tag","embeddable":true,"href":"https:\/\/librairie7l.com\/en\/wp-json\/wp\/v2\/product_tag?post=49204"}],"curies":[{"name":"wp","href":"https:\/\/api.w.org\/{rel}","templated":true}]}}