{"id":49212,"date":"2025-07-03T14:09:32","date_gmt":"2025-07-03T12:09:32","guid":{"rendered":"https:\/\/librairie7l.com\/?post_type=product&#038;p=49212"},"modified":"2026-04-07T03:59:05","modified_gmt":"2026-04-07T01:59:05","slug":"louis-valtat-a-laube-du-fauvisme-2","status":"publish","type":"product","link":"https:\/\/librairie7l.com\/en\/produit\/louis-valtat-a-laube-du-fauvisme-2\/","title":{"rendered":"LOUIS VALTAT \u00c0 L&#8217;AUBE DU FAUVISME"},"content":{"rendered":"<p>Louis Valtat (1869-1952) est-il un Fauve ? Ce catalogue fait le point des connaissances scientifiques sur le peintre Louis Valtat et son inscription dans la vie artistique de son temps. Louis Valtat est un artiste f\u00e9cond proche des mouvements et figures des avant-gardes de son \u00e9poque, dont le fauvisme. Attach\u00e9 \u00e0 son ind\u00e9pendance et peu enclin \u00e0 th\u00e9oriser son art, le peintre fr\u00e9quente ces avant-gardes mais affirme un langage tr\u00e8s personnel, celui d&#8217;un grand peintre d\u00e9corateur qui utilise tons purs et couleurs \u00e9clatantes dans des paysages luxuriants ou des sc\u00e8nes de genre intimes.<br \/>\nLe catalogue reproduit quelque 200 oeuvres de Valtat (peintures, gravures, dessins) et de ses contemporains. C&#8217;est la seule monographie de cette ampleur sur le peintre dans l&#8217;\u00e9dition fran\u00e7aise \u00e0 l&#8217;heure actuelle. L&#8217;amateur d&#8217;art dispose enfin d&#8217;une juste image de l&#8217;oeuvre de Valtat, et notamment de son oeuvre grav\u00e9.<\/p>\n","protected":false},"excerpt":{"rendered":"<p>Louis Valtat (1869-1952) est-il un Fauve ? Ce catalogue fait le point des connaissances scientifiques sur le peintre Louis Valtat et son inscription dans la vie artistique de son temps. Louis Valtat est un artiste f\u00e9cond proche des mouvements et figures des avant-gardes de son \u00e9poque, dont le fauvisme. Attach\u00e9 \u00e0 son ind\u00e9pendance et peu [&hellip;]<\/p>\n","protected":false},"featured_media":49210,"template":"","meta":[],"product_cat":[7364,2948],"product_tag":[],"acf":[],"yoast_head":"<!-- This site is optimized with the Yoast SEO plugin v20.11 - https:\/\/yoast.com\/wordpress\/plugins\/seo\/ -->\n<title>Louis Valtat \u00e0 l&#039;aube du fauvisme - Librairie 7L<\/title>\n<meta name=\"robots\" content=\"index, follow, max-snippet:-1, max-image-preview:large, max-video-preview:-1\" \/>\n<link rel=\"canonical\" href=\"https:\/\/librairie7l.com\/en\/produit\/louis-valtat-a-laube-du-fauvisme-2\/\" \/>\n<meta property=\"og:locale\" content=\"en_US\" \/>\n<meta property=\"og:type\" content=\"article\" \/>\n<meta property=\"og:title\" content=\"Louis Valtat \u00e0 l&#039;aube du fauvisme - Librairie 7L\" \/>\n<meta property=\"og:description\" content=\"Louis Valtat (1869-1952) est-il un Fauve ? Ce catalogue fait le point des connaissances scientifiques sur le peintre Louis Valtat et son inscription dans la vie artistique de son temps. Louis Valtat est un artiste f\u00e9cond proche des mouvements et figures des avant-gardes de son \u00e9poque, dont le fauvisme. Attach\u00e9 \u00e0 son ind\u00e9pendance et peu [&hellip;]\" \/>\n<meta property=\"og:url\" content=\"https:\/\/librairie7l.com\/en\/produit\/louis-valtat-a-laube-du-fauvisme-2\/\" \/>\n<meta property=\"og:site_name\" content=\"Librairie 7L\" \/>\n<meta property=\"article:modified_time\" content=\"2026-04-07T01:59:05+00:00\" \/>\n<meta property=\"og:image\" content=\"https:\/\/librairie7l.com\/wp-content\/uploads\/2011\/06\/9782953760217_1_75.jpg\" \/>\n\t<meta property=\"og:image:width\" content=\"500\" \/>\n\t<meta property=\"og:image:height\" content=\"608\" \/>\n\t<meta property=\"og:image:type\" content=\"image\/jpeg\" \/>\n<meta name=\"twitter:card\" content=\"summary_large_image\" \/>\n<meta name=\"twitter:label1\" content=\"Est. reading time\" \/>\n\t<meta name=\"twitter:data1\" content=\"1 minute\" \/>\n<script type=\"application\/ld+json\" class=\"yoast-schema-graph\">{\"@context\":\"https:\/\/schema.org\",\"@graph\":[{\"@type\":\"WebPage\",\"@id\":\"https:\/\/librairie7l.com\/en\/produit\/louis-valtat-a-laube-du-fauvisme-2\/\",\"url\":\"https:\/\/librairie7l.com\/en\/produit\/louis-valtat-a-laube-du-fauvisme-2\/\",\"name\":\"Louis Valtat \u00e0 l'aube du fauvisme - Librairie 7L\",\"isPartOf\":{\"@id\":\"https:\/\/librairie7l.com\/en\/#website\"},\"datePublished\":\"2025-07-03T12:09:32+00:00\",\"dateModified\":\"2026-04-07T01:59:05+00:00\",\"breadcrumb\":{\"@id\":\"https:\/\/librairie7l.com\/en\/produit\/louis-valtat-a-laube-du-fauvisme-2\/#breadcrumb\"},\"inLanguage\":\"en-US\",\"potentialAction\":[{\"@type\":\"ReadAction\",\"target\":[\"https:\/\/librairie7l.com\/en\/produit\/louis-valtat-a-laube-du-fauvisme-2\/\"]}]},{\"@type\":\"BreadcrumbList\",\"@id\":\"https:\/\/librairie7l.com\/en\/produit\/louis-valtat-a-laube-du-fauvisme-2\/#breadcrumb\",\"itemListElement\":[{\"@type\":\"ListItem\",\"position\":1,\"name\":\"Accueil\",\"item\":\"https:\/\/librairie7l.com\/en\/\"},{\"@type\":\"ListItem\",\"position\":2,\"name\":\"Shop\",\"item\":\"https:\/\/librairie7l.com\/en\/shop\/\"},{\"@type\":\"ListItem\",\"position\":3,\"name\":\"LOUIS VALTAT \u00c0 L&#8217;AUBE DU FAUVISME\"}]},{\"@type\":\"WebSite\",\"@id\":\"https:\/\/librairie7l.com\/en\/#website\",\"url\":\"https:\/\/librairie7l.com\/en\/\",\"name\":\"Librairie 7L\",\"description\":\"Librairie fond\u00e9e en 1999 par Karl Lagerfeld \u00e0 Paris\",\"publisher\":{\"@id\":\"https:\/\/librairie7l.com\/en\/#organization\"},\"potentialAction\":[{\"@type\":\"SearchAction\",\"target\":{\"@type\":\"EntryPoint\",\"urlTemplate\":\"https:\/\/librairie7l.com\/en\/?s={search_term_string}\"},\"query-input\":\"required name=search_term_string\"}],\"inLanguage\":\"en-US\"},{\"@type\":\"Organization\",\"@id\":\"https:\/\/librairie7l.com\/en\/#organization\",\"name\":\"Librairie 7L\",\"url\":\"https:\/\/librairie7l.com\/en\/\",\"logo\":{\"@type\":\"ImageObject\",\"inLanguage\":\"en-US\",\"@id\":\"https:\/\/librairie7l.com\/en\/#\/schema\/logo\/image\/\",\"url\":\"https:\/\/librairie7l.com\/wp-content\/uploads\/2022\/08\/logo-1.png\",\"contentUrl\":\"https:\/\/librairie7l.com\/wp-content\/uploads\/2022\/08\/logo-1.png\",\"width\":227,\"height\":301,\"caption\":\"Librairie 7L\"},\"image\":{\"@id\":\"https:\/\/librairie7l.com\/en\/#\/schema\/logo\/image\/\"}}]}<\/script>\n<!-- \/ Yoast SEO plugin. -->","yoast_head_json":{"title":"Louis Valtat \u00e0 l'aube du fauvisme - Librairie 7L","robots":{"index":"index","follow":"follow","max-snippet":"max-snippet:-1","max-image-preview":"max-image-preview:large","max-video-preview":"max-video-preview:-1"},"canonical":"https:\/\/librairie7l.com\/en\/produit\/louis-valtat-a-laube-du-fauvisme-2\/","og_locale":"en_US","og_type":"article","og_title":"Louis Valtat \u00e0 l'aube du fauvisme - Librairie 7L","og_description":"Louis Valtat (1869-1952) est-il un Fauve ? Ce catalogue fait le point des connaissances scientifiques sur le peintre Louis Valtat et son inscription dans la vie artistique de son temps. Louis Valtat est un artiste f\u00e9cond proche des mouvements et figures des avant-gardes de son \u00e9poque, dont le fauvisme. Attach\u00e9 \u00e0 son ind\u00e9pendance et peu [&hellip;]","og_url":"https:\/\/librairie7l.com\/en\/produit\/louis-valtat-a-laube-du-fauvisme-2\/","og_site_name":"Librairie 7L","article_modified_time":"2026-04-07T01:59:05+00:00","og_image":[{"width":500,"height":608,"url":"https:\/\/librairie7l.com\/wp-content\/uploads\/2011\/06\/9782953760217_1_75.jpg","type":"image\/jpeg"}],"twitter_card":"summary_large_image","twitter_misc":{"Est. reading time":"1 minute"},"schema":{"@context":"https:\/\/schema.org","@graph":[{"@type":"WebPage","@id":"https:\/\/librairie7l.com\/en\/produit\/louis-valtat-a-laube-du-fauvisme-2\/","url":"https:\/\/librairie7l.com\/en\/produit\/louis-valtat-a-laube-du-fauvisme-2\/","name":"Louis Valtat \u00e0 l'aube du fauvisme - Librairie 7L","isPartOf":{"@id":"https:\/\/librairie7l.com\/en\/#website"},"datePublished":"2025-07-03T12:09:32+00:00","dateModified":"2026-04-07T01:59:05+00:00","breadcrumb":{"@id":"https:\/\/librairie7l.com\/en\/produit\/louis-valtat-a-laube-du-fauvisme-2\/#breadcrumb"},"inLanguage":"en-US","potentialAction":[{"@type":"ReadAction","target":["https:\/\/librairie7l.com\/en\/produit\/louis-valtat-a-laube-du-fauvisme-2\/"]}]},{"@type":"BreadcrumbList","@id":"https:\/\/librairie7l.com\/en\/produit\/louis-valtat-a-laube-du-fauvisme-2\/#breadcrumb","itemListElement":[{"@type":"ListItem","position":1,"name":"Accueil","item":"https:\/\/librairie7l.com\/en\/"},{"@type":"ListItem","position":2,"name":"Shop","item":"https:\/\/librairie7l.com\/en\/shop\/"},{"@type":"ListItem","position":3,"name":"LOUIS VALTAT \u00c0 L&#8217;AUBE DU FAUVISME"}]},{"@type":"WebSite","@id":"https:\/\/librairie7l.com\/en\/#website","url":"https:\/\/librairie7l.com\/en\/","name":"Librairie 7L","description":"Librairie fond\u00e9e en 1999 par Karl Lagerfeld \u00e0 Paris","publisher":{"@id":"https:\/\/librairie7l.com\/en\/#organization"},"potentialAction":[{"@type":"SearchAction","target":{"@type":"EntryPoint","urlTemplate":"https:\/\/librairie7l.com\/en\/?s={search_term_string}"},"query-input":"required name=search_term_string"}],"inLanguage":"en-US"},{"@type":"Organization","@id":"https:\/\/librairie7l.com\/en\/#organization","name":"Librairie 7L","url":"https:\/\/librairie7l.com\/en\/","logo":{"@type":"ImageObject","inLanguage":"en-US","@id":"https:\/\/librairie7l.com\/en\/#\/schema\/logo\/image\/","url":"https:\/\/librairie7l.com\/wp-content\/uploads\/2022\/08\/logo-1.png","contentUrl":"https:\/\/librairie7l.com\/wp-content\/uploads\/2022\/08\/logo-1.png","width":227,"height":301,"caption":"Librairie 7L"},"image":{"@id":"https:\/\/librairie7l.com\/en\/#\/schema\/logo\/image\/"}}]}},"_links":{"self":[{"href":"https:\/\/librairie7l.com\/en\/wp-json\/wp\/v2\/product\/49212"}],"collection":[{"href":"https:\/\/librairie7l.com\/en\/wp-json\/wp\/v2\/product"}],"about":[{"href":"https:\/\/librairie7l.com\/en\/wp-json\/wp\/v2\/types\/product"}],"wp:featuredmedia":[{"embeddable":true,"href":"https:\/\/librairie7l.com\/en\/wp-json\/wp\/v2\/media\/49210"}],"wp:attachment":[{"href":"https:\/\/librairie7l.com\/en\/wp-json\/wp\/v2\/media?parent=49212"}],"wp:term":[{"taxonomy":"product_cat","embeddable":true,"href":"https:\/\/librairie7l.com\/en\/wp-json\/wp\/v2\/product_cat?post=49212"},{"taxonomy":"product_tag","embeddable":true,"href":"https:\/\/librairie7l.com\/en\/wp-json\/wp\/v2\/product_tag?post=49212"}],"curies":[{"name":"wp","href":"https:\/\/api.w.org\/{rel}","templated":true}]}}