{"id":49216,"date":"2025-07-03T14:12:08","date_gmt":"2025-07-03T12:12:08","guid":{"rendered":"https:\/\/librairie7l.com\/?post_type=product&#038;p=49216"},"modified":"2026-04-07T03:57:41","modified_gmt":"2026-04-07T01:57:41","slug":"matisse-lart-plus-grand-2","status":"publish","type":"product","link":"https:\/\/librairie7l.com\/en\/produit\/matisse-lart-plus-grand-2\/","title":{"rendered":"MATISSE : L&#8217;ART PLUS GRAND"},"content":{"rendered":"<p>\u00ab  L&#8217;artiste doit voir toutes choses comme s&#8217;il les voyait pour la premi\u00e8re fois. Toute sa vie il doit voir comme il l&#8217;a fait quand il \u00e9tait enfant.  \u00bb Durant sa carri\u00e8re de peintre, qui a dur\u00e9 pr\u00e8s de soixante ans, Henri Matisse (1869-1954) est rest\u00e9 fid\u00e8le \u00e0 ce principe  : conserver la fra\u00eecheur du regard, observer chaque chose comme une d\u00e9couverte, laissant ainsi toute sa place \u00e0 l&#8217;\u00e9motion. Toutefois, ajoutait l&#8217;artiste, \u00ab  regarder quelque chose comme si nous ne l&#8217;avions jamais vu auparavant demande beaucoup de courage  \u00bb  : car si l&#8217;instinct lui para\u00eet indispensable, il ne peut s&#8217;exprimer qu&#8217;\u00e0 travers un travail permanent, une r\u00e9flexion constante. C&#8217;est donc en conjuguant spontan\u00e9it\u00e9 et m\u00e9thode que Matisse a conduit toute sa cr\u00e9ation, autour de ce qui a \u00e9t\u00e9 sa pr\u00e9occupation essentielle  : la couleur.  Destin\u00e9e \u00e0 bouleverser le regard moderne, son oeuvre s&#8217;est exprim\u00e9e au travers d&#8217;une vari\u00e9t\u00e9 de techniques qu&#8217;il a toujours cherch\u00e9 \u00e0 approfondir, \u00e0 renouveler  : peinture, dessin, sculpture, livres illustr\u00e9s, et jusqu&#8217;\u00e0 cette invention singuli\u00e8re, les gouaches d\u00e9coup\u00e9es r\u00e9alis\u00e9es \u00e0 la fin de sa vie.<br \/>\nCe livre rend compte de cette incroyable invention plastique, \u00e0 travers une cinquantaine d&#8217;oeuvres embl\u00e9matiques,  et  retrace ainsi dans leur chronologie les incessantes recherches du peintre en ce domaine, depuis la fameuse p\u00e9riode \u00ab  fauve  \u00bb, magnifique explosion de couleurs pures entam\u00e9e \u00e0 Collioure, en passant par les somptueuses toiles r\u00e9alis\u00e9es sous le soleil du Midi, jusqu&#8217;aux ultimes \u00ab  papiers d\u00e9coup\u00e9s  \u00bb qui ont permis au vieil homme de dessiner directement au ciseau dans la couleur. Si certaines influences ont \u00e9t\u00e9 d\u00e9terminantes, celle de C\u00e9zanne pour commencer, mais aussi plus tard celles de l&#8217;Orient, dont il a sublim\u00e9 les arabesques chatoyantes dans ses Odalisques, ce sont ces nombreux voyages qui ont au fil du temps tiss\u00e9 un v\u00e9ritable m\u00e9tissage de sources d&#8217;inspiration. \u00ab  Vous allez simplifier la peinture  \u00bb, lui avait pr\u00e9dit son ma\u00eetre Gustave Moreau  : l&#8217;oeuvre de Matisse montre \u00e0 l&#8217;\u00e9vidence comment son g\u00e9nie s&#8217;est exprim\u00e9 avec une immense libert\u00e9, \u00e9chappant \u00e0 tout carcan pour exprimer une profonde joie de vivre.<\/p>\n<p>La collection  L&#8217;ART+GRAND, pr\u00e9sent\u00e9e dans une reliure luxueuse, propose, \u00e0 travers un texte didactique, de d\u00e9couvrir les plus grands artistes de l&#8217;histoire de l&#8217;art. Outre une soixantaine de toiles parmi les plus c\u00e9l\u00e8bres, l&#8217;ouvrage reproduit six tableaux exceptionnels sous forme de D\u00c9PLIANTS grand format qui permettent d&#8217;observer ces chefs-d&#8217;oeuvre dans les moindres  d\u00e9tails.  L&#8217;ART+GRAND  offre ainsi une immersion  in\u00e9dite dans la mati\u00e8re et la touche picturale.<\/p>\n","protected":false},"excerpt":{"rendered":"<p>\u00ab L&#8217;artiste doit voir toutes choses comme s&#8217;il les voyait pour la premi\u00e8re fois. Toute sa vie il doit voir comme il l&#8217;a fait quand il \u00e9tait enfant. \u00bb Durant sa carri\u00e8re de peintre, qui a dur\u00e9 pr\u00e8s de soixante ans, Henri Matisse (1869-1954) est rest\u00e9 fid\u00e8le \u00e0 ce principe : conserver la fra\u00eecheur du [&hellip;]<\/p>\n","protected":false},"featured_media":49214,"template":"","meta":[],"product_cat":[7364,2948],"product_tag":[],"acf":[],"yoast_head":"<!-- This site is optimized with the Yoast SEO plugin v20.11 - https:\/\/yoast.com\/wordpress\/plugins\/seo\/ -->\n<title>Matisse : L&#039;art plus grand - Librairie 7L<\/title>\n<meta name=\"robots\" content=\"index, follow, max-snippet:-1, max-image-preview:large, max-video-preview:-1\" \/>\n<link rel=\"canonical\" href=\"https:\/\/librairie7l.com\/en\/produit\/matisse-lart-plus-grand-2\/\" \/>\n<meta property=\"og:locale\" content=\"en_US\" \/>\n<meta property=\"og:type\" content=\"article\" \/>\n<meta property=\"og:title\" content=\"Matisse : L&#039;art plus grand - Librairie 7L\" \/>\n<meta property=\"og:description\" content=\"\u00ab L&#8217;artiste doit voir toutes choses comme s&#8217;il les voyait pour la premi\u00e8re fois. Toute sa vie il doit voir comme il l&#8217;a fait quand il \u00e9tait enfant. \u00bb Durant sa carri\u00e8re de peintre, qui a dur\u00e9 pr\u00e8s de soixante ans, Henri Matisse (1869-1954) est rest\u00e9 fid\u00e8le \u00e0 ce principe : conserver la fra\u00eecheur du [&hellip;]\" \/>\n<meta property=\"og:url\" content=\"https:\/\/librairie7l.com\/en\/produit\/matisse-lart-plus-grand-2\/\" \/>\n<meta property=\"og:site_name\" content=\"Librairie 7L\" \/>\n<meta property=\"article:modified_time\" content=\"2026-04-07T01:57:41+00:00\" \/>\n<meta property=\"og:image\" content=\"https:\/\/librairie7l.com\/wp-content\/uploads\/2024\/11\/9782754116800_1_75.jpg\" \/>\n\t<meta property=\"og:image:width\" content=\"888\" \/>\n\t<meta property=\"og:image:height\" content=\"600\" \/>\n\t<meta property=\"og:image:type\" content=\"image\/jpeg\" \/>\n<meta name=\"twitter:card\" content=\"summary_large_image\" \/>\n<meta name=\"twitter:label1\" content=\"Est. reading time\" \/>\n\t<meta name=\"twitter:data1\" content=\"2 minutes\" \/>\n<script type=\"application\/ld+json\" class=\"yoast-schema-graph\">{\"@context\":\"https:\/\/schema.org\",\"@graph\":[{\"@type\":\"WebPage\",\"@id\":\"https:\/\/librairie7l.com\/en\/produit\/matisse-lart-plus-grand-2\/\",\"url\":\"https:\/\/librairie7l.com\/en\/produit\/matisse-lart-plus-grand-2\/\",\"name\":\"Matisse : L'art plus grand - Librairie 7L\",\"isPartOf\":{\"@id\":\"https:\/\/librairie7l.com\/en\/#website\"},\"datePublished\":\"2025-07-03T12:12:08+00:00\",\"dateModified\":\"2026-04-07T01:57:41+00:00\",\"breadcrumb\":{\"@id\":\"https:\/\/librairie7l.com\/en\/produit\/matisse-lart-plus-grand-2\/#breadcrumb\"},\"inLanguage\":\"en-US\",\"potentialAction\":[{\"@type\":\"ReadAction\",\"target\":[\"https:\/\/librairie7l.com\/en\/produit\/matisse-lart-plus-grand-2\/\"]}]},{\"@type\":\"BreadcrumbList\",\"@id\":\"https:\/\/librairie7l.com\/en\/produit\/matisse-lart-plus-grand-2\/#breadcrumb\",\"itemListElement\":[{\"@type\":\"ListItem\",\"position\":1,\"name\":\"Accueil\",\"item\":\"https:\/\/librairie7l.com\/en\/\"},{\"@type\":\"ListItem\",\"position\":2,\"name\":\"Shop\",\"item\":\"https:\/\/librairie7l.com\/en\/shop\/\"},{\"@type\":\"ListItem\",\"position\":3,\"name\":\"MATISSE : L&#8217;ART PLUS GRAND\"}]},{\"@type\":\"WebSite\",\"@id\":\"https:\/\/librairie7l.com\/en\/#website\",\"url\":\"https:\/\/librairie7l.com\/en\/\",\"name\":\"Librairie 7L\",\"description\":\"Librairie fond\u00e9e en 1999 par Karl Lagerfeld \u00e0 Paris\",\"publisher\":{\"@id\":\"https:\/\/librairie7l.com\/en\/#organization\"},\"potentialAction\":[{\"@type\":\"SearchAction\",\"target\":{\"@type\":\"EntryPoint\",\"urlTemplate\":\"https:\/\/librairie7l.com\/en\/?s={search_term_string}\"},\"query-input\":\"required name=search_term_string\"}],\"inLanguage\":\"en-US\"},{\"@type\":\"Organization\",\"@id\":\"https:\/\/librairie7l.com\/en\/#organization\",\"name\":\"Librairie 7L\",\"url\":\"https:\/\/librairie7l.com\/en\/\",\"logo\":{\"@type\":\"ImageObject\",\"inLanguage\":\"en-US\",\"@id\":\"https:\/\/librairie7l.com\/en\/#\/schema\/logo\/image\/\",\"url\":\"https:\/\/librairie7l.com\/wp-content\/uploads\/2022\/08\/logo-1.png\",\"contentUrl\":\"https:\/\/librairie7l.com\/wp-content\/uploads\/2022\/08\/logo-1.png\",\"width\":227,\"height\":301,\"caption\":\"Librairie 7L\"},\"image\":{\"@id\":\"https:\/\/librairie7l.com\/en\/#\/schema\/logo\/image\/\"}}]}<\/script>\n<!-- \/ Yoast SEO plugin. -->","yoast_head_json":{"title":"Matisse : L'art plus grand - Librairie 7L","robots":{"index":"index","follow":"follow","max-snippet":"max-snippet:-1","max-image-preview":"max-image-preview:large","max-video-preview":"max-video-preview:-1"},"canonical":"https:\/\/librairie7l.com\/en\/produit\/matisse-lart-plus-grand-2\/","og_locale":"en_US","og_type":"article","og_title":"Matisse : L'art plus grand - Librairie 7L","og_description":"\u00ab L&#8217;artiste doit voir toutes choses comme s&#8217;il les voyait pour la premi\u00e8re fois. Toute sa vie il doit voir comme il l&#8217;a fait quand il \u00e9tait enfant. \u00bb Durant sa carri\u00e8re de peintre, qui a dur\u00e9 pr\u00e8s de soixante ans, Henri Matisse (1869-1954) est rest\u00e9 fid\u00e8le \u00e0 ce principe : conserver la fra\u00eecheur du [&hellip;]","og_url":"https:\/\/librairie7l.com\/en\/produit\/matisse-lart-plus-grand-2\/","og_site_name":"Librairie 7L","article_modified_time":"2026-04-07T01:57:41+00:00","og_image":[{"width":888,"height":600,"url":"https:\/\/librairie7l.com\/wp-content\/uploads\/2024\/11\/9782754116800_1_75.jpg","type":"image\/jpeg"}],"twitter_card":"summary_large_image","twitter_misc":{"Est. reading time":"2 minutes"},"schema":{"@context":"https:\/\/schema.org","@graph":[{"@type":"WebPage","@id":"https:\/\/librairie7l.com\/en\/produit\/matisse-lart-plus-grand-2\/","url":"https:\/\/librairie7l.com\/en\/produit\/matisse-lart-plus-grand-2\/","name":"Matisse : L'art plus grand - Librairie 7L","isPartOf":{"@id":"https:\/\/librairie7l.com\/en\/#website"},"datePublished":"2025-07-03T12:12:08+00:00","dateModified":"2026-04-07T01:57:41+00:00","breadcrumb":{"@id":"https:\/\/librairie7l.com\/en\/produit\/matisse-lart-plus-grand-2\/#breadcrumb"},"inLanguage":"en-US","potentialAction":[{"@type":"ReadAction","target":["https:\/\/librairie7l.com\/en\/produit\/matisse-lart-plus-grand-2\/"]}]},{"@type":"BreadcrumbList","@id":"https:\/\/librairie7l.com\/en\/produit\/matisse-lart-plus-grand-2\/#breadcrumb","itemListElement":[{"@type":"ListItem","position":1,"name":"Accueil","item":"https:\/\/librairie7l.com\/en\/"},{"@type":"ListItem","position":2,"name":"Shop","item":"https:\/\/librairie7l.com\/en\/shop\/"},{"@type":"ListItem","position":3,"name":"MATISSE : L&#8217;ART PLUS GRAND"}]},{"@type":"WebSite","@id":"https:\/\/librairie7l.com\/en\/#website","url":"https:\/\/librairie7l.com\/en\/","name":"Librairie 7L","description":"Librairie fond\u00e9e en 1999 par Karl Lagerfeld \u00e0 Paris","publisher":{"@id":"https:\/\/librairie7l.com\/en\/#organization"},"potentialAction":[{"@type":"SearchAction","target":{"@type":"EntryPoint","urlTemplate":"https:\/\/librairie7l.com\/en\/?s={search_term_string}"},"query-input":"required name=search_term_string"}],"inLanguage":"en-US"},{"@type":"Organization","@id":"https:\/\/librairie7l.com\/en\/#organization","name":"Librairie 7L","url":"https:\/\/librairie7l.com\/en\/","logo":{"@type":"ImageObject","inLanguage":"en-US","@id":"https:\/\/librairie7l.com\/en\/#\/schema\/logo\/image\/","url":"https:\/\/librairie7l.com\/wp-content\/uploads\/2022\/08\/logo-1.png","contentUrl":"https:\/\/librairie7l.com\/wp-content\/uploads\/2022\/08\/logo-1.png","width":227,"height":301,"caption":"Librairie 7L"},"image":{"@id":"https:\/\/librairie7l.com\/en\/#\/schema\/logo\/image\/"}}]}},"_links":{"self":[{"href":"https:\/\/librairie7l.com\/en\/wp-json\/wp\/v2\/product\/49216"}],"collection":[{"href":"https:\/\/librairie7l.com\/en\/wp-json\/wp\/v2\/product"}],"about":[{"href":"https:\/\/librairie7l.com\/en\/wp-json\/wp\/v2\/types\/product"}],"wp:featuredmedia":[{"embeddable":true,"href":"https:\/\/librairie7l.com\/en\/wp-json\/wp\/v2\/media\/49214"}],"wp:attachment":[{"href":"https:\/\/librairie7l.com\/en\/wp-json\/wp\/v2\/media?parent=49216"}],"wp:term":[{"taxonomy":"product_cat","embeddable":true,"href":"https:\/\/librairie7l.com\/en\/wp-json\/wp\/v2\/product_cat?post=49216"},{"taxonomy":"product_tag","embeddable":true,"href":"https:\/\/librairie7l.com\/en\/wp-json\/wp\/v2\/product_tag?post=49216"}],"curies":[{"name":"wp","href":"https:\/\/api.w.org\/{rel}","templated":true}]}}