{"id":49220,"date":"2025-07-03T14:13:23","date_gmt":"2025-07-03T12:13:23","guid":{"rendered":"https:\/\/librairie7l.com\/?post_type=product&#038;p=49220"},"modified":"2026-04-07T05:30:55","modified_gmt":"2026-04-07T03:30:55","slug":"van-gogh-2","status":"publish","type":"product","link":"https:\/\/librairie7l.com\/en\/produit\/van-gogh-2\/","title":{"rendered":"VAN GOGH"},"content":{"rendered":"<p>Ignor\u00e9 et incompris de son vivant, Vincent Van Gogh (1853-1890) fut pourtant l&#8217;un des pr\u00e9curseurs de l&#8217;expressionnisme et, plus g\u00e9n\u00e9ralement, de l&#8217;art pictural moderne. Ses audacieuses recherches chromatiques et formelles, que l&#8217;on retrouve dans ses tournesols ou ses paysages de nuit, constituent l&#8217;essence m\u00eame de son travail.<\/p>\n<p> Une monographie captivante, pour d\u00e9couvrir l&#8217;univers douloureux mais universel d&#8217;une figure artistique majeure.<\/p>\n<p> Languages : Fr. En.<\/p>\n<p> &#8212;&#8211;<\/p>\n<p> Ignored and misunderstood during his lifetime, Vincent Van Gogh (1853-1890) was nevertheless one of the precursors of expressionism and, more generally, of modern pictorial art. His daring chromatic and formal research, found in his sunflowers or his night landscapes, constitute the very essence of his work.<\/p>\n<p> A captivating monograph, to discover the painful but universal universe of a major artistic figure.<\/p>\n","protected":false},"excerpt":{"rendered":"<p>Ignor\u00e9 et incompris de son vivant, Vincent Van Gogh (1853-1890) fut pourtant l&#8217;un des pr\u00e9curseurs de l&#8217;expressionnisme et, plus g\u00e9n\u00e9ralement, de l&#8217;art pictural moderne. Ses audacieuses recherches chromatiques et formelles, que l&#8217;on retrouve dans ses tournesols ou ses paysages de nuit, constituent l&#8217;essence m\u00eame de son travail. Une monographie captivante, pour d\u00e9couvrir l&#8217;univers douloureux mais [&hellip;]<\/p>\n","protected":false},"featured_media":49218,"template":"","meta":[],"product_cat":[7364,2948],"product_tag":[],"acf":[],"yoast_head":"<!-- This site is optimized with the Yoast SEO plugin v20.11 - https:\/\/yoast.com\/wordpress\/plugins\/seo\/ -->\n<title>Van Gogh - Librairie 7L<\/title>\n<meta name=\"robots\" content=\"index, follow, max-snippet:-1, max-image-preview:large, max-video-preview:-1\" \/>\n<link rel=\"canonical\" href=\"https:\/\/librairie7l.com\/en\/produit\/van-gogh-2\/\" \/>\n<meta property=\"og:locale\" content=\"en_US\" \/>\n<meta property=\"og:type\" content=\"article\" \/>\n<meta property=\"og:title\" content=\"Van Gogh - Librairie 7L\" \/>\n<meta property=\"og:description\" content=\"Ignor\u00e9 et incompris de son vivant, Vincent Van Gogh (1853-1890) fut pourtant l&#8217;un des pr\u00e9curseurs de l&#8217;expressionnisme et, plus g\u00e9n\u00e9ralement, de l&#8217;art pictural moderne. Ses audacieuses recherches chromatiques et formelles, que l&#8217;on retrouve dans ses tournesols ou ses paysages de nuit, constituent l&#8217;essence m\u00eame de son travail. Une monographie captivante, pour d\u00e9couvrir l&#8217;univers douloureux mais [&hellip;]\" \/>\n<meta property=\"og:url\" content=\"https:\/\/librairie7l.com\/en\/produit\/van-gogh-2\/\" \/>\n<meta property=\"og:site_name\" content=\"Librairie 7L\" \/>\n<meta property=\"article:modified_time\" content=\"2026-04-07T03:30:55+00:00\" \/>\n<meta property=\"og:image\" content=\"https:\/\/librairie7l.com\/wp-content\/uploads\/2017\/07\/9782809915266_1_75.jpg\" \/>\n\t<meta property=\"og:image:width\" content=\"600\" \/>\n\t<meta property=\"og:image:height\" content=\"603\" \/>\n\t<meta property=\"og:image:type\" content=\"image\/jpeg\" \/>\n<meta name=\"twitter:card\" content=\"summary_large_image\" \/>\n<meta name=\"twitter:label1\" content=\"Est. reading time\" \/>\n\t<meta name=\"twitter:data1\" content=\"1 minute\" \/>\n<script type=\"application\/ld+json\" class=\"yoast-schema-graph\">{\"@context\":\"https:\/\/schema.org\",\"@graph\":[{\"@type\":\"WebPage\",\"@id\":\"https:\/\/librairie7l.com\/en\/produit\/van-gogh-2\/\",\"url\":\"https:\/\/librairie7l.com\/en\/produit\/van-gogh-2\/\",\"name\":\"Van Gogh - Librairie 7L\",\"isPartOf\":{\"@id\":\"https:\/\/librairie7l.com\/en\/#website\"},\"datePublished\":\"2025-07-03T12:13:23+00:00\",\"dateModified\":\"2026-04-07T03:30:55+00:00\",\"breadcrumb\":{\"@id\":\"https:\/\/librairie7l.com\/en\/produit\/van-gogh-2\/#breadcrumb\"},\"inLanguage\":\"en-US\",\"potentialAction\":[{\"@type\":\"ReadAction\",\"target\":[\"https:\/\/librairie7l.com\/en\/produit\/van-gogh-2\/\"]}]},{\"@type\":\"BreadcrumbList\",\"@id\":\"https:\/\/librairie7l.com\/en\/produit\/van-gogh-2\/#breadcrumb\",\"itemListElement\":[{\"@type\":\"ListItem\",\"position\":1,\"name\":\"Accueil\",\"item\":\"https:\/\/librairie7l.com\/en\/\"},{\"@type\":\"ListItem\",\"position\":2,\"name\":\"Shop\",\"item\":\"https:\/\/librairie7l.com\/en\/shop\/\"},{\"@type\":\"ListItem\",\"position\":3,\"name\":\"VAN GOGH\"}]},{\"@type\":\"WebSite\",\"@id\":\"https:\/\/librairie7l.com\/en\/#website\",\"url\":\"https:\/\/librairie7l.com\/en\/\",\"name\":\"Librairie 7L\",\"description\":\"Librairie fond\u00e9e en 1999 par Karl Lagerfeld \u00e0 Paris\",\"publisher\":{\"@id\":\"https:\/\/librairie7l.com\/en\/#organization\"},\"potentialAction\":[{\"@type\":\"SearchAction\",\"target\":{\"@type\":\"EntryPoint\",\"urlTemplate\":\"https:\/\/librairie7l.com\/en\/?s={search_term_string}\"},\"query-input\":\"required name=search_term_string\"}],\"inLanguage\":\"en-US\"},{\"@type\":\"Organization\",\"@id\":\"https:\/\/librairie7l.com\/en\/#organization\",\"name\":\"Librairie 7L\",\"url\":\"https:\/\/librairie7l.com\/en\/\",\"logo\":{\"@type\":\"ImageObject\",\"inLanguage\":\"en-US\",\"@id\":\"https:\/\/librairie7l.com\/en\/#\/schema\/logo\/image\/\",\"url\":\"https:\/\/librairie7l.com\/wp-content\/uploads\/2022\/08\/logo-1.png\",\"contentUrl\":\"https:\/\/librairie7l.com\/wp-content\/uploads\/2022\/08\/logo-1.png\",\"width\":227,\"height\":301,\"caption\":\"Librairie 7L\"},\"image\":{\"@id\":\"https:\/\/librairie7l.com\/en\/#\/schema\/logo\/image\/\"}}]}<\/script>\n<!-- \/ Yoast SEO plugin. -->","yoast_head_json":{"title":"Van Gogh - Librairie 7L","robots":{"index":"index","follow":"follow","max-snippet":"max-snippet:-1","max-image-preview":"max-image-preview:large","max-video-preview":"max-video-preview:-1"},"canonical":"https:\/\/librairie7l.com\/en\/produit\/van-gogh-2\/","og_locale":"en_US","og_type":"article","og_title":"Van Gogh - Librairie 7L","og_description":"Ignor\u00e9 et incompris de son vivant, Vincent Van Gogh (1853-1890) fut pourtant l&#8217;un des pr\u00e9curseurs de l&#8217;expressionnisme et, plus g\u00e9n\u00e9ralement, de l&#8217;art pictural moderne. Ses audacieuses recherches chromatiques et formelles, que l&#8217;on retrouve dans ses tournesols ou ses paysages de nuit, constituent l&#8217;essence m\u00eame de son travail. Une monographie captivante, pour d\u00e9couvrir l&#8217;univers douloureux mais [&hellip;]","og_url":"https:\/\/librairie7l.com\/en\/produit\/van-gogh-2\/","og_site_name":"Librairie 7L","article_modified_time":"2026-04-07T03:30:55+00:00","og_image":[{"width":600,"height":603,"url":"https:\/\/librairie7l.com\/wp-content\/uploads\/2017\/07\/9782809915266_1_75.jpg","type":"image\/jpeg"}],"twitter_card":"summary_large_image","twitter_misc":{"Est. reading time":"1 minute"},"schema":{"@context":"https:\/\/schema.org","@graph":[{"@type":"WebPage","@id":"https:\/\/librairie7l.com\/en\/produit\/van-gogh-2\/","url":"https:\/\/librairie7l.com\/en\/produit\/van-gogh-2\/","name":"Van Gogh - Librairie 7L","isPartOf":{"@id":"https:\/\/librairie7l.com\/en\/#website"},"datePublished":"2025-07-03T12:13:23+00:00","dateModified":"2026-04-07T03:30:55+00:00","breadcrumb":{"@id":"https:\/\/librairie7l.com\/en\/produit\/van-gogh-2\/#breadcrumb"},"inLanguage":"en-US","potentialAction":[{"@type":"ReadAction","target":["https:\/\/librairie7l.com\/en\/produit\/van-gogh-2\/"]}]},{"@type":"BreadcrumbList","@id":"https:\/\/librairie7l.com\/en\/produit\/van-gogh-2\/#breadcrumb","itemListElement":[{"@type":"ListItem","position":1,"name":"Accueil","item":"https:\/\/librairie7l.com\/en\/"},{"@type":"ListItem","position":2,"name":"Shop","item":"https:\/\/librairie7l.com\/en\/shop\/"},{"@type":"ListItem","position":3,"name":"VAN GOGH"}]},{"@type":"WebSite","@id":"https:\/\/librairie7l.com\/en\/#website","url":"https:\/\/librairie7l.com\/en\/","name":"Librairie 7L","description":"Librairie fond\u00e9e en 1999 par Karl Lagerfeld \u00e0 Paris","publisher":{"@id":"https:\/\/librairie7l.com\/en\/#organization"},"potentialAction":[{"@type":"SearchAction","target":{"@type":"EntryPoint","urlTemplate":"https:\/\/librairie7l.com\/en\/?s={search_term_string}"},"query-input":"required name=search_term_string"}],"inLanguage":"en-US"},{"@type":"Organization","@id":"https:\/\/librairie7l.com\/en\/#organization","name":"Librairie 7L","url":"https:\/\/librairie7l.com\/en\/","logo":{"@type":"ImageObject","inLanguage":"en-US","@id":"https:\/\/librairie7l.com\/en\/#\/schema\/logo\/image\/","url":"https:\/\/librairie7l.com\/wp-content\/uploads\/2022\/08\/logo-1.png","contentUrl":"https:\/\/librairie7l.com\/wp-content\/uploads\/2022\/08\/logo-1.png","width":227,"height":301,"caption":"Librairie 7L"},"image":{"@id":"https:\/\/librairie7l.com\/en\/#\/schema\/logo\/image\/"}}]}},"_links":{"self":[{"href":"https:\/\/librairie7l.com\/en\/wp-json\/wp\/v2\/product\/49220"}],"collection":[{"href":"https:\/\/librairie7l.com\/en\/wp-json\/wp\/v2\/product"}],"about":[{"href":"https:\/\/librairie7l.com\/en\/wp-json\/wp\/v2\/types\/product"}],"wp:featuredmedia":[{"embeddable":true,"href":"https:\/\/librairie7l.com\/en\/wp-json\/wp\/v2\/media\/49218"}],"wp:attachment":[{"href":"https:\/\/librairie7l.com\/en\/wp-json\/wp\/v2\/media?parent=49220"}],"wp:term":[{"taxonomy":"product_cat","embeddable":true,"href":"https:\/\/librairie7l.com\/en\/wp-json\/wp\/v2\/product_cat?post=49220"},{"taxonomy":"product_tag","embeddable":true,"href":"https:\/\/librairie7l.com\/en\/wp-json\/wp\/v2\/product_tag?post=49220"}],"curies":[{"name":"wp","href":"https:\/\/api.w.org\/{rel}","templated":true}]}}