{"id":49228,"date":"2025-07-03T14:22:05","date_gmt":"2025-07-03T12:22:05","guid":{"rendered":"https:\/\/librairie7l.com\/produit\/francisco-de-goya-livret-daccompagnement-fondation-beyeler\/"},"modified":"2026-04-10T00:57:41","modified_gmt":"2026-04-09T22:57:41","slug":"francisco-de-goya-livret-daccompagnement-fondation-beyeler","status":"publish","type":"product","link":"https:\/\/librairie7l.com\/en\/produit\/francisco-de-goya-livret-daccompagnement-fondation-beyeler\/","title":{"rendered":"FRANCISCO DE GOYA, LIVRET D&#8217;ACCOMPAGNEMENT (FONDATION BEYELER)"},"content":{"rendered":"<p>A l&#8217;automne 2021, la fondation Beyeler organise, avec le soutien du mus\u00e9e du Prado \u00e0 Madrid, une des expositions les plus importantes jamais consacr\u00e9es \u00e0 Francisco de Goya (1746-1828) hors d&#8217;Espagne. Celle-ci r\u00e9unit soixante-dix tableaux, accompagn\u00e9s d&#8217;un choix de dessins et de gravures, qui emporteront les visiteurs dans un voyage vers le beau et l&#8217;\u00e9trange. Le catalogue de cette exposition pr\u00e9sente donc cet ensemble unique, comportant des tableaux rarement montr\u00e9s \u00e0 ce jour, appartenant \u00e0 des collections priv\u00e9es espagnoles, conjointement \u00e0 des oeuvres-cl\u00e9s provenant des mus\u00e9es et des collections les plus c\u00e9l\u00e8bres d&#8217;Europe et des \u00c9tats-Unis.<\/p>\n","protected":false},"excerpt":{"rendered":"<p>A l&#8217;automne 2021, la fondation Beyeler organise, avec le soutien du mus\u00e9e du Prado \u00e0 Madrid, une des expositions les plus importantes jamais consacr\u00e9es \u00e0 Francisco de Goya (1746-1828) hors d&#8217;Espagne. Celle-ci r\u00e9unit soixante-dix tableaux, accompagn\u00e9s d&#8217;un choix de dessins et de gravures, qui emporteront les visiteurs dans un voyage vers le beau et l&#8217;\u00e9trange. [&hellip;]<\/p>\n","protected":false},"featured_media":50520,"template":"","meta":[],"product_cat":[55,7363],"product_tag":[],"acf":[],"yoast_head":"<!-- This site is optimized with the Yoast SEO plugin v20.11 - https:\/\/yoast.com\/wordpress\/plugins\/seo\/ -->\n<title>Francisco de Goya, livret d&#039;accompagnement (fondation Beyeler) - Librairie 7L<\/title>\n<meta name=\"robots\" content=\"index, follow, max-snippet:-1, max-image-preview:large, max-video-preview:-1\" \/>\n<link rel=\"canonical\" href=\"https:\/\/librairie7l.com\/en\/produit\/francisco-de-goya-livret-daccompagnement-fondation-beyeler\/\" \/>\n<meta property=\"og:locale\" content=\"en_US\" \/>\n<meta property=\"og:type\" content=\"article\" \/>\n<meta property=\"og:title\" content=\"Francisco de Goya, livret d&#039;accompagnement (fondation Beyeler) - Librairie 7L\" \/>\n<meta property=\"og:description\" content=\"A l&#8217;automne 2021, la fondation Beyeler organise, avec le soutien du mus\u00e9e du Prado \u00e0 Madrid, une des expositions les plus importantes jamais consacr\u00e9es \u00e0 Francisco de Goya (1746-1828) hors d&#8217;Espagne. Celle-ci r\u00e9unit soixante-dix tableaux, accompagn\u00e9s d&#8217;un choix de dessins et de gravures, qui emporteront les visiteurs dans un voyage vers le beau et l&#8217;\u00e9trange. [&hellip;]\" \/>\n<meta property=\"og:url\" content=\"https:\/\/librairie7l.com\/en\/produit\/francisco-de-goya-livret-daccompagnement-fondation-beyeler\/\" \/>\n<meta property=\"og:site_name\" content=\"Librairie 7L\" \/>\n<meta property=\"article:modified_time\" content=\"2026-04-09T22:57:41+00:00\" \/>\n<meta name=\"twitter:card\" content=\"summary_large_image\" \/>\n<meta name=\"twitter:label1\" content=\"Est. reading time\" \/>\n\t<meta name=\"twitter:data1\" content=\"1 minute\" \/>\n<script type=\"application\/ld+json\" class=\"yoast-schema-graph\">{\"@context\":\"https:\/\/schema.org\",\"@graph\":[{\"@type\":\"WebPage\",\"@id\":\"https:\/\/librairie7l.com\/en\/produit\/francisco-de-goya-livret-daccompagnement-fondation-beyeler\/\",\"url\":\"https:\/\/librairie7l.com\/en\/produit\/francisco-de-goya-livret-daccompagnement-fondation-beyeler\/\",\"name\":\"Francisco de Goya, livret d'accompagnement (fondation Beyeler) - Librairie 7L\",\"isPartOf\":{\"@id\":\"https:\/\/librairie7l.com\/en\/#website\"},\"datePublished\":\"2025-07-03T12:22:05+00:00\",\"dateModified\":\"2026-04-09T22:57:41+00:00\",\"breadcrumb\":{\"@id\":\"https:\/\/librairie7l.com\/en\/produit\/francisco-de-goya-livret-daccompagnement-fondation-beyeler\/#breadcrumb\"},\"inLanguage\":\"en-US\",\"potentialAction\":[{\"@type\":\"ReadAction\",\"target\":[\"https:\/\/librairie7l.com\/en\/produit\/francisco-de-goya-livret-daccompagnement-fondation-beyeler\/\"]}]},{\"@type\":\"BreadcrumbList\",\"@id\":\"https:\/\/librairie7l.com\/en\/produit\/francisco-de-goya-livret-daccompagnement-fondation-beyeler\/#breadcrumb\",\"itemListElement\":[{\"@type\":\"ListItem\",\"position\":1,\"name\":\"Accueil\",\"item\":\"https:\/\/librairie7l.com\/en\/\"},{\"@type\":\"ListItem\",\"position\":2,\"name\":\"Shop\",\"item\":\"https:\/\/librairie7l.com\/en\/shop\/\"},{\"@type\":\"ListItem\",\"position\":3,\"name\":\"FRANCISCO DE GOYA, LIVRET D&#8217;ACCOMPAGNEMENT (FONDATION BEYELER)\"}]},{\"@type\":\"WebSite\",\"@id\":\"https:\/\/librairie7l.com\/en\/#website\",\"url\":\"https:\/\/librairie7l.com\/en\/\",\"name\":\"Librairie 7L\",\"description\":\"Librairie fond\u00e9e en 1999 par Karl Lagerfeld \u00e0 Paris\",\"publisher\":{\"@id\":\"https:\/\/librairie7l.com\/en\/#organization\"},\"potentialAction\":[{\"@type\":\"SearchAction\",\"target\":{\"@type\":\"EntryPoint\",\"urlTemplate\":\"https:\/\/librairie7l.com\/en\/?s={search_term_string}\"},\"query-input\":\"required name=search_term_string\"}],\"inLanguage\":\"en-US\"},{\"@type\":\"Organization\",\"@id\":\"https:\/\/librairie7l.com\/en\/#organization\",\"name\":\"Librairie 7L\",\"url\":\"https:\/\/librairie7l.com\/en\/\",\"logo\":{\"@type\":\"ImageObject\",\"inLanguage\":\"en-US\",\"@id\":\"https:\/\/librairie7l.com\/en\/#\/schema\/logo\/image\/\",\"url\":\"https:\/\/librairie7l.com\/wp-content\/uploads\/2022\/08\/logo-1.png\",\"contentUrl\":\"https:\/\/librairie7l.com\/wp-content\/uploads\/2022\/08\/logo-1.png\",\"width\":227,\"height\":301,\"caption\":\"Librairie 7L\"},\"image\":{\"@id\":\"https:\/\/librairie7l.com\/en\/#\/schema\/logo\/image\/\"}}]}<\/script>\n<!-- \/ Yoast SEO plugin. -->","yoast_head_json":{"title":"Francisco de Goya, livret d'accompagnement (fondation Beyeler) - Librairie 7L","robots":{"index":"index","follow":"follow","max-snippet":"max-snippet:-1","max-image-preview":"max-image-preview:large","max-video-preview":"max-video-preview:-1"},"canonical":"https:\/\/librairie7l.com\/en\/produit\/francisco-de-goya-livret-daccompagnement-fondation-beyeler\/","og_locale":"en_US","og_type":"article","og_title":"Francisco de Goya, livret d'accompagnement (fondation Beyeler) - Librairie 7L","og_description":"A l&#8217;automne 2021, la fondation Beyeler organise, avec le soutien du mus\u00e9e du Prado \u00e0 Madrid, une des expositions les plus importantes jamais consacr\u00e9es \u00e0 Francisco de Goya (1746-1828) hors d&#8217;Espagne. Celle-ci r\u00e9unit soixante-dix tableaux, accompagn\u00e9s d&#8217;un choix de dessins et de gravures, qui emporteront les visiteurs dans un voyage vers le beau et l&#8217;\u00e9trange. [&hellip;]","og_url":"https:\/\/librairie7l.com\/en\/produit\/francisco-de-goya-livret-daccompagnement-fondation-beyeler\/","og_site_name":"Librairie 7L","article_modified_time":"2026-04-09T22:57:41+00:00","twitter_card":"summary_large_image","twitter_misc":{"Est. reading time":"1 minute"},"schema":{"@context":"https:\/\/schema.org","@graph":[{"@type":"WebPage","@id":"https:\/\/librairie7l.com\/en\/produit\/francisco-de-goya-livret-daccompagnement-fondation-beyeler\/","url":"https:\/\/librairie7l.com\/en\/produit\/francisco-de-goya-livret-daccompagnement-fondation-beyeler\/","name":"Francisco de Goya, livret d'accompagnement (fondation Beyeler) - Librairie 7L","isPartOf":{"@id":"https:\/\/librairie7l.com\/en\/#website"},"datePublished":"2025-07-03T12:22:05+00:00","dateModified":"2026-04-09T22:57:41+00:00","breadcrumb":{"@id":"https:\/\/librairie7l.com\/en\/produit\/francisco-de-goya-livret-daccompagnement-fondation-beyeler\/#breadcrumb"},"inLanguage":"en-US","potentialAction":[{"@type":"ReadAction","target":["https:\/\/librairie7l.com\/en\/produit\/francisco-de-goya-livret-daccompagnement-fondation-beyeler\/"]}]},{"@type":"BreadcrumbList","@id":"https:\/\/librairie7l.com\/en\/produit\/francisco-de-goya-livret-daccompagnement-fondation-beyeler\/#breadcrumb","itemListElement":[{"@type":"ListItem","position":1,"name":"Accueil","item":"https:\/\/librairie7l.com\/en\/"},{"@type":"ListItem","position":2,"name":"Shop","item":"https:\/\/librairie7l.com\/en\/shop\/"},{"@type":"ListItem","position":3,"name":"FRANCISCO DE GOYA, LIVRET D&#8217;ACCOMPAGNEMENT (FONDATION BEYELER)"}]},{"@type":"WebSite","@id":"https:\/\/librairie7l.com\/en\/#website","url":"https:\/\/librairie7l.com\/en\/","name":"Librairie 7L","description":"Librairie fond\u00e9e en 1999 par Karl Lagerfeld \u00e0 Paris","publisher":{"@id":"https:\/\/librairie7l.com\/en\/#organization"},"potentialAction":[{"@type":"SearchAction","target":{"@type":"EntryPoint","urlTemplate":"https:\/\/librairie7l.com\/en\/?s={search_term_string}"},"query-input":"required name=search_term_string"}],"inLanguage":"en-US"},{"@type":"Organization","@id":"https:\/\/librairie7l.com\/en\/#organization","name":"Librairie 7L","url":"https:\/\/librairie7l.com\/en\/","logo":{"@type":"ImageObject","inLanguage":"en-US","@id":"https:\/\/librairie7l.com\/en\/#\/schema\/logo\/image\/","url":"https:\/\/librairie7l.com\/wp-content\/uploads\/2022\/08\/logo-1.png","contentUrl":"https:\/\/librairie7l.com\/wp-content\/uploads\/2022\/08\/logo-1.png","width":227,"height":301,"caption":"Librairie 7L"},"image":{"@id":"https:\/\/librairie7l.com\/en\/#\/schema\/logo\/image\/"}}]}},"_links":{"self":[{"href":"https:\/\/librairie7l.com\/en\/wp-json\/wp\/v2\/product\/49228"}],"collection":[{"href":"https:\/\/librairie7l.com\/en\/wp-json\/wp\/v2\/product"}],"about":[{"href":"https:\/\/librairie7l.com\/en\/wp-json\/wp\/v2\/types\/product"}],"wp:featuredmedia":[{"embeddable":true,"href":"https:\/\/librairie7l.com\/en\/wp-json\/wp\/v2\/media\/50520"}],"wp:attachment":[{"href":"https:\/\/librairie7l.com\/en\/wp-json\/wp\/v2\/media?parent=49228"}],"wp:term":[{"taxonomy":"product_cat","embeddable":true,"href":"https:\/\/librairie7l.com\/en\/wp-json\/wp\/v2\/product_cat?post=49228"},{"taxonomy":"product_tag","embeddable":true,"href":"https:\/\/librairie7l.com\/en\/wp-json\/wp\/v2\/product_tag?post=49228"}],"curies":[{"name":"wp","href":"https:\/\/api.w.org\/{rel}","templated":true}]}}