{"id":49269,"date":"2025-07-05T17:33:41","date_gmt":"2025-07-05T15:33:41","guid":{"rendered":"https:\/\/librairie7l.com\/?post_type=product&#038;p=49269"},"modified":"2026-04-07T03:55:52","modified_gmt":"2026-04-07T01:55:52","slug":"je-mangerais-bien-un-enfant-2","status":"publish","type":"product","link":"https:\/\/librairie7l.com\/en\/produit\/je-mangerais-bien-un-enfant-2\/","title":{"rendered":"JE MANGERAIS BIEN UN ENFANT"},"content":{"rendered":"<p>Chaque matin, maman Crocodile apporte \u00e0 Achille de bonnes bananes pour son petit d\u00e9jeuner, et chaque matin, elle s&#8217;\u00e9merveille: \u00abMon fils, comme tu es grand, comme tu es beau, comme tu as de belles dents!\u00bb Mais un matin, Achille ne mange rien. Il ne veut pas de bananes. Ce qu&#8217;il veut, c&#8217;est manger un enfant. Qu&#8217;est-ce qui pourrait lui \u00f4ter cette id\u00e9e de la t\u00eate? De rencontrer un enfant, peut-\u00eatre? A partir de 3 ans.<\/p>\n","protected":false},"excerpt":{"rendered":"<p>Chaque matin, maman Crocodile apporte \u00e0 Achille de bonnes bananes pour son petit d\u00e9jeuner, et chaque matin, elle s&#8217;\u00e9merveille: \u00abMon fils, comme tu es grand, comme tu es beau, comme tu as de belles dents!\u00bb Mais un matin, Achille ne mange rien. Il ne veut pas de bananes. Ce qu&#8217;il veut, c&#8217;est manger un enfant. [&hellip;]<\/p>\n","protected":false},"featured_media":49267,"template":"","meta":[],"product_cat":[7364,2948],"product_tag":[],"acf":[],"yoast_head":"<!-- This site is optimized with the Yoast SEO plugin v20.11 - https:\/\/yoast.com\/wordpress\/plugins\/seo\/ -->\n<title>Je mangerais bien un enfant - Librairie 7L<\/title>\n<meta name=\"robots\" content=\"index, follow, max-snippet:-1, max-image-preview:large, max-video-preview:-1\" \/>\n<link rel=\"canonical\" href=\"https:\/\/librairie7l.com\/en\/produit\/je-mangerais-bien-un-enfant-2\/\" \/>\n<meta property=\"og:locale\" content=\"en_US\" \/>\n<meta property=\"og:type\" content=\"article\" \/>\n<meta property=\"og:title\" content=\"Je mangerais bien un enfant - Librairie 7L\" \/>\n<meta property=\"og:description\" content=\"Chaque matin, maman Crocodile apporte \u00e0 Achille de bonnes bananes pour son petit d\u00e9jeuner, et chaque matin, elle s&#8217;\u00e9merveille: \u00abMon fils, comme tu es grand, comme tu es beau, comme tu as de belles dents!\u00bb Mais un matin, Achille ne mange rien. Il ne veut pas de bananes. Ce qu&#8217;il veut, c&#8217;est manger un enfant. [&hellip;]\" \/>\n<meta property=\"og:url\" content=\"https:\/\/librairie7l.com\/en\/produit\/je-mangerais-bien-un-enfant-2\/\" \/>\n<meta property=\"og:site_name\" content=\"Librairie 7L\" \/>\n<meta property=\"article:modified_time\" content=\"2026-04-07T01:55:52+00:00\" \/>\n<meta property=\"og:image\" content=\"https:\/\/librairie7l.com\/wp-content\/uploads\/2016\/11\/9782211232609_1_75.jpg\" \/>\n\t<meta property=\"og:image:width\" content=\"1322\" \/>\n\t<meta property=\"og:image:height\" content=\"1000\" \/>\n\t<meta property=\"og:image:type\" content=\"image\/jpeg\" \/>\n<meta name=\"twitter:card\" content=\"summary_large_image\" \/>\n<script type=\"application\/ld+json\" class=\"yoast-schema-graph\">{\"@context\":\"https:\/\/schema.org\",\"@graph\":[{\"@type\":\"WebPage\",\"@id\":\"https:\/\/librairie7l.com\/en\/produit\/je-mangerais-bien-un-enfant-2\/\",\"url\":\"https:\/\/librairie7l.com\/en\/produit\/je-mangerais-bien-un-enfant-2\/\",\"name\":\"Je mangerais bien un enfant - Librairie 7L\",\"isPartOf\":{\"@id\":\"https:\/\/librairie7l.com\/en\/#website\"},\"datePublished\":\"2025-07-05T15:33:41+00:00\",\"dateModified\":\"2026-04-07T01:55:52+00:00\",\"breadcrumb\":{\"@id\":\"https:\/\/librairie7l.com\/en\/produit\/je-mangerais-bien-un-enfant-2\/#breadcrumb\"},\"inLanguage\":\"en-US\",\"potentialAction\":[{\"@type\":\"ReadAction\",\"target\":[\"https:\/\/librairie7l.com\/en\/produit\/je-mangerais-bien-un-enfant-2\/\"]}]},{\"@type\":\"BreadcrumbList\",\"@id\":\"https:\/\/librairie7l.com\/en\/produit\/je-mangerais-bien-un-enfant-2\/#breadcrumb\",\"itemListElement\":[{\"@type\":\"ListItem\",\"position\":1,\"name\":\"Accueil\",\"item\":\"https:\/\/librairie7l.com\/en\/\"},{\"@type\":\"ListItem\",\"position\":2,\"name\":\"Shop\",\"item\":\"https:\/\/librairie7l.com\/en\/shop\/\"},{\"@type\":\"ListItem\",\"position\":3,\"name\":\"JE MANGERAIS BIEN UN ENFANT\"}]},{\"@type\":\"WebSite\",\"@id\":\"https:\/\/librairie7l.com\/en\/#website\",\"url\":\"https:\/\/librairie7l.com\/en\/\",\"name\":\"Librairie 7L\",\"description\":\"Librairie fond\u00e9e en 1999 par Karl Lagerfeld \u00e0 Paris\",\"publisher\":{\"@id\":\"https:\/\/librairie7l.com\/en\/#organization\"},\"potentialAction\":[{\"@type\":\"SearchAction\",\"target\":{\"@type\":\"EntryPoint\",\"urlTemplate\":\"https:\/\/librairie7l.com\/en\/?s={search_term_string}\"},\"query-input\":\"required name=search_term_string\"}],\"inLanguage\":\"en-US\"},{\"@type\":\"Organization\",\"@id\":\"https:\/\/librairie7l.com\/en\/#organization\",\"name\":\"Librairie 7L\",\"url\":\"https:\/\/librairie7l.com\/en\/\",\"logo\":{\"@type\":\"ImageObject\",\"inLanguage\":\"en-US\",\"@id\":\"https:\/\/librairie7l.com\/en\/#\/schema\/logo\/image\/\",\"url\":\"https:\/\/librairie7l.com\/wp-content\/uploads\/2022\/08\/logo-1.png\",\"contentUrl\":\"https:\/\/librairie7l.com\/wp-content\/uploads\/2022\/08\/logo-1.png\",\"width\":227,\"height\":301,\"caption\":\"Librairie 7L\"},\"image\":{\"@id\":\"https:\/\/librairie7l.com\/en\/#\/schema\/logo\/image\/\"}}]}<\/script>\n<!-- \/ Yoast SEO plugin. -->","yoast_head_json":{"title":"Je mangerais bien un enfant - Librairie 7L","robots":{"index":"index","follow":"follow","max-snippet":"max-snippet:-1","max-image-preview":"max-image-preview:large","max-video-preview":"max-video-preview:-1"},"canonical":"https:\/\/librairie7l.com\/en\/produit\/je-mangerais-bien-un-enfant-2\/","og_locale":"en_US","og_type":"article","og_title":"Je mangerais bien un enfant - Librairie 7L","og_description":"Chaque matin, maman Crocodile apporte \u00e0 Achille de bonnes bananes pour son petit d\u00e9jeuner, et chaque matin, elle s&#8217;\u00e9merveille: \u00abMon fils, comme tu es grand, comme tu es beau, comme tu as de belles dents!\u00bb Mais un matin, Achille ne mange rien. Il ne veut pas de bananes. Ce qu&#8217;il veut, c&#8217;est manger un enfant. [&hellip;]","og_url":"https:\/\/librairie7l.com\/en\/produit\/je-mangerais-bien-un-enfant-2\/","og_site_name":"Librairie 7L","article_modified_time":"2026-04-07T01:55:52+00:00","og_image":[{"width":1322,"height":1000,"url":"https:\/\/librairie7l.com\/wp-content\/uploads\/2016\/11\/9782211232609_1_75.jpg","type":"image\/jpeg"}],"twitter_card":"summary_large_image","schema":{"@context":"https:\/\/schema.org","@graph":[{"@type":"WebPage","@id":"https:\/\/librairie7l.com\/en\/produit\/je-mangerais-bien-un-enfant-2\/","url":"https:\/\/librairie7l.com\/en\/produit\/je-mangerais-bien-un-enfant-2\/","name":"Je mangerais bien un enfant - Librairie 7L","isPartOf":{"@id":"https:\/\/librairie7l.com\/en\/#website"},"datePublished":"2025-07-05T15:33:41+00:00","dateModified":"2026-04-07T01:55:52+00:00","breadcrumb":{"@id":"https:\/\/librairie7l.com\/en\/produit\/je-mangerais-bien-un-enfant-2\/#breadcrumb"},"inLanguage":"en-US","potentialAction":[{"@type":"ReadAction","target":["https:\/\/librairie7l.com\/en\/produit\/je-mangerais-bien-un-enfant-2\/"]}]},{"@type":"BreadcrumbList","@id":"https:\/\/librairie7l.com\/en\/produit\/je-mangerais-bien-un-enfant-2\/#breadcrumb","itemListElement":[{"@type":"ListItem","position":1,"name":"Accueil","item":"https:\/\/librairie7l.com\/en\/"},{"@type":"ListItem","position":2,"name":"Shop","item":"https:\/\/librairie7l.com\/en\/shop\/"},{"@type":"ListItem","position":3,"name":"JE MANGERAIS BIEN UN ENFANT"}]},{"@type":"WebSite","@id":"https:\/\/librairie7l.com\/en\/#website","url":"https:\/\/librairie7l.com\/en\/","name":"Librairie 7L","description":"Librairie fond\u00e9e en 1999 par Karl Lagerfeld \u00e0 Paris","publisher":{"@id":"https:\/\/librairie7l.com\/en\/#organization"},"potentialAction":[{"@type":"SearchAction","target":{"@type":"EntryPoint","urlTemplate":"https:\/\/librairie7l.com\/en\/?s={search_term_string}"},"query-input":"required name=search_term_string"}],"inLanguage":"en-US"},{"@type":"Organization","@id":"https:\/\/librairie7l.com\/en\/#organization","name":"Librairie 7L","url":"https:\/\/librairie7l.com\/en\/","logo":{"@type":"ImageObject","inLanguage":"en-US","@id":"https:\/\/librairie7l.com\/en\/#\/schema\/logo\/image\/","url":"https:\/\/librairie7l.com\/wp-content\/uploads\/2022\/08\/logo-1.png","contentUrl":"https:\/\/librairie7l.com\/wp-content\/uploads\/2022\/08\/logo-1.png","width":227,"height":301,"caption":"Librairie 7L"},"image":{"@id":"https:\/\/librairie7l.com\/en\/#\/schema\/logo\/image\/"}}]}},"_links":{"self":[{"href":"https:\/\/librairie7l.com\/en\/wp-json\/wp\/v2\/product\/49269"}],"collection":[{"href":"https:\/\/librairie7l.com\/en\/wp-json\/wp\/v2\/product"}],"about":[{"href":"https:\/\/librairie7l.com\/en\/wp-json\/wp\/v2\/types\/product"}],"wp:featuredmedia":[{"embeddable":true,"href":"https:\/\/librairie7l.com\/en\/wp-json\/wp\/v2\/media\/49267"}],"wp:attachment":[{"href":"https:\/\/librairie7l.com\/en\/wp-json\/wp\/v2\/media?parent=49269"}],"wp:term":[{"taxonomy":"product_cat","embeddable":true,"href":"https:\/\/librairie7l.com\/en\/wp-json\/wp\/v2\/product_cat?post=49269"},{"taxonomy":"product_tag","embeddable":true,"href":"https:\/\/librairie7l.com\/en\/wp-json\/wp\/v2\/product_tag?post=49269"}],"curies":[{"name":"wp","href":"https:\/\/api.w.org\/{rel}","templated":true}]}}