{"id":49283,"date":"2025-07-07T17:55:15","date_gmt":"2025-07-07T15:55:15","guid":{"rendered":"https:\/\/librairie7l.com\/?post_type=product&#038;p=49283"},"modified":"2026-04-07T03:55:54","modified_gmt":"2026-04-07T01:55:54","slug":"arles-edition-2025-2","status":"publish","type":"product","link":"https:\/\/librairie7l.com\/en\/produit\/arles-edition-2025-2\/","title":{"rendered":"ARLES (\u00c9DITION 2025)"},"content":{"rendered":"<p>\u00c0 l&#8217;occasion de l&#8217;\u00e9dition 2025 des Rencontres de la Photographie, le City Guide Louis Vuitton fait \u00e0 nouveau escale \u00e0 Arles et propose une \u00e9dition collector en hommage \u00e0 la ville camarguaise et \u00e0 son festival de renomm\u00e9e internationale. Programme illustr\u00e9 des Rencontres en un clin d&#8217;oeil, portfolios in\u00e9dits de la ville et de sa r\u00e9gion sign\u00e9s Flore-A\u00ebl Surun du collectif Tendance Floue et Nhu Xuan Hua, ce guide fait la part belle \u00e0 l&#8217;image.<\/p>\n","protected":false},"excerpt":{"rendered":"<p>\u00c0 l&#8217;occasion de l&#8217;\u00e9dition 2025 des Rencontres de la Photographie, le City Guide Louis Vuitton fait \u00e0 nouveau escale \u00e0 Arles et propose une \u00e9dition collector en hommage \u00e0 la ville camarguaise et \u00e0 son festival de renomm\u00e9e internationale. Programme illustr\u00e9 des Rencontres en un clin d&#8217;oeil, portfolios in\u00e9dits de la ville et de sa [&hellip;]<\/p>\n","protected":false},"featured_media":49281,"template":"","meta":[],"product_cat":[7364,2948],"product_tag":[],"acf":[],"yoast_head":"<!-- This site is optimized with the Yoast SEO plugin v20.11 - https:\/\/yoast.com\/wordpress\/plugins\/seo\/ -->\n<title>Arles (\u00e9dition 2025) - Librairie 7L<\/title>\n<meta name=\"robots\" content=\"index, follow, max-snippet:-1, max-image-preview:large, max-video-preview:-1\" \/>\n<link rel=\"canonical\" href=\"https:\/\/librairie7l.com\/en\/produit\/arles-edition-2025-2\/\" \/>\n<meta property=\"og:locale\" content=\"en_US\" \/>\n<meta property=\"og:type\" content=\"article\" \/>\n<meta property=\"og:title\" content=\"Arles (\u00e9dition 2025) - Librairie 7L\" \/>\n<meta property=\"og:description\" content=\"\u00c0 l&#8217;occasion de l&#8217;\u00e9dition 2025 des Rencontres de la Photographie, le City Guide Louis Vuitton fait \u00e0 nouveau escale \u00e0 Arles et propose une \u00e9dition collector en hommage \u00e0 la ville camarguaise et \u00e0 son festival de renomm\u00e9e internationale. Programme illustr\u00e9 des Rencontres en un clin d&#8217;oeil, portfolios in\u00e9dits de la ville et de sa [&hellip;]\" \/>\n<meta property=\"og:url\" content=\"https:\/\/librairie7l.com\/en\/produit\/arles-edition-2025-2\/\" \/>\n<meta property=\"og:site_name\" content=\"Librairie 7L\" \/>\n<meta property=\"article:modified_time\" content=\"2026-04-07T01:55:54+00:00\" \/>\n<meta property=\"og:image\" content=\"https:\/\/librairie7l.com\/wp-content\/uploads\/2025\/01\/9782369834700_1_75.jpg\" \/>\n\t<meta property=\"og:image:width\" content=\"600\" \/>\n\t<meta property=\"og:image:height\" content=\"908\" \/>\n\t<meta property=\"og:image:type\" content=\"image\/jpeg\" \/>\n<meta name=\"twitter:card\" content=\"summary_large_image\" \/>\n<script type=\"application\/ld+json\" class=\"yoast-schema-graph\">{\"@context\":\"https:\/\/schema.org\",\"@graph\":[{\"@type\":\"WebPage\",\"@id\":\"https:\/\/librairie7l.com\/en\/produit\/arles-edition-2025-2\/\",\"url\":\"https:\/\/librairie7l.com\/en\/produit\/arles-edition-2025-2\/\",\"name\":\"Arles (\u00e9dition 2025) - Librairie 7L\",\"isPartOf\":{\"@id\":\"https:\/\/librairie7l.com\/en\/#website\"},\"datePublished\":\"2025-07-07T15:55:15+00:00\",\"dateModified\":\"2026-04-07T01:55:54+00:00\",\"breadcrumb\":{\"@id\":\"https:\/\/librairie7l.com\/en\/produit\/arles-edition-2025-2\/#breadcrumb\"},\"inLanguage\":\"en-US\",\"potentialAction\":[{\"@type\":\"ReadAction\",\"target\":[\"https:\/\/librairie7l.com\/en\/produit\/arles-edition-2025-2\/\"]}]},{\"@type\":\"BreadcrumbList\",\"@id\":\"https:\/\/librairie7l.com\/en\/produit\/arles-edition-2025-2\/#breadcrumb\",\"itemListElement\":[{\"@type\":\"ListItem\",\"position\":1,\"name\":\"Accueil\",\"item\":\"https:\/\/librairie7l.com\/en\/\"},{\"@type\":\"ListItem\",\"position\":2,\"name\":\"Shop\",\"item\":\"https:\/\/librairie7l.com\/en\/shop\/\"},{\"@type\":\"ListItem\",\"position\":3,\"name\":\"ARLES (\u00c9DITION 2025)\"}]},{\"@type\":\"WebSite\",\"@id\":\"https:\/\/librairie7l.com\/en\/#website\",\"url\":\"https:\/\/librairie7l.com\/en\/\",\"name\":\"Librairie 7L\",\"description\":\"Librairie fond\u00e9e en 1999 par Karl Lagerfeld \u00e0 Paris\",\"publisher\":{\"@id\":\"https:\/\/librairie7l.com\/en\/#organization\"},\"potentialAction\":[{\"@type\":\"SearchAction\",\"target\":{\"@type\":\"EntryPoint\",\"urlTemplate\":\"https:\/\/librairie7l.com\/en\/?s={search_term_string}\"},\"query-input\":\"required name=search_term_string\"}],\"inLanguage\":\"en-US\"},{\"@type\":\"Organization\",\"@id\":\"https:\/\/librairie7l.com\/en\/#organization\",\"name\":\"Librairie 7L\",\"url\":\"https:\/\/librairie7l.com\/en\/\",\"logo\":{\"@type\":\"ImageObject\",\"inLanguage\":\"en-US\",\"@id\":\"https:\/\/librairie7l.com\/en\/#\/schema\/logo\/image\/\",\"url\":\"https:\/\/librairie7l.com\/wp-content\/uploads\/2022\/08\/logo-1.png\",\"contentUrl\":\"https:\/\/librairie7l.com\/wp-content\/uploads\/2022\/08\/logo-1.png\",\"width\":227,\"height\":301,\"caption\":\"Librairie 7L\"},\"image\":{\"@id\":\"https:\/\/librairie7l.com\/en\/#\/schema\/logo\/image\/\"}}]}<\/script>\n<!-- \/ Yoast SEO plugin. -->","yoast_head_json":{"title":"Arles (\u00e9dition 2025) - Librairie 7L","robots":{"index":"index","follow":"follow","max-snippet":"max-snippet:-1","max-image-preview":"max-image-preview:large","max-video-preview":"max-video-preview:-1"},"canonical":"https:\/\/librairie7l.com\/en\/produit\/arles-edition-2025-2\/","og_locale":"en_US","og_type":"article","og_title":"Arles (\u00e9dition 2025) - Librairie 7L","og_description":"\u00c0 l&#8217;occasion de l&#8217;\u00e9dition 2025 des Rencontres de la Photographie, le City Guide Louis Vuitton fait \u00e0 nouveau escale \u00e0 Arles et propose une \u00e9dition collector en hommage \u00e0 la ville camarguaise et \u00e0 son festival de renomm\u00e9e internationale. Programme illustr\u00e9 des Rencontres en un clin d&#8217;oeil, portfolios in\u00e9dits de la ville et de sa [&hellip;]","og_url":"https:\/\/librairie7l.com\/en\/produit\/arles-edition-2025-2\/","og_site_name":"Librairie 7L","article_modified_time":"2026-04-07T01:55:54+00:00","og_image":[{"width":600,"height":908,"url":"https:\/\/librairie7l.com\/wp-content\/uploads\/2025\/01\/9782369834700_1_75.jpg","type":"image\/jpeg"}],"twitter_card":"summary_large_image","schema":{"@context":"https:\/\/schema.org","@graph":[{"@type":"WebPage","@id":"https:\/\/librairie7l.com\/en\/produit\/arles-edition-2025-2\/","url":"https:\/\/librairie7l.com\/en\/produit\/arles-edition-2025-2\/","name":"Arles (\u00e9dition 2025) - Librairie 7L","isPartOf":{"@id":"https:\/\/librairie7l.com\/en\/#website"},"datePublished":"2025-07-07T15:55:15+00:00","dateModified":"2026-04-07T01:55:54+00:00","breadcrumb":{"@id":"https:\/\/librairie7l.com\/en\/produit\/arles-edition-2025-2\/#breadcrumb"},"inLanguage":"en-US","potentialAction":[{"@type":"ReadAction","target":["https:\/\/librairie7l.com\/en\/produit\/arles-edition-2025-2\/"]}]},{"@type":"BreadcrumbList","@id":"https:\/\/librairie7l.com\/en\/produit\/arles-edition-2025-2\/#breadcrumb","itemListElement":[{"@type":"ListItem","position":1,"name":"Accueil","item":"https:\/\/librairie7l.com\/en\/"},{"@type":"ListItem","position":2,"name":"Shop","item":"https:\/\/librairie7l.com\/en\/shop\/"},{"@type":"ListItem","position":3,"name":"ARLES (\u00c9DITION 2025)"}]},{"@type":"WebSite","@id":"https:\/\/librairie7l.com\/en\/#website","url":"https:\/\/librairie7l.com\/en\/","name":"Librairie 7L","description":"Librairie fond\u00e9e en 1999 par Karl Lagerfeld \u00e0 Paris","publisher":{"@id":"https:\/\/librairie7l.com\/en\/#organization"},"potentialAction":[{"@type":"SearchAction","target":{"@type":"EntryPoint","urlTemplate":"https:\/\/librairie7l.com\/en\/?s={search_term_string}"},"query-input":"required name=search_term_string"}],"inLanguage":"en-US"},{"@type":"Organization","@id":"https:\/\/librairie7l.com\/en\/#organization","name":"Librairie 7L","url":"https:\/\/librairie7l.com\/en\/","logo":{"@type":"ImageObject","inLanguage":"en-US","@id":"https:\/\/librairie7l.com\/en\/#\/schema\/logo\/image\/","url":"https:\/\/librairie7l.com\/wp-content\/uploads\/2022\/08\/logo-1.png","contentUrl":"https:\/\/librairie7l.com\/wp-content\/uploads\/2022\/08\/logo-1.png","width":227,"height":301,"caption":"Librairie 7L"},"image":{"@id":"https:\/\/librairie7l.com\/en\/#\/schema\/logo\/image\/"}}]}},"_links":{"self":[{"href":"https:\/\/librairie7l.com\/en\/wp-json\/wp\/v2\/product\/49283"}],"collection":[{"href":"https:\/\/librairie7l.com\/en\/wp-json\/wp\/v2\/product"}],"about":[{"href":"https:\/\/librairie7l.com\/en\/wp-json\/wp\/v2\/types\/product"}],"wp:featuredmedia":[{"embeddable":true,"href":"https:\/\/librairie7l.com\/en\/wp-json\/wp\/v2\/media\/49281"}],"wp:attachment":[{"href":"https:\/\/librairie7l.com\/en\/wp-json\/wp\/v2\/media?parent=49283"}],"wp:term":[{"taxonomy":"product_cat","embeddable":true,"href":"https:\/\/librairie7l.com\/en\/wp-json\/wp\/v2\/product_cat?post=49283"},{"taxonomy":"product_tag","embeddable":true,"href":"https:\/\/librairie7l.com\/en\/wp-json\/wp\/v2\/product_tag?post=49283"}],"curies":[{"name":"wp","href":"https:\/\/api.w.org\/{rel}","templated":true}]}}