{"id":49306,"date":"2025-07-09T09:17:41","date_gmt":"2025-07-09T07:17:41","guid":{"rendered":"https:\/\/librairie7l.com\/?post_type=product&#038;p=49306"},"modified":"2026-04-04T18:39:37","modified_gmt":"2026-04-04T16:39:37","slug":"staccato-2","status":"publish","type":"product","link":"https:\/\/librairie7l.com\/en\/produit\/staccato-2\/","title":{"rendered":"STACCATO"},"content":{"rendered":"<p>Staccato est un cri du coeur, un t\u00e9moignage en suspens sur le point d&#8217;imploser. <\/p>\n<p> Et cette d\u00e9flagration, c&#8217;est celle de Ma\u00ebva Benaiche. Photographe et b\u00e8gue, elle navigue entre les mots et les remous cherchant \u00e0 trouver sa place dans ce monde de la parole. Elle donne \u00e0 voir, \u00e0 entendre, \u00e0 sentir son exp\u00e9rience de vie ballott\u00e9e par son trouble du langage. Dans ses interactions, son expression est inhib\u00e9e par le regard de l&#8217;autre, par ses souvenirs qui l&#8217;assaillent, par ses propres doutes. Sa parole peine \u00e0 suivre la course effr\u00e9n\u00e9e de sa pens\u00e9e. Et elle s&#8217;\u00e9puise \u00e0 faire tomber les barri\u00e8res du langage.<\/p>\n<p> Staccato est une respiration scand\u00e9e, hach\u00e9e, lib\u00e9r\u00e9e. Par la photographie, Ma\u00ebva Benaiche se d\u00e9leste de toutes les brides, les siennes et celles des autres. Elle laisse couler \u00e0 flots des images aux formes organiques, psychiques, \u00e9l\u00e9mentaires. A l&#8217;\u00e9tat brut. Cette esth\u00e9tique \u00e9pur\u00e9e se forge dans le noir et blanc, dans les compositions centr\u00e9es mais agit\u00e9es, dans les jeux de mouvement et de flou. Parfois heurt\u00e9es, enclines aux f\u00ealures et aux \u00e9clats, parfois d\u00e9livr\u00e9es, apais\u00e9es, ses photographies suivent instinctivement le cours d&#8217;un r\u00e9cit fluide, puissamment introspectif. Nous sommes charri\u00e9s par ses mots et emport\u00e9s par ses visions. <\/p>\n<p> Staccato s&#8217;impr\u00e8gne autant de sa d\u00e9licatesse que de sa flamme, et il dessine, \u00e0 l&#8217;or\u00e9e de ce que la photographe nous d\u00e9voile, un appel \u00e0 l&#8217;ouverture, une invitation au l\u00e2cher-prise et \u00e0 l&#8217;acceptation<\/p>\n","protected":false},"excerpt":{"rendered":"<p>Staccato est un cri du coeur, un t\u00e9moignage en suspens sur le point d&#8217;imploser. Et cette d\u00e9flagration, c&#8217;est celle de Ma\u00ebva Benaiche. Photographe et b\u00e8gue, elle navigue entre les mots et les remous cherchant \u00e0 trouver sa place dans ce monde de la parole. Elle donne \u00e0 voir, \u00e0 entendre, \u00e0 sentir son exp\u00e9rience de [&hellip;]<\/p>\n","protected":false},"featured_media":49304,"template":"","meta":[],"product_cat":[2948,2958],"product_tag":[],"acf":[],"yoast_head":"<!-- This site is optimized with the Yoast SEO plugin v20.11 - https:\/\/yoast.com\/wordpress\/plugins\/seo\/ -->\n<title>Staccato - Librairie 7L<\/title>\n<meta name=\"robots\" content=\"index, follow, max-snippet:-1, max-image-preview:large, max-video-preview:-1\" \/>\n<link rel=\"canonical\" href=\"https:\/\/librairie7l.com\/en\/produit\/staccato-2\/\" \/>\n<meta property=\"og:locale\" content=\"en_US\" \/>\n<meta property=\"og:type\" content=\"article\" \/>\n<meta property=\"og:title\" content=\"Staccato - Librairie 7L\" \/>\n<meta property=\"og:description\" content=\"Staccato est un cri du coeur, un t\u00e9moignage en suspens sur le point d&#8217;imploser. Et cette d\u00e9flagration, c&#8217;est celle de Ma\u00ebva Benaiche. Photographe et b\u00e8gue, elle navigue entre les mots et les remous cherchant \u00e0 trouver sa place dans ce monde de la parole. Elle donne \u00e0 voir, \u00e0 entendre, \u00e0 sentir son exp\u00e9rience de [&hellip;]\" \/>\n<meta property=\"og:url\" content=\"https:\/\/librairie7l.com\/en\/produit\/staccato-2\/\" \/>\n<meta property=\"og:site_name\" content=\"Librairie 7L\" \/>\n<meta property=\"article:modified_time\" content=\"2026-04-04T16:39:37+00:00\" \/>\n<meta property=\"og:image\" content=\"https:\/\/librairie7l.com\/wp-content\/uploads\/2023\/02\/9791095118251_1_75.jpg\" \/>\n\t<meta property=\"og:image:width\" content=\"600\" \/>\n\t<meta property=\"og:image:height\" content=\"792\" \/>\n\t<meta property=\"og:image:type\" content=\"image\/jpeg\" \/>\n<meta name=\"twitter:card\" content=\"summary_large_image\" \/>\n<meta name=\"twitter:label1\" content=\"Est. reading time\" \/>\n\t<meta name=\"twitter:data1\" content=\"1 minute\" \/>\n<script type=\"application\/ld+json\" class=\"yoast-schema-graph\">{\"@context\":\"https:\/\/schema.org\",\"@graph\":[{\"@type\":\"WebPage\",\"@id\":\"https:\/\/librairie7l.com\/en\/produit\/staccato-2\/\",\"url\":\"https:\/\/librairie7l.com\/en\/produit\/staccato-2\/\",\"name\":\"Staccato - Librairie 7L\",\"isPartOf\":{\"@id\":\"https:\/\/librairie7l.com\/en\/#website\"},\"datePublished\":\"2025-07-09T07:17:41+00:00\",\"dateModified\":\"2026-04-04T16:39:37+00:00\",\"breadcrumb\":{\"@id\":\"https:\/\/librairie7l.com\/en\/produit\/staccato-2\/#breadcrumb\"},\"inLanguage\":\"en-US\",\"potentialAction\":[{\"@type\":\"ReadAction\",\"target\":[\"https:\/\/librairie7l.com\/en\/produit\/staccato-2\/\"]}]},{\"@type\":\"BreadcrumbList\",\"@id\":\"https:\/\/librairie7l.com\/en\/produit\/staccato-2\/#breadcrumb\",\"itemListElement\":[{\"@type\":\"ListItem\",\"position\":1,\"name\":\"Accueil\",\"item\":\"https:\/\/librairie7l.com\/en\/\"},{\"@type\":\"ListItem\",\"position\":2,\"name\":\"Shop\",\"item\":\"https:\/\/librairie7l.com\/en\/shop\/\"},{\"@type\":\"ListItem\",\"position\":3,\"name\":\"STACCATO\"}]},{\"@type\":\"WebSite\",\"@id\":\"https:\/\/librairie7l.com\/en\/#website\",\"url\":\"https:\/\/librairie7l.com\/en\/\",\"name\":\"Librairie 7L\",\"description\":\"Librairie fond\u00e9e en 1999 par Karl Lagerfeld \u00e0 Paris\",\"publisher\":{\"@id\":\"https:\/\/librairie7l.com\/en\/#organization\"},\"potentialAction\":[{\"@type\":\"SearchAction\",\"target\":{\"@type\":\"EntryPoint\",\"urlTemplate\":\"https:\/\/librairie7l.com\/en\/?s={search_term_string}\"},\"query-input\":\"required name=search_term_string\"}],\"inLanguage\":\"en-US\"},{\"@type\":\"Organization\",\"@id\":\"https:\/\/librairie7l.com\/en\/#organization\",\"name\":\"Librairie 7L\",\"url\":\"https:\/\/librairie7l.com\/en\/\",\"logo\":{\"@type\":\"ImageObject\",\"inLanguage\":\"en-US\",\"@id\":\"https:\/\/librairie7l.com\/en\/#\/schema\/logo\/image\/\",\"url\":\"https:\/\/librairie7l.com\/wp-content\/uploads\/2022\/08\/logo-1.png\",\"contentUrl\":\"https:\/\/librairie7l.com\/wp-content\/uploads\/2022\/08\/logo-1.png\",\"width\":227,\"height\":301,\"caption\":\"Librairie 7L\"},\"image\":{\"@id\":\"https:\/\/librairie7l.com\/en\/#\/schema\/logo\/image\/\"}}]}<\/script>\n<!-- \/ Yoast SEO plugin. -->","yoast_head_json":{"title":"Staccato - Librairie 7L","robots":{"index":"index","follow":"follow","max-snippet":"max-snippet:-1","max-image-preview":"max-image-preview:large","max-video-preview":"max-video-preview:-1"},"canonical":"https:\/\/librairie7l.com\/en\/produit\/staccato-2\/","og_locale":"en_US","og_type":"article","og_title":"Staccato - Librairie 7L","og_description":"Staccato est un cri du coeur, un t\u00e9moignage en suspens sur le point d&#8217;imploser. Et cette d\u00e9flagration, c&#8217;est celle de Ma\u00ebva Benaiche. Photographe et b\u00e8gue, elle navigue entre les mots et les remous cherchant \u00e0 trouver sa place dans ce monde de la parole. Elle donne \u00e0 voir, \u00e0 entendre, \u00e0 sentir son exp\u00e9rience de [&hellip;]","og_url":"https:\/\/librairie7l.com\/en\/produit\/staccato-2\/","og_site_name":"Librairie 7L","article_modified_time":"2026-04-04T16:39:37+00:00","og_image":[{"width":600,"height":792,"url":"https:\/\/librairie7l.com\/wp-content\/uploads\/2023\/02\/9791095118251_1_75.jpg","type":"image\/jpeg"}],"twitter_card":"summary_large_image","twitter_misc":{"Est. reading time":"1 minute"},"schema":{"@context":"https:\/\/schema.org","@graph":[{"@type":"WebPage","@id":"https:\/\/librairie7l.com\/en\/produit\/staccato-2\/","url":"https:\/\/librairie7l.com\/en\/produit\/staccato-2\/","name":"Staccato - Librairie 7L","isPartOf":{"@id":"https:\/\/librairie7l.com\/en\/#website"},"datePublished":"2025-07-09T07:17:41+00:00","dateModified":"2026-04-04T16:39:37+00:00","breadcrumb":{"@id":"https:\/\/librairie7l.com\/en\/produit\/staccato-2\/#breadcrumb"},"inLanguage":"en-US","potentialAction":[{"@type":"ReadAction","target":["https:\/\/librairie7l.com\/en\/produit\/staccato-2\/"]}]},{"@type":"BreadcrumbList","@id":"https:\/\/librairie7l.com\/en\/produit\/staccato-2\/#breadcrumb","itemListElement":[{"@type":"ListItem","position":1,"name":"Accueil","item":"https:\/\/librairie7l.com\/en\/"},{"@type":"ListItem","position":2,"name":"Shop","item":"https:\/\/librairie7l.com\/en\/shop\/"},{"@type":"ListItem","position":3,"name":"STACCATO"}]},{"@type":"WebSite","@id":"https:\/\/librairie7l.com\/en\/#website","url":"https:\/\/librairie7l.com\/en\/","name":"Librairie 7L","description":"Librairie fond\u00e9e en 1999 par Karl Lagerfeld \u00e0 Paris","publisher":{"@id":"https:\/\/librairie7l.com\/en\/#organization"},"potentialAction":[{"@type":"SearchAction","target":{"@type":"EntryPoint","urlTemplate":"https:\/\/librairie7l.com\/en\/?s={search_term_string}"},"query-input":"required name=search_term_string"}],"inLanguage":"en-US"},{"@type":"Organization","@id":"https:\/\/librairie7l.com\/en\/#organization","name":"Librairie 7L","url":"https:\/\/librairie7l.com\/en\/","logo":{"@type":"ImageObject","inLanguage":"en-US","@id":"https:\/\/librairie7l.com\/en\/#\/schema\/logo\/image\/","url":"https:\/\/librairie7l.com\/wp-content\/uploads\/2022\/08\/logo-1.png","contentUrl":"https:\/\/librairie7l.com\/wp-content\/uploads\/2022\/08\/logo-1.png","width":227,"height":301,"caption":"Librairie 7L"},"image":{"@id":"https:\/\/librairie7l.com\/en\/#\/schema\/logo\/image\/"}}]}},"_links":{"self":[{"href":"https:\/\/librairie7l.com\/en\/wp-json\/wp\/v2\/product\/49306"}],"collection":[{"href":"https:\/\/librairie7l.com\/en\/wp-json\/wp\/v2\/product"}],"about":[{"href":"https:\/\/librairie7l.com\/en\/wp-json\/wp\/v2\/types\/product"}],"wp:featuredmedia":[{"embeddable":true,"href":"https:\/\/librairie7l.com\/en\/wp-json\/wp\/v2\/media\/49304"}],"wp:attachment":[{"href":"https:\/\/librairie7l.com\/en\/wp-json\/wp\/v2\/media?parent=49306"}],"wp:term":[{"taxonomy":"product_cat","embeddable":true,"href":"https:\/\/librairie7l.com\/en\/wp-json\/wp\/v2\/product_cat?post=49306"},{"taxonomy":"product_tag","embeddable":true,"href":"https:\/\/librairie7l.com\/en\/wp-json\/wp\/v2\/product_tag?post=49306"}],"curies":[{"name":"wp","href":"https:\/\/api.w.org\/{rel}","templated":true}]}}