{"id":49314,"date":"2025-07-09T09:17:45","date_gmt":"2025-07-09T07:17:45","guid":{"rendered":"https:\/\/librairie7l.com\/?post_type=product&#038;p=49314"},"modified":"2026-04-04T19:20:11","modified_gmt":"2026-04-04T17:20:11","slug":"incompiuto-2","status":"publish","type":"product","link":"https:\/\/librairie7l.com\/en\/produit\/incompiuto-2\/","title":{"rendered":"INCOMPIUTO"},"content":{"rendered":"<p>Incompiuto ou le ph\u00e9nom\u00e8ne de l&#8217;inachev\u00e9. Des formes vides, suspendues dans l&#8217;espace et le temps, ponctuent le paysage italien de points d&#8217;interrogation. Ce sont plus de 1000 projets d&#8217;infrastructures qui sont abandonn\u00e9s en cours ou en fin de construction, jamais mis en fonction, en raison de malfa\u00e7ons, de montages financiers obscurs, de lourdeurs bureaucratiques ou de co\u00fbts de fonctionnement \u00e9lev\u00e9. Le gratte-ciel inoccup\u00e9 qui \u00e9crase les toits rouges de Turin, la colline aux villas sans fen\u00eatres pr\u00e8s de Palerme, l&#8217;autoroute pi\u00e9montaise qui tombe dans un champ, le complexe fant\u00f4me de La Maddalena qui n&#8217;accueillera jamais le G8&#8230; Des oeuvres ambitieuses, laiss\u00e9es en l&#8217;\u00e9tat, dessinant les contours d&#8217;un pays invisible.<\/p>\n<p>L&#8217;ouvrage rassemble plus d&#8217;une cinquantaine d&#8217;inachev\u00e9s photographi\u00e9s par Roberto Giangrande, sous une lumi\u00e8re blanche, sans pr\u00e9sence humaine, teint\u00e9e d&#8217;un voile fan\u00e9. Ses images nous transportent dans une r\u00e9currence de l&#8217;absurde o\u00f9 la m\u00e9moire des lieux ne se partage plus. Il s&#8217;av\u00e8re impossible de construire des souvenirs avec les inachev\u00e9s saisis entre un pass\u00e9 sans but et un futur ind\u00e9finiment diff\u00e9r\u00e9. L&#8217;objet-livre lui-m\u00eame, avec sa couverture en Kraft et sa jaquette s&#8217;inspirant du filet de balisage qui d\u00e9limite les chantiers de construction, pose la question de leur devenir : ach\u00e8vement, d\u00e9molition, r\u00e9utilisation ?<\/p>\n<p>Incompiuto est charg\u00e9 d&#8217;indignation face \u00e0 ces \u00ab infinies coul\u00e9es de b\u00e9ton inutiles \u00e0 la collectivit\u00e9, utiles \u00e0 ceux qui en ont tir\u00e9 profit [&#8230;] des crimes contre la collectivit\u00e9, contre le bien commun \u00bb (extrait du texte de Roberto Ferrucci).<\/p>\n","protected":false},"excerpt":{"rendered":"<p>Incompiuto ou le ph\u00e9nom\u00e8ne de l&#8217;inachev\u00e9. Des formes vides, suspendues dans l&#8217;espace et le temps, ponctuent le paysage italien de points d&#8217;interrogation. Ce sont plus de 1000 projets d&#8217;infrastructures qui sont abandonn\u00e9s en cours ou en fin de construction, jamais mis en fonction, en raison de malfa\u00e7ons, de montages financiers obscurs, de lourdeurs bureaucratiques ou [&hellip;]<\/p>\n","protected":false},"featured_media":49312,"template":"","meta":[],"product_cat":[2948,2958],"product_tag":[],"acf":[],"yoast_head":"<!-- This site is optimized with the Yoast SEO plugin v20.11 - https:\/\/yoast.com\/wordpress\/plugins\/seo\/ -->\n<title>Incompiuto - Librairie 7L<\/title>\n<meta name=\"robots\" content=\"index, follow, max-snippet:-1, max-image-preview:large, max-video-preview:-1\" \/>\n<link rel=\"canonical\" href=\"https:\/\/librairie7l.com\/en\/produit\/incompiuto-2\/\" \/>\n<meta property=\"og:locale\" content=\"en_US\" \/>\n<meta property=\"og:type\" content=\"article\" \/>\n<meta property=\"og:title\" content=\"Incompiuto - Librairie 7L\" \/>\n<meta property=\"og:description\" content=\"Incompiuto ou le ph\u00e9nom\u00e8ne de l&#8217;inachev\u00e9. Des formes vides, suspendues dans l&#8217;espace et le temps, ponctuent le paysage italien de points d&#8217;interrogation. Ce sont plus de 1000 projets d&#8217;infrastructures qui sont abandonn\u00e9s en cours ou en fin de construction, jamais mis en fonction, en raison de malfa\u00e7ons, de montages financiers obscurs, de lourdeurs bureaucratiques ou [&hellip;]\" \/>\n<meta property=\"og:url\" content=\"https:\/\/librairie7l.com\/en\/produit\/incompiuto-2\/\" \/>\n<meta property=\"og:site_name\" content=\"Librairie 7L\" \/>\n<meta property=\"article:modified_time\" content=\"2026-04-04T17:20:11+00:00\" \/>\n<meta property=\"og:image\" content=\"https:\/\/librairie7l.com\/wp-content\/uploads\/2024\/03\/9791095118275_1_75.jpg\" \/>\n\t<meta property=\"og:image:width\" content=\"600\" \/>\n\t<meta property=\"og:image:height\" content=\"835\" \/>\n\t<meta property=\"og:image:type\" content=\"image\/jpeg\" \/>\n<meta name=\"twitter:card\" content=\"summary_large_image\" \/>\n<meta name=\"twitter:label1\" content=\"Est. reading time\" \/>\n\t<meta name=\"twitter:data1\" content=\"1 minute\" \/>\n<script type=\"application\/ld+json\" class=\"yoast-schema-graph\">{\"@context\":\"https:\/\/schema.org\",\"@graph\":[{\"@type\":\"WebPage\",\"@id\":\"https:\/\/librairie7l.com\/en\/produit\/incompiuto-2\/\",\"url\":\"https:\/\/librairie7l.com\/en\/produit\/incompiuto-2\/\",\"name\":\"Incompiuto - Librairie 7L\",\"isPartOf\":{\"@id\":\"https:\/\/librairie7l.com\/en\/#website\"},\"datePublished\":\"2025-07-09T07:17:45+00:00\",\"dateModified\":\"2026-04-04T17:20:11+00:00\",\"breadcrumb\":{\"@id\":\"https:\/\/librairie7l.com\/en\/produit\/incompiuto-2\/#breadcrumb\"},\"inLanguage\":\"en-US\",\"potentialAction\":[{\"@type\":\"ReadAction\",\"target\":[\"https:\/\/librairie7l.com\/en\/produit\/incompiuto-2\/\"]}]},{\"@type\":\"BreadcrumbList\",\"@id\":\"https:\/\/librairie7l.com\/en\/produit\/incompiuto-2\/#breadcrumb\",\"itemListElement\":[{\"@type\":\"ListItem\",\"position\":1,\"name\":\"Accueil\",\"item\":\"https:\/\/librairie7l.com\/en\/\"},{\"@type\":\"ListItem\",\"position\":2,\"name\":\"Shop\",\"item\":\"https:\/\/librairie7l.com\/en\/shop\/\"},{\"@type\":\"ListItem\",\"position\":3,\"name\":\"INCOMPIUTO\"}]},{\"@type\":\"WebSite\",\"@id\":\"https:\/\/librairie7l.com\/en\/#website\",\"url\":\"https:\/\/librairie7l.com\/en\/\",\"name\":\"Librairie 7L\",\"description\":\"Librairie fond\u00e9e en 1999 par Karl Lagerfeld \u00e0 Paris\",\"publisher\":{\"@id\":\"https:\/\/librairie7l.com\/en\/#organization\"},\"potentialAction\":[{\"@type\":\"SearchAction\",\"target\":{\"@type\":\"EntryPoint\",\"urlTemplate\":\"https:\/\/librairie7l.com\/en\/?s={search_term_string}\"},\"query-input\":\"required name=search_term_string\"}],\"inLanguage\":\"en-US\"},{\"@type\":\"Organization\",\"@id\":\"https:\/\/librairie7l.com\/en\/#organization\",\"name\":\"Librairie 7L\",\"url\":\"https:\/\/librairie7l.com\/en\/\",\"logo\":{\"@type\":\"ImageObject\",\"inLanguage\":\"en-US\",\"@id\":\"https:\/\/librairie7l.com\/en\/#\/schema\/logo\/image\/\",\"url\":\"https:\/\/librairie7l.com\/wp-content\/uploads\/2022\/08\/logo-1.png\",\"contentUrl\":\"https:\/\/librairie7l.com\/wp-content\/uploads\/2022\/08\/logo-1.png\",\"width\":227,\"height\":301,\"caption\":\"Librairie 7L\"},\"image\":{\"@id\":\"https:\/\/librairie7l.com\/en\/#\/schema\/logo\/image\/\"}}]}<\/script>\n<!-- \/ Yoast SEO plugin. -->","yoast_head_json":{"title":"Incompiuto - Librairie 7L","robots":{"index":"index","follow":"follow","max-snippet":"max-snippet:-1","max-image-preview":"max-image-preview:large","max-video-preview":"max-video-preview:-1"},"canonical":"https:\/\/librairie7l.com\/en\/produit\/incompiuto-2\/","og_locale":"en_US","og_type":"article","og_title":"Incompiuto - Librairie 7L","og_description":"Incompiuto ou le ph\u00e9nom\u00e8ne de l&#8217;inachev\u00e9. Des formes vides, suspendues dans l&#8217;espace et le temps, ponctuent le paysage italien de points d&#8217;interrogation. Ce sont plus de 1000 projets d&#8217;infrastructures qui sont abandonn\u00e9s en cours ou en fin de construction, jamais mis en fonction, en raison de malfa\u00e7ons, de montages financiers obscurs, de lourdeurs bureaucratiques ou [&hellip;]","og_url":"https:\/\/librairie7l.com\/en\/produit\/incompiuto-2\/","og_site_name":"Librairie 7L","article_modified_time":"2026-04-04T17:20:11+00:00","og_image":[{"width":600,"height":835,"url":"https:\/\/librairie7l.com\/wp-content\/uploads\/2024\/03\/9791095118275_1_75.jpg","type":"image\/jpeg"}],"twitter_card":"summary_large_image","twitter_misc":{"Est. reading time":"1 minute"},"schema":{"@context":"https:\/\/schema.org","@graph":[{"@type":"WebPage","@id":"https:\/\/librairie7l.com\/en\/produit\/incompiuto-2\/","url":"https:\/\/librairie7l.com\/en\/produit\/incompiuto-2\/","name":"Incompiuto - Librairie 7L","isPartOf":{"@id":"https:\/\/librairie7l.com\/en\/#website"},"datePublished":"2025-07-09T07:17:45+00:00","dateModified":"2026-04-04T17:20:11+00:00","breadcrumb":{"@id":"https:\/\/librairie7l.com\/en\/produit\/incompiuto-2\/#breadcrumb"},"inLanguage":"en-US","potentialAction":[{"@type":"ReadAction","target":["https:\/\/librairie7l.com\/en\/produit\/incompiuto-2\/"]}]},{"@type":"BreadcrumbList","@id":"https:\/\/librairie7l.com\/en\/produit\/incompiuto-2\/#breadcrumb","itemListElement":[{"@type":"ListItem","position":1,"name":"Accueil","item":"https:\/\/librairie7l.com\/en\/"},{"@type":"ListItem","position":2,"name":"Shop","item":"https:\/\/librairie7l.com\/en\/shop\/"},{"@type":"ListItem","position":3,"name":"INCOMPIUTO"}]},{"@type":"WebSite","@id":"https:\/\/librairie7l.com\/en\/#website","url":"https:\/\/librairie7l.com\/en\/","name":"Librairie 7L","description":"Librairie fond\u00e9e en 1999 par Karl Lagerfeld \u00e0 Paris","publisher":{"@id":"https:\/\/librairie7l.com\/en\/#organization"},"potentialAction":[{"@type":"SearchAction","target":{"@type":"EntryPoint","urlTemplate":"https:\/\/librairie7l.com\/en\/?s={search_term_string}"},"query-input":"required name=search_term_string"}],"inLanguage":"en-US"},{"@type":"Organization","@id":"https:\/\/librairie7l.com\/en\/#organization","name":"Librairie 7L","url":"https:\/\/librairie7l.com\/en\/","logo":{"@type":"ImageObject","inLanguage":"en-US","@id":"https:\/\/librairie7l.com\/en\/#\/schema\/logo\/image\/","url":"https:\/\/librairie7l.com\/wp-content\/uploads\/2022\/08\/logo-1.png","contentUrl":"https:\/\/librairie7l.com\/wp-content\/uploads\/2022\/08\/logo-1.png","width":227,"height":301,"caption":"Librairie 7L"},"image":{"@id":"https:\/\/librairie7l.com\/en\/#\/schema\/logo\/image\/"}}]}},"_links":{"self":[{"href":"https:\/\/librairie7l.com\/en\/wp-json\/wp\/v2\/product\/49314"}],"collection":[{"href":"https:\/\/librairie7l.com\/en\/wp-json\/wp\/v2\/product"}],"about":[{"href":"https:\/\/librairie7l.com\/en\/wp-json\/wp\/v2\/types\/product"}],"wp:featuredmedia":[{"embeddable":true,"href":"https:\/\/librairie7l.com\/en\/wp-json\/wp\/v2\/media\/49312"}],"wp:attachment":[{"href":"https:\/\/librairie7l.com\/en\/wp-json\/wp\/v2\/media?parent=49314"}],"wp:term":[{"taxonomy":"product_cat","embeddable":true,"href":"https:\/\/librairie7l.com\/en\/wp-json\/wp\/v2\/product_cat?post=49314"},{"taxonomy":"product_tag","embeddable":true,"href":"https:\/\/librairie7l.com\/en\/wp-json\/wp\/v2\/product_tag?post=49314"}],"curies":[{"name":"wp","href":"https:\/\/api.w.org\/{rel}","templated":true}]}}