{"id":49340,"date":"2025-07-09T09:18:03","date_gmt":"2025-07-09T07:18:03","guid":{"rendered":"https:\/\/librairie7l.com\/?post_type=product&#038;p=49340"},"modified":"2026-04-17T14:08:34","modified_gmt":"2026-04-17T12:08:34","slug":"cactus-2","status":"publish","type":"product","link":"https:\/\/librairie7l.com\/en\/produit\/cactus-2\/","title":{"rendered":"CACTUS"},"content":{"rendered":"<p>Formes simples, figures fractales, couleurs sourdes ou \u00e9clatantes, gangues \u00e9pineuses ou duveteuses, voire architectures extravagantes, les cactus et autres plantes succulentes sont un objet de fascination depuis des si\u00e8cles. Bousculant, par leur esth\u00e9tique singuli\u00e8re, parfois inqui\u00e9tante, notre repr\u00e9sentation du v\u00e9g\u00e9tal, ces plantes s&#8217;\u00e9tudient, se collectionnent et sont \u00e0 l&#8217;origine des plus remarquables jardins de la Riviera. Elles ont surtout captiv\u00e9 de nombreux artistes et inspir\u00e9 des oeuvres aussi diff\u00e9rentes qu&#8217;un film d&#8217;Eisenstein, un dessin sur iPad de David Hockney ou un porte-manteau Gufram\u00a0! \u00abCACTUS\u00bb offre un aper\u00e7u de leur histoire et de leur diversit\u00e9 sous le double angle botanique et artistique. Simple shapes\u00a0; fractal figures\u00a0; muted or dazzling colors\u00a0; spiny or downy exteriors\u00a0; extravagant architectures-cactuses and other succulent plants have been an object of fascination for centuries. With their singular, sometimes disquieting aesthetics, these plants shake up our representation of the plant world. They are studied, collected, and are at the origin of some of the most remarkable gardens on the Riviera. They have most of all captivated numerous artists and inspired works as diverse as an Eisenstein film, a drawing on iPad by David Hockney, and a Gufram coat rack\u00a0! CACTUS offers an overview of their history and diversity from both botanical and artistic angles.<\/p>\n","protected":false},"excerpt":{"rendered":"<p>Formes simples, figures fractales, couleurs sourdes ou \u00e9clatantes, gangues \u00e9pineuses ou duveteuses, voire architectures extravagantes, les cactus et autres plantes succulentes sont un objet de fascination depuis des si\u00e8cles. Bousculant, par leur esth\u00e9tique singuli\u00e8re, parfois inqui\u00e9tante, notre repr\u00e9sentation du v\u00e9g\u00e9tal, ces plantes s&#8217;\u00e9tudient, se collectionnent et sont \u00e0 l&#8217;origine des plus remarquables jardins de la [&hellip;]<\/p>\n","protected":false},"featured_media":49338,"template":"","meta":[],"product_cat":[2948,2956],"product_tag":[],"acf":[],"yoast_head":"<!-- This site is optimized with the Yoast SEO plugin v20.11 - https:\/\/yoast.com\/wordpress\/plugins\/seo\/ -->\n<title>Cactus - Librairie 7L<\/title>\n<meta name=\"robots\" content=\"index, follow, max-snippet:-1, max-image-preview:large, max-video-preview:-1\" \/>\n<link rel=\"canonical\" href=\"https:\/\/librairie7l.com\/en\/produit\/cactus-2\/\" \/>\n<meta property=\"og:locale\" content=\"en_US\" \/>\n<meta property=\"og:type\" content=\"article\" \/>\n<meta property=\"og:title\" content=\"Cactus - Librairie 7L\" \/>\n<meta property=\"og:description\" content=\"Formes simples, figures fractales, couleurs sourdes ou \u00e9clatantes, gangues \u00e9pineuses ou duveteuses, voire architectures extravagantes, les cactus et autres plantes succulentes sont un objet de fascination depuis des si\u00e8cles. Bousculant, par leur esth\u00e9tique singuli\u00e8re, parfois inqui\u00e9tante, notre repr\u00e9sentation du v\u00e9g\u00e9tal, ces plantes s&#8217;\u00e9tudient, se collectionnent et sont \u00e0 l&#8217;origine des plus remarquables jardins de la [&hellip;]\" \/>\n<meta property=\"og:url\" content=\"https:\/\/librairie7l.com\/en\/produit\/cactus-2\/\" \/>\n<meta property=\"og:site_name\" content=\"Librairie 7L\" \/>\n<meta property=\"article:modified_time\" content=\"2026-04-17T12:08:34+00:00\" \/>\n<meta property=\"og:image\" content=\"https:\/\/librairie7l.com\/wp-content\/uploads\/2025\/02\/9782080483270_1_75.jpg\" \/>\n\t<meta property=\"og:image:width\" content=\"600\" \/>\n\t<meta property=\"og:image:height\" content=\"873\" \/>\n\t<meta property=\"og:image:type\" content=\"image\/jpeg\" \/>\n<meta name=\"twitter:card\" content=\"summary_large_image\" \/>\n<meta name=\"twitter:label1\" content=\"Est. reading time\" \/>\n\t<meta name=\"twitter:data1\" content=\"1 minute\" \/>\n<script type=\"application\/ld+json\" class=\"yoast-schema-graph\">{\"@context\":\"https:\/\/schema.org\",\"@graph\":[{\"@type\":\"WebPage\",\"@id\":\"https:\/\/librairie7l.com\/en\/produit\/cactus-2\/\",\"url\":\"https:\/\/librairie7l.com\/en\/produit\/cactus-2\/\",\"name\":\"Cactus - Librairie 7L\",\"isPartOf\":{\"@id\":\"https:\/\/librairie7l.com\/en\/#website\"},\"datePublished\":\"2025-07-09T07:18:03+00:00\",\"dateModified\":\"2026-04-17T12:08:34+00:00\",\"breadcrumb\":{\"@id\":\"https:\/\/librairie7l.com\/en\/produit\/cactus-2\/#breadcrumb\"},\"inLanguage\":\"en-US\",\"potentialAction\":[{\"@type\":\"ReadAction\",\"target\":[\"https:\/\/librairie7l.com\/en\/produit\/cactus-2\/\"]}]},{\"@type\":\"BreadcrumbList\",\"@id\":\"https:\/\/librairie7l.com\/en\/produit\/cactus-2\/#breadcrumb\",\"itemListElement\":[{\"@type\":\"ListItem\",\"position\":1,\"name\":\"Accueil\",\"item\":\"https:\/\/librairie7l.com\/en\/\"},{\"@type\":\"ListItem\",\"position\":2,\"name\":\"Shop\",\"item\":\"https:\/\/librairie7l.com\/en\/shop\/\"},{\"@type\":\"ListItem\",\"position\":3,\"name\":\"CACTUS\"}]},{\"@type\":\"WebSite\",\"@id\":\"https:\/\/librairie7l.com\/en\/#website\",\"url\":\"https:\/\/librairie7l.com\/en\/\",\"name\":\"Librairie 7L\",\"description\":\"Librairie fond\u00e9e en 1999 par Karl Lagerfeld \u00e0 Paris\",\"publisher\":{\"@id\":\"https:\/\/librairie7l.com\/en\/#organization\"},\"potentialAction\":[{\"@type\":\"SearchAction\",\"target\":{\"@type\":\"EntryPoint\",\"urlTemplate\":\"https:\/\/librairie7l.com\/en\/?s={search_term_string}\"},\"query-input\":\"required name=search_term_string\"}],\"inLanguage\":\"en-US\"},{\"@type\":\"Organization\",\"@id\":\"https:\/\/librairie7l.com\/en\/#organization\",\"name\":\"Librairie 7L\",\"url\":\"https:\/\/librairie7l.com\/en\/\",\"logo\":{\"@type\":\"ImageObject\",\"inLanguage\":\"en-US\",\"@id\":\"https:\/\/librairie7l.com\/en\/#\/schema\/logo\/image\/\",\"url\":\"https:\/\/librairie7l.com\/wp-content\/uploads\/2022\/08\/logo-1.png\",\"contentUrl\":\"https:\/\/librairie7l.com\/wp-content\/uploads\/2022\/08\/logo-1.png\",\"width\":227,\"height\":301,\"caption\":\"Librairie 7L\"},\"image\":{\"@id\":\"https:\/\/librairie7l.com\/en\/#\/schema\/logo\/image\/\"}}]}<\/script>\n<!-- \/ Yoast SEO plugin. -->","yoast_head_json":{"title":"Cactus - Librairie 7L","robots":{"index":"index","follow":"follow","max-snippet":"max-snippet:-1","max-image-preview":"max-image-preview:large","max-video-preview":"max-video-preview:-1"},"canonical":"https:\/\/librairie7l.com\/en\/produit\/cactus-2\/","og_locale":"en_US","og_type":"article","og_title":"Cactus - Librairie 7L","og_description":"Formes simples, figures fractales, couleurs sourdes ou \u00e9clatantes, gangues \u00e9pineuses ou duveteuses, voire architectures extravagantes, les cactus et autres plantes succulentes sont un objet de fascination depuis des si\u00e8cles. Bousculant, par leur esth\u00e9tique singuli\u00e8re, parfois inqui\u00e9tante, notre repr\u00e9sentation du v\u00e9g\u00e9tal, ces plantes s&#8217;\u00e9tudient, se collectionnent et sont \u00e0 l&#8217;origine des plus remarquables jardins de la [&hellip;]","og_url":"https:\/\/librairie7l.com\/en\/produit\/cactus-2\/","og_site_name":"Librairie 7L","article_modified_time":"2026-04-17T12:08:34+00:00","og_image":[{"width":600,"height":873,"url":"https:\/\/librairie7l.com\/wp-content\/uploads\/2025\/02\/9782080483270_1_75.jpg","type":"image\/jpeg"}],"twitter_card":"summary_large_image","twitter_misc":{"Est. reading time":"1 minute"},"schema":{"@context":"https:\/\/schema.org","@graph":[{"@type":"WebPage","@id":"https:\/\/librairie7l.com\/en\/produit\/cactus-2\/","url":"https:\/\/librairie7l.com\/en\/produit\/cactus-2\/","name":"Cactus - Librairie 7L","isPartOf":{"@id":"https:\/\/librairie7l.com\/en\/#website"},"datePublished":"2025-07-09T07:18:03+00:00","dateModified":"2026-04-17T12:08:34+00:00","breadcrumb":{"@id":"https:\/\/librairie7l.com\/en\/produit\/cactus-2\/#breadcrumb"},"inLanguage":"en-US","potentialAction":[{"@type":"ReadAction","target":["https:\/\/librairie7l.com\/en\/produit\/cactus-2\/"]}]},{"@type":"BreadcrumbList","@id":"https:\/\/librairie7l.com\/en\/produit\/cactus-2\/#breadcrumb","itemListElement":[{"@type":"ListItem","position":1,"name":"Accueil","item":"https:\/\/librairie7l.com\/en\/"},{"@type":"ListItem","position":2,"name":"Shop","item":"https:\/\/librairie7l.com\/en\/shop\/"},{"@type":"ListItem","position":3,"name":"CACTUS"}]},{"@type":"WebSite","@id":"https:\/\/librairie7l.com\/en\/#website","url":"https:\/\/librairie7l.com\/en\/","name":"Librairie 7L","description":"Librairie fond\u00e9e en 1999 par Karl Lagerfeld \u00e0 Paris","publisher":{"@id":"https:\/\/librairie7l.com\/en\/#organization"},"potentialAction":[{"@type":"SearchAction","target":{"@type":"EntryPoint","urlTemplate":"https:\/\/librairie7l.com\/en\/?s={search_term_string}"},"query-input":"required name=search_term_string"}],"inLanguage":"en-US"},{"@type":"Organization","@id":"https:\/\/librairie7l.com\/en\/#organization","name":"Librairie 7L","url":"https:\/\/librairie7l.com\/en\/","logo":{"@type":"ImageObject","inLanguage":"en-US","@id":"https:\/\/librairie7l.com\/en\/#\/schema\/logo\/image\/","url":"https:\/\/librairie7l.com\/wp-content\/uploads\/2022\/08\/logo-1.png","contentUrl":"https:\/\/librairie7l.com\/wp-content\/uploads\/2022\/08\/logo-1.png","width":227,"height":301,"caption":"Librairie 7L"},"image":{"@id":"https:\/\/librairie7l.com\/en\/#\/schema\/logo\/image\/"}}]}},"_links":{"self":[{"href":"https:\/\/librairie7l.com\/en\/wp-json\/wp\/v2\/product\/49340"}],"collection":[{"href":"https:\/\/librairie7l.com\/en\/wp-json\/wp\/v2\/product"}],"about":[{"href":"https:\/\/librairie7l.com\/en\/wp-json\/wp\/v2\/types\/product"}],"wp:featuredmedia":[{"embeddable":true,"href":"https:\/\/librairie7l.com\/en\/wp-json\/wp\/v2\/media\/49338"}],"wp:attachment":[{"href":"https:\/\/librairie7l.com\/en\/wp-json\/wp\/v2\/media?parent=49340"}],"wp:term":[{"taxonomy":"product_cat","embeddable":true,"href":"https:\/\/librairie7l.com\/en\/wp-json\/wp\/v2\/product_cat?post=49340"},{"taxonomy":"product_tag","embeddable":true,"href":"https:\/\/librairie7l.com\/en\/wp-json\/wp\/v2\/product_tag?post=49340"}],"curies":[{"name":"wp","href":"https:\/\/api.w.org\/{rel}","templated":true}]}}