{"id":49344,"date":"2025-07-09T09:18:06","date_gmt":"2025-07-09T07:18:06","guid":{"rendered":"https:\/\/librairie7l.com\/?post_type=product&#038;p=49344"},"modified":"2026-04-17T15:54:42","modified_gmt":"2026-04-17T13:54:42","slug":"musee-de-la-mode-et-du-costume-fragonard-2","status":"publish","type":"product","link":"https:\/\/librairie7l.com\/en\/produit\/musee-de-la-mode-et-du-costume-fragonard-2\/","title":{"rendered":"MUS\u00c9E DE LA MODE ET DU COSTUME : FRAGONARD"},"content":{"rendered":"<p>La maison Fragonard ouvre un nouveau mus\u00e9e au<br \/>\ncoeur d&#8217;Arles, d\u00e9di\u00e9 \u00e0 la mode et au costume faisant<br \/>\n\u00e9cho au Mus\u00e9e Proven\u00e7al du costume et du bijou de<br \/>\nGrasse qui abrite les collections d&#8217;H\u00e9l\u00e8ne Costa<br \/>\ndepuis 1997. Le mus\u00e9e r\u00e9unit pour l&#8217;ouverture, deux<br \/>\ncollections proven\u00e7ales, celle d&#8217;H\u00e9l\u00e8ne Costa (maison<br \/>\nFragonard) consacr\u00e9e aux costumes proven\u00e7aux et<br \/>\ncelle de Magali et Odile Pascal d\u00e9di\u00e9e au costume<br \/>\narl\u00e9sien. Il c\u00e9l\u00e8bre son originalit\u00e9 et son savoir-faire \u00e0<br \/>\ntravers un parcours chronologique depuis le<br \/>\nxviiie<br \/>\n?si\u00e8cle.<br \/>\nBeaux Arts \u00c9ditions revient sur l&#8217;histoire de ce lieu<br \/>\nd&#8217;exception, ainsi que sur sa restauration qui a<br \/>\nn\u00e9cessit\u00e9 plus de 5 ans de travaux, sur la collection et<br \/>\nsur les chefs-d&#8217;oeuvre qui la composent. L&#8217;\u00e9dition<br \/>\nmontrera aussi la modernit\u00e9 des costumes, le savoirfaire de sa cr\u00e9ation, les divers lieux de fabrication,<br \/>\ntout en montrant \u00e9videmment son lien constant avec<br \/>\nla mode depuis le xviiie<br \/>\n?si\u00e8cle jusqu&#8217;\u00e0 aujourd&#8217;hui. Un<br \/>\nindispensable sur le costume proven\u00e7al, avec des<br \/>\nphotos magnifiques, le t\u00e9moignage d&#8217;une arl\u00e9sienne,<br \/>\ndes interviews in\u00e9dites et des paroles d&#8217;experts pour<br \/>\ntout savoir et comprendre sur le costume arl\u00e9sien et<br \/>\nproven\u00e7al.<\/p>\n","protected":false},"excerpt":{"rendered":"<p>La maison Fragonard ouvre un nouveau mus\u00e9e au coeur d&#8217;Arles, d\u00e9di\u00e9 \u00e0 la mode et au costume faisant \u00e9cho au Mus\u00e9e Proven\u00e7al du costume et du bijou de Grasse qui abrite les collections d&#8217;H\u00e9l\u00e8ne Costa depuis 1997. Le mus\u00e9e r\u00e9unit pour l&#8217;ouverture, deux collections proven\u00e7ales, celle d&#8217;H\u00e9l\u00e8ne Costa (maison Fragonard) consacr\u00e9e aux costumes proven\u00e7aux et [&hellip;]<\/p>\n","protected":false},"featured_media":49342,"template":"","meta":[],"product_cat":[2948,2957],"product_tag":[],"acf":[],"yoast_head":"<!-- This site is optimized with the Yoast SEO plugin v20.11 - https:\/\/yoast.com\/wordpress\/plugins\/seo\/ -->\n<title>Mus\u00e9e de la mode et du costume : Fragonard - Librairie 7L<\/title>\n<meta name=\"robots\" content=\"index, follow, max-snippet:-1, max-image-preview:large, max-video-preview:-1\" \/>\n<link rel=\"canonical\" href=\"https:\/\/librairie7l.com\/en\/produit\/musee-de-la-mode-et-du-costume-fragonard-2\/\" \/>\n<meta property=\"og:locale\" content=\"en_US\" \/>\n<meta property=\"og:type\" content=\"article\" \/>\n<meta property=\"og:title\" content=\"Mus\u00e9e de la mode et du costume : Fragonard - Librairie 7L\" \/>\n<meta property=\"og:description\" content=\"La maison Fragonard ouvre un nouveau mus\u00e9e au coeur d&#8217;Arles, d\u00e9di\u00e9 \u00e0 la mode et au costume faisant \u00e9cho au Mus\u00e9e Proven\u00e7al du costume et du bijou de Grasse qui abrite les collections d&#8217;H\u00e9l\u00e8ne Costa depuis 1997. Le mus\u00e9e r\u00e9unit pour l&#8217;ouverture, deux collections proven\u00e7ales, celle d&#8217;H\u00e9l\u00e8ne Costa (maison Fragonard) consacr\u00e9e aux costumes proven\u00e7aux et [&hellip;]\" \/>\n<meta property=\"og:url\" content=\"https:\/\/librairie7l.com\/en\/produit\/musee-de-la-mode-et-du-costume-fragonard-2\/\" \/>\n<meta property=\"og:site_name\" content=\"Librairie 7L\" \/>\n<meta property=\"article:modified_time\" content=\"2026-04-17T13:54:42+00:00\" \/>\n<meta property=\"og:image\" content=\"https:\/\/librairie7l.com\/wp-content\/uploads\/2025\/03\/9791020410054_1_75.jpg\" \/>\n\t<meta property=\"og:image:width\" content=\"600\" \/>\n\t<meta property=\"og:image:height\" content=\"777\" \/>\n\t<meta property=\"og:image:type\" content=\"image\/jpeg\" \/>\n<meta name=\"twitter:card\" content=\"summary_large_image\" \/>\n<meta name=\"twitter:label1\" content=\"Est. reading time\" \/>\n\t<meta name=\"twitter:data1\" content=\"1 minute\" \/>\n<script type=\"application\/ld+json\" class=\"yoast-schema-graph\">{\"@context\":\"https:\/\/schema.org\",\"@graph\":[{\"@type\":\"WebPage\",\"@id\":\"https:\/\/librairie7l.com\/en\/produit\/musee-de-la-mode-et-du-costume-fragonard-2\/\",\"url\":\"https:\/\/librairie7l.com\/en\/produit\/musee-de-la-mode-et-du-costume-fragonard-2\/\",\"name\":\"Mus\u00e9e de la mode et du costume : Fragonard - Librairie 7L\",\"isPartOf\":{\"@id\":\"https:\/\/librairie7l.com\/en\/#website\"},\"datePublished\":\"2025-07-09T07:18:06+00:00\",\"dateModified\":\"2026-04-17T13:54:42+00:00\",\"breadcrumb\":{\"@id\":\"https:\/\/librairie7l.com\/en\/produit\/musee-de-la-mode-et-du-costume-fragonard-2\/#breadcrumb\"},\"inLanguage\":\"en-US\",\"potentialAction\":[{\"@type\":\"ReadAction\",\"target\":[\"https:\/\/librairie7l.com\/en\/produit\/musee-de-la-mode-et-du-costume-fragonard-2\/\"]}]},{\"@type\":\"BreadcrumbList\",\"@id\":\"https:\/\/librairie7l.com\/en\/produit\/musee-de-la-mode-et-du-costume-fragonard-2\/#breadcrumb\",\"itemListElement\":[{\"@type\":\"ListItem\",\"position\":1,\"name\":\"Accueil\",\"item\":\"https:\/\/librairie7l.com\/en\/\"},{\"@type\":\"ListItem\",\"position\":2,\"name\":\"Shop\",\"item\":\"https:\/\/librairie7l.com\/en\/shop\/\"},{\"@type\":\"ListItem\",\"position\":3,\"name\":\"MUS\u00c9E DE LA MODE ET DU COSTUME : FRAGONARD\"}]},{\"@type\":\"WebSite\",\"@id\":\"https:\/\/librairie7l.com\/en\/#website\",\"url\":\"https:\/\/librairie7l.com\/en\/\",\"name\":\"Librairie 7L\",\"description\":\"Librairie fond\u00e9e en 1999 par Karl Lagerfeld \u00e0 Paris\",\"publisher\":{\"@id\":\"https:\/\/librairie7l.com\/en\/#organization\"},\"potentialAction\":[{\"@type\":\"SearchAction\",\"target\":{\"@type\":\"EntryPoint\",\"urlTemplate\":\"https:\/\/librairie7l.com\/en\/?s={search_term_string}\"},\"query-input\":\"required name=search_term_string\"}],\"inLanguage\":\"en-US\"},{\"@type\":\"Organization\",\"@id\":\"https:\/\/librairie7l.com\/en\/#organization\",\"name\":\"Librairie 7L\",\"url\":\"https:\/\/librairie7l.com\/en\/\",\"logo\":{\"@type\":\"ImageObject\",\"inLanguage\":\"en-US\",\"@id\":\"https:\/\/librairie7l.com\/en\/#\/schema\/logo\/image\/\",\"url\":\"https:\/\/librairie7l.com\/wp-content\/uploads\/2022\/08\/logo-1.png\",\"contentUrl\":\"https:\/\/librairie7l.com\/wp-content\/uploads\/2022\/08\/logo-1.png\",\"width\":227,\"height\":301,\"caption\":\"Librairie 7L\"},\"image\":{\"@id\":\"https:\/\/librairie7l.com\/en\/#\/schema\/logo\/image\/\"}}]}<\/script>\n<!-- \/ Yoast SEO plugin. -->","yoast_head_json":{"title":"Mus\u00e9e de la mode et du costume : Fragonard - Librairie 7L","robots":{"index":"index","follow":"follow","max-snippet":"max-snippet:-1","max-image-preview":"max-image-preview:large","max-video-preview":"max-video-preview:-1"},"canonical":"https:\/\/librairie7l.com\/en\/produit\/musee-de-la-mode-et-du-costume-fragonard-2\/","og_locale":"en_US","og_type":"article","og_title":"Mus\u00e9e de la mode et du costume : Fragonard - Librairie 7L","og_description":"La maison Fragonard ouvre un nouveau mus\u00e9e au coeur d&#8217;Arles, d\u00e9di\u00e9 \u00e0 la mode et au costume faisant \u00e9cho au Mus\u00e9e Proven\u00e7al du costume et du bijou de Grasse qui abrite les collections d&#8217;H\u00e9l\u00e8ne Costa depuis 1997. Le mus\u00e9e r\u00e9unit pour l&#8217;ouverture, deux collections proven\u00e7ales, celle d&#8217;H\u00e9l\u00e8ne Costa (maison Fragonard) consacr\u00e9e aux costumes proven\u00e7aux et [&hellip;]","og_url":"https:\/\/librairie7l.com\/en\/produit\/musee-de-la-mode-et-du-costume-fragonard-2\/","og_site_name":"Librairie 7L","article_modified_time":"2026-04-17T13:54:42+00:00","og_image":[{"width":600,"height":777,"url":"https:\/\/librairie7l.com\/wp-content\/uploads\/2025\/03\/9791020410054_1_75.jpg","type":"image\/jpeg"}],"twitter_card":"summary_large_image","twitter_misc":{"Est. reading time":"1 minute"},"schema":{"@context":"https:\/\/schema.org","@graph":[{"@type":"WebPage","@id":"https:\/\/librairie7l.com\/en\/produit\/musee-de-la-mode-et-du-costume-fragonard-2\/","url":"https:\/\/librairie7l.com\/en\/produit\/musee-de-la-mode-et-du-costume-fragonard-2\/","name":"Mus\u00e9e de la mode et du costume : Fragonard - Librairie 7L","isPartOf":{"@id":"https:\/\/librairie7l.com\/en\/#website"},"datePublished":"2025-07-09T07:18:06+00:00","dateModified":"2026-04-17T13:54:42+00:00","breadcrumb":{"@id":"https:\/\/librairie7l.com\/en\/produit\/musee-de-la-mode-et-du-costume-fragonard-2\/#breadcrumb"},"inLanguage":"en-US","potentialAction":[{"@type":"ReadAction","target":["https:\/\/librairie7l.com\/en\/produit\/musee-de-la-mode-et-du-costume-fragonard-2\/"]}]},{"@type":"BreadcrumbList","@id":"https:\/\/librairie7l.com\/en\/produit\/musee-de-la-mode-et-du-costume-fragonard-2\/#breadcrumb","itemListElement":[{"@type":"ListItem","position":1,"name":"Accueil","item":"https:\/\/librairie7l.com\/en\/"},{"@type":"ListItem","position":2,"name":"Shop","item":"https:\/\/librairie7l.com\/en\/shop\/"},{"@type":"ListItem","position":3,"name":"MUS\u00c9E DE LA MODE ET DU COSTUME : FRAGONARD"}]},{"@type":"WebSite","@id":"https:\/\/librairie7l.com\/en\/#website","url":"https:\/\/librairie7l.com\/en\/","name":"Librairie 7L","description":"Librairie fond\u00e9e en 1999 par Karl Lagerfeld \u00e0 Paris","publisher":{"@id":"https:\/\/librairie7l.com\/en\/#organization"},"potentialAction":[{"@type":"SearchAction","target":{"@type":"EntryPoint","urlTemplate":"https:\/\/librairie7l.com\/en\/?s={search_term_string}"},"query-input":"required name=search_term_string"}],"inLanguage":"en-US"},{"@type":"Organization","@id":"https:\/\/librairie7l.com\/en\/#organization","name":"Librairie 7L","url":"https:\/\/librairie7l.com\/en\/","logo":{"@type":"ImageObject","inLanguage":"en-US","@id":"https:\/\/librairie7l.com\/en\/#\/schema\/logo\/image\/","url":"https:\/\/librairie7l.com\/wp-content\/uploads\/2022\/08\/logo-1.png","contentUrl":"https:\/\/librairie7l.com\/wp-content\/uploads\/2022\/08\/logo-1.png","width":227,"height":301,"caption":"Librairie 7L"},"image":{"@id":"https:\/\/librairie7l.com\/en\/#\/schema\/logo\/image\/"}}]}},"_links":{"self":[{"href":"https:\/\/librairie7l.com\/en\/wp-json\/wp\/v2\/product\/49344"}],"collection":[{"href":"https:\/\/librairie7l.com\/en\/wp-json\/wp\/v2\/product"}],"about":[{"href":"https:\/\/librairie7l.com\/en\/wp-json\/wp\/v2\/types\/product"}],"wp:featuredmedia":[{"embeddable":true,"href":"https:\/\/librairie7l.com\/en\/wp-json\/wp\/v2\/media\/49342"}],"wp:attachment":[{"href":"https:\/\/librairie7l.com\/en\/wp-json\/wp\/v2\/media?parent=49344"}],"wp:term":[{"taxonomy":"product_cat","embeddable":true,"href":"https:\/\/librairie7l.com\/en\/wp-json\/wp\/v2\/product_cat?post=49344"},{"taxonomy":"product_tag","embeddable":true,"href":"https:\/\/librairie7l.com\/en\/wp-json\/wp\/v2\/product_tag?post=49344"}],"curies":[{"name":"wp","href":"https:\/\/api.w.org\/{rel}","templated":true}]}}